{"id":4130,"date":"2021-03-03T03:40:47","date_gmt":"2021-03-03T03:40:47","guid":{"rendered":"https:\/\/j6l.65c.myftpupload.com\/?post_type=product&#038;p=4130"},"modified":"2021-08-06T12:18:49","modified_gmt":"2021-08-06T12:18:49","slug":"havali-somun-tabancalarirodcraft-born-in-germanyhavali-somun-tabancasi-rc2377-3-4","status":"publish","type":"product","link":"https:\/\/bakirci.com\/ekipman\/servis-ekipmanlari\/mekanik\/lastik-servis-ekipmanlari\/havali-somun-tabancalari\/havali-somun-tabancalarirodcraft-born-in-germanyhavali-somun-tabancasi-rc2377-3-4\/","title":{"rendered":"<p class=\"ustmetin\">Haval\u0131 Somun Tabancas\u0131<\/p><p class=\"ortametin\">RODCRAFT <span class=\"ortametin2\">(Born in GERMANY)<\/span><\/p><p class=\"altmetin\">RC2377 &#8211; 3\/4&#8221;<\/p>"},"content":{"rendered":"<ul>\n<li>Haval\u0131 Somun Tabancas\u0131 &#8211; RC2377 &#8211; 3\/4&#8221;<\/li>\n<li>Sa\u011flam ve hafif magnezyum kompozit g\u00f6vde<\/li>\n<li>Y\u00fcksek verimlilik ve d\u00fc\u015f\u00fck hava t\u00fcketimi<\/li>\n<li>Titre\u015fimsiz \u00e7al\u0131\u015fma<\/li>\n<li>Termo plastik tutma kolu<\/li>\n<li>S\u0131kma kuvveti 1300 Nm<\/li>\n<li>S\u00f6kme kuvveti 1950 Nm<\/li>\n<li>\u00c7al\u0131\u015fma h\u0131z\u0131 5760 rpm, a\u011f\u0131rl\u0131k 3,5 kg<\/li>\n<\/ul>\n","protected":false},"excerpt":{"rendered":"<ul>\n<li>Haval\u0131 Somun Tabancas\u0131 &#8211; RC2377 &#8211; 3\/4&#8221;<\/li>\n<li>Sa\u011flam ve hafif magnezyum kompozit g\u00f6vde<\/li>\n<li>Y\u00fcksek verimlilik ve d\u00fc\u015f\u00fck hava t\u00fcketimi<\/li>\n<li>Titre\u015fimsiz \u00e7al\u0131\u015fma<\/li>\n<li>Termo plastik tutma kolu<\/li>\n<li>S\u0131kma kuvveti 1300 Nm<\/li>\n<li>S\u00f6kme kuvveti 1950 Nm<\/li>\n<li>\u00c7al\u0131\u015fma h\u0131z\u0131 5760 rpm, a\u011f\u0131rl\u0131k 3,5 kg<\/li>\n<\/ul>\n","protected":false},"featured_media":4319,"comment_status":"closed","ping_status":"closed","template":"","meta":[],"product_cat":[152,156],"product_tag":[526,522,524,525,337,523],"class_list":["post-4130","product","type-product","status-publish","has-post-thumbnail","hentry","pwb-brand-rodcraft","product_cat-lastik-servis-ekipmanlari","product_cat-havali-somun-tabancalari","product_tag-bijon-sokme","product_tag-bijon-tabancasi","product_tag-hava-tabancasi","product_tag-havali-tabanca","product_tag-rodcraft","product_tag-somun-sikma"],"brands":[{"id":371,"name":"RODCRAFT","slug":"rodcraft"}],"yoast_head":"<!-- This site is optimized with the Yoast SEO plugin v17.1 - https:\/\/yoast.com\/wordpress\/plugins\/seo\/ -->\n<title>Haval\u0131 Somun Tabancas\u0131RODCRAFT (Born in GERMANY)RC2377 - 3\/4&#039;&#039; - Bak\u0131rc\u0131 Garagineering<\/title>\n<meta name=\"robots\" content=\"index, follow, max-snippet:-1, max-image-preview:large, max-video-preview:-1\" \/>\n<link rel=\"canonical\" href=\"https:\/\/bakirci.com\/ekipman\/servis-ekipmanlari\/mekanik\/lastik-servis-ekipmanlari\/havali-somun-tabancalari\/havali-somun-tabancalarirodcraft-born-in-germanyhavali-somun-tabancasi-rc2377-3-4\/\" \/>\n<meta property=\"og:locale\" content=\"tr_TR\" \/>\n<meta property=\"og:type\" content=\"article\" \/>\n<meta property=\"og:title\" content=\"Haval\u0131 Somun Tabancas\u0131RODCRAFT (Born in GERMANY)RC2377 - 3\/4&#039;&#039; - Bak\u0131rc\u0131 Garagineering\" \/>\n<meta property=\"og:description\" content=\"Haval\u0131 Somun Tabancas\u0131 - RC2377 - 3\/4&#039;&#039;  Sa\u011flam ve hafif magnezyum kompozit g\u00f6vde  Y\u00fcksek verimlilik ve d\u00fc\u015f\u00fck hava t\u00fcketimi  Titre\u015fimsiz \u00e7al\u0131\u015fma  Termo plastik tutma kolu  S\u0131kma kuvveti 1300 Nm  S\u00f6kme kuvveti 1950 Nm  \u00c7al\u0131\u015fma h\u0131z\u0131 5760 rpm, a\u011f\u0131rl\u0131k 3,5 kg\" \/>\n<meta property=\"og:url\" content=\"https:\/\/bakirci.com\/ekipman\/servis-ekipmanlari\/mekanik\/lastik-servis-ekipmanlari\/havali-somun-tabancalari\/havali-somun-tabancalarirodcraft-born-in-germanyhavali-somun-tabancasi-rc2377-3-4\/\" \/>\n<meta property=\"og:site_name\" content=\"Bak\u0131rc\u0131 Garagineering\" \/>\n<meta property=\"article:publisher\" content=\"https:\/\/www.facebook.com\/bakirci.garagineering\" \/>\n<meta property=\"article:modified_time\" content=\"2021-08-06T12:18:49+00:00\" \/>\n<meta property=\"og:image\" content=\"https:\/\/bakirci.com\/ekipman\/wp-content\/uploads\/2021\/03\/RC2377.png\" \/>\n\t<meta property=\"og:image:width\" content=\"1225\" \/>\n\t<meta property=\"og:image:height\" content=\"1225\" \/>\n<meta name=\"twitter:card\" content=\"summary_large_image\" \/>\n<meta name=\"twitter:label1\" content=\"Tahmini okuma s\u00fcresi\" \/>\n\t<meta name=\"twitter:data1\" content=\"1 dakika\" \/>\n<script type=\"application\/ld+json\" class=\"yoast-schema-graph\">{\"@context\":\"https:\/\/schema.org\",\"@graph\":[{\"@type\":\"Organization\",\"@id\":\"https:\/\/bakirci.com\/ekipman\/#organization\",\"name\":\"Bak\\u0131rc\\u0131 garagineering\",\"url\":\"https:\/\/bakirci.com\/ekipman\/\",\"sameAs\":[\"https:\/\/www.facebook.com\/bakirci.garagineering\",\"https:\/\/www.instagram.com\/bakirci.garagineering\/\",\"https:\/\/www.linkedin.com\/company\/bakirci-garagineering\/\",\"https:\/\/www.youtube.com\/channel\/UCiVG6s_jALJ6Zk8085XiOQg\"],\"logo\":{\"@type\":\"ImageObject\",\"@id\":\"https:\/\/bakirci.com\/ekipman\/#logo\",\"inLanguage\":\"tr\",\"url\":\"https:\/\/bakirci.com\/ekipman\/wp-content\/uploads\/2021\/09\/Bakirci-logo-lacivert.png\",\"contentUrl\":\"https:\/\/bakirci.com\/ekipman\/wp-content\/uploads\/2021\/09\/Bakirci-logo-lacivert.png\",\"width\":501,\"height\":501,\"caption\":\"Bak\\u0131rc\\u0131 garagineering\"},\"image\":{\"@id\":\"https:\/\/bakirci.com\/ekipman\/#logo\"}},{\"@type\":\"WebSite\",\"@id\":\"https:\/\/bakirci.com\/ekipman\/#website\",\"url\":\"https:\/\/bakirci.com\/ekipman\/\",\"name\":\"Bak\\u0131rc\\u0131 Garagineering\",\"description\":\"Otomotiv sekt\\u00f6r\\u00fcne \\u00f6zel, \\u201c\\u00dcretici Standard\\u0131nda\\u201d \\u00e7\\u00f6z\\u00fcmler\\u2026\",\"publisher\":{\"@id\":\"https:\/\/bakirci.com\/ekipman\/#organization\"},\"potentialAction\":[{\"@type\":\"SearchAction\",\"target\":{\"@type\":\"EntryPoint\",\"urlTemplate\":\"https:\/\/bakirci.com\/ekipman\/?s={search_term_string}\"},\"query-input\":\"required name=search_term_string\"}],\"inLanguage\":\"tr\"},{\"@type\":\"ImageObject\",\"@id\":\"https:\/\/bakirci.com\/ekipman\/servis-ekipmanlari\/mekanik\/lastik-servis-ekipmanlari\/havali-somun-tabancalari\/havali-somun-tabancalarirodcraft-born-in-germanyhavali-somun-tabancasi-rc2377-3-4\/#primaryimage\",\"inLanguage\":\"tr\",\"url\":\"https:\/\/bakirci.com\/ekipman\/wp-content\/uploads\/2021\/03\/RC2377.png\",\"contentUrl\":\"https:\/\/bakirci.com\/ekipman\/wp-content\/uploads\/2021\/03\/RC2377.png\",\"width\":1225,\"height\":1225},{\"@type\":\"WebPage\",\"@id\":\"https:\/\/bakirci.com\/ekipman\/servis-ekipmanlari\/mekanik\/lastik-servis-ekipmanlari\/havali-somun-tabancalari\/havali-somun-tabancalarirodcraft-born-in-germanyhavali-somun-tabancasi-rc2377-3-4\/#webpage\",\"url\":\"https:\/\/bakirci.com\/ekipman\/servis-ekipmanlari\/mekanik\/lastik-servis-ekipmanlari\/havali-somun-tabancalari\/havali-somun-tabancalarirodcraft-born-in-germanyhavali-somun-tabancasi-rc2377-3-4\/\",\"name\":\"Haval\\u0131 Somun Tabancas\\u0131 RODCRAFT (Born in GERMANY) RC2377 - 3\/4'' - Bak\\u0131rc\\u0131 Garagineering\",\"isPartOf\":{\"@id\":\"https:\/\/bakirci.com\/ekipman\/#website\"},\"primaryImageOfPage\":{\"@id\":\"https:\/\/bakirci.com\/ekipman\/servis-ekipmanlari\/mekanik\/lastik-servis-ekipmanlari\/havali-somun-tabancalari\/havali-somun-tabancalarirodcraft-born-in-germanyhavali-somun-tabancasi-rc2377-3-4\/#primaryimage\"},\"datePublished\":\"2021-03-03T03:40:47+00:00\",\"dateModified\":\"2021-08-06T12:18:49+00:00\",\"breadcrumb\":{\"@id\":\"https:\/\/bakirci.com\/ekipman\/servis-ekipmanlari\/mekanik\/lastik-servis-ekipmanlari\/havali-somun-tabancalari\/havali-somun-tabancalarirodcraft-born-in-germanyhavali-somun-tabancasi-rc2377-3-4\/#breadcrumb\"},\"inLanguage\":\"tr\",\"potentialAction\":[{\"@type\":\"ReadAction\",\"target\":[\"https:\/\/bakirci.com\/ekipman\/servis-ekipmanlari\/mekanik\/lastik-servis-ekipmanlari\/havali-somun-tabancalari\/havali-somun-tabancalarirodcraft-born-in-germanyhavali-somun-tabancasi-rc2377-3-4\/\"]}]},{\"@type\":\"BreadcrumbList\",\"@id\":\"https:\/\/bakirci.com\/ekipman\/servis-ekipmanlari\/mekanik\/lastik-servis-ekipmanlari\/havali-somun-tabancalari\/havali-somun-tabancalarirodcraft-born-in-germanyhavali-somun-tabancasi-rc2377-3-4\/#breadcrumb\",\"itemListElement\":[{\"@type\":\"ListItem\",\"position\":1,\"name\":\"Ekipman\",\"item\":\"https:\/\/bakirci.com\/ekipman\/\"},{\"@type\":\"ListItem\",\"position\":2,\"name\":\"Otomotiv Tesisleri \\u0130\\u00e7in Servis Ekipmanlar\\u0131\",\"item\":\"https:\/\/bakirci.com\/ekipman\/\"},{\"@type\":\"ListItem\",\"position\":3,\"name\":\"Haval\\u0131 Somun Tabancas\\u0131RODCRAFT (Born in GERMANY)RC2377 &#8211; 3\/4&#8221;\"}]}]}<\/script>\n<!-- \/ Yoast SEO plugin. -->","yoast_head_json":{"title":"Haval\u0131 Somun Tabancas\u0131RODCRAFT (Born in GERMANY)RC2377 - 3\/4'' - Bak\u0131rc\u0131 Garagineering","robots":{"index":"index","follow":"follow","max-snippet":"max-snippet:-1","max-image-preview":"max-image-preview:large","max-video-preview":"max-video-preview:-1"},"canonical":"https:\/\/bakirci.com\/ekipman\/servis-ekipmanlari\/mekanik\/lastik-servis-ekipmanlari\/havali-somun-tabancalari\/havali-somun-tabancalarirodcraft-born-in-germanyhavali-somun-tabancasi-rc2377-3-4\/","og_locale":"tr_TR","og_type":"article","og_title":"Haval\u0131 Somun Tabancas\u0131RODCRAFT (Born in GERMANY)RC2377 - 3\/4'' - Bak\u0131rc\u0131 Garagineering","og_description":"Haval\u0131 Somun Tabancas\u0131 - RC2377 - 3\/4''  Sa\u011flam ve hafif magnezyum kompozit g\u00f6vde  Y\u00fcksek verimlilik ve d\u00fc\u015f\u00fck hava t\u00fcketimi  Titre\u015fimsiz \u00e7al\u0131\u015fma  Termo plastik tutma kolu  S\u0131kma kuvveti 1300 Nm  S\u00f6kme kuvveti 1950 Nm  \u00c7al\u0131\u015fma h\u0131z\u0131 5760 rpm, a\u011f\u0131rl\u0131k 3,5 kg","og_url":"https:\/\/bakirci.com\/ekipman\/servis-ekipmanlari\/mekanik\/lastik-servis-ekipmanlari\/havali-somun-tabancalari\/havali-somun-tabancalarirodcraft-born-in-germanyhavali-somun-tabancasi-rc2377-3-4\/","og_site_name":"Bak\u0131rc\u0131 Garagineering","article_publisher":"https:\/\/www.facebook.com\/bakirci.garagineering","article_modified_time":"2021-08-06T12:18:49+00:00","og_image":[{"width":1225,"height":1225,"url":"https:\/\/bakirci.com\/ekipman\/wp-content\/uploads\/2021\/03\/RC2377.png","path":"\/home\/bakirciwebsitesi\/public_html\/ekipman\/wp-content\/uploads\/2021\/03\/RC2377.png","size":"full","id":4319,"alt":"","pixels":1500625,"type":"image\/png"}],"twitter_card":"summary_large_image","twitter_misc":{"Tahmini okuma s\u00fcresi":"1 dakika"},"schema":{"@context":"https:\/\/schema.org","@graph":[{"@type":"Organization","@id":"https:\/\/bakirci.com\/ekipman\/#organization","name":"Bak\u0131rc\u0131 garagineering","url":"https:\/\/bakirci.com\/ekipman\/","sameAs":["https:\/\/www.facebook.com\/bakirci.garagineering","https:\/\/www.instagram.com\/bakirci.garagineering\/","https:\/\/www.linkedin.com\/company\/bakirci-garagineering\/","https:\/\/www.youtube.com\/channel\/UCiVG6s_jALJ6Zk8085XiOQg"],"logo":{"@type":"ImageObject","@id":"https:\/\/bakirci.com\/ekipman\/#logo","inLanguage":"tr","url":"https:\/\/bakirci.com\/ekipman\/wp-content\/uploads\/2021\/09\/Bakirci-logo-lacivert.png","contentUrl":"https:\/\/bakirci.com\/ekipman\/wp-content\/uploads\/2021\/09\/Bakirci-logo-lacivert.png","width":501,"height":501,"caption":"Bak\u0131rc\u0131 garagineering"},"image":{"@id":"https:\/\/bakirci.com\/ekipman\/#logo"}},{"@type":"WebSite","@id":"https:\/\/bakirci.com\/ekipman\/#website","url":"https:\/\/bakirci.com\/ekipman\/","name":"Bak\u0131rc\u0131 Garagineering","description":"Otomotiv sekt\u00f6r\u00fcne \u00f6zel, \u201c\u00dcretici Standard\u0131nda\u201d \u00e7\u00f6z\u00fcmler\u2026","publisher":{"@id":"https:\/\/bakirci.com\/ekipman\/#organization"},"potentialAction":[{"@type":"SearchAction","target":{"@type":"EntryPoint","urlTemplate":"https:\/\/bakirci.com\/ekipman\/?s={search_term_string}"},"query-input":"required name=search_term_string"}],"inLanguage":"tr"},{"@type":"ImageObject","@id":"https:\/\/bakirci.com\/ekipman\/servis-ekipmanlari\/mekanik\/lastik-servis-ekipmanlari\/havali-somun-tabancalari\/havali-somun-tabancalarirodcraft-born-in-germanyhavali-somun-tabancasi-rc2377-3-4\/#primaryimage","inLanguage":"tr","url":"https:\/\/bakirci.com\/ekipman\/wp-content\/uploads\/2021\/03\/RC2377.png","contentUrl":"https:\/\/bakirci.com\/ekipman\/wp-content\/uploads\/2021\/03\/RC2377.png","width":1225,"height":1225},{"@type":"WebPage","@id":"https:\/\/bakirci.com\/ekipman\/servis-ekipmanlari\/mekanik\/lastik-servis-ekipmanlari\/havali-somun-tabancalari\/havali-somun-tabancalarirodcraft-born-in-germanyhavali-somun-tabancasi-rc2377-3-4\/#webpage","url":"https:\/\/bakirci.com\/ekipman\/servis-ekipmanlari\/mekanik\/lastik-servis-ekipmanlari\/havali-somun-tabancalari\/havali-somun-tabancalarirodcraft-born-in-germanyhavali-somun-tabancasi-rc2377-3-4\/","name":"Haval\u0131 Somun Tabancas\u0131 RODCRAFT (Born in GERMANY) RC2377 - 3\/4'' - Bak\u0131rc\u0131 Garagineering","isPartOf":{"@id":"https:\/\/bakirci.com\/ekipman\/#website"},"primaryImageOfPage":{"@id":"https:\/\/bakirci.com\/ekipman\/servis-ekipmanlari\/mekanik\/lastik-servis-ekipmanlari\/havali-somun-tabancalari\/havali-somun-tabancalarirodcraft-born-in-germanyhavali-somun-tabancasi-rc2377-3-4\/#primaryimage"},"datePublished":"2021-03-03T03:40:47+00:00","dateModified":"2021-08-06T12:18:49+00:00","breadcrumb":{"@id":"https:\/\/bakirci.com\/ekipman\/servis-ekipmanlari\/mekanik\/lastik-servis-ekipmanlari\/havali-somun-tabancalari\/havali-somun-tabancalarirodcraft-born-in-germanyhavali-somun-tabancasi-rc2377-3-4\/#breadcrumb"},"inLanguage":"tr","potentialAction":[{"@type":"ReadAction","target":["https:\/\/bakirci.com\/ekipman\/servis-ekipmanlari\/mekanik\/lastik-servis-ekipmanlari\/havali-somun-tabancalari\/havali-somun-tabancalarirodcraft-born-in-germanyhavali-somun-tabancasi-rc2377-3-4\/"]}]},{"@type":"BreadcrumbList","@id":"https:\/\/bakirci.com\/ekipman\/servis-ekipmanlari\/mekanik\/lastik-servis-ekipmanlari\/havali-somun-tabancalari\/havali-somun-tabancalarirodcraft-born-in-germanyhavali-somun-tabancasi-rc2377-3-4\/#breadcrumb","itemListElement":[{"@type":"ListItem","position":1,"name":"Ekipman","item":"https:\/\/bakirci.com\/ekipman\/"},{"@type":"ListItem","position":2,"name":"Otomotiv Tesisleri \u0130\u00e7in Servis Ekipmanlar\u0131","item":"https:\/\/bakirci.com\/ekipman\/"},{"@type":"ListItem","position":3,"name":"Haval\u0131 Somun Tabancas\u0131RODCRAFT (Born in GERMANY)RC2377 &#8211; 3\/4&#8221;"}]}]}},"_links":{"self":[{"href":"https:\/\/bakirci.com\/ekipman\/wp-json\/wp\/v2\/product\/4130","targetHints":{"allow":["GET"]}}],"collection":[{"href":"https:\/\/bakirci.com\/ekipman\/wp-json\/wp\/v2\/product"}],"about":[{"href":"https:\/\/bakirci.com\/ekipman\/wp-json\/wp\/v2\/types\/product"}],"replies":[{"embeddable":true,"href":"https:\/\/bakirci.com\/ekipman\/wp-json\/wp\/v2\/comments?post=4130"}],"wp:featuredmedia":[{"embeddable":true,"href":"https:\/\/bakirci.com\/ekipman\/wp-json\/wp\/v2\/media\/4319"}],"wp:attachment":[{"href":"https:\/\/bakirci.com\/ekipman\/wp-json\/wp\/v2\/media?parent=4130"}],"wp:term":[{"taxonomy":"product_cat","embeddable":true,"href":"https:\/\/bakirci.com\/ekipman\/wp-json\/wp\/v2\/product_cat?post=4130"},{"taxonomy":"product_tag","embeddable":true,"href":"https:\/\/bakirci.com\/ekipman\/wp-json\/wp\/v2\/product_tag?post=4130"}],"curies":[{"name":"wp","href":"https:\/\/api.w.org\/{rel}","templated":true}]}}