{"id":4127,"date":"2021-03-03T03:55:04","date_gmt":"2021-03-03T03:55:04","guid":{"rendered":"https:\/\/j6l.65c.myftpupload.com\/?post_type=product&#038;p=4127"},"modified":"2021-08-06T12:18:14","modified_gmt":"2021-08-06T12:18:14","slug":"tekerlek-tasima-sistemleriac-hydraulic-born-in-denmarkagir-ticari-tekerlek-tasima-arabasi-wta500-tasima-kapasitesi-500-kg","status":"publish","type":"product","link":"https:\/\/bakirci.com\/ekipman\/servis-ekipmanlari\/mekanik\/lastik-servis-ekipmanlari\/tekerlek-tasima-sistemleri\/tekerlek-tasima-sistemleriac-hydraulic-born-in-denmarkagir-ticari-tekerlek-tasima-arabasi-wta500-tasima-kapasitesi-500-kg\/","title":{"rendered":"<p class=\"ustmetin\">A\u011f\u0131r Ticari Tekerlek Ta\u015f\u0131ma Arabas\u0131<\/p><p class=\"ortametin\">AC HYDRAULIC <span class=\"ortametin2\">(Born in DENMARK)<\/span><\/p><p class=\"altmetin\">WTA500<br> Ta\u015f\u0131ma kapasitesi 500 kg<\/p>"},"content":{"rendered":"<ul>\n<li>A\u011f\u0131r Ticari Tekerlek Ta\u015f\u0131ma Arabas\u0131 &#8211; WTA500<\/li>\n<li>Tekerleklerin ve fren kampanalar\u0131n\u0131n kolayca \u00e7\u0131kar\u0131lmas\u0131 i\u00e7in esnek ve ergonomik tekerlekli araba<\/li>\n<li>Tekerle\u011fin do\u011fru konuma getirilmesi i\u00e7in rulmanl\u0131 kald\u0131rma kollar\u0131<\/li>\n<li>Ayak pedal\u0131 ile \u00e7al\u0131\u015fan pompa sistemi<\/li>\n<li>Ayarlanabilir tekerlek destek \u00e7ubu\u011fu<\/li>\n<li>Kald\u0131rma y\u00fcksekli\u011fi 710 mm<\/li>\n<li>Ta\u015f\u0131ma kapasitesi 500 kg<\/li>\n<li>Ta\u015f\u0131nabilir tekerlek \u00e7ap\u0131 270 &#8211; 1300 mm<\/li>\n<\/ul>\n","protected":false},"excerpt":{"rendered":"<ul>\n<li>A\u011f\u0131r Ticari Tekerlek Ta\u015f\u0131ma Arabas\u0131 &#8211; WTA500<\/li>\n<li>Tekerleklerin ve fren kampanalar\u0131n\u0131n kolayca \u00e7\u0131kar\u0131lmas\u0131 i\u00e7in esnek ve ergonomik tekerlekli araba<\/li>\n<li>Tekerle\u011fin do\u011fru konuma getirilmesi i\u00e7in rulmanl\u0131 kald\u0131rma kollar\u0131<\/li>\n<li>Ayak pedal\u0131 ile \u00e7al\u0131\u015fan pompa sistemi<\/li>\n<li>Ayarlanabilir tekerlek destek \u00e7ubu\u011fu<\/li>\n<li>Kald\u0131rma y\u00fcksekli\u011fi 710 mm<\/li>\n<li>Ta\u015f\u0131ma kapasitesi 500 kg<\/li>\n<li>Ta\u015f\u0131nabilir tekerlek \u00e7ap\u0131 270 &#8211; 1300 mm<\/li>\n<\/ul>\n","protected":false},"featured_media":4316,"comment_status":"closed","ping_status":"closed","template":"","meta":[],"product_cat":[152,164],"product_tag":[76,521,520,519],"class_list":["post-4127","product","type-product","status-publish","has-post-thumbnail","hentry","pwb-brand-ac-hydraulic","product_cat-lastik-servis-ekipmanlari","product_cat-tekerlek-tasima-sistemleri","product_tag-ac-hydraulic","product_tag-lastik-arabasi","product_tag-lastik-tasima","product_tag-tekerlek-kaldirma"],"brands":[{"id":367,"name":"AC HYDRAULIC","slug":"ac-hydraulic"}],"yoast_head":"<!-- This site is optimized with the Yoast SEO plugin v17.1 - https:\/\/yoast.com\/wordpress\/plugins\/seo\/ -->\n<title>A\u011f\u0131r Ticari Tekerlek Ta\u015f\u0131ma Arabas\u0131AC HYDRAULIC (Born in DENMARK)WTA500 Ta\u015f\u0131ma kapasitesi 500 kg - Bak\u0131rc\u0131 Garagineering<\/title>\n<meta name=\"robots\" content=\"index, follow, max-snippet:-1, max-image-preview:large, max-video-preview:-1\" \/>\n<link rel=\"canonical\" href=\"https:\/\/bakirci.com\/ekipman\/servis-ekipmanlari\/mekanik\/lastik-servis-ekipmanlari\/tekerlek-tasima-sistemleri\/tekerlek-tasima-sistemleriac-hydraulic-born-in-denmarkagir-ticari-tekerlek-tasima-arabasi-wta500-tasima-kapasitesi-500-kg\/\" \/>\n<meta property=\"og:locale\" content=\"tr_TR\" \/>\n<meta property=\"og:type\" content=\"article\" \/>\n<meta property=\"og:title\" content=\"A\u011f\u0131r Ticari Tekerlek Ta\u015f\u0131ma Arabas\u0131AC HYDRAULIC (Born in DENMARK)WTA500 Ta\u015f\u0131ma kapasitesi 500 kg - Bak\u0131rc\u0131 Garagineering\" \/>\n<meta property=\"og:description\" content=\"A\u011f\u0131r Ticari Tekerlek Ta\u015f\u0131ma Arabas\u0131 - WTA500  Tekerleklerin ve fren kampanalar\u0131n\u0131n kolayca \u00e7\u0131kar\u0131lmas\u0131 i\u00e7in esnek ve ergonomik tekerlekli araba  Tekerle\u011fin do\u011fru konuma getirilmesi i\u00e7in rulmanl\u0131 kald\u0131rma kollar\u0131  Ayak pedal\u0131 ile \u00e7al\u0131\u015fan pompa sistemi  Ayarlanabilir tekerlek destek \u00e7ubu\u011fu  Kald\u0131rma y\u00fcksekli\u011fi 710 mm  Ta\u015f\u0131ma kapasitesi 500 kg  Ta\u015f\u0131nabilir tekerlek \u00e7ap\u0131 270 - 1300 mm\" \/>\n<meta property=\"og:url\" content=\"https:\/\/bakirci.com\/ekipman\/servis-ekipmanlari\/mekanik\/lastik-servis-ekipmanlari\/tekerlek-tasima-sistemleri\/tekerlek-tasima-sistemleriac-hydraulic-born-in-denmarkagir-ticari-tekerlek-tasima-arabasi-wta500-tasima-kapasitesi-500-kg\/\" \/>\n<meta property=\"og:site_name\" content=\"Bak\u0131rc\u0131 Garagineering\" \/>\n<meta property=\"article:publisher\" content=\"https:\/\/www.facebook.com\/bakirci.garagineering\" \/>\n<meta property=\"article:modified_time\" content=\"2021-08-06T12:18:14+00:00\" \/>\n<meta property=\"og:image\" content=\"https:\/\/bakirci.com\/ekipman\/wp-content\/uploads\/2021\/03\/WTA500.png\" \/>\n\t<meta property=\"og:image:width\" content=\"1200\" \/>\n\t<meta property=\"og:image:height\" content=\"1200\" \/>\n<meta name=\"twitter:card\" content=\"summary_large_image\" \/>\n<meta name=\"twitter:label1\" content=\"Tahmini okuma s\u00fcresi\" \/>\n\t<meta name=\"twitter:data1\" content=\"1 dakika\" \/>\n<script type=\"application\/ld+json\" class=\"yoast-schema-graph\">{\"@context\":\"https:\/\/schema.org\",\"@graph\":[{\"@type\":\"Organization\",\"@id\":\"https:\/\/bakirci.com\/ekipman\/#organization\",\"name\":\"Bak\\u0131rc\\u0131 garagineering\",\"url\":\"https:\/\/bakirci.com\/ekipman\/\",\"sameAs\":[\"https:\/\/www.facebook.com\/bakirci.garagineering\",\"https:\/\/www.instagram.com\/bakirci.garagineering\/\",\"https:\/\/www.linkedin.com\/company\/bakirci-garagineering\/\",\"https:\/\/www.youtube.com\/channel\/UCiVG6s_jALJ6Zk8085XiOQg\"],\"logo\":{\"@type\":\"ImageObject\",\"@id\":\"https:\/\/bakirci.com\/ekipman\/#logo\",\"inLanguage\":\"tr\",\"url\":\"https:\/\/bakirci.com\/ekipman\/wp-content\/uploads\/2021\/09\/Bakirci-logo-lacivert.png\",\"contentUrl\":\"https:\/\/bakirci.com\/ekipman\/wp-content\/uploads\/2021\/09\/Bakirci-logo-lacivert.png\",\"width\":501,\"height\":501,\"caption\":\"Bak\\u0131rc\\u0131 garagineering\"},\"image\":{\"@id\":\"https:\/\/bakirci.com\/ekipman\/#logo\"}},{\"@type\":\"WebSite\",\"@id\":\"https:\/\/bakirci.com\/ekipman\/#website\",\"url\":\"https:\/\/bakirci.com\/ekipman\/\",\"name\":\"Bak\\u0131rc\\u0131 Garagineering\",\"description\":\"Otomotiv sekt\\u00f6r\\u00fcne \\u00f6zel, \\u201c\\u00dcretici Standard\\u0131nda\\u201d \\u00e7\\u00f6z\\u00fcmler\\u2026\",\"publisher\":{\"@id\":\"https:\/\/bakirci.com\/ekipman\/#organization\"},\"potentialAction\":[{\"@type\":\"SearchAction\",\"target\":{\"@type\":\"EntryPoint\",\"urlTemplate\":\"https:\/\/bakirci.com\/ekipman\/?s={search_term_string}\"},\"query-input\":\"required name=search_term_string\"}],\"inLanguage\":\"tr\"},{\"@type\":\"ImageObject\",\"@id\":\"https:\/\/bakirci.com\/ekipman\/servis-ekipmanlari\/mekanik\/lastik-servis-ekipmanlari\/tekerlek-tasima-sistemleri\/tekerlek-tasima-sistemleriac-hydraulic-born-in-denmarkagir-ticari-tekerlek-tasima-arabasi-wta500-tasima-kapasitesi-500-kg\/#primaryimage\",\"inLanguage\":\"tr\",\"url\":\"https:\/\/bakirci.com\/ekipman\/wp-content\/uploads\/2021\/03\/WTA500.png\",\"contentUrl\":\"https:\/\/bakirci.com\/ekipman\/wp-content\/uploads\/2021\/03\/WTA500.png\",\"width\":1200,\"height\":1200},{\"@type\":\"WebPage\",\"@id\":\"https:\/\/bakirci.com\/ekipman\/servis-ekipmanlari\/mekanik\/lastik-servis-ekipmanlari\/tekerlek-tasima-sistemleri\/tekerlek-tasima-sistemleriac-hydraulic-born-in-denmarkagir-ticari-tekerlek-tasima-arabasi-wta500-tasima-kapasitesi-500-kg\/#webpage\",\"url\":\"https:\/\/bakirci.com\/ekipman\/servis-ekipmanlari\/mekanik\/lastik-servis-ekipmanlari\/tekerlek-tasima-sistemleri\/tekerlek-tasima-sistemleriac-hydraulic-born-in-denmarkagir-ticari-tekerlek-tasima-arabasi-wta500-tasima-kapasitesi-500-kg\/\",\"name\":\"A\\u011f\\u0131r Ticari Tekerlek Ta\\u015f\\u0131ma Arabas\\u0131 AC HYDRAULIC (Born in DENMARK) WTA500 Ta\\u015f\\u0131ma kapasitesi 500 kg - Bak\\u0131rc\\u0131 Garagineering\",\"isPartOf\":{\"@id\":\"https:\/\/bakirci.com\/ekipman\/#website\"},\"primaryImageOfPage\":{\"@id\":\"https:\/\/bakirci.com\/ekipman\/servis-ekipmanlari\/mekanik\/lastik-servis-ekipmanlari\/tekerlek-tasima-sistemleri\/tekerlek-tasima-sistemleriac-hydraulic-born-in-denmarkagir-ticari-tekerlek-tasima-arabasi-wta500-tasima-kapasitesi-500-kg\/#primaryimage\"},\"datePublished\":\"2021-03-03T03:55:04+00:00\",\"dateModified\":\"2021-08-06T12:18:14+00:00\",\"breadcrumb\":{\"@id\":\"https:\/\/bakirci.com\/ekipman\/servis-ekipmanlari\/mekanik\/lastik-servis-ekipmanlari\/tekerlek-tasima-sistemleri\/tekerlek-tasima-sistemleriac-hydraulic-born-in-denmarkagir-ticari-tekerlek-tasima-arabasi-wta500-tasima-kapasitesi-500-kg\/#breadcrumb\"},\"inLanguage\":\"tr\",\"potentialAction\":[{\"@type\":\"ReadAction\",\"target\":[\"https:\/\/bakirci.com\/ekipman\/servis-ekipmanlari\/mekanik\/lastik-servis-ekipmanlari\/tekerlek-tasima-sistemleri\/tekerlek-tasima-sistemleriac-hydraulic-born-in-denmarkagir-ticari-tekerlek-tasima-arabasi-wta500-tasima-kapasitesi-500-kg\/\"]}]},{\"@type\":\"BreadcrumbList\",\"@id\":\"https:\/\/bakirci.com\/ekipman\/servis-ekipmanlari\/mekanik\/lastik-servis-ekipmanlari\/tekerlek-tasima-sistemleri\/tekerlek-tasima-sistemleriac-hydraulic-born-in-denmarkagir-ticari-tekerlek-tasima-arabasi-wta500-tasima-kapasitesi-500-kg\/#breadcrumb\",\"itemListElement\":[{\"@type\":\"ListItem\",\"position\":1,\"name\":\"Ekipman\",\"item\":\"https:\/\/bakirci.com\/ekipman\/\"},{\"@type\":\"ListItem\",\"position\":2,\"name\":\"Otomotiv Tesisleri \\u0130\\u00e7in Servis Ekipmanlar\\u0131\",\"item\":\"https:\/\/bakirci.com\/ekipman\/\"},{\"@type\":\"ListItem\",\"position\":3,\"name\":\"A\\u011f\\u0131r Ticari Tekerlek Ta\\u015f\\u0131ma Arabas\\u0131AC HYDRAULIC (Born in DENMARK)WTA500 Ta\\u015f\\u0131ma kapasitesi 500 kg\"}]}]}<\/script>\n<!-- \/ Yoast SEO plugin. -->","yoast_head_json":{"title":"A\u011f\u0131r Ticari Tekerlek Ta\u015f\u0131ma Arabas\u0131AC HYDRAULIC (Born in DENMARK)WTA500 Ta\u015f\u0131ma kapasitesi 500 kg - Bak\u0131rc\u0131 Garagineering","robots":{"index":"index","follow":"follow","max-snippet":"max-snippet:-1","max-image-preview":"max-image-preview:large","max-video-preview":"max-video-preview:-1"},"canonical":"https:\/\/bakirci.com\/ekipman\/servis-ekipmanlari\/mekanik\/lastik-servis-ekipmanlari\/tekerlek-tasima-sistemleri\/tekerlek-tasima-sistemleriac-hydraulic-born-in-denmarkagir-ticari-tekerlek-tasima-arabasi-wta500-tasima-kapasitesi-500-kg\/","og_locale":"tr_TR","og_type":"article","og_title":"A\u011f\u0131r Ticari Tekerlek Ta\u015f\u0131ma Arabas\u0131AC HYDRAULIC (Born in DENMARK)WTA500 Ta\u015f\u0131ma kapasitesi 500 kg - Bak\u0131rc\u0131 Garagineering","og_description":"A\u011f\u0131r Ticari Tekerlek Ta\u015f\u0131ma Arabas\u0131 - WTA500  Tekerleklerin ve fren kampanalar\u0131n\u0131n kolayca \u00e7\u0131kar\u0131lmas\u0131 i\u00e7in esnek ve ergonomik tekerlekli araba  Tekerle\u011fin do\u011fru konuma getirilmesi i\u00e7in rulmanl\u0131 kald\u0131rma kollar\u0131  Ayak pedal\u0131 ile \u00e7al\u0131\u015fan pompa sistemi  Ayarlanabilir tekerlek destek \u00e7ubu\u011fu  Kald\u0131rma y\u00fcksekli\u011fi 710 mm  Ta\u015f\u0131ma kapasitesi 500 kg  Ta\u015f\u0131nabilir tekerlek \u00e7ap\u0131 270 - 1300 mm","og_url":"https:\/\/bakirci.com\/ekipman\/servis-ekipmanlari\/mekanik\/lastik-servis-ekipmanlari\/tekerlek-tasima-sistemleri\/tekerlek-tasima-sistemleriac-hydraulic-born-in-denmarkagir-ticari-tekerlek-tasima-arabasi-wta500-tasima-kapasitesi-500-kg\/","og_site_name":"Bak\u0131rc\u0131 Garagineering","article_publisher":"https:\/\/www.facebook.com\/bakirci.garagineering","article_modified_time":"2021-08-06T12:18:14+00:00","og_image":[{"width":1200,"height":1200,"url":"https:\/\/bakirci.com\/ekipman\/wp-content\/uploads\/2021\/03\/WTA500.png","path":"\/home\/bakirciwebsitesi\/public_html\/ekipman\/wp-content\/uploads\/2021\/03\/WTA500.png","size":"full","id":4316,"alt":"","pixels":1440000,"type":"image\/png"}],"twitter_card":"summary_large_image","twitter_misc":{"Tahmini okuma s\u00fcresi":"1 dakika"},"schema":{"@context":"https:\/\/schema.org","@graph":[{"@type":"Organization","@id":"https:\/\/bakirci.com\/ekipman\/#organization","name":"Bak\u0131rc\u0131 garagineering","url":"https:\/\/bakirci.com\/ekipman\/","sameAs":["https:\/\/www.facebook.com\/bakirci.garagineering","https:\/\/www.instagram.com\/bakirci.garagineering\/","https:\/\/www.linkedin.com\/company\/bakirci-garagineering\/","https:\/\/www.youtube.com\/channel\/UCiVG6s_jALJ6Zk8085XiOQg"],"logo":{"@type":"ImageObject","@id":"https:\/\/bakirci.com\/ekipman\/#logo","inLanguage":"tr","url":"https:\/\/bakirci.com\/ekipman\/wp-content\/uploads\/2021\/09\/Bakirci-logo-lacivert.png","contentUrl":"https:\/\/bakirci.com\/ekipman\/wp-content\/uploads\/2021\/09\/Bakirci-logo-lacivert.png","width":501,"height":501,"caption":"Bak\u0131rc\u0131 garagineering"},"image":{"@id":"https:\/\/bakirci.com\/ekipman\/#logo"}},{"@type":"WebSite","@id":"https:\/\/bakirci.com\/ekipman\/#website","url":"https:\/\/bakirci.com\/ekipman\/","name":"Bak\u0131rc\u0131 Garagineering","description":"Otomotiv sekt\u00f6r\u00fcne \u00f6zel, \u201c\u00dcretici Standard\u0131nda\u201d \u00e7\u00f6z\u00fcmler\u2026","publisher":{"@id":"https:\/\/bakirci.com\/ekipman\/#organization"},"potentialAction":[{"@type":"SearchAction","target":{"@type":"EntryPoint","urlTemplate":"https:\/\/bakirci.com\/ekipman\/?s={search_term_string}"},"query-input":"required name=search_term_string"}],"inLanguage":"tr"},{"@type":"ImageObject","@id":"https:\/\/bakirci.com\/ekipman\/servis-ekipmanlari\/mekanik\/lastik-servis-ekipmanlari\/tekerlek-tasima-sistemleri\/tekerlek-tasima-sistemleriac-hydraulic-born-in-denmarkagir-ticari-tekerlek-tasima-arabasi-wta500-tasima-kapasitesi-500-kg\/#primaryimage","inLanguage":"tr","url":"https:\/\/bakirci.com\/ekipman\/wp-content\/uploads\/2021\/03\/WTA500.png","contentUrl":"https:\/\/bakirci.com\/ekipman\/wp-content\/uploads\/2021\/03\/WTA500.png","width":1200,"height":1200},{"@type":"WebPage","@id":"https:\/\/bakirci.com\/ekipman\/servis-ekipmanlari\/mekanik\/lastik-servis-ekipmanlari\/tekerlek-tasima-sistemleri\/tekerlek-tasima-sistemleriac-hydraulic-born-in-denmarkagir-ticari-tekerlek-tasima-arabasi-wta500-tasima-kapasitesi-500-kg\/#webpage","url":"https:\/\/bakirci.com\/ekipman\/servis-ekipmanlari\/mekanik\/lastik-servis-ekipmanlari\/tekerlek-tasima-sistemleri\/tekerlek-tasima-sistemleriac-hydraulic-born-in-denmarkagir-ticari-tekerlek-tasima-arabasi-wta500-tasima-kapasitesi-500-kg\/","name":"A\u011f\u0131r Ticari Tekerlek Ta\u015f\u0131ma Arabas\u0131 AC HYDRAULIC (Born in DENMARK) WTA500 Ta\u015f\u0131ma kapasitesi 500 kg - Bak\u0131rc\u0131 Garagineering","isPartOf":{"@id":"https:\/\/bakirci.com\/ekipman\/#website"},"primaryImageOfPage":{"@id":"https:\/\/bakirci.com\/ekipman\/servis-ekipmanlari\/mekanik\/lastik-servis-ekipmanlari\/tekerlek-tasima-sistemleri\/tekerlek-tasima-sistemleriac-hydraulic-born-in-denmarkagir-ticari-tekerlek-tasima-arabasi-wta500-tasima-kapasitesi-500-kg\/#primaryimage"},"datePublished":"2021-03-03T03:55:04+00:00","dateModified":"2021-08-06T12:18:14+00:00","breadcrumb":{"@id":"https:\/\/bakirci.com\/ekipman\/servis-ekipmanlari\/mekanik\/lastik-servis-ekipmanlari\/tekerlek-tasima-sistemleri\/tekerlek-tasima-sistemleriac-hydraulic-born-in-denmarkagir-ticari-tekerlek-tasima-arabasi-wta500-tasima-kapasitesi-500-kg\/#breadcrumb"},"inLanguage":"tr","potentialAction":[{"@type":"ReadAction","target":["https:\/\/bakirci.com\/ekipman\/servis-ekipmanlari\/mekanik\/lastik-servis-ekipmanlari\/tekerlek-tasima-sistemleri\/tekerlek-tasima-sistemleriac-hydraulic-born-in-denmarkagir-ticari-tekerlek-tasima-arabasi-wta500-tasima-kapasitesi-500-kg\/"]}]},{"@type":"BreadcrumbList","@id":"https:\/\/bakirci.com\/ekipman\/servis-ekipmanlari\/mekanik\/lastik-servis-ekipmanlari\/tekerlek-tasima-sistemleri\/tekerlek-tasima-sistemleriac-hydraulic-born-in-denmarkagir-ticari-tekerlek-tasima-arabasi-wta500-tasima-kapasitesi-500-kg\/#breadcrumb","itemListElement":[{"@type":"ListItem","position":1,"name":"Ekipman","item":"https:\/\/bakirci.com\/ekipman\/"},{"@type":"ListItem","position":2,"name":"Otomotiv Tesisleri \u0130\u00e7in Servis Ekipmanlar\u0131","item":"https:\/\/bakirci.com\/ekipman\/"},{"@type":"ListItem","position":3,"name":"A\u011f\u0131r Ticari Tekerlek Ta\u015f\u0131ma Arabas\u0131AC HYDRAULIC (Born in DENMARK)WTA500 Ta\u015f\u0131ma kapasitesi 500 kg"}]}]}},"_links":{"self":[{"href":"https:\/\/bakirci.com\/ekipman\/wp-json\/wp\/v2\/product\/4127","targetHints":{"allow":["GET"]}}],"collection":[{"href":"https:\/\/bakirci.com\/ekipman\/wp-json\/wp\/v2\/product"}],"about":[{"href":"https:\/\/bakirci.com\/ekipman\/wp-json\/wp\/v2\/types\/product"}],"replies":[{"embeddable":true,"href":"https:\/\/bakirci.com\/ekipman\/wp-json\/wp\/v2\/comments?post=4127"}],"wp:featuredmedia":[{"embeddable":true,"href":"https:\/\/bakirci.com\/ekipman\/wp-json\/wp\/v2\/media\/4316"}],"wp:attachment":[{"href":"https:\/\/bakirci.com\/ekipman\/wp-json\/wp\/v2\/media?parent=4127"}],"wp:term":[{"taxonomy":"product_cat","embeddable":true,"href":"https:\/\/bakirci.com\/ekipman\/wp-json\/wp\/v2\/product_cat?post=4127"},{"taxonomy":"product_tag","embeddable":true,"href":"https:\/\/bakirci.com\/ekipman\/wp-json\/wp\/v2\/product_tag?post=4127"}],"curies":[{"name":"wp","href":"https:\/\/api.w.org\/{rel}","templated":true}]}}