{"id":4125,"date":"2021-01-02T02:49:59","date_gmt":"2021-01-02T02:49:59","guid":{"rendered":"https:\/\/j6l.65c.myftpupload.com\/?post_type=product&#038;p=4125"},"modified":"2022-04-06T11:53:32","modified_gmt":"2022-04-06T11:53:32","slug":"krikolarrodcraft-born-in-germanyarac-alti-sehpasi-ubz-2-3-6","status":"publish","type":"product","link":"https:\/\/bakirci.com\/ekipman\/servis-ekipmanlari\/mekanik\/lastik-servis-ekipmanlari\/krikolar\/krikolarrodcraft-born-in-germanyarac-alti-sehpasi-ubz-2-3-6\/","title":{"rendered":"<p class=\"ustmetin\">Ara\u00e7 Alt\u0131 Sehpas\u0131<\/p><p class=\"ortametin\">RODCRAFT <span class=\"ortametin2\">(Born in GERMANY)<\/span><\/p><p class=\"altmetin\">UBZ-2 \/ 3 \/ 6<\/p>"},"content":{"rendered":"<ul>\n<li>Ara\u00e7 Alt\u0131 Sehpas\u0131 &#8211; UBZ-2 \/ 3 \/ 6<\/li>\n<li>Y\u00fcksek stabiliteli dayan\u0131kl\u0131 g\u00f6vde yap\u0131s\u0131<\/li>\n<li>Kendinden kilitlemeli kol ve emniyet pimi<\/li>\n<li>Koldan y\u00fckseklik ayar\u0131 i\u00e7in c\u0131rc\u0131r mekanizmas\u0131<\/li>\n<li>Ta\u015f\u0131ma kapasitesi 2000 kg, 3000 kg, 6000 kg<\/li>\n<\/ul>\n","protected":false},"excerpt":{"rendered":"<ul>\n<li>Ara\u00e7 Alt\u0131 Sehpas\u0131 &#8211; UBZ-2 \/ 3 \/ 6<\/li>\n<li>Y\u00fcksek stabiliteli dayan\u0131kl\u0131 g\u00f6vde yap\u0131s\u0131<\/li>\n<li>Kendinden kilitlemeli kol ve emniyet pimi<\/li>\n<li>Koldan y\u00fckseklik ayar\u0131 i\u00e7in c\u0131rc\u0131r mekanizmas\u0131<\/li>\n<li>Ta\u015f\u0131ma kapasitesi 2000 kg, 3000 kg, 6000 kg<\/li>\n<\/ul>\n","protected":false},"featured_media":4314,"comment_status":"closed","ping_status":"closed","template":"","meta":[],"product_cat":[152,158],"product_tag":[516,518,507,508,503,510,509,506,517,513,514,337,512,511,515,505,504],"class_list":["post-4125","product","type-product","status-publish","has-post-thumbnail","hentry","pwb-brand-rodcraft","product_cat-lastik-servis-ekipmanlari","product_cat-krikolar","product_tag-agirvasita-kriko","product_tag-arac-alti-kriko","product_tag-arac-kaldirma","product_tag-arac-sehpa","product_tag-garaj-krikosu","product_tag-havali-kiriko","product_tag-havali-kriko","product_tag-hidrolik-kriko","product_tag-kademeli-hidrolik-kriko","product_tag-kamyon-krikosu","product_tag-otobus-krikosu","product_tag-rodcraft","product_tag-sise-kiriko","product_tag-sise-kriko","product_tag-ticari-kriko","product_tag-timsah-kiriko","product_tag-timsah-kriko"],"brands":[{"id":371,"name":"RODCRAFT","slug":"rodcraft"}],"yoast_head":"<!-- This site is optimized with the Yoast SEO plugin v17.1 - https:\/\/yoast.com\/wordpress\/plugins\/seo\/ -->\n<title>Ara\u00e7 Alt\u0131 Sehpas\u0131RODCRAFT (Born in GERMANY)UBZ-2 \/ 3 \/ 6 - Bak\u0131rc\u0131 Garagineering<\/title>\n<meta name=\"robots\" content=\"index, follow, max-snippet:-1, max-image-preview:large, max-video-preview:-1\" \/>\n<link rel=\"canonical\" href=\"https:\/\/bakirci.com\/ekipman\/servis-ekipmanlari\/mekanik\/lastik-servis-ekipmanlari\/krikolar\/krikolarrodcraft-born-in-germanyarac-alti-sehpasi-ubz-2-3-6\/\" \/>\n<meta property=\"og:locale\" content=\"tr_TR\" \/>\n<meta property=\"og:type\" content=\"article\" \/>\n<meta property=\"og:title\" content=\"Ara\u00e7 Alt\u0131 Sehpas\u0131RODCRAFT (Born in GERMANY)UBZ-2 \/ 3 \/ 6 - Bak\u0131rc\u0131 Garagineering\" \/>\n<meta property=\"og:description\" content=\"Ara\u00e7 Alt\u0131 Sehpas\u0131 - UBZ-2 \/ 3 \/ 6  Y\u00fcksek stabiliteli dayan\u0131kl\u0131 g\u00f6vde yap\u0131s\u0131  Kendinden kilitlemeli kol ve emniyet pimi  Koldan y\u00fckseklik ayar\u0131 i\u00e7in c\u0131rc\u0131r mekanizmas\u0131  Ta\u015f\u0131ma kapasitesi 2000 kg, 3000 kg, 6000 kg\" \/>\n<meta property=\"og:url\" content=\"https:\/\/bakirci.com\/ekipman\/servis-ekipmanlari\/mekanik\/lastik-servis-ekipmanlari\/krikolar\/krikolarrodcraft-born-in-germanyarac-alti-sehpasi-ubz-2-3-6\/\" \/>\n<meta property=\"og:site_name\" content=\"Bak\u0131rc\u0131 Garagineering\" \/>\n<meta property=\"article:publisher\" content=\"https:\/\/www.facebook.com\/bakirci.garagineering\" \/>\n<meta property=\"article:modified_time\" content=\"2022-04-06T11:53:32+00:00\" \/>\n<meta property=\"og:image\" content=\"https:\/\/bakirci.com\/ekipman\/wp-content\/uploads\/2021\/03\/UBZ-2-3-6.png\" \/>\n\t<meta property=\"og:image:width\" content=\"1223\" \/>\n\t<meta property=\"og:image:height\" content=\"1223\" \/>\n<meta name=\"twitter:card\" content=\"summary_large_image\" \/>\n<meta name=\"twitter:label1\" content=\"Tahmini okuma s\u00fcresi\" \/>\n\t<meta name=\"twitter:data1\" content=\"1 dakika\" \/>\n<script type=\"application\/ld+json\" class=\"yoast-schema-graph\">{\"@context\":\"https:\/\/schema.org\",\"@graph\":[{\"@type\":\"Organization\",\"@id\":\"https:\/\/bakirci.com\/ekipman\/#organization\",\"name\":\"Bak\\u0131rc\\u0131 garagineering\",\"url\":\"https:\/\/bakirci.com\/ekipman\/\",\"sameAs\":[\"https:\/\/www.facebook.com\/bakirci.garagineering\",\"https:\/\/www.instagram.com\/bakirci.garagineering\/\",\"https:\/\/www.linkedin.com\/company\/bakirci-garagineering\/\",\"https:\/\/www.youtube.com\/channel\/UCiVG6s_jALJ6Zk8085XiOQg\"],\"logo\":{\"@type\":\"ImageObject\",\"@id\":\"https:\/\/bakirci.com\/ekipman\/#logo\",\"inLanguage\":\"tr\",\"url\":\"https:\/\/bakirci.com\/ekipman\/wp-content\/uploads\/2021\/09\/Bakirci-logo-lacivert.png\",\"contentUrl\":\"https:\/\/bakirci.com\/ekipman\/wp-content\/uploads\/2021\/09\/Bakirci-logo-lacivert.png\",\"width\":501,\"height\":501,\"caption\":\"Bak\\u0131rc\\u0131 garagineering\"},\"image\":{\"@id\":\"https:\/\/bakirci.com\/ekipman\/#logo\"}},{\"@type\":\"WebSite\",\"@id\":\"https:\/\/bakirci.com\/ekipman\/#website\",\"url\":\"https:\/\/bakirci.com\/ekipman\/\",\"name\":\"Bak\\u0131rc\\u0131 Garagineering\",\"description\":\"Otomotiv sekt\\u00f6r\\u00fcne \\u00f6zel, \\u201c\\u00dcretici Standard\\u0131nda\\u201d \\u00e7\\u00f6z\\u00fcmler\\u2026\",\"publisher\":{\"@id\":\"https:\/\/bakirci.com\/ekipman\/#organization\"},\"potentialAction\":[{\"@type\":\"SearchAction\",\"target\":{\"@type\":\"EntryPoint\",\"urlTemplate\":\"https:\/\/bakirci.com\/ekipman\/?s={search_term_string}\"},\"query-input\":\"required name=search_term_string\"}],\"inLanguage\":\"tr\"},{\"@type\":\"ImageObject\",\"@id\":\"https:\/\/bakirci.com\/ekipman\/servis-ekipmanlari\/mekanik\/lastik-servis-ekipmanlari\/krikolar\/krikolarrodcraft-born-in-germanyarac-alti-sehpasi-ubz-2-3-6\/#primaryimage\",\"inLanguage\":\"tr\",\"url\":\"https:\/\/bakirci.com\/ekipman\/wp-content\/uploads\/2021\/03\/UBZ-2-3-6.png\",\"contentUrl\":\"https:\/\/bakirci.com\/ekipman\/wp-content\/uploads\/2021\/03\/UBZ-2-3-6.png\",\"width\":1223,\"height\":1223},{\"@type\":\"WebPage\",\"@id\":\"https:\/\/bakirci.com\/ekipman\/servis-ekipmanlari\/mekanik\/lastik-servis-ekipmanlari\/krikolar\/krikolarrodcraft-born-in-germanyarac-alti-sehpasi-ubz-2-3-6\/#webpage\",\"url\":\"https:\/\/bakirci.com\/ekipman\/servis-ekipmanlari\/mekanik\/lastik-servis-ekipmanlari\/krikolar\/krikolarrodcraft-born-in-germanyarac-alti-sehpasi-ubz-2-3-6\/\",\"name\":\"Ara\\u00e7 Alt\\u0131 Sehpas\\u0131 RODCRAFT (Born in GERMANY) UBZ-2 \/ 3 \/ 6 - Bak\\u0131rc\\u0131 Garagineering\",\"isPartOf\":{\"@id\":\"https:\/\/bakirci.com\/ekipman\/#website\"},\"primaryImageOfPage\":{\"@id\":\"https:\/\/bakirci.com\/ekipman\/servis-ekipmanlari\/mekanik\/lastik-servis-ekipmanlari\/krikolar\/krikolarrodcraft-born-in-germanyarac-alti-sehpasi-ubz-2-3-6\/#primaryimage\"},\"datePublished\":\"2021-01-02T02:49:59+00:00\",\"dateModified\":\"2022-04-06T11:53:32+00:00\",\"breadcrumb\":{\"@id\":\"https:\/\/bakirci.com\/ekipman\/servis-ekipmanlari\/mekanik\/lastik-servis-ekipmanlari\/krikolar\/krikolarrodcraft-born-in-germanyarac-alti-sehpasi-ubz-2-3-6\/#breadcrumb\"},\"inLanguage\":\"tr\",\"potentialAction\":[{\"@type\":\"ReadAction\",\"target\":[\"https:\/\/bakirci.com\/ekipman\/servis-ekipmanlari\/mekanik\/lastik-servis-ekipmanlari\/krikolar\/krikolarrodcraft-born-in-germanyarac-alti-sehpasi-ubz-2-3-6\/\"]}]},{\"@type\":\"BreadcrumbList\",\"@id\":\"https:\/\/bakirci.com\/ekipman\/servis-ekipmanlari\/mekanik\/lastik-servis-ekipmanlari\/krikolar\/krikolarrodcraft-born-in-germanyarac-alti-sehpasi-ubz-2-3-6\/#breadcrumb\",\"itemListElement\":[{\"@type\":\"ListItem\",\"position\":1,\"name\":\"Ekipman\",\"item\":\"https:\/\/bakirci.com\/ekipman\/\"},{\"@type\":\"ListItem\",\"position\":2,\"name\":\"Otomotiv Tesisleri \\u0130\\u00e7in Servis Ekipmanlar\\u0131\",\"item\":\"https:\/\/bakirci.com\/ekipman\/\"},{\"@type\":\"ListItem\",\"position\":3,\"name\":\"Ara\\u00e7 Alt\\u0131 Sehpas\\u0131RODCRAFT (Born in GERMANY)UBZ-2 \/ 3 \/ 6\"}]}]}<\/script>\n<!-- \/ Yoast SEO plugin. -->","yoast_head_json":{"title":"Ara\u00e7 Alt\u0131 Sehpas\u0131RODCRAFT (Born in GERMANY)UBZ-2 \/ 3 \/ 6 - Bak\u0131rc\u0131 Garagineering","robots":{"index":"index","follow":"follow","max-snippet":"max-snippet:-1","max-image-preview":"max-image-preview:large","max-video-preview":"max-video-preview:-1"},"canonical":"https:\/\/bakirci.com\/ekipman\/servis-ekipmanlari\/mekanik\/lastik-servis-ekipmanlari\/krikolar\/krikolarrodcraft-born-in-germanyarac-alti-sehpasi-ubz-2-3-6\/","og_locale":"tr_TR","og_type":"article","og_title":"Ara\u00e7 Alt\u0131 Sehpas\u0131RODCRAFT (Born in GERMANY)UBZ-2 \/ 3 \/ 6 - Bak\u0131rc\u0131 Garagineering","og_description":"Ara\u00e7 Alt\u0131 Sehpas\u0131 - UBZ-2 \/ 3 \/ 6  Y\u00fcksek stabiliteli dayan\u0131kl\u0131 g\u00f6vde yap\u0131s\u0131  Kendinden kilitlemeli kol ve emniyet pimi  Koldan y\u00fckseklik ayar\u0131 i\u00e7in c\u0131rc\u0131r mekanizmas\u0131  Ta\u015f\u0131ma kapasitesi 2000 kg, 3000 kg, 6000 kg","og_url":"https:\/\/bakirci.com\/ekipman\/servis-ekipmanlari\/mekanik\/lastik-servis-ekipmanlari\/krikolar\/krikolarrodcraft-born-in-germanyarac-alti-sehpasi-ubz-2-3-6\/","og_site_name":"Bak\u0131rc\u0131 Garagineering","article_publisher":"https:\/\/www.facebook.com\/bakirci.garagineering","article_modified_time":"2022-04-06T11:53:32+00:00","og_image":[{"width":1223,"height":1223,"url":"https:\/\/bakirci.com\/ekipman\/wp-content\/uploads\/2021\/03\/UBZ-2-3-6.png","path":"\/home\/bakirciwebsitesi\/public_html\/ekipman\/wp-content\/uploads\/2021\/03\/UBZ-2-3-6.png","size":"full","id":4314,"alt":"","pixels":1495729,"type":"image\/png"}],"twitter_card":"summary_large_image","twitter_misc":{"Tahmini okuma s\u00fcresi":"1 dakika"},"schema":{"@context":"https:\/\/schema.org","@graph":[{"@type":"Organization","@id":"https:\/\/bakirci.com\/ekipman\/#organization","name":"Bak\u0131rc\u0131 garagineering","url":"https:\/\/bakirci.com\/ekipman\/","sameAs":["https:\/\/www.facebook.com\/bakirci.garagineering","https:\/\/www.instagram.com\/bakirci.garagineering\/","https:\/\/www.linkedin.com\/company\/bakirci-garagineering\/","https:\/\/www.youtube.com\/channel\/UCiVG6s_jALJ6Zk8085XiOQg"],"logo":{"@type":"ImageObject","@id":"https:\/\/bakirci.com\/ekipman\/#logo","inLanguage":"tr","url":"https:\/\/bakirci.com\/ekipman\/wp-content\/uploads\/2021\/09\/Bakirci-logo-lacivert.png","contentUrl":"https:\/\/bakirci.com\/ekipman\/wp-content\/uploads\/2021\/09\/Bakirci-logo-lacivert.png","width":501,"height":501,"caption":"Bak\u0131rc\u0131 garagineering"},"image":{"@id":"https:\/\/bakirci.com\/ekipman\/#logo"}},{"@type":"WebSite","@id":"https:\/\/bakirci.com\/ekipman\/#website","url":"https:\/\/bakirci.com\/ekipman\/","name":"Bak\u0131rc\u0131 Garagineering","description":"Otomotiv sekt\u00f6r\u00fcne \u00f6zel, \u201c\u00dcretici Standard\u0131nda\u201d \u00e7\u00f6z\u00fcmler\u2026","publisher":{"@id":"https:\/\/bakirci.com\/ekipman\/#organization"},"potentialAction":[{"@type":"SearchAction","target":{"@type":"EntryPoint","urlTemplate":"https:\/\/bakirci.com\/ekipman\/?s={search_term_string}"},"query-input":"required name=search_term_string"}],"inLanguage":"tr"},{"@type":"ImageObject","@id":"https:\/\/bakirci.com\/ekipman\/servis-ekipmanlari\/mekanik\/lastik-servis-ekipmanlari\/krikolar\/krikolarrodcraft-born-in-germanyarac-alti-sehpasi-ubz-2-3-6\/#primaryimage","inLanguage":"tr","url":"https:\/\/bakirci.com\/ekipman\/wp-content\/uploads\/2021\/03\/UBZ-2-3-6.png","contentUrl":"https:\/\/bakirci.com\/ekipman\/wp-content\/uploads\/2021\/03\/UBZ-2-3-6.png","width":1223,"height":1223},{"@type":"WebPage","@id":"https:\/\/bakirci.com\/ekipman\/servis-ekipmanlari\/mekanik\/lastik-servis-ekipmanlari\/krikolar\/krikolarrodcraft-born-in-germanyarac-alti-sehpasi-ubz-2-3-6\/#webpage","url":"https:\/\/bakirci.com\/ekipman\/servis-ekipmanlari\/mekanik\/lastik-servis-ekipmanlari\/krikolar\/krikolarrodcraft-born-in-germanyarac-alti-sehpasi-ubz-2-3-6\/","name":"Ara\u00e7 Alt\u0131 Sehpas\u0131 RODCRAFT (Born in GERMANY) UBZ-2 \/ 3 \/ 6 - Bak\u0131rc\u0131 Garagineering","isPartOf":{"@id":"https:\/\/bakirci.com\/ekipman\/#website"},"primaryImageOfPage":{"@id":"https:\/\/bakirci.com\/ekipman\/servis-ekipmanlari\/mekanik\/lastik-servis-ekipmanlari\/krikolar\/krikolarrodcraft-born-in-germanyarac-alti-sehpasi-ubz-2-3-6\/#primaryimage"},"datePublished":"2021-01-02T02:49:59+00:00","dateModified":"2022-04-06T11:53:32+00:00","breadcrumb":{"@id":"https:\/\/bakirci.com\/ekipman\/servis-ekipmanlari\/mekanik\/lastik-servis-ekipmanlari\/krikolar\/krikolarrodcraft-born-in-germanyarac-alti-sehpasi-ubz-2-3-6\/#breadcrumb"},"inLanguage":"tr","potentialAction":[{"@type":"ReadAction","target":["https:\/\/bakirci.com\/ekipman\/servis-ekipmanlari\/mekanik\/lastik-servis-ekipmanlari\/krikolar\/krikolarrodcraft-born-in-germanyarac-alti-sehpasi-ubz-2-3-6\/"]}]},{"@type":"BreadcrumbList","@id":"https:\/\/bakirci.com\/ekipman\/servis-ekipmanlari\/mekanik\/lastik-servis-ekipmanlari\/krikolar\/krikolarrodcraft-born-in-germanyarac-alti-sehpasi-ubz-2-3-6\/#breadcrumb","itemListElement":[{"@type":"ListItem","position":1,"name":"Ekipman","item":"https:\/\/bakirci.com\/ekipman\/"},{"@type":"ListItem","position":2,"name":"Otomotiv Tesisleri \u0130\u00e7in Servis Ekipmanlar\u0131","item":"https:\/\/bakirci.com\/ekipman\/"},{"@type":"ListItem","position":3,"name":"Ara\u00e7 Alt\u0131 Sehpas\u0131RODCRAFT (Born in GERMANY)UBZ-2 \/ 3 \/ 6"}]}]}},"_links":{"self":[{"href":"https:\/\/bakirci.com\/ekipman\/wp-json\/wp\/v2\/product\/4125","targetHints":{"allow":["GET"]}}],"collection":[{"href":"https:\/\/bakirci.com\/ekipman\/wp-json\/wp\/v2\/product"}],"about":[{"href":"https:\/\/bakirci.com\/ekipman\/wp-json\/wp\/v2\/types\/product"}],"replies":[{"embeddable":true,"href":"https:\/\/bakirci.com\/ekipman\/wp-json\/wp\/v2\/comments?post=4125"}],"wp:featuredmedia":[{"embeddable":true,"href":"https:\/\/bakirci.com\/ekipman\/wp-json\/wp\/v2\/media\/4314"}],"wp:attachment":[{"href":"https:\/\/bakirci.com\/ekipman\/wp-json\/wp\/v2\/media?parent=4125"}],"wp:term":[{"taxonomy":"product_cat","embeddable":true,"href":"https:\/\/bakirci.com\/ekipman\/wp-json\/wp\/v2\/product_cat?post=4125"},{"taxonomy":"product_tag","embeddable":true,"href":"https:\/\/bakirci.com\/ekipman\/wp-json\/wp\/v2\/product_tag?post=4125"}],"curies":[{"name":"wp","href":"https:\/\/api.w.org\/{rel}","templated":true}]}}