{"id":4120,"date":"2021-03-03T04:30:54","date_gmt":"2021-03-03T04:30:54","guid":{"rendered":"https:\/\/j6l.65c.myftpupload.com\/?post_type=product&#038;p=4120"},"modified":"2021-08-06T12:16:53","modified_gmt":"2021-08-06T12:16:53","slug":"krikolarac-hydraulic-born-in-denmarkhidrolik-garaj-krikosu-dk100qkaldirma-kapasitesi-10000-kg","status":"publish","type":"product","link":"https:\/\/bakirci.com\/ekipman\/servis-ekipmanlari\/mekanik\/lastik-servis-ekipmanlari\/krikolar\/krikolarac-hydraulic-born-in-denmarkhidrolik-garaj-krikosu-dk100qkaldirma-kapasitesi-10000-kg\/","title":{"rendered":"<p class=\"ustmetin\">Hidrolik Garaj Krikosu<\/p><p class=\"ortametin\">AC HYDRAULIC <span class=\"ortametin2\">(Born in DENMARK)<\/span><\/p><p class=\"altmetin\">DK100Q<br>Kald\u0131rma kapasitesi 10000 kg<\/p>"},"content":{"rendered":"<ul>\n<li>Hidrolik Garaj Krikosu &#8211; DK100Q<\/li>\n<li>Ayak pedal\u0131 ve kolla kald\u0131rma imkan\u0131<\/li>\n<li>\u0130ndirme s\u0131ras\u0131nda optimum g\u00fcvenlik<\/li>\n<li>Dahili emniyet a\u015f\u0131r\u0131 y\u00fck valfi<\/li>\n<li>Poli\u00fcretan tekerlekler ile maksimum zemin korumas\u0131<\/li>\n<li>Kald\u0131rma kapasitesi 10000 kg<\/li>\n<li>Platform y\u00fcksekli\u011fi 150 mm<\/li>\n<li>Kald\u0131rma y\u00fcksekli\u011fi 585 mm<\/li>\n<\/ul>\n","protected":false},"excerpt":{"rendered":"<ul>\n<li>Hidrolik Garaj Krikosu &#8211; DK100Q<\/li>\n<li>Ayak pedal\u0131 ve kolla kald\u0131rma imkan\u0131<\/li>\n<li>\u0130ndirme s\u0131ras\u0131nda optimum g\u00fcvenlik<\/li>\n<li>Dahili emniyet a\u015f\u0131r\u0131 y\u00fck valfi<\/li>\n<li>Poli\u00fcretan tekerlekler ile maksimum zemin korumas\u0131<\/li>\n<li>Kald\u0131rma kapasitesi 10000 kg<\/li>\n<li>Platform y\u00fcksekli\u011fi 150 mm<\/li>\n<li>Kald\u0131rma y\u00fcksekli\u011fi 585 mm<\/li>\n<\/ul>\n","protected":false},"featured_media":4309,"comment_status":"closed","ping_status":"closed","template":"","meta":[],"product_cat":[152,158],"product_tag":[76,516,518,507,508,503,510,509,506,517,513,514,512,511,515,505,504],"class_list":["post-4120","product","type-product","status-publish","has-post-thumbnail","hentry","pwb-brand-ac-hydraulic","product_cat-lastik-servis-ekipmanlari","product_cat-krikolar","product_tag-ac-hydraulic","product_tag-agirvasita-kriko","product_tag-arac-alti-kriko","product_tag-arac-kaldirma","product_tag-arac-sehpa","product_tag-garaj-krikosu","product_tag-havali-kiriko","product_tag-havali-kriko","product_tag-hidrolik-kriko","product_tag-kademeli-hidrolik-kriko","product_tag-kamyon-krikosu","product_tag-otobus-krikosu","product_tag-sise-kiriko","product_tag-sise-kriko","product_tag-ticari-kriko","product_tag-timsah-kiriko","product_tag-timsah-kriko"],"brands":[{"id":367,"name":"AC HYDRAULIC","slug":"ac-hydraulic"}],"yoast_head":"<!-- This site is optimized with the Yoast SEO plugin v17.1 - https:\/\/yoast.com\/wordpress\/plugins\/seo\/ -->\n<title>Hidrolik Garaj KrikosuAC HYDRAULIC (Born in DENMARK)DK100QKald\u0131rma kapasitesi 10000 kg - Bak\u0131rc\u0131 Garagineering<\/title>\n<meta name=\"robots\" content=\"index, follow, max-snippet:-1, max-image-preview:large, max-video-preview:-1\" \/>\n<link rel=\"canonical\" href=\"https:\/\/bakirci.com\/ekipman\/servis-ekipmanlari\/mekanik\/lastik-servis-ekipmanlari\/krikolar\/krikolarac-hydraulic-born-in-denmarkhidrolik-garaj-krikosu-dk100qkaldirma-kapasitesi-10000-kg\/\" \/>\n<meta property=\"og:locale\" content=\"tr_TR\" \/>\n<meta property=\"og:type\" content=\"article\" \/>\n<meta property=\"og:title\" content=\"Hidrolik Garaj KrikosuAC HYDRAULIC (Born in DENMARK)DK100QKald\u0131rma kapasitesi 10000 kg - Bak\u0131rc\u0131 Garagineering\" \/>\n<meta property=\"og:description\" content=\"Hidrolik Garaj Krikosu - DK100Q  Ayak pedal\u0131 ve kolla kald\u0131rma imkan\u0131  \u0130ndirme s\u0131ras\u0131nda optimum g\u00fcvenlik  Dahili emniyet a\u015f\u0131r\u0131 y\u00fck valfi  Poli\u00fcretan tekerlekler ile maksimum zemin korumas\u0131  Kald\u0131rma kapasitesi 10000 kg  Platform y\u00fcksekli\u011fi 150 mm  Kald\u0131rma y\u00fcksekli\u011fi 585 mm\" \/>\n<meta property=\"og:url\" content=\"https:\/\/bakirci.com\/ekipman\/servis-ekipmanlari\/mekanik\/lastik-servis-ekipmanlari\/krikolar\/krikolarac-hydraulic-born-in-denmarkhidrolik-garaj-krikosu-dk100qkaldirma-kapasitesi-10000-kg\/\" \/>\n<meta property=\"og:site_name\" content=\"Bak\u0131rc\u0131 Garagineering\" \/>\n<meta property=\"article:publisher\" content=\"https:\/\/www.facebook.com\/bakirci.garagineering\" \/>\n<meta property=\"article:modified_time\" content=\"2021-08-06T12:16:53+00:00\" \/>\n<meta property=\"og:image\" content=\"https:\/\/bakirci.com\/ekipman\/wp-content\/uploads\/2021\/03\/DK100Q.png\" \/>\n\t<meta property=\"og:image:width\" content=\"1329\" \/>\n\t<meta property=\"og:image:height\" content=\"1329\" \/>\n<meta name=\"twitter:card\" content=\"summary_large_image\" \/>\n<meta name=\"twitter:label1\" content=\"Tahmini okuma s\u00fcresi\" \/>\n\t<meta name=\"twitter:data1\" content=\"1 dakika\" \/>\n<script type=\"application\/ld+json\" class=\"yoast-schema-graph\">{\"@context\":\"https:\/\/schema.org\",\"@graph\":[{\"@type\":\"Organization\",\"@id\":\"https:\/\/bakirci.com\/ekipman\/#organization\",\"name\":\"Bak\\u0131rc\\u0131 garagineering\",\"url\":\"https:\/\/bakirci.com\/ekipman\/\",\"sameAs\":[\"https:\/\/www.facebook.com\/bakirci.garagineering\",\"https:\/\/www.instagram.com\/bakirci.garagineering\/\",\"https:\/\/www.linkedin.com\/company\/bakirci-garagineering\/\",\"https:\/\/www.youtube.com\/channel\/UCiVG6s_jALJ6Zk8085XiOQg\"],\"logo\":{\"@type\":\"ImageObject\",\"@id\":\"https:\/\/bakirci.com\/ekipman\/#logo\",\"inLanguage\":\"tr\",\"url\":\"https:\/\/bakirci.com\/ekipman\/wp-content\/uploads\/2021\/09\/Bakirci-logo-lacivert.png\",\"contentUrl\":\"https:\/\/bakirci.com\/ekipman\/wp-content\/uploads\/2021\/09\/Bakirci-logo-lacivert.png\",\"width\":501,\"height\":501,\"caption\":\"Bak\\u0131rc\\u0131 garagineering\"},\"image\":{\"@id\":\"https:\/\/bakirci.com\/ekipman\/#logo\"}},{\"@type\":\"WebSite\",\"@id\":\"https:\/\/bakirci.com\/ekipman\/#website\",\"url\":\"https:\/\/bakirci.com\/ekipman\/\",\"name\":\"Bak\\u0131rc\\u0131 Garagineering\",\"description\":\"Otomotiv sekt\\u00f6r\\u00fcne \\u00f6zel, \\u201c\\u00dcretici Standard\\u0131nda\\u201d \\u00e7\\u00f6z\\u00fcmler\\u2026\",\"publisher\":{\"@id\":\"https:\/\/bakirci.com\/ekipman\/#organization\"},\"potentialAction\":[{\"@type\":\"SearchAction\",\"target\":{\"@type\":\"EntryPoint\",\"urlTemplate\":\"https:\/\/bakirci.com\/ekipman\/?s={search_term_string}\"},\"query-input\":\"required name=search_term_string\"}],\"inLanguage\":\"tr\"},{\"@type\":\"ImageObject\",\"@id\":\"https:\/\/bakirci.com\/ekipman\/servis-ekipmanlari\/mekanik\/lastik-servis-ekipmanlari\/krikolar\/krikolarac-hydraulic-born-in-denmarkhidrolik-garaj-krikosu-dk100qkaldirma-kapasitesi-10000-kg\/#primaryimage\",\"inLanguage\":\"tr\",\"url\":\"https:\/\/bakirci.com\/ekipman\/wp-content\/uploads\/2021\/03\/DK100Q.png\",\"contentUrl\":\"https:\/\/bakirci.com\/ekipman\/wp-content\/uploads\/2021\/03\/DK100Q.png\",\"width\":1329,\"height\":1329},{\"@type\":\"WebPage\",\"@id\":\"https:\/\/bakirci.com\/ekipman\/servis-ekipmanlari\/mekanik\/lastik-servis-ekipmanlari\/krikolar\/krikolarac-hydraulic-born-in-denmarkhidrolik-garaj-krikosu-dk100qkaldirma-kapasitesi-10000-kg\/#webpage\",\"url\":\"https:\/\/bakirci.com\/ekipman\/servis-ekipmanlari\/mekanik\/lastik-servis-ekipmanlari\/krikolar\/krikolarac-hydraulic-born-in-denmarkhidrolik-garaj-krikosu-dk100qkaldirma-kapasitesi-10000-kg\/\",\"name\":\"Hidrolik Garaj Krikosu AC HYDRAULIC (Born in DENMARK) DK100Q Kald\\u0131rma kapasitesi 10000 kg - Bak\\u0131rc\\u0131 Garagineering\",\"isPartOf\":{\"@id\":\"https:\/\/bakirci.com\/ekipman\/#website\"},\"primaryImageOfPage\":{\"@id\":\"https:\/\/bakirci.com\/ekipman\/servis-ekipmanlari\/mekanik\/lastik-servis-ekipmanlari\/krikolar\/krikolarac-hydraulic-born-in-denmarkhidrolik-garaj-krikosu-dk100qkaldirma-kapasitesi-10000-kg\/#primaryimage\"},\"datePublished\":\"2021-03-03T04:30:54+00:00\",\"dateModified\":\"2021-08-06T12:16:53+00:00\",\"breadcrumb\":{\"@id\":\"https:\/\/bakirci.com\/ekipman\/servis-ekipmanlari\/mekanik\/lastik-servis-ekipmanlari\/krikolar\/krikolarac-hydraulic-born-in-denmarkhidrolik-garaj-krikosu-dk100qkaldirma-kapasitesi-10000-kg\/#breadcrumb\"},\"inLanguage\":\"tr\",\"potentialAction\":[{\"@type\":\"ReadAction\",\"target\":[\"https:\/\/bakirci.com\/ekipman\/servis-ekipmanlari\/mekanik\/lastik-servis-ekipmanlari\/krikolar\/krikolarac-hydraulic-born-in-denmarkhidrolik-garaj-krikosu-dk100qkaldirma-kapasitesi-10000-kg\/\"]}]},{\"@type\":\"BreadcrumbList\",\"@id\":\"https:\/\/bakirci.com\/ekipman\/servis-ekipmanlari\/mekanik\/lastik-servis-ekipmanlari\/krikolar\/krikolarac-hydraulic-born-in-denmarkhidrolik-garaj-krikosu-dk100qkaldirma-kapasitesi-10000-kg\/#breadcrumb\",\"itemListElement\":[{\"@type\":\"ListItem\",\"position\":1,\"name\":\"Ekipman\",\"item\":\"https:\/\/bakirci.com\/ekipman\/\"},{\"@type\":\"ListItem\",\"position\":2,\"name\":\"Otomotiv Tesisleri \\u0130\\u00e7in Servis Ekipmanlar\\u0131\",\"item\":\"https:\/\/bakirci.com\/ekipman\/\"},{\"@type\":\"ListItem\",\"position\":3,\"name\":\"Hidrolik Garaj KrikosuAC HYDRAULIC (Born in DENMARK)DK100QKald\\u0131rma kapasitesi 10000 kg\"}]}]}<\/script>\n<!-- \/ Yoast SEO plugin. -->","yoast_head_json":{"title":"Hidrolik Garaj KrikosuAC HYDRAULIC (Born in DENMARK)DK100QKald\u0131rma kapasitesi 10000 kg - Bak\u0131rc\u0131 Garagineering","robots":{"index":"index","follow":"follow","max-snippet":"max-snippet:-1","max-image-preview":"max-image-preview:large","max-video-preview":"max-video-preview:-1"},"canonical":"https:\/\/bakirci.com\/ekipman\/servis-ekipmanlari\/mekanik\/lastik-servis-ekipmanlari\/krikolar\/krikolarac-hydraulic-born-in-denmarkhidrolik-garaj-krikosu-dk100qkaldirma-kapasitesi-10000-kg\/","og_locale":"tr_TR","og_type":"article","og_title":"Hidrolik Garaj KrikosuAC HYDRAULIC (Born in DENMARK)DK100QKald\u0131rma kapasitesi 10000 kg - Bak\u0131rc\u0131 Garagineering","og_description":"Hidrolik Garaj Krikosu - DK100Q  Ayak pedal\u0131 ve kolla kald\u0131rma imkan\u0131  \u0130ndirme s\u0131ras\u0131nda optimum g\u00fcvenlik  Dahili emniyet a\u015f\u0131r\u0131 y\u00fck valfi  Poli\u00fcretan tekerlekler ile maksimum zemin korumas\u0131  Kald\u0131rma kapasitesi 10000 kg  Platform y\u00fcksekli\u011fi 150 mm  Kald\u0131rma y\u00fcksekli\u011fi 585 mm","og_url":"https:\/\/bakirci.com\/ekipman\/servis-ekipmanlari\/mekanik\/lastik-servis-ekipmanlari\/krikolar\/krikolarac-hydraulic-born-in-denmarkhidrolik-garaj-krikosu-dk100qkaldirma-kapasitesi-10000-kg\/","og_site_name":"Bak\u0131rc\u0131 Garagineering","article_publisher":"https:\/\/www.facebook.com\/bakirci.garagineering","article_modified_time":"2021-08-06T12:16:53+00:00","og_image":[{"width":1329,"height":1329,"url":"https:\/\/bakirci.com\/ekipman\/wp-content\/uploads\/2021\/03\/DK100Q.png","path":"\/home\/bakirciwebsitesi\/public_html\/ekipman\/wp-content\/uploads\/2021\/03\/DK100Q.png","size":"full","id":4309,"alt":"","pixels":1766241,"type":"image\/png"}],"twitter_card":"summary_large_image","twitter_misc":{"Tahmini okuma s\u00fcresi":"1 dakika"},"schema":{"@context":"https:\/\/schema.org","@graph":[{"@type":"Organization","@id":"https:\/\/bakirci.com\/ekipman\/#organization","name":"Bak\u0131rc\u0131 garagineering","url":"https:\/\/bakirci.com\/ekipman\/","sameAs":["https:\/\/www.facebook.com\/bakirci.garagineering","https:\/\/www.instagram.com\/bakirci.garagineering\/","https:\/\/www.linkedin.com\/company\/bakirci-garagineering\/","https:\/\/www.youtube.com\/channel\/UCiVG6s_jALJ6Zk8085XiOQg"],"logo":{"@type":"ImageObject","@id":"https:\/\/bakirci.com\/ekipman\/#logo","inLanguage":"tr","url":"https:\/\/bakirci.com\/ekipman\/wp-content\/uploads\/2021\/09\/Bakirci-logo-lacivert.png","contentUrl":"https:\/\/bakirci.com\/ekipman\/wp-content\/uploads\/2021\/09\/Bakirci-logo-lacivert.png","width":501,"height":501,"caption":"Bak\u0131rc\u0131 garagineering"},"image":{"@id":"https:\/\/bakirci.com\/ekipman\/#logo"}},{"@type":"WebSite","@id":"https:\/\/bakirci.com\/ekipman\/#website","url":"https:\/\/bakirci.com\/ekipman\/","name":"Bak\u0131rc\u0131 Garagineering","description":"Otomotiv sekt\u00f6r\u00fcne \u00f6zel, \u201c\u00dcretici Standard\u0131nda\u201d \u00e7\u00f6z\u00fcmler\u2026","publisher":{"@id":"https:\/\/bakirci.com\/ekipman\/#organization"},"potentialAction":[{"@type":"SearchAction","target":{"@type":"EntryPoint","urlTemplate":"https:\/\/bakirci.com\/ekipman\/?s={search_term_string}"},"query-input":"required name=search_term_string"}],"inLanguage":"tr"},{"@type":"ImageObject","@id":"https:\/\/bakirci.com\/ekipman\/servis-ekipmanlari\/mekanik\/lastik-servis-ekipmanlari\/krikolar\/krikolarac-hydraulic-born-in-denmarkhidrolik-garaj-krikosu-dk100qkaldirma-kapasitesi-10000-kg\/#primaryimage","inLanguage":"tr","url":"https:\/\/bakirci.com\/ekipman\/wp-content\/uploads\/2021\/03\/DK100Q.png","contentUrl":"https:\/\/bakirci.com\/ekipman\/wp-content\/uploads\/2021\/03\/DK100Q.png","width":1329,"height":1329},{"@type":"WebPage","@id":"https:\/\/bakirci.com\/ekipman\/servis-ekipmanlari\/mekanik\/lastik-servis-ekipmanlari\/krikolar\/krikolarac-hydraulic-born-in-denmarkhidrolik-garaj-krikosu-dk100qkaldirma-kapasitesi-10000-kg\/#webpage","url":"https:\/\/bakirci.com\/ekipman\/servis-ekipmanlari\/mekanik\/lastik-servis-ekipmanlari\/krikolar\/krikolarac-hydraulic-born-in-denmarkhidrolik-garaj-krikosu-dk100qkaldirma-kapasitesi-10000-kg\/","name":"Hidrolik Garaj Krikosu AC HYDRAULIC (Born in DENMARK) DK100Q Kald\u0131rma kapasitesi 10000 kg - Bak\u0131rc\u0131 Garagineering","isPartOf":{"@id":"https:\/\/bakirci.com\/ekipman\/#website"},"primaryImageOfPage":{"@id":"https:\/\/bakirci.com\/ekipman\/servis-ekipmanlari\/mekanik\/lastik-servis-ekipmanlari\/krikolar\/krikolarac-hydraulic-born-in-denmarkhidrolik-garaj-krikosu-dk100qkaldirma-kapasitesi-10000-kg\/#primaryimage"},"datePublished":"2021-03-03T04:30:54+00:00","dateModified":"2021-08-06T12:16:53+00:00","breadcrumb":{"@id":"https:\/\/bakirci.com\/ekipman\/servis-ekipmanlari\/mekanik\/lastik-servis-ekipmanlari\/krikolar\/krikolarac-hydraulic-born-in-denmarkhidrolik-garaj-krikosu-dk100qkaldirma-kapasitesi-10000-kg\/#breadcrumb"},"inLanguage":"tr","potentialAction":[{"@type":"ReadAction","target":["https:\/\/bakirci.com\/ekipman\/servis-ekipmanlari\/mekanik\/lastik-servis-ekipmanlari\/krikolar\/krikolarac-hydraulic-born-in-denmarkhidrolik-garaj-krikosu-dk100qkaldirma-kapasitesi-10000-kg\/"]}]},{"@type":"BreadcrumbList","@id":"https:\/\/bakirci.com\/ekipman\/servis-ekipmanlari\/mekanik\/lastik-servis-ekipmanlari\/krikolar\/krikolarac-hydraulic-born-in-denmarkhidrolik-garaj-krikosu-dk100qkaldirma-kapasitesi-10000-kg\/#breadcrumb","itemListElement":[{"@type":"ListItem","position":1,"name":"Ekipman","item":"https:\/\/bakirci.com\/ekipman\/"},{"@type":"ListItem","position":2,"name":"Otomotiv Tesisleri \u0130\u00e7in Servis Ekipmanlar\u0131","item":"https:\/\/bakirci.com\/ekipman\/"},{"@type":"ListItem","position":3,"name":"Hidrolik Garaj KrikosuAC HYDRAULIC (Born in DENMARK)DK100QKald\u0131rma kapasitesi 10000 kg"}]}]}},"_links":{"self":[{"href":"https:\/\/bakirci.com\/ekipman\/wp-json\/wp\/v2\/product\/4120","targetHints":{"allow":["GET"]}}],"collection":[{"href":"https:\/\/bakirci.com\/ekipman\/wp-json\/wp\/v2\/product"}],"about":[{"href":"https:\/\/bakirci.com\/ekipman\/wp-json\/wp\/v2\/types\/product"}],"replies":[{"embeddable":true,"href":"https:\/\/bakirci.com\/ekipman\/wp-json\/wp\/v2\/comments?post=4120"}],"wp:featuredmedia":[{"embeddable":true,"href":"https:\/\/bakirci.com\/ekipman\/wp-json\/wp\/v2\/media\/4309"}],"wp:attachment":[{"href":"https:\/\/bakirci.com\/ekipman\/wp-json\/wp\/v2\/media?parent=4120"}],"wp:term":[{"taxonomy":"product_cat","embeddable":true,"href":"https:\/\/bakirci.com\/ekipman\/wp-json\/wp\/v2\/product_cat?post=4120"},{"taxonomy":"product_tag","embeddable":true,"href":"https:\/\/bakirci.com\/ekipman\/wp-json\/wp\/v2\/product_tag?post=4120"}],"curies":[{"name":"wp","href":"https:\/\/api.w.org\/{rel}","templated":true}]}}