{"id":4114,"date":"2021-03-03T04:55:21","date_gmt":"2021-03-03T04:55:21","guid":{"rendered":"https:\/\/j6l.65c.myftpupload.com\/?post_type=product&#038;p=4114"},"modified":"2022-03-31T06:38:31","modified_gmt":"2022-03-31T06:38:31","slug":"seyyar-makas-liftlerbutler-born-in-italyseyyar-makas-lift-solidus-32mbpkaldirma-kapasitesi-3200-kg-kaldirma-yuksekligi-1000-mm","status":"publish","type":"product","link":"https:\/\/bakirci.com\/ekipman\/servis-ekipmanlari\/mekanik\/lastik-servis-ekipmanlari\/seyyar-makas-liftler\/seyyar-makas-liftlerbutler-born-in-italyseyyar-makas-lift-solidus-32mbpkaldirma-kapasitesi-3200-kg-kaldirma-yuksekligi-1000-mm\/","title":{"rendered":"<p class=\"ustmetin\">Seyyar Makas Lift<\/p><p class=\"ortametin\">BUTLER <span class=\"ortametin2\">(Born in ITALY)<\/span><\/p><p class=\"altmetin\">Solidus 32MBP<br>Kald\u0131rma kapasitesi 3200 kg, kald\u0131rma y\u00fcksekli\u011fi 1000 mm <\/p>"},"content":{"rendered":"<ul>\n<li>Seyyar Makas Lift &#8211; Solidus 32MBP<\/li>\n<li>H\u0131zl\u0131 lastik s\u00f6kme takma i\u00e7in elektrohidrolik, mar\u015fpiyeden kald\u0131ran tip<\/li>\n<li>Ba\u011f\u0131ms\u0131z hidrolik piston (2 adet)<\/li>\n<li>Ara\u00e7 alt g\u00f6vdesinin korunmas\u0131 i\u00e7in lastik takozlar<\/li>\n<li>Pn\u00f6matik kilit sistemi<\/li>\n<li>Kald\u0131rma kapasitesi 3200 kg<\/li>\n<li>Platform boyu 1420 \/ 1950 mm<\/li>\n<li>Platform y\u00fcksekli\u011fi 100 mm<\/li>\n<li>Kald\u0131rma y\u00fcksekli\u011fi 1000 mm<\/li>\n<li>Toplam platform geni\u015fli\u011fi 1740 mm<\/li>\n<\/ul>\n","protected":false},"excerpt":{"rendered":"<ul>\n<li>Seyyar Makas Lift &#8211; Solidus 32MBP<\/li>\n<li>H\u0131zl\u0131 lastik s\u00f6kme takma i\u00e7in elektrohidrolik, mar\u015fpiyeden kald\u0131ran tip<\/li>\n<li>Ba\u011f\u0131ms\u0131z hidrolik piston (2 adet)<\/li>\n<li>Ara\u00e7 alt g\u00f6vdesinin korunmas\u0131 i\u00e7in lastik takozlar<\/li>\n<li>Pn\u00f6matik kilit sistemi<\/li>\n<li>Kald\u0131rma kapasitesi 3200 kg<\/li>\n<li>Platform boyu 1420 \/ 1950 mm<\/li>\n<li>Platform y\u00fcksekli\u011fi 100 mm<\/li>\n<li>Kald\u0131rma y\u00fcksekli\u011fi 1000 mm<\/li>\n<li>Toplam platform geni\u015fli\u011fi 1740 mm<\/li>\n<\/ul>\n","protected":false},"featured_media":4304,"comment_status":"closed","ping_status":"closed","template":"","meta":[],"product_cat":[152,163],"product_tag":[497,499,51,500,502,498,496,495,501],"class_list":["post-4114","product","type-product","status-publish","has-post-thumbnail","hentry","pwb-brand-butler","product_cat-lastik-servis-ekipmanlari","product_cat-seyyar-makas-liftler","product_tag-alcak-lift","product_tag-boyaci-lifti","product_tag-butler","product_tag-hareketli-lift","product_tag-havali-lift","product_tag-kaportaci-lifti","product_tag-lastik-lifti","product_tag-lastikci-lifti","product_tag-mobil-lift"],"brands":[{"id":364,"name":"BUTLER","slug":"butler"}],"yoast_head":"<!-- This site is optimized with the Yoast SEO plugin v17.1 - https:\/\/yoast.com\/wordpress\/plugins\/seo\/ -->\n<title>Seyyar Makas LiftBUTLER (Born in ITALY)Solidus 32MBPKald\u0131rma kapasitesi 3200 kg, kald\u0131rma y\u00fcksekli\u011fi 1000 mm  - Bak\u0131rc\u0131 Garagineering<\/title>\n<meta name=\"robots\" content=\"index, follow, max-snippet:-1, max-image-preview:large, max-video-preview:-1\" \/>\n<link rel=\"canonical\" href=\"https:\/\/bakirci.com\/ekipman\/servis-ekipmanlari\/mekanik\/lastik-servis-ekipmanlari\/seyyar-makas-liftler\/seyyar-makas-liftlerbutler-born-in-italyseyyar-makas-lift-solidus-32mbpkaldirma-kapasitesi-3200-kg-kaldirma-yuksekligi-1000-mm\/\" \/>\n<meta property=\"og:locale\" content=\"tr_TR\" \/>\n<meta property=\"og:type\" content=\"article\" \/>\n<meta property=\"og:title\" content=\"Seyyar Makas LiftBUTLER (Born in ITALY)Solidus 32MBPKald\u0131rma kapasitesi 3200 kg, kald\u0131rma y\u00fcksekli\u011fi 1000 mm  - Bak\u0131rc\u0131 Garagineering\" \/>\n<meta property=\"og:description\" content=\"Seyyar Makas Lift - Solidus 32MBP  H\u0131zl\u0131 lastik s\u00f6kme takma i\u00e7in elektrohidrolik, mar\u015fpiyeden kald\u0131ran tip  Ba\u011f\u0131ms\u0131z hidrolik piston (2 adet)  Ara\u00e7 alt g\u00f6vdesinin korunmas\u0131 i\u00e7in lastik takozlar  Pn\u00f6matik kilit sistemi  Kald\u0131rma kapasitesi 3200 kg  Platform boyu 1420 \/ 1950 mm  Platform y\u00fcksekli\u011fi 100 mm  Kald\u0131rma y\u00fcksekli\u011fi 1000 mm  Toplam platform geni\u015fli\u011fi 1740 mm\" \/>\n<meta property=\"og:url\" content=\"https:\/\/bakirci.com\/ekipman\/servis-ekipmanlari\/mekanik\/lastik-servis-ekipmanlari\/seyyar-makas-liftler\/seyyar-makas-liftlerbutler-born-in-italyseyyar-makas-lift-solidus-32mbpkaldirma-kapasitesi-3200-kg-kaldirma-yuksekligi-1000-mm\/\" \/>\n<meta property=\"og:site_name\" content=\"Bak\u0131rc\u0131 Garagineering\" \/>\n<meta property=\"article:publisher\" content=\"https:\/\/www.facebook.com\/bakirci.garagineering\" \/>\n<meta property=\"article:modified_time\" content=\"2022-03-31T06:38:31+00:00\" \/>\n<meta property=\"og:image\" content=\"https:\/\/bakirci.com\/ekipman\/wp-content\/uploads\/2021\/03\/Solidus-32MBP.png\" \/>\n\t<meta property=\"og:image:width\" content=\"1227\" \/>\n\t<meta property=\"og:image:height\" content=\"1228\" \/>\n<meta name=\"twitter:card\" content=\"summary_large_image\" \/>\n<meta name=\"twitter:label1\" content=\"Tahmini okuma s\u00fcresi\" \/>\n\t<meta name=\"twitter:data1\" content=\"1 dakika\" \/>\n<script type=\"application\/ld+json\" class=\"yoast-schema-graph\">{\"@context\":\"https:\/\/schema.org\",\"@graph\":[{\"@type\":\"Organization\",\"@id\":\"https:\/\/bakirci.com\/ekipman\/#organization\",\"name\":\"Bak\\u0131rc\\u0131 garagineering\",\"url\":\"https:\/\/bakirci.com\/ekipman\/\",\"sameAs\":[\"https:\/\/www.facebook.com\/bakirci.garagineering\",\"https:\/\/www.instagram.com\/bakirci.garagineering\/\",\"https:\/\/www.linkedin.com\/company\/bakirci-garagineering\/\",\"https:\/\/www.youtube.com\/channel\/UCiVG6s_jALJ6Zk8085XiOQg\"],\"logo\":{\"@type\":\"ImageObject\",\"@id\":\"https:\/\/bakirci.com\/ekipman\/#logo\",\"inLanguage\":\"tr\",\"url\":\"https:\/\/bakirci.com\/ekipman\/wp-content\/uploads\/2021\/09\/Bakirci-logo-lacivert.png\",\"contentUrl\":\"https:\/\/bakirci.com\/ekipman\/wp-content\/uploads\/2021\/09\/Bakirci-logo-lacivert.png\",\"width\":501,\"height\":501,\"caption\":\"Bak\\u0131rc\\u0131 garagineering\"},\"image\":{\"@id\":\"https:\/\/bakirci.com\/ekipman\/#logo\"}},{\"@type\":\"WebSite\",\"@id\":\"https:\/\/bakirci.com\/ekipman\/#website\",\"url\":\"https:\/\/bakirci.com\/ekipman\/\",\"name\":\"Bak\\u0131rc\\u0131 Garagineering\",\"description\":\"Otomotiv sekt\\u00f6r\\u00fcne \\u00f6zel, \\u201c\\u00dcretici Standard\\u0131nda\\u201d \\u00e7\\u00f6z\\u00fcmler\\u2026\",\"publisher\":{\"@id\":\"https:\/\/bakirci.com\/ekipman\/#organization\"},\"potentialAction\":[{\"@type\":\"SearchAction\",\"target\":{\"@type\":\"EntryPoint\",\"urlTemplate\":\"https:\/\/bakirci.com\/ekipman\/?s={search_term_string}\"},\"query-input\":\"required name=search_term_string\"}],\"inLanguage\":\"tr\"},{\"@type\":\"ImageObject\",\"@id\":\"https:\/\/bakirci.com\/ekipman\/servis-ekipmanlari\/mekanik\/lastik-servis-ekipmanlari\/seyyar-makas-liftler\/seyyar-makas-liftlerbutler-born-in-italyseyyar-makas-lift-solidus-32mbpkaldirma-kapasitesi-3200-kg-kaldirma-yuksekligi-1000-mm\/#primaryimage\",\"inLanguage\":\"tr\",\"url\":\"https:\/\/bakirci.com\/ekipman\/wp-content\/uploads\/2021\/03\/Solidus-32MBP.png\",\"contentUrl\":\"https:\/\/bakirci.com\/ekipman\/wp-content\/uploads\/2021\/03\/Solidus-32MBP.png\",\"width\":1227,\"height\":1228},{\"@type\":\"WebPage\",\"@id\":\"https:\/\/bakirci.com\/ekipman\/servis-ekipmanlari\/mekanik\/lastik-servis-ekipmanlari\/seyyar-makas-liftler\/seyyar-makas-liftlerbutler-born-in-italyseyyar-makas-lift-solidus-32mbpkaldirma-kapasitesi-3200-kg-kaldirma-yuksekligi-1000-mm\/#webpage\",\"url\":\"https:\/\/bakirci.com\/ekipman\/servis-ekipmanlari\/mekanik\/lastik-servis-ekipmanlari\/seyyar-makas-liftler\/seyyar-makas-liftlerbutler-born-in-italyseyyar-makas-lift-solidus-32mbpkaldirma-kapasitesi-3200-kg-kaldirma-yuksekligi-1000-mm\/\",\"name\":\"Seyyar Makas Lift BUTLER (Born in ITALY) Solidus 32MBP Kald\\u0131rma kapasitesi 3200 kg, kald\\u0131rma y\\u00fcksekli\\u011fi 1000 mm - Bak\\u0131rc\\u0131 Garagineering\",\"isPartOf\":{\"@id\":\"https:\/\/bakirci.com\/ekipman\/#website\"},\"primaryImageOfPage\":{\"@id\":\"https:\/\/bakirci.com\/ekipman\/servis-ekipmanlari\/mekanik\/lastik-servis-ekipmanlari\/seyyar-makas-liftler\/seyyar-makas-liftlerbutler-born-in-italyseyyar-makas-lift-solidus-32mbpkaldirma-kapasitesi-3200-kg-kaldirma-yuksekligi-1000-mm\/#primaryimage\"},\"datePublished\":\"2021-03-03T04:55:21+00:00\",\"dateModified\":\"2022-03-31T06:38:31+00:00\",\"breadcrumb\":{\"@id\":\"https:\/\/bakirci.com\/ekipman\/servis-ekipmanlari\/mekanik\/lastik-servis-ekipmanlari\/seyyar-makas-liftler\/seyyar-makas-liftlerbutler-born-in-italyseyyar-makas-lift-solidus-32mbpkaldirma-kapasitesi-3200-kg-kaldirma-yuksekligi-1000-mm\/#breadcrumb\"},\"inLanguage\":\"tr\",\"potentialAction\":[{\"@type\":\"ReadAction\",\"target\":[\"https:\/\/bakirci.com\/ekipman\/servis-ekipmanlari\/mekanik\/lastik-servis-ekipmanlari\/seyyar-makas-liftler\/seyyar-makas-liftlerbutler-born-in-italyseyyar-makas-lift-solidus-32mbpkaldirma-kapasitesi-3200-kg-kaldirma-yuksekligi-1000-mm\/\"]}]},{\"@type\":\"BreadcrumbList\",\"@id\":\"https:\/\/bakirci.com\/ekipman\/servis-ekipmanlari\/mekanik\/lastik-servis-ekipmanlari\/seyyar-makas-liftler\/seyyar-makas-liftlerbutler-born-in-italyseyyar-makas-lift-solidus-32mbpkaldirma-kapasitesi-3200-kg-kaldirma-yuksekligi-1000-mm\/#breadcrumb\",\"itemListElement\":[{\"@type\":\"ListItem\",\"position\":1,\"name\":\"Ekipman\",\"item\":\"https:\/\/bakirci.com\/ekipman\/\"},{\"@type\":\"ListItem\",\"position\":2,\"name\":\"Otomotiv Tesisleri \\u0130\\u00e7in Servis Ekipmanlar\\u0131\",\"item\":\"https:\/\/bakirci.com\/ekipman\/\"},{\"@type\":\"ListItem\",\"position\":3,\"name\":\"Seyyar Makas LiftBUTLER (Born in ITALY)Solidus 32MBPKald\\u0131rma kapasitesi 3200 kg, kald\\u0131rma y\\u00fcksekli\\u011fi 1000 mm\"}]}]}<\/script>\n<!-- \/ Yoast SEO plugin. -->","yoast_head_json":{"title":"Seyyar Makas LiftBUTLER (Born in ITALY)Solidus 32MBPKald\u0131rma kapasitesi 3200 kg, kald\u0131rma y\u00fcksekli\u011fi 1000 mm  - Bak\u0131rc\u0131 Garagineering","robots":{"index":"index","follow":"follow","max-snippet":"max-snippet:-1","max-image-preview":"max-image-preview:large","max-video-preview":"max-video-preview:-1"},"canonical":"https:\/\/bakirci.com\/ekipman\/servis-ekipmanlari\/mekanik\/lastik-servis-ekipmanlari\/seyyar-makas-liftler\/seyyar-makas-liftlerbutler-born-in-italyseyyar-makas-lift-solidus-32mbpkaldirma-kapasitesi-3200-kg-kaldirma-yuksekligi-1000-mm\/","og_locale":"tr_TR","og_type":"article","og_title":"Seyyar Makas LiftBUTLER (Born in ITALY)Solidus 32MBPKald\u0131rma kapasitesi 3200 kg, kald\u0131rma y\u00fcksekli\u011fi 1000 mm  - Bak\u0131rc\u0131 Garagineering","og_description":"Seyyar Makas Lift - Solidus 32MBP  H\u0131zl\u0131 lastik s\u00f6kme takma i\u00e7in elektrohidrolik, mar\u015fpiyeden kald\u0131ran tip  Ba\u011f\u0131ms\u0131z hidrolik piston (2 adet)  Ara\u00e7 alt g\u00f6vdesinin korunmas\u0131 i\u00e7in lastik takozlar  Pn\u00f6matik kilit sistemi  Kald\u0131rma kapasitesi 3200 kg  Platform boyu 1420 \/ 1950 mm  Platform y\u00fcksekli\u011fi 100 mm  Kald\u0131rma y\u00fcksekli\u011fi 1000 mm  Toplam platform geni\u015fli\u011fi 1740 mm","og_url":"https:\/\/bakirci.com\/ekipman\/servis-ekipmanlari\/mekanik\/lastik-servis-ekipmanlari\/seyyar-makas-liftler\/seyyar-makas-liftlerbutler-born-in-italyseyyar-makas-lift-solidus-32mbpkaldirma-kapasitesi-3200-kg-kaldirma-yuksekligi-1000-mm\/","og_site_name":"Bak\u0131rc\u0131 Garagineering","article_publisher":"https:\/\/www.facebook.com\/bakirci.garagineering","article_modified_time":"2022-03-31T06:38:31+00:00","og_image":[{"width":1227,"height":1228,"url":"https:\/\/bakirci.com\/ekipman\/wp-content\/uploads\/2021\/03\/Solidus-32MBP.png","path":"\/home\/bakirciwebsitesi\/public_html\/ekipman\/wp-content\/uploads\/2021\/03\/Solidus-32MBP.png","size":"full","id":4304,"alt":"","pixels":1506756,"type":"image\/png"}],"twitter_card":"summary_large_image","twitter_misc":{"Tahmini okuma s\u00fcresi":"1 dakika"},"schema":{"@context":"https:\/\/schema.org","@graph":[{"@type":"Organization","@id":"https:\/\/bakirci.com\/ekipman\/#organization","name":"Bak\u0131rc\u0131 garagineering","url":"https:\/\/bakirci.com\/ekipman\/","sameAs":["https:\/\/www.facebook.com\/bakirci.garagineering","https:\/\/www.instagram.com\/bakirci.garagineering\/","https:\/\/www.linkedin.com\/company\/bakirci-garagineering\/","https:\/\/www.youtube.com\/channel\/UCiVG6s_jALJ6Zk8085XiOQg"],"logo":{"@type":"ImageObject","@id":"https:\/\/bakirci.com\/ekipman\/#logo","inLanguage":"tr","url":"https:\/\/bakirci.com\/ekipman\/wp-content\/uploads\/2021\/09\/Bakirci-logo-lacivert.png","contentUrl":"https:\/\/bakirci.com\/ekipman\/wp-content\/uploads\/2021\/09\/Bakirci-logo-lacivert.png","width":501,"height":501,"caption":"Bak\u0131rc\u0131 garagineering"},"image":{"@id":"https:\/\/bakirci.com\/ekipman\/#logo"}},{"@type":"WebSite","@id":"https:\/\/bakirci.com\/ekipman\/#website","url":"https:\/\/bakirci.com\/ekipman\/","name":"Bak\u0131rc\u0131 Garagineering","description":"Otomotiv sekt\u00f6r\u00fcne \u00f6zel, \u201c\u00dcretici Standard\u0131nda\u201d \u00e7\u00f6z\u00fcmler\u2026","publisher":{"@id":"https:\/\/bakirci.com\/ekipman\/#organization"},"potentialAction":[{"@type":"SearchAction","target":{"@type":"EntryPoint","urlTemplate":"https:\/\/bakirci.com\/ekipman\/?s={search_term_string}"},"query-input":"required name=search_term_string"}],"inLanguage":"tr"},{"@type":"ImageObject","@id":"https:\/\/bakirci.com\/ekipman\/servis-ekipmanlari\/mekanik\/lastik-servis-ekipmanlari\/seyyar-makas-liftler\/seyyar-makas-liftlerbutler-born-in-italyseyyar-makas-lift-solidus-32mbpkaldirma-kapasitesi-3200-kg-kaldirma-yuksekligi-1000-mm\/#primaryimage","inLanguage":"tr","url":"https:\/\/bakirci.com\/ekipman\/wp-content\/uploads\/2021\/03\/Solidus-32MBP.png","contentUrl":"https:\/\/bakirci.com\/ekipman\/wp-content\/uploads\/2021\/03\/Solidus-32MBP.png","width":1227,"height":1228},{"@type":"WebPage","@id":"https:\/\/bakirci.com\/ekipman\/servis-ekipmanlari\/mekanik\/lastik-servis-ekipmanlari\/seyyar-makas-liftler\/seyyar-makas-liftlerbutler-born-in-italyseyyar-makas-lift-solidus-32mbpkaldirma-kapasitesi-3200-kg-kaldirma-yuksekligi-1000-mm\/#webpage","url":"https:\/\/bakirci.com\/ekipman\/servis-ekipmanlari\/mekanik\/lastik-servis-ekipmanlari\/seyyar-makas-liftler\/seyyar-makas-liftlerbutler-born-in-italyseyyar-makas-lift-solidus-32mbpkaldirma-kapasitesi-3200-kg-kaldirma-yuksekligi-1000-mm\/","name":"Seyyar Makas Lift BUTLER (Born in ITALY) Solidus 32MBP Kald\u0131rma kapasitesi 3200 kg, kald\u0131rma y\u00fcksekli\u011fi 1000 mm - Bak\u0131rc\u0131 Garagineering","isPartOf":{"@id":"https:\/\/bakirci.com\/ekipman\/#website"},"primaryImageOfPage":{"@id":"https:\/\/bakirci.com\/ekipman\/servis-ekipmanlari\/mekanik\/lastik-servis-ekipmanlari\/seyyar-makas-liftler\/seyyar-makas-liftlerbutler-born-in-italyseyyar-makas-lift-solidus-32mbpkaldirma-kapasitesi-3200-kg-kaldirma-yuksekligi-1000-mm\/#primaryimage"},"datePublished":"2021-03-03T04:55:21+00:00","dateModified":"2022-03-31T06:38:31+00:00","breadcrumb":{"@id":"https:\/\/bakirci.com\/ekipman\/servis-ekipmanlari\/mekanik\/lastik-servis-ekipmanlari\/seyyar-makas-liftler\/seyyar-makas-liftlerbutler-born-in-italyseyyar-makas-lift-solidus-32mbpkaldirma-kapasitesi-3200-kg-kaldirma-yuksekligi-1000-mm\/#breadcrumb"},"inLanguage":"tr","potentialAction":[{"@type":"ReadAction","target":["https:\/\/bakirci.com\/ekipman\/servis-ekipmanlari\/mekanik\/lastik-servis-ekipmanlari\/seyyar-makas-liftler\/seyyar-makas-liftlerbutler-born-in-italyseyyar-makas-lift-solidus-32mbpkaldirma-kapasitesi-3200-kg-kaldirma-yuksekligi-1000-mm\/"]}]},{"@type":"BreadcrumbList","@id":"https:\/\/bakirci.com\/ekipman\/servis-ekipmanlari\/mekanik\/lastik-servis-ekipmanlari\/seyyar-makas-liftler\/seyyar-makas-liftlerbutler-born-in-italyseyyar-makas-lift-solidus-32mbpkaldirma-kapasitesi-3200-kg-kaldirma-yuksekligi-1000-mm\/#breadcrumb","itemListElement":[{"@type":"ListItem","position":1,"name":"Ekipman","item":"https:\/\/bakirci.com\/ekipman\/"},{"@type":"ListItem","position":2,"name":"Otomotiv Tesisleri \u0130\u00e7in Servis Ekipmanlar\u0131","item":"https:\/\/bakirci.com\/ekipman\/"},{"@type":"ListItem","position":3,"name":"Seyyar Makas LiftBUTLER (Born in ITALY)Solidus 32MBPKald\u0131rma kapasitesi 3200 kg, kald\u0131rma y\u00fcksekli\u011fi 1000 mm"}]}]}},"_links":{"self":[{"href":"https:\/\/bakirci.com\/ekipman\/wp-json\/wp\/v2\/product\/4114","targetHints":{"allow":["GET"]}}],"collection":[{"href":"https:\/\/bakirci.com\/ekipman\/wp-json\/wp\/v2\/product"}],"about":[{"href":"https:\/\/bakirci.com\/ekipman\/wp-json\/wp\/v2\/types\/product"}],"replies":[{"embeddable":true,"href":"https:\/\/bakirci.com\/ekipman\/wp-json\/wp\/v2\/comments?post=4114"}],"wp:featuredmedia":[{"embeddable":true,"href":"https:\/\/bakirci.com\/ekipman\/wp-json\/wp\/v2\/media\/4304"}],"wp:attachment":[{"href":"https:\/\/bakirci.com\/ekipman\/wp-json\/wp\/v2\/media?parent=4114"}],"wp:term":[{"taxonomy":"product_cat","embeddable":true,"href":"https:\/\/bakirci.com\/ekipman\/wp-json\/wp\/v2\/product_cat?post=4114"},{"taxonomy":"product_tag","embeddable":true,"href":"https:\/\/bakirci.com\/ekipman\/wp-json\/wp\/v2\/product_tag?post=4114"}],"curies":[{"name":"wp","href":"https:\/\/api.w.org\/{rel}","templated":true}]}}