{"id":4109,"date":"2021-03-03T05:20:00","date_gmt":"2021-03-03T05:20:00","guid":{"rendered":"https:\/\/j6l.65c.myftpupload.com\/?post_type=product&#038;p=4109"},"modified":"2021-08-06T12:14:49","modified_gmt":"2021-08-06T12:14:49","slug":"lastik-hizli-montaj-ve-depolama-sistemleriahcon-born-in-denmarklastik-montaj-hatti-speedline-system","status":"publish","type":"product","link":"https:\/\/bakirci.com\/ekipman\/servis-ekipmanlari\/mekanik\/lastik-servis-ekipmanlari\/lastik-montaj-ve-depolama\/lastik-hizli-montaj-ve-depolama-sistemleriahcon-born-in-denmarklastik-montaj-hatti-speedline-system\/","title":{"rendered":"<p class=\"ustmetin\">Lastik Montaj Hatt\u0131<\/p><p class=\"ortametin\">AHCON <span class=\"ortametin2\">(Born in DENMARK)<\/span><\/p><p class=\"altmetin\">Speedline System<\/p>"},"content":{"rendered":"<ul>\n<li>Lastik Montaj Hatt\u0131 &#8211; Speedline System<\/li>\n<li>Lastik montaj\u0131 i\u00e7in ciddi zaman tasarrufu, \u00e7al\u0131\u015fma g\u00fcvenli\u011fi ve en uygun ergonomik \u00e7al\u0131\u015fma ko\u015fullar\u0131n\u0131 sa\u011flayan ekipman hatt\u0131<\/li>\n<li>Tekerlek kald\u0131rma lifti (BB 700)<\/li>\n<li>Yatay lastik yanak d\u00fc\u015f\u00fcrme istasyonu (BBRT 900)<\/li>\n<li>Lastik \u015fi\u015firme istasyonu (IT 200)<\/li>\n<li>Nitrojen reg\u00fclat\u00f6r\u00fc<\/li>\n<li>PCI 900 Bilgisayarl\u0131 3 programl\u0131 lastik hava saati<\/li>\n<li>G\u00fcvenli lastik \u015fi\u015firme istasyonu (IT 500 \/ IT 1000)<\/li>\n<li>Balans cihaz\u0131 merkezleme lifti (WCL 700)<\/li>\n<li>Lastik raf\u0131 duvar mod\u00fcl\u00fc (Flex 2300 Combi)<\/li>\n<\/ul>\n","protected":false},"excerpt":{"rendered":"<ul>\n<li>Lastik Montaj Hatt\u0131 &#8211; Speedline System<\/li>\n<li>Lastik montaj\u0131 i\u00e7in ciddi zaman tasarrufu, \u00e7al\u0131\u015fma g\u00fcvenli\u011fi ve en uygun ergonomik \u00e7al\u0131\u015fma ko\u015fullar\u0131n\u0131 sa\u011flayan ekipman hatt\u0131<\/li>\n<li>Tekerlek kald\u0131rma lifti (BB 700)<\/li>\n<li>Yatay lastik yanak d\u00fc\u015f\u00fcrme istasyonu (BBRT 900)<\/li>\n<li>Lastik \u015fi\u015firme istasyonu (IT 200)<\/li>\n<li>Nitrojen reg\u00fclat\u00f6r\u00fc<\/li>\n<li>PCI 900 Bilgisayarl\u0131 3 programl\u0131 lastik hava saati<\/li>\n<li>G\u00fcvenli lastik \u015fi\u015firme istasyonu (IT 500 \/ IT 1000)<\/li>\n<li>Balans cihaz\u0131 merkezleme lifti (WCL 700)<\/li>\n<li>Lastik raf\u0131 duvar mod\u00fcl\u00fc (Flex 2300 Combi)<\/li>\n<\/ul>\n","protected":false},"featured_media":4300,"comment_status":"closed","ping_status":"closed","template":"","meta":[],"product_cat":[152,336],"product_tag":[63,493,421,494,488,489,490,487],"class_list":["post-4109","product","type-product","status-publish","has-post-thumbnail","hentry","pwb-brand-ahcon","product_cat-lastik-servis-ekipmanlari","product_cat-lastik-montaj-ve-depolama","product_tag-ahcon","product_tag-lastik-basinc-basma","product_tag-lastik-servisi","product_tag-lastik-yanak-dusurme","product_tag-levyeli-sokme-takma","product_tag-levyesiz-sokme-takma","product_tag-tekerlek","product_tag-tekerlek-servisi"],"brands":[{"id":370,"name":"AHCON","slug":"ahcon"}],"yoast_head":"<!-- This site is optimized with the Yoast SEO plugin v17.1 - https:\/\/yoast.com\/wordpress\/plugins\/seo\/ -->\n<title>Lastik Montaj Hatt\u0131AHCON (Born in DENMARK)Speedline System - Bak\u0131rc\u0131 Garagineering<\/title>\n<meta name=\"robots\" content=\"index, follow, max-snippet:-1, max-image-preview:large, max-video-preview:-1\" \/>\n<link rel=\"canonical\" href=\"https:\/\/bakirci.com\/ekipman\/servis-ekipmanlari\/mekanik\/lastik-servis-ekipmanlari\/lastik-montaj-ve-depolama\/lastik-hizli-montaj-ve-depolama-sistemleriahcon-born-in-denmarklastik-montaj-hatti-speedline-system\/\" \/>\n<meta property=\"og:locale\" content=\"tr_TR\" \/>\n<meta property=\"og:type\" content=\"article\" \/>\n<meta property=\"og:title\" content=\"Lastik Montaj Hatt\u0131AHCON (Born in DENMARK)Speedline System - Bak\u0131rc\u0131 Garagineering\" \/>\n<meta property=\"og:description\" content=\"Lastik Montaj Hatt\u0131 - Speedline System  Lastik montaj\u0131 i\u00e7in ciddi zaman tasarrufu, \u00e7al\u0131\u015fma g\u00fcvenli\u011fi ve en uygun ergonomik \u00e7al\u0131\u015fma ko\u015fullar\u0131n\u0131 sa\u011flayan ekipman hatt\u0131  Tekerlek kald\u0131rma lifti (BB 700)  Yatay lastik yanak d\u00fc\u015f\u00fcrme istasyonu (BBRT 900)  Lastik \u015fi\u015firme istasyonu (IT 200)  Nitrojen reg\u00fclat\u00f6r\u00fc  PCI 900 Bilgisayarl\u0131 3 programl\u0131 lastik hava saati  G\u00fcvenli lastik \u015fi\u015firme istasyonu (IT 500 \/ IT 1000)  Balans cihaz\u0131 merkezleme lifti (WCL 700)  Lastik raf\u0131 duvar mod\u00fcl\u00fc (Flex 2300 Combi)\" \/>\n<meta property=\"og:url\" content=\"https:\/\/bakirci.com\/ekipman\/servis-ekipmanlari\/mekanik\/lastik-servis-ekipmanlari\/lastik-montaj-ve-depolama\/lastik-hizli-montaj-ve-depolama-sistemleriahcon-born-in-denmarklastik-montaj-hatti-speedline-system\/\" \/>\n<meta property=\"og:site_name\" content=\"Bak\u0131rc\u0131 Garagineering\" \/>\n<meta property=\"article:publisher\" content=\"https:\/\/www.facebook.com\/bakirci.garagineering\" \/>\n<meta property=\"article:modified_time\" content=\"2021-08-06T12:14:49+00:00\" \/>\n<meta property=\"og:image\" content=\"https:\/\/bakirci.com\/ekipman\/wp-content\/uploads\/2021\/03\/Speedline-System.png\" \/>\n\t<meta property=\"og:image:width\" content=\"1008\" \/>\n\t<meta property=\"og:image:height\" content=\"1008\" \/>\n<meta name=\"twitter:card\" content=\"summary_large_image\" \/>\n<meta name=\"twitter:label1\" content=\"Tahmini okuma s\u00fcresi\" \/>\n\t<meta name=\"twitter:data1\" content=\"1 dakika\" \/>\n<script type=\"application\/ld+json\" class=\"yoast-schema-graph\">{\"@context\":\"https:\/\/schema.org\",\"@graph\":[{\"@type\":\"Organization\",\"@id\":\"https:\/\/bakirci.com\/ekipman\/#organization\",\"name\":\"Bak\\u0131rc\\u0131 garagineering\",\"url\":\"https:\/\/bakirci.com\/ekipman\/\",\"sameAs\":[\"https:\/\/www.facebook.com\/bakirci.garagineering\",\"https:\/\/www.instagram.com\/bakirci.garagineering\/\",\"https:\/\/www.linkedin.com\/company\/bakirci-garagineering\/\",\"https:\/\/www.youtube.com\/channel\/UCiVG6s_jALJ6Zk8085XiOQg\"],\"logo\":{\"@type\":\"ImageObject\",\"@id\":\"https:\/\/bakirci.com\/ekipman\/#logo\",\"inLanguage\":\"tr\",\"url\":\"https:\/\/bakirci.com\/ekipman\/wp-content\/uploads\/2021\/09\/Bakirci-logo-lacivert.png\",\"contentUrl\":\"https:\/\/bakirci.com\/ekipman\/wp-content\/uploads\/2021\/09\/Bakirci-logo-lacivert.png\",\"width\":501,\"height\":501,\"caption\":\"Bak\\u0131rc\\u0131 garagineering\"},\"image\":{\"@id\":\"https:\/\/bakirci.com\/ekipman\/#logo\"}},{\"@type\":\"WebSite\",\"@id\":\"https:\/\/bakirci.com\/ekipman\/#website\",\"url\":\"https:\/\/bakirci.com\/ekipman\/\",\"name\":\"Bak\\u0131rc\\u0131 Garagineering\",\"description\":\"Otomotiv sekt\\u00f6r\\u00fcne \\u00f6zel, \\u201c\\u00dcretici Standard\\u0131nda\\u201d \\u00e7\\u00f6z\\u00fcmler\\u2026\",\"publisher\":{\"@id\":\"https:\/\/bakirci.com\/ekipman\/#organization\"},\"potentialAction\":[{\"@type\":\"SearchAction\",\"target\":{\"@type\":\"EntryPoint\",\"urlTemplate\":\"https:\/\/bakirci.com\/ekipman\/?s={search_term_string}\"},\"query-input\":\"required name=search_term_string\"}],\"inLanguage\":\"tr\"},{\"@type\":\"ImageObject\",\"@id\":\"https:\/\/bakirci.com\/ekipman\/servis-ekipmanlari\/mekanik\/lastik-servis-ekipmanlari\/lastik-montaj-ve-depolama\/lastik-hizli-montaj-ve-depolama-sistemleriahcon-born-in-denmarklastik-montaj-hatti-speedline-system\/#primaryimage\",\"inLanguage\":\"tr\",\"url\":\"https:\/\/bakirci.com\/ekipman\/wp-content\/uploads\/2021\/03\/Speedline-System.png\",\"contentUrl\":\"https:\/\/bakirci.com\/ekipman\/wp-content\/uploads\/2021\/03\/Speedline-System.png\",\"width\":1008,\"height\":1008},{\"@type\":\"WebPage\",\"@id\":\"https:\/\/bakirci.com\/ekipman\/servis-ekipmanlari\/mekanik\/lastik-servis-ekipmanlari\/lastik-montaj-ve-depolama\/lastik-hizli-montaj-ve-depolama-sistemleriahcon-born-in-denmarklastik-montaj-hatti-speedline-system\/#webpage\",\"url\":\"https:\/\/bakirci.com\/ekipman\/servis-ekipmanlari\/mekanik\/lastik-servis-ekipmanlari\/lastik-montaj-ve-depolama\/lastik-hizli-montaj-ve-depolama-sistemleriahcon-born-in-denmarklastik-montaj-hatti-speedline-system\/\",\"name\":\"Lastik Montaj Hatt\\u0131 AHCON (Born in DENMARK) Speedline System - Bak\\u0131rc\\u0131 Garagineering\",\"isPartOf\":{\"@id\":\"https:\/\/bakirci.com\/ekipman\/#website\"},\"primaryImageOfPage\":{\"@id\":\"https:\/\/bakirci.com\/ekipman\/servis-ekipmanlari\/mekanik\/lastik-servis-ekipmanlari\/lastik-montaj-ve-depolama\/lastik-hizli-montaj-ve-depolama-sistemleriahcon-born-in-denmarklastik-montaj-hatti-speedline-system\/#primaryimage\"},\"datePublished\":\"2021-03-03T05:20:00+00:00\",\"dateModified\":\"2021-08-06T12:14:49+00:00\",\"breadcrumb\":{\"@id\":\"https:\/\/bakirci.com\/ekipman\/servis-ekipmanlari\/mekanik\/lastik-servis-ekipmanlari\/lastik-montaj-ve-depolama\/lastik-hizli-montaj-ve-depolama-sistemleriahcon-born-in-denmarklastik-montaj-hatti-speedline-system\/#breadcrumb\"},\"inLanguage\":\"tr\",\"potentialAction\":[{\"@type\":\"ReadAction\",\"target\":[\"https:\/\/bakirci.com\/ekipman\/servis-ekipmanlari\/mekanik\/lastik-servis-ekipmanlari\/lastik-montaj-ve-depolama\/lastik-hizli-montaj-ve-depolama-sistemleriahcon-born-in-denmarklastik-montaj-hatti-speedline-system\/\"]}]},{\"@type\":\"BreadcrumbList\",\"@id\":\"https:\/\/bakirci.com\/ekipman\/servis-ekipmanlari\/mekanik\/lastik-servis-ekipmanlari\/lastik-montaj-ve-depolama\/lastik-hizli-montaj-ve-depolama-sistemleriahcon-born-in-denmarklastik-montaj-hatti-speedline-system\/#breadcrumb\",\"itemListElement\":[{\"@type\":\"ListItem\",\"position\":1,\"name\":\"Ekipman\",\"item\":\"https:\/\/bakirci.com\/ekipman\/\"},{\"@type\":\"ListItem\",\"position\":2,\"name\":\"Otomotiv Tesisleri \\u0130\\u00e7in Servis Ekipmanlar\\u0131\",\"item\":\"https:\/\/bakirci.com\/ekipman\/\"},{\"@type\":\"ListItem\",\"position\":3,\"name\":\"Lastik Montaj Hatt\\u0131AHCON (Born in DENMARK)Speedline System\"}]}]}<\/script>\n<!-- \/ Yoast SEO plugin. -->","yoast_head_json":{"title":"Lastik Montaj Hatt\u0131AHCON (Born in DENMARK)Speedline System - Bak\u0131rc\u0131 Garagineering","robots":{"index":"index","follow":"follow","max-snippet":"max-snippet:-1","max-image-preview":"max-image-preview:large","max-video-preview":"max-video-preview:-1"},"canonical":"https:\/\/bakirci.com\/ekipman\/servis-ekipmanlari\/mekanik\/lastik-servis-ekipmanlari\/lastik-montaj-ve-depolama\/lastik-hizli-montaj-ve-depolama-sistemleriahcon-born-in-denmarklastik-montaj-hatti-speedline-system\/","og_locale":"tr_TR","og_type":"article","og_title":"Lastik Montaj Hatt\u0131AHCON (Born in DENMARK)Speedline System - Bak\u0131rc\u0131 Garagineering","og_description":"Lastik Montaj Hatt\u0131 - Speedline System  Lastik montaj\u0131 i\u00e7in ciddi zaman tasarrufu, \u00e7al\u0131\u015fma g\u00fcvenli\u011fi ve en uygun ergonomik \u00e7al\u0131\u015fma ko\u015fullar\u0131n\u0131 sa\u011flayan ekipman hatt\u0131  Tekerlek kald\u0131rma lifti (BB 700)  Yatay lastik yanak d\u00fc\u015f\u00fcrme istasyonu (BBRT 900)  Lastik \u015fi\u015firme istasyonu (IT 200)  Nitrojen reg\u00fclat\u00f6r\u00fc  PCI 900 Bilgisayarl\u0131 3 programl\u0131 lastik hava saati  G\u00fcvenli lastik \u015fi\u015firme istasyonu (IT 500 \/ IT 1000)  Balans cihaz\u0131 merkezleme lifti (WCL 700)  Lastik raf\u0131 duvar mod\u00fcl\u00fc (Flex 2300 Combi)","og_url":"https:\/\/bakirci.com\/ekipman\/servis-ekipmanlari\/mekanik\/lastik-servis-ekipmanlari\/lastik-montaj-ve-depolama\/lastik-hizli-montaj-ve-depolama-sistemleriahcon-born-in-denmarklastik-montaj-hatti-speedline-system\/","og_site_name":"Bak\u0131rc\u0131 Garagineering","article_publisher":"https:\/\/www.facebook.com\/bakirci.garagineering","article_modified_time":"2021-08-06T12:14:49+00:00","og_image":[{"width":1008,"height":1008,"url":"https:\/\/bakirci.com\/ekipman\/wp-content\/uploads\/2021\/03\/Speedline-System.png","path":"\/home\/bakirciwebsitesi\/public_html\/ekipman\/wp-content\/uploads\/2021\/03\/Speedline-System.png","size":"full","id":4300,"alt":"","pixels":1016064,"type":"image\/png"}],"twitter_card":"summary_large_image","twitter_misc":{"Tahmini okuma s\u00fcresi":"1 dakika"},"schema":{"@context":"https:\/\/schema.org","@graph":[{"@type":"Organization","@id":"https:\/\/bakirci.com\/ekipman\/#organization","name":"Bak\u0131rc\u0131 garagineering","url":"https:\/\/bakirci.com\/ekipman\/","sameAs":["https:\/\/www.facebook.com\/bakirci.garagineering","https:\/\/www.instagram.com\/bakirci.garagineering\/","https:\/\/www.linkedin.com\/company\/bakirci-garagineering\/","https:\/\/www.youtube.com\/channel\/UCiVG6s_jALJ6Zk8085XiOQg"],"logo":{"@type":"ImageObject","@id":"https:\/\/bakirci.com\/ekipman\/#logo","inLanguage":"tr","url":"https:\/\/bakirci.com\/ekipman\/wp-content\/uploads\/2021\/09\/Bakirci-logo-lacivert.png","contentUrl":"https:\/\/bakirci.com\/ekipman\/wp-content\/uploads\/2021\/09\/Bakirci-logo-lacivert.png","width":501,"height":501,"caption":"Bak\u0131rc\u0131 garagineering"},"image":{"@id":"https:\/\/bakirci.com\/ekipman\/#logo"}},{"@type":"WebSite","@id":"https:\/\/bakirci.com\/ekipman\/#website","url":"https:\/\/bakirci.com\/ekipman\/","name":"Bak\u0131rc\u0131 Garagineering","description":"Otomotiv sekt\u00f6r\u00fcne \u00f6zel, \u201c\u00dcretici Standard\u0131nda\u201d \u00e7\u00f6z\u00fcmler\u2026","publisher":{"@id":"https:\/\/bakirci.com\/ekipman\/#organization"},"potentialAction":[{"@type":"SearchAction","target":{"@type":"EntryPoint","urlTemplate":"https:\/\/bakirci.com\/ekipman\/?s={search_term_string}"},"query-input":"required name=search_term_string"}],"inLanguage":"tr"},{"@type":"ImageObject","@id":"https:\/\/bakirci.com\/ekipman\/servis-ekipmanlari\/mekanik\/lastik-servis-ekipmanlari\/lastik-montaj-ve-depolama\/lastik-hizli-montaj-ve-depolama-sistemleriahcon-born-in-denmarklastik-montaj-hatti-speedline-system\/#primaryimage","inLanguage":"tr","url":"https:\/\/bakirci.com\/ekipman\/wp-content\/uploads\/2021\/03\/Speedline-System.png","contentUrl":"https:\/\/bakirci.com\/ekipman\/wp-content\/uploads\/2021\/03\/Speedline-System.png","width":1008,"height":1008},{"@type":"WebPage","@id":"https:\/\/bakirci.com\/ekipman\/servis-ekipmanlari\/mekanik\/lastik-servis-ekipmanlari\/lastik-montaj-ve-depolama\/lastik-hizli-montaj-ve-depolama-sistemleriahcon-born-in-denmarklastik-montaj-hatti-speedline-system\/#webpage","url":"https:\/\/bakirci.com\/ekipman\/servis-ekipmanlari\/mekanik\/lastik-servis-ekipmanlari\/lastik-montaj-ve-depolama\/lastik-hizli-montaj-ve-depolama-sistemleriahcon-born-in-denmarklastik-montaj-hatti-speedline-system\/","name":"Lastik Montaj Hatt\u0131 AHCON (Born in DENMARK) Speedline System - Bak\u0131rc\u0131 Garagineering","isPartOf":{"@id":"https:\/\/bakirci.com\/ekipman\/#website"},"primaryImageOfPage":{"@id":"https:\/\/bakirci.com\/ekipman\/servis-ekipmanlari\/mekanik\/lastik-servis-ekipmanlari\/lastik-montaj-ve-depolama\/lastik-hizli-montaj-ve-depolama-sistemleriahcon-born-in-denmarklastik-montaj-hatti-speedline-system\/#primaryimage"},"datePublished":"2021-03-03T05:20:00+00:00","dateModified":"2021-08-06T12:14:49+00:00","breadcrumb":{"@id":"https:\/\/bakirci.com\/ekipman\/servis-ekipmanlari\/mekanik\/lastik-servis-ekipmanlari\/lastik-montaj-ve-depolama\/lastik-hizli-montaj-ve-depolama-sistemleriahcon-born-in-denmarklastik-montaj-hatti-speedline-system\/#breadcrumb"},"inLanguage":"tr","potentialAction":[{"@type":"ReadAction","target":["https:\/\/bakirci.com\/ekipman\/servis-ekipmanlari\/mekanik\/lastik-servis-ekipmanlari\/lastik-montaj-ve-depolama\/lastik-hizli-montaj-ve-depolama-sistemleriahcon-born-in-denmarklastik-montaj-hatti-speedline-system\/"]}]},{"@type":"BreadcrumbList","@id":"https:\/\/bakirci.com\/ekipman\/servis-ekipmanlari\/mekanik\/lastik-servis-ekipmanlari\/lastik-montaj-ve-depolama\/lastik-hizli-montaj-ve-depolama-sistemleriahcon-born-in-denmarklastik-montaj-hatti-speedline-system\/#breadcrumb","itemListElement":[{"@type":"ListItem","position":1,"name":"Ekipman","item":"https:\/\/bakirci.com\/ekipman\/"},{"@type":"ListItem","position":2,"name":"Otomotiv Tesisleri \u0130\u00e7in Servis Ekipmanlar\u0131","item":"https:\/\/bakirci.com\/ekipman\/"},{"@type":"ListItem","position":3,"name":"Lastik Montaj Hatt\u0131AHCON (Born in DENMARK)Speedline System"}]}]}},"_links":{"self":[{"href":"https:\/\/bakirci.com\/ekipman\/wp-json\/wp\/v2\/product\/4109","targetHints":{"allow":["GET"]}}],"collection":[{"href":"https:\/\/bakirci.com\/ekipman\/wp-json\/wp\/v2\/product"}],"about":[{"href":"https:\/\/bakirci.com\/ekipman\/wp-json\/wp\/v2\/types\/product"}],"replies":[{"embeddable":true,"href":"https:\/\/bakirci.com\/ekipman\/wp-json\/wp\/v2\/comments?post=4109"}],"wp:featuredmedia":[{"embeddable":true,"href":"https:\/\/bakirci.com\/ekipman\/wp-json\/wp\/v2\/media\/4300"}],"wp:attachment":[{"href":"https:\/\/bakirci.com\/ekipman\/wp-json\/wp\/v2\/media?parent=4109"}],"wp:term":[{"taxonomy":"product_cat","embeddable":true,"href":"https:\/\/bakirci.com\/ekipman\/wp-json\/wp\/v2\/product_cat?post=4109"},{"taxonomy":"product_tag","embeddable":true,"href":"https:\/\/bakirci.com\/ekipman\/wp-json\/wp\/v2\/product_tag?post=4109"}],"curies":[{"name":"wp","href":"https:\/\/api.w.org\/{rel}","templated":true}]}}