{"id":4107,"date":"2021-03-03T05:25:45","date_gmt":"2021-03-03T05:25:45","guid":{"rendered":"https:\/\/j6l.65c.myftpupload.com\/?post_type=product&#038;p=4107"},"modified":"2021-08-06T12:14:22","modified_gmt":"2021-08-06T12:14:22","slug":"lastik-dis-derinligi-olcum-cihazlaripcl-born-in-englanddijital-lastik-dis-derinligi-olcme","status":"publish","type":"product","link":"https:\/\/bakirci.com\/ekipman\/servis-ekipmanlari\/mekanik\/lastik-servis-ekipmanlari\/lastik-dis-derinligi-olcum\/lastik-dis-derinligi-olcum-cihazlaripcl-born-in-englanddijital-lastik-dis-derinligi-olcme\/","title":{"rendered":"<p class=\"ustmetin\">Dijital Lastik Di\u015f Derinli\u011fi \u00d6l\u00e7me<\/p><p class=\"ortametin\">PCL <span class=\"ortametin2\">(Born in ENGLAND)<\/span><\/p><p class=\"altmetin\"><\/p>"},"content":{"rendered":"<ul>\n<li>Dijital Lastik Di\u015f Derinli\u011fi \u00d6l\u00e7me<\/li>\n<li>Ekstra g\u00fc\u00e7l\u00fc karbon fiber ve kompozit dayan\u0131kl\u0131 g\u00f6vde yap\u0131s\u0131<\/li>\n<li>Basit bir \u015fekilde yap\u0131labilen s\u0131f\u0131rlama kalibrasyonu<\/li>\n<li>Kolay okunabilen LCD ekran<\/li>\n<li>\u0130n\u00e7 ve metrik olarak kullan\u0131m imkan\u0131<\/li>\n<li>Okuma hassasiyeti 0.01 mm<\/li>\n<\/ul>\n","protected":false},"excerpt":{"rendered":"<ul>\n<li>Dijital Lastik Di\u015f Derinli\u011fi \u00d6l\u00e7me<\/li>\n<li>Ekstra g\u00fc\u00e7l\u00fc karbon fiber ve kompozit dayan\u0131kl\u0131 g\u00f6vde yap\u0131s\u0131<\/li>\n<li>Basit bir \u015fekilde yap\u0131labilen s\u0131f\u0131rlama kalibrasyonu<\/li>\n<li>Kolay okunabilen LCD ekran<\/li>\n<li>\u0130n\u00e7 ve metrik olarak kullan\u0131m imkan\u0131<\/li>\n<li>Okuma hassasiyeti 0.01 mm<\/li>\n<\/ul>\n","protected":false},"featured_media":5355,"comment_status":"closed","ping_status":"closed","template":"","meta":[],"product_cat":[152,160],"product_tag":[491,492,335],"class_list":["post-4107","product","type-product","status-publish","has-post-thumbnail","hentry","pwb-brand-pcl","product_cat-lastik-servis-ekipmanlari","product_cat-lastik-dis-derinligi-olcum","product_tag-dijital-lastik-analiz","product_tag-djital-tekerlek-olcumu","product_tag-pcl"],"brands":[{"id":369,"name":"PCL","slug":"pcl"}],"yoast_head":"<!-- This site is optimized with the Yoast SEO plugin v17.1 - https:\/\/yoast.com\/wordpress\/plugins\/seo\/ -->\n<title>Dijital Lastik Di\u015f Derinli\u011fi \u00d6l\u00e7mePCL (Born in ENGLAND) - Bak\u0131rc\u0131 Garagineering<\/title>\n<meta name=\"robots\" content=\"index, follow, max-snippet:-1, max-image-preview:large, max-video-preview:-1\" \/>\n<link rel=\"canonical\" href=\"https:\/\/bakirci.com\/ekipman\/servis-ekipmanlari\/mekanik\/lastik-servis-ekipmanlari\/lastik-dis-derinligi-olcum\/lastik-dis-derinligi-olcum-cihazlaripcl-born-in-englanddijital-lastik-dis-derinligi-olcme\/\" \/>\n<meta property=\"og:locale\" content=\"tr_TR\" \/>\n<meta property=\"og:type\" content=\"article\" \/>\n<meta property=\"og:title\" content=\"Dijital Lastik Di\u015f Derinli\u011fi \u00d6l\u00e7mePCL (Born in ENGLAND) - Bak\u0131rc\u0131 Garagineering\" \/>\n<meta property=\"og:description\" content=\"Dijital Lastik Di\u015f Derinli\u011fi \u00d6l\u00e7me  Ekstra g\u00fc\u00e7l\u00fc karbon fiber ve kompozit dayan\u0131kl\u0131 g\u00f6vde yap\u0131s\u0131  Basit bir \u015fekilde yap\u0131labilen s\u0131f\u0131rlama kalibrasyonu  Kolay okunabilen LCD ekran  \u0130n\u00e7 ve metrik olarak kullan\u0131m imkan\u0131  Okuma hassasiyeti 0.01 mm\" \/>\n<meta property=\"og:url\" content=\"https:\/\/bakirci.com\/ekipman\/servis-ekipmanlari\/mekanik\/lastik-servis-ekipmanlari\/lastik-dis-derinligi-olcum\/lastik-dis-derinligi-olcum-cihazlaripcl-born-in-englanddijital-lastik-dis-derinligi-olcme\/\" \/>\n<meta property=\"og:site_name\" content=\"Bak\u0131rc\u0131 Garagineering\" \/>\n<meta property=\"article:publisher\" content=\"https:\/\/www.facebook.com\/bakirci.garagineering\" \/>\n<meta property=\"article:modified_time\" content=\"2021-08-06T12:14:22+00:00\" \/>\n<meta property=\"og:image\" content=\"https:\/\/bakirci.com\/ekipman\/wp-content\/uploads\/2021\/03\/digital-lastiik-dis-derinligi-olcme.jpg\" \/>\n\t<meta property=\"og:image:width\" content=\"1600\" \/>\n\t<meta property=\"og:image:height\" content=\"1600\" \/>\n<meta name=\"twitter:card\" content=\"summary_large_image\" \/>\n<meta name=\"twitter:label1\" content=\"Tahmini okuma s\u00fcresi\" \/>\n\t<meta name=\"twitter:data1\" content=\"1 dakika\" \/>\n<script type=\"application\/ld+json\" class=\"yoast-schema-graph\">{\"@context\":\"https:\/\/schema.org\",\"@graph\":[{\"@type\":\"Organization\",\"@id\":\"https:\/\/bakirci.com\/ekipman\/#organization\",\"name\":\"Bak\\u0131rc\\u0131 garagineering\",\"url\":\"https:\/\/bakirci.com\/ekipman\/\",\"sameAs\":[\"https:\/\/www.facebook.com\/bakirci.garagineering\",\"https:\/\/www.instagram.com\/bakirci.garagineering\/\",\"https:\/\/www.linkedin.com\/company\/bakirci-garagineering\/\",\"https:\/\/www.youtube.com\/channel\/UCiVG6s_jALJ6Zk8085XiOQg\"],\"logo\":{\"@type\":\"ImageObject\",\"@id\":\"https:\/\/bakirci.com\/ekipman\/#logo\",\"inLanguage\":\"tr\",\"url\":\"https:\/\/bakirci.com\/ekipman\/wp-content\/uploads\/2021\/09\/Bakirci-logo-lacivert.png\",\"contentUrl\":\"https:\/\/bakirci.com\/ekipman\/wp-content\/uploads\/2021\/09\/Bakirci-logo-lacivert.png\",\"width\":501,\"height\":501,\"caption\":\"Bak\\u0131rc\\u0131 garagineering\"},\"image\":{\"@id\":\"https:\/\/bakirci.com\/ekipman\/#logo\"}},{\"@type\":\"WebSite\",\"@id\":\"https:\/\/bakirci.com\/ekipman\/#website\",\"url\":\"https:\/\/bakirci.com\/ekipman\/\",\"name\":\"Bak\\u0131rc\\u0131 Garagineering\",\"description\":\"Otomotiv sekt\\u00f6r\\u00fcne \\u00f6zel, \\u201c\\u00dcretici Standard\\u0131nda\\u201d \\u00e7\\u00f6z\\u00fcmler\\u2026\",\"publisher\":{\"@id\":\"https:\/\/bakirci.com\/ekipman\/#organization\"},\"potentialAction\":[{\"@type\":\"SearchAction\",\"target\":{\"@type\":\"EntryPoint\",\"urlTemplate\":\"https:\/\/bakirci.com\/ekipman\/?s={search_term_string}\"},\"query-input\":\"required name=search_term_string\"}],\"inLanguage\":\"tr\"},{\"@type\":\"ImageObject\",\"@id\":\"https:\/\/bakirci.com\/ekipman\/servis-ekipmanlari\/mekanik\/lastik-servis-ekipmanlari\/lastik-dis-derinligi-olcum\/lastik-dis-derinligi-olcum-cihazlaripcl-born-in-englanddijital-lastik-dis-derinligi-olcme\/#primaryimage\",\"inLanguage\":\"tr\",\"url\":\"https:\/\/bakirci.com\/ekipman\/wp-content\/uploads\/2021\/03\/digital-lastiik-dis-derinligi-olcme.jpg\",\"contentUrl\":\"https:\/\/bakirci.com\/ekipman\/wp-content\/uploads\/2021\/03\/digital-lastiik-dis-derinligi-olcme.jpg\",\"width\":1600,\"height\":1600},{\"@type\":\"WebPage\",\"@id\":\"https:\/\/bakirci.com\/ekipman\/servis-ekipmanlari\/mekanik\/lastik-servis-ekipmanlari\/lastik-dis-derinligi-olcum\/lastik-dis-derinligi-olcum-cihazlaripcl-born-in-englanddijital-lastik-dis-derinligi-olcme\/#webpage\",\"url\":\"https:\/\/bakirci.com\/ekipman\/servis-ekipmanlari\/mekanik\/lastik-servis-ekipmanlari\/lastik-dis-derinligi-olcum\/lastik-dis-derinligi-olcum-cihazlaripcl-born-in-englanddijital-lastik-dis-derinligi-olcme\/\",\"name\":\"Dijital Lastik Di\\u015f Derinli\\u011fi \\u00d6l\\u00e7me PCL (Born in ENGLAND) - Bak\\u0131rc\\u0131 Garagineering\",\"isPartOf\":{\"@id\":\"https:\/\/bakirci.com\/ekipman\/#website\"},\"primaryImageOfPage\":{\"@id\":\"https:\/\/bakirci.com\/ekipman\/servis-ekipmanlari\/mekanik\/lastik-servis-ekipmanlari\/lastik-dis-derinligi-olcum\/lastik-dis-derinligi-olcum-cihazlaripcl-born-in-englanddijital-lastik-dis-derinligi-olcme\/#primaryimage\"},\"datePublished\":\"2021-03-03T05:25:45+00:00\",\"dateModified\":\"2021-08-06T12:14:22+00:00\",\"breadcrumb\":{\"@id\":\"https:\/\/bakirci.com\/ekipman\/servis-ekipmanlari\/mekanik\/lastik-servis-ekipmanlari\/lastik-dis-derinligi-olcum\/lastik-dis-derinligi-olcum-cihazlaripcl-born-in-englanddijital-lastik-dis-derinligi-olcme\/#breadcrumb\"},\"inLanguage\":\"tr\",\"potentialAction\":[{\"@type\":\"ReadAction\",\"target\":[\"https:\/\/bakirci.com\/ekipman\/servis-ekipmanlari\/mekanik\/lastik-servis-ekipmanlari\/lastik-dis-derinligi-olcum\/lastik-dis-derinligi-olcum-cihazlaripcl-born-in-englanddijital-lastik-dis-derinligi-olcme\/\"]}]},{\"@type\":\"BreadcrumbList\",\"@id\":\"https:\/\/bakirci.com\/ekipman\/servis-ekipmanlari\/mekanik\/lastik-servis-ekipmanlari\/lastik-dis-derinligi-olcum\/lastik-dis-derinligi-olcum-cihazlaripcl-born-in-englanddijital-lastik-dis-derinligi-olcme\/#breadcrumb\",\"itemListElement\":[{\"@type\":\"ListItem\",\"position\":1,\"name\":\"Ekipman\",\"item\":\"https:\/\/bakirci.com\/ekipman\/\"},{\"@type\":\"ListItem\",\"position\":2,\"name\":\"Otomotiv Tesisleri \\u0130\\u00e7in Servis Ekipmanlar\\u0131\",\"item\":\"https:\/\/bakirci.com\/ekipman\/\"},{\"@type\":\"ListItem\",\"position\":3,\"name\":\"Dijital Lastik Di\\u015f Derinli\\u011fi \\u00d6l\\u00e7mePCL (Born in ENGLAND)\"}]}]}<\/script>\n<!-- \/ Yoast SEO plugin. -->","yoast_head_json":{"title":"Dijital Lastik Di\u015f Derinli\u011fi \u00d6l\u00e7mePCL (Born in ENGLAND) - Bak\u0131rc\u0131 Garagineering","robots":{"index":"index","follow":"follow","max-snippet":"max-snippet:-1","max-image-preview":"max-image-preview:large","max-video-preview":"max-video-preview:-1"},"canonical":"https:\/\/bakirci.com\/ekipman\/servis-ekipmanlari\/mekanik\/lastik-servis-ekipmanlari\/lastik-dis-derinligi-olcum\/lastik-dis-derinligi-olcum-cihazlaripcl-born-in-englanddijital-lastik-dis-derinligi-olcme\/","og_locale":"tr_TR","og_type":"article","og_title":"Dijital Lastik Di\u015f Derinli\u011fi \u00d6l\u00e7mePCL (Born in ENGLAND) - Bak\u0131rc\u0131 Garagineering","og_description":"Dijital Lastik Di\u015f Derinli\u011fi \u00d6l\u00e7me  Ekstra g\u00fc\u00e7l\u00fc karbon fiber ve kompozit dayan\u0131kl\u0131 g\u00f6vde yap\u0131s\u0131  Basit bir \u015fekilde yap\u0131labilen s\u0131f\u0131rlama kalibrasyonu  Kolay okunabilen LCD ekran  \u0130n\u00e7 ve metrik olarak kullan\u0131m imkan\u0131  Okuma hassasiyeti 0.01 mm","og_url":"https:\/\/bakirci.com\/ekipman\/servis-ekipmanlari\/mekanik\/lastik-servis-ekipmanlari\/lastik-dis-derinligi-olcum\/lastik-dis-derinligi-olcum-cihazlaripcl-born-in-englanddijital-lastik-dis-derinligi-olcme\/","og_site_name":"Bak\u0131rc\u0131 Garagineering","article_publisher":"https:\/\/www.facebook.com\/bakirci.garagineering","article_modified_time":"2021-08-06T12:14:22+00:00","og_image":[{"width":1600,"height":1600,"url":"https:\/\/bakirci.com\/ekipman\/wp-content\/uploads\/2021\/03\/digital-lastiik-dis-derinligi-olcme.jpg","path":"\/home\/bakirciwebsitesi\/public_html\/ekipman\/wp-content\/uploads\/2021\/03\/digital-lastiik-dis-derinligi-olcme.jpg","size":"full","id":5355,"alt":"","pixels":2560000,"type":"image\/jpeg"}],"twitter_card":"summary_large_image","twitter_misc":{"Tahmini okuma s\u00fcresi":"1 dakika"},"schema":{"@context":"https:\/\/schema.org","@graph":[{"@type":"Organization","@id":"https:\/\/bakirci.com\/ekipman\/#organization","name":"Bak\u0131rc\u0131 garagineering","url":"https:\/\/bakirci.com\/ekipman\/","sameAs":["https:\/\/www.facebook.com\/bakirci.garagineering","https:\/\/www.instagram.com\/bakirci.garagineering\/","https:\/\/www.linkedin.com\/company\/bakirci-garagineering\/","https:\/\/www.youtube.com\/channel\/UCiVG6s_jALJ6Zk8085XiOQg"],"logo":{"@type":"ImageObject","@id":"https:\/\/bakirci.com\/ekipman\/#logo","inLanguage":"tr","url":"https:\/\/bakirci.com\/ekipman\/wp-content\/uploads\/2021\/09\/Bakirci-logo-lacivert.png","contentUrl":"https:\/\/bakirci.com\/ekipman\/wp-content\/uploads\/2021\/09\/Bakirci-logo-lacivert.png","width":501,"height":501,"caption":"Bak\u0131rc\u0131 garagineering"},"image":{"@id":"https:\/\/bakirci.com\/ekipman\/#logo"}},{"@type":"WebSite","@id":"https:\/\/bakirci.com\/ekipman\/#website","url":"https:\/\/bakirci.com\/ekipman\/","name":"Bak\u0131rc\u0131 Garagineering","description":"Otomotiv sekt\u00f6r\u00fcne \u00f6zel, \u201c\u00dcretici Standard\u0131nda\u201d \u00e7\u00f6z\u00fcmler\u2026","publisher":{"@id":"https:\/\/bakirci.com\/ekipman\/#organization"},"potentialAction":[{"@type":"SearchAction","target":{"@type":"EntryPoint","urlTemplate":"https:\/\/bakirci.com\/ekipman\/?s={search_term_string}"},"query-input":"required name=search_term_string"}],"inLanguage":"tr"},{"@type":"ImageObject","@id":"https:\/\/bakirci.com\/ekipman\/servis-ekipmanlari\/mekanik\/lastik-servis-ekipmanlari\/lastik-dis-derinligi-olcum\/lastik-dis-derinligi-olcum-cihazlaripcl-born-in-englanddijital-lastik-dis-derinligi-olcme\/#primaryimage","inLanguage":"tr","url":"https:\/\/bakirci.com\/ekipman\/wp-content\/uploads\/2021\/03\/digital-lastiik-dis-derinligi-olcme.jpg","contentUrl":"https:\/\/bakirci.com\/ekipman\/wp-content\/uploads\/2021\/03\/digital-lastiik-dis-derinligi-olcme.jpg","width":1600,"height":1600},{"@type":"WebPage","@id":"https:\/\/bakirci.com\/ekipman\/servis-ekipmanlari\/mekanik\/lastik-servis-ekipmanlari\/lastik-dis-derinligi-olcum\/lastik-dis-derinligi-olcum-cihazlaripcl-born-in-englanddijital-lastik-dis-derinligi-olcme\/#webpage","url":"https:\/\/bakirci.com\/ekipman\/servis-ekipmanlari\/mekanik\/lastik-servis-ekipmanlari\/lastik-dis-derinligi-olcum\/lastik-dis-derinligi-olcum-cihazlaripcl-born-in-englanddijital-lastik-dis-derinligi-olcme\/","name":"Dijital Lastik Di\u015f Derinli\u011fi \u00d6l\u00e7me PCL (Born in ENGLAND) - Bak\u0131rc\u0131 Garagineering","isPartOf":{"@id":"https:\/\/bakirci.com\/ekipman\/#website"},"primaryImageOfPage":{"@id":"https:\/\/bakirci.com\/ekipman\/servis-ekipmanlari\/mekanik\/lastik-servis-ekipmanlari\/lastik-dis-derinligi-olcum\/lastik-dis-derinligi-olcum-cihazlaripcl-born-in-englanddijital-lastik-dis-derinligi-olcme\/#primaryimage"},"datePublished":"2021-03-03T05:25:45+00:00","dateModified":"2021-08-06T12:14:22+00:00","breadcrumb":{"@id":"https:\/\/bakirci.com\/ekipman\/servis-ekipmanlari\/mekanik\/lastik-servis-ekipmanlari\/lastik-dis-derinligi-olcum\/lastik-dis-derinligi-olcum-cihazlaripcl-born-in-englanddijital-lastik-dis-derinligi-olcme\/#breadcrumb"},"inLanguage":"tr","potentialAction":[{"@type":"ReadAction","target":["https:\/\/bakirci.com\/ekipman\/servis-ekipmanlari\/mekanik\/lastik-servis-ekipmanlari\/lastik-dis-derinligi-olcum\/lastik-dis-derinligi-olcum-cihazlaripcl-born-in-englanddijital-lastik-dis-derinligi-olcme\/"]}]},{"@type":"BreadcrumbList","@id":"https:\/\/bakirci.com\/ekipman\/servis-ekipmanlari\/mekanik\/lastik-servis-ekipmanlari\/lastik-dis-derinligi-olcum\/lastik-dis-derinligi-olcum-cihazlaripcl-born-in-englanddijital-lastik-dis-derinligi-olcme\/#breadcrumb","itemListElement":[{"@type":"ListItem","position":1,"name":"Ekipman","item":"https:\/\/bakirci.com\/ekipman\/"},{"@type":"ListItem","position":2,"name":"Otomotiv Tesisleri \u0130\u00e7in Servis Ekipmanlar\u0131","item":"https:\/\/bakirci.com\/ekipman\/"},{"@type":"ListItem","position":3,"name":"Dijital Lastik Di\u015f Derinli\u011fi \u00d6l\u00e7mePCL (Born in ENGLAND)"}]}]}},"_links":{"self":[{"href":"https:\/\/bakirci.com\/ekipman\/wp-json\/wp\/v2\/product\/4107","targetHints":{"allow":["GET"]}}],"collection":[{"href":"https:\/\/bakirci.com\/ekipman\/wp-json\/wp\/v2\/product"}],"about":[{"href":"https:\/\/bakirci.com\/ekipman\/wp-json\/wp\/v2\/types\/product"}],"replies":[{"embeddable":true,"href":"https:\/\/bakirci.com\/ekipman\/wp-json\/wp\/v2\/comments?post=4107"}],"wp:featuredmedia":[{"embeddable":true,"href":"https:\/\/bakirci.com\/ekipman\/wp-json\/wp\/v2\/media\/5355"}],"wp:attachment":[{"href":"https:\/\/bakirci.com\/ekipman\/wp-json\/wp\/v2\/media?parent=4107"}],"wp:term":[{"taxonomy":"product_cat","embeddable":true,"href":"https:\/\/bakirci.com\/ekipman\/wp-json\/wp\/v2\/product_cat?post=4107"},{"taxonomy":"product_tag","embeddable":true,"href":"https:\/\/bakirci.com\/ekipman\/wp-json\/wp\/v2\/product_tag?post=4107"}],"curies":[{"name":"wp","href":"https:\/\/api.w.org\/{rel}","templated":true}]}}