{"id":4106,"date":"2021-03-03T05:30:19","date_gmt":"2021-03-03T05:30:19","guid":{"rendered":"https:\/\/j6l.65c.myftpupload.com\/?post_type=product&#038;p=4106"},"modified":"2021-08-06T12:14:13","modified_gmt":"2021-08-06T12:14:13","slug":"lastik-dis-derinligi-olcum-cihazlaritread-reader-born-in-englandlastik-dis-derinligi-olcum-el-monitoru-3dbirinci-sinif-lazer-ve-3d-colour-coded-tarama-teknolojisi","status":"publish","type":"product","link":"https:\/\/bakirci.com\/ekipman\/servis-ekipmanlari\/mekanik\/lastik-servis-ekipmanlari\/lastik-dis-derinligi-olcum\/lastik-dis-derinligi-olcum-cihazlaritread-reader-born-in-englandlastik-dis-derinligi-olcum-el-monitoru-3dbirinci-sinif-lazer-ve-3d-colour-coded-tarama-teknolojisi\/","title":{"rendered":"<p class=\"ustmetin\">Lastik Di\u015f Derinli\u011fi \u00d6l\u00e7\u00fcm El Monit\u00f6r\u00fc-3D<\/p><p class=\"ortametin\">TREAD READER <span class=\"ortametin2\">(Born in ENGLAND)<\/span><\/p><p class=\"altmetin\">Birinci s\u0131n\u0131f lazer ve 3D Colour<br>Coded tarama teknolojisi<\/p>"},"content":{"rendered":"<ul>\n<li>Lastik Di\u015f Derinli\u011fi \u00d6l\u00e7\u00fcm El Monit\u00f6r\u00fc &#8211; 3D<\/li>\n<li>Birinci s\u0131n\u0131f lazer ve 3D Colour-Coded tarama teknolojisi<\/li>\n<li>Kompakt ve hafif tasar\u0131m ile saniyeler i\u00e7inde \u00f6l\u00e7\u00fcm imkan\u0131<\/li>\n<li>Kirli ve \u0131slak lastiklerde kusursuz performans<\/li>\n<li>Wifi ba\u011flant\u0131s\u0131 ile PC \u00fczerine data aktar\u0131m\u0131<\/li>\n<li>\u00d6l\u00e7\u00fcm verilerinin ak\u0131ll\u0131 telefon ve tabletlerden g\u00f6r\u00fcnt\u00fclemesi<br \/>\n(Android i\u015fletim sistemli telefon ve tabletlerde kullan\u0131labilir)<\/li>\n<li>IP 54 koruma s\u0131n\u0131f\u0131<\/li>\n<li>\u00d6l\u00e7\u00fcm hassasiyeti &lt; 0.2 mm<\/li>\n<li>5V \u015earj edilebilir Li-Ion batarya<\/li>\n<li>Boyutlar (U x G x Y) 186 mm x 96 mm x 84 mm<\/li>\n<\/ul>\n","protected":false},"excerpt":{"rendered":"<ul>\n<li>Lastik Di\u015f Derinli\u011fi \u00d6l\u00e7\u00fcm El Monit\u00f6r\u00fc &#8211; 3D<\/li>\n<li>Birinci s\u0131n\u0131f lazer ve 3D Colour-Coded tarama teknolojisi<\/li>\n<li>Kompakt ve hafif tasar\u0131m ile saniyeler i\u00e7inde \u00f6l\u00e7\u00fcm imkan\u0131<\/li>\n<li>Kirli ve \u0131slak lastiklerde kusursuz performans<\/li>\n<li>Wifi ba\u011flant\u0131s\u0131 ile PC \u00fczerine data aktar\u0131m\u0131<\/li>\n<li>\u00d6l\u00e7\u00fcm verilerinin ak\u0131ll\u0131 telefon ve tabletlerden g\u00f6r\u00fcnt\u00fclemesi<br \/>\n(Android i\u015fletim sistemli telefon ve tabletlerde kullan\u0131labilir)<\/li>\n<li>IP 54 koruma s\u0131n\u0131f\u0131<\/li>\n<li>\u00d6l\u00e7\u00fcm hassasiyeti &lt; 0.2 mm<\/li>\n<li>5V \u015earj edilebilir Li-Ion batarya<\/li>\n<li>Boyutlar (U x G x Y) 186 mm x 96 mm x 84 mm<\/li>\n<\/ul>\n","protected":false},"featured_media":4967,"comment_status":"closed","ping_status":"closed","template":"","meta":[],"product_cat":[152,160],"product_tag":[491,492,334],"class_list":["post-4106","product","type-product","status-publish","has-post-thumbnail","hentry","pwb-brand-tread-reader","product_cat-lastik-servis-ekipmanlari","product_cat-lastik-dis-derinligi-olcum","product_tag-dijital-lastik-analiz","product_tag-djital-tekerlek-olcumu","product_tag-tread-reader"],"brands":[{"id":368,"name":"TREAD READER","slug":"tread-reader"}],"yoast_head":"<!-- This site is optimized with the Yoast SEO plugin v17.1 - https:\/\/yoast.com\/wordpress\/plugins\/seo\/ -->\n<title>Lastik Di\u015f Derinli\u011fi \u00d6l\u00e7\u00fcm El Monit\u00f6r\u00fc-3DTREAD READER (Born in ENGLAND)Birinci s\u0131n\u0131f lazer ve 3D ColourCoded tarama teknolojisi - Bak\u0131rc\u0131 Garagineering<\/title>\n<meta name=\"robots\" content=\"index, follow, max-snippet:-1, max-image-preview:large, max-video-preview:-1\" \/>\n<link rel=\"canonical\" href=\"https:\/\/bakirci.com\/ekipman\/servis-ekipmanlari\/mekanik\/lastik-servis-ekipmanlari\/lastik-dis-derinligi-olcum\/lastik-dis-derinligi-olcum-cihazlaritread-reader-born-in-englandlastik-dis-derinligi-olcum-el-monitoru-3dbirinci-sinif-lazer-ve-3d-colour-coded-tarama-teknolojisi\/\" \/>\n<meta property=\"og:locale\" content=\"tr_TR\" \/>\n<meta property=\"og:type\" content=\"article\" \/>\n<meta property=\"og:title\" content=\"Lastik Di\u015f Derinli\u011fi \u00d6l\u00e7\u00fcm El Monit\u00f6r\u00fc-3DTREAD READER (Born in ENGLAND)Birinci s\u0131n\u0131f lazer ve 3D ColourCoded tarama teknolojisi - Bak\u0131rc\u0131 Garagineering\" \/>\n<meta property=\"og:description\" content=\"Lastik Di\u015f Derinli\u011fi \u00d6l\u00e7\u00fcm El Monit\u00f6r\u00fc - 3D  Birinci s\u0131n\u0131f lazer ve 3D Colour-Coded tarama teknolojisi  Kompakt ve hafif tasar\u0131m ile saniyeler i\u00e7inde \u00f6l\u00e7\u00fcm imkan\u0131  Kirli ve \u0131slak lastiklerde kusursuz performans  Wifi ba\u011flant\u0131s\u0131 ile PC \u00fczerine data aktar\u0131m\u0131  \u00d6l\u00e7\u00fcm verilerinin ak\u0131ll\u0131 telefon ve tabletlerden g\u00f6r\u00fcnt\u00fclemesi (Android i\u015fletim sistemli telefon ve tabletlerde kullan\u0131labilir)  IP 54 koruma s\u0131n\u0131f\u0131  \u00d6l\u00e7\u00fcm hassasiyeti &lt; 0.2 mm  5V \u015earj edilebilir Li-Ion batarya  Boyutlar (U x G x Y) 186 mm x 96 mm x 84 mm\" \/>\n<meta property=\"og:url\" content=\"https:\/\/bakirci.com\/ekipman\/servis-ekipmanlari\/mekanik\/lastik-servis-ekipmanlari\/lastik-dis-derinligi-olcum\/lastik-dis-derinligi-olcum-cihazlaritread-reader-born-in-englandlastik-dis-derinligi-olcum-el-monitoru-3dbirinci-sinif-lazer-ve-3d-colour-coded-tarama-teknolojisi\/\" \/>\n<meta property=\"og:site_name\" content=\"Bak\u0131rc\u0131 Garagineering\" \/>\n<meta property=\"article:publisher\" content=\"https:\/\/www.facebook.com\/bakirci.garagineering\" \/>\n<meta property=\"article:modified_time\" content=\"2021-08-06T12:14:13+00:00\" \/>\n<meta property=\"og:image\" content=\"https:\/\/bakirci.com\/ekipman\/wp-content\/uploads\/2021\/03\/Lastik-Dis-Derinlik-olcme-Tarama-Monitoru-3d.png\" \/>\n\t<meta property=\"og:image:width\" content=\"910\" \/>\n\t<meta property=\"og:image:height\" content=\"910\" \/>\n<meta name=\"twitter:card\" content=\"summary_large_image\" \/>\n<meta name=\"twitter:label1\" content=\"Tahmini okuma s\u00fcresi\" \/>\n\t<meta name=\"twitter:data1\" content=\"1 dakika\" \/>\n<script type=\"application\/ld+json\" class=\"yoast-schema-graph\">{\"@context\":\"https:\/\/schema.org\",\"@graph\":[{\"@type\":\"Organization\",\"@id\":\"https:\/\/bakirci.com\/ekipman\/#organization\",\"name\":\"Bak\\u0131rc\\u0131 garagineering\",\"url\":\"https:\/\/bakirci.com\/ekipman\/\",\"sameAs\":[\"https:\/\/www.facebook.com\/bakirci.garagineering\",\"https:\/\/www.instagram.com\/bakirci.garagineering\/\",\"https:\/\/www.linkedin.com\/company\/bakirci-garagineering\/\",\"https:\/\/www.youtube.com\/channel\/UCiVG6s_jALJ6Zk8085XiOQg\"],\"logo\":{\"@type\":\"ImageObject\",\"@id\":\"https:\/\/bakirci.com\/ekipman\/#logo\",\"inLanguage\":\"tr\",\"url\":\"https:\/\/bakirci.com\/ekipman\/wp-content\/uploads\/2021\/09\/Bakirci-logo-lacivert.png\",\"contentUrl\":\"https:\/\/bakirci.com\/ekipman\/wp-content\/uploads\/2021\/09\/Bakirci-logo-lacivert.png\",\"width\":501,\"height\":501,\"caption\":\"Bak\\u0131rc\\u0131 garagineering\"},\"image\":{\"@id\":\"https:\/\/bakirci.com\/ekipman\/#logo\"}},{\"@type\":\"WebSite\",\"@id\":\"https:\/\/bakirci.com\/ekipman\/#website\",\"url\":\"https:\/\/bakirci.com\/ekipman\/\",\"name\":\"Bak\\u0131rc\\u0131 Garagineering\",\"description\":\"Otomotiv sekt\\u00f6r\\u00fcne \\u00f6zel, \\u201c\\u00dcretici Standard\\u0131nda\\u201d \\u00e7\\u00f6z\\u00fcmler\\u2026\",\"publisher\":{\"@id\":\"https:\/\/bakirci.com\/ekipman\/#organization\"},\"potentialAction\":[{\"@type\":\"SearchAction\",\"target\":{\"@type\":\"EntryPoint\",\"urlTemplate\":\"https:\/\/bakirci.com\/ekipman\/?s={search_term_string}\"},\"query-input\":\"required name=search_term_string\"}],\"inLanguage\":\"tr\"},{\"@type\":\"ImageObject\",\"@id\":\"https:\/\/bakirci.com\/ekipman\/servis-ekipmanlari\/mekanik\/lastik-servis-ekipmanlari\/lastik-dis-derinligi-olcum\/lastik-dis-derinligi-olcum-cihazlaritread-reader-born-in-englandlastik-dis-derinligi-olcum-el-monitoru-3dbirinci-sinif-lazer-ve-3d-colour-coded-tarama-teknolojisi\/#primaryimage\",\"inLanguage\":\"tr\",\"url\":\"https:\/\/bakirci.com\/ekipman\/wp-content\/uploads\/2021\/03\/Lastik-Dis-Derinlik-olcme-Tarama-Monitoru-3d.png\",\"contentUrl\":\"https:\/\/bakirci.com\/ekipman\/wp-content\/uploads\/2021\/03\/Lastik-Dis-Derinlik-olcme-Tarama-Monitoru-3d.png\",\"width\":910,\"height\":910},{\"@type\":\"WebPage\",\"@id\":\"https:\/\/bakirci.com\/ekipman\/servis-ekipmanlari\/mekanik\/lastik-servis-ekipmanlari\/lastik-dis-derinligi-olcum\/lastik-dis-derinligi-olcum-cihazlaritread-reader-born-in-englandlastik-dis-derinligi-olcum-el-monitoru-3dbirinci-sinif-lazer-ve-3d-colour-coded-tarama-teknolojisi\/#webpage\",\"url\":\"https:\/\/bakirci.com\/ekipman\/servis-ekipmanlari\/mekanik\/lastik-servis-ekipmanlari\/lastik-dis-derinligi-olcum\/lastik-dis-derinligi-olcum-cihazlaritread-reader-born-in-englandlastik-dis-derinligi-olcum-el-monitoru-3dbirinci-sinif-lazer-ve-3d-colour-coded-tarama-teknolojisi\/\",\"name\":\"Lastik Di\\u015f Derinli\\u011fi \\u00d6l\\u00e7\\u00fcm El Monit\\u00f6r\\u00fc-3D TREAD READER (Born in ENGLAND) Birinci s\\u0131n\\u0131f lazer ve 3D Colour Coded tarama teknolojisi - Bak\\u0131rc\\u0131 Garagineering\",\"isPartOf\":{\"@id\":\"https:\/\/bakirci.com\/ekipman\/#website\"},\"primaryImageOfPage\":{\"@id\":\"https:\/\/bakirci.com\/ekipman\/servis-ekipmanlari\/mekanik\/lastik-servis-ekipmanlari\/lastik-dis-derinligi-olcum\/lastik-dis-derinligi-olcum-cihazlaritread-reader-born-in-englandlastik-dis-derinligi-olcum-el-monitoru-3dbirinci-sinif-lazer-ve-3d-colour-coded-tarama-teknolojisi\/#primaryimage\"},\"datePublished\":\"2021-03-03T05:30:19+00:00\",\"dateModified\":\"2021-08-06T12:14:13+00:00\",\"breadcrumb\":{\"@id\":\"https:\/\/bakirci.com\/ekipman\/servis-ekipmanlari\/mekanik\/lastik-servis-ekipmanlari\/lastik-dis-derinligi-olcum\/lastik-dis-derinligi-olcum-cihazlaritread-reader-born-in-englandlastik-dis-derinligi-olcum-el-monitoru-3dbirinci-sinif-lazer-ve-3d-colour-coded-tarama-teknolojisi\/#breadcrumb\"},\"inLanguage\":\"tr\",\"potentialAction\":[{\"@type\":\"ReadAction\",\"target\":[\"https:\/\/bakirci.com\/ekipman\/servis-ekipmanlari\/mekanik\/lastik-servis-ekipmanlari\/lastik-dis-derinligi-olcum\/lastik-dis-derinligi-olcum-cihazlaritread-reader-born-in-englandlastik-dis-derinligi-olcum-el-monitoru-3dbirinci-sinif-lazer-ve-3d-colour-coded-tarama-teknolojisi\/\"]}]},{\"@type\":\"BreadcrumbList\",\"@id\":\"https:\/\/bakirci.com\/ekipman\/servis-ekipmanlari\/mekanik\/lastik-servis-ekipmanlari\/lastik-dis-derinligi-olcum\/lastik-dis-derinligi-olcum-cihazlaritread-reader-born-in-englandlastik-dis-derinligi-olcum-el-monitoru-3dbirinci-sinif-lazer-ve-3d-colour-coded-tarama-teknolojisi\/#breadcrumb\",\"itemListElement\":[{\"@type\":\"ListItem\",\"position\":1,\"name\":\"Ekipman\",\"item\":\"https:\/\/bakirci.com\/ekipman\/\"},{\"@type\":\"ListItem\",\"position\":2,\"name\":\"Otomotiv Tesisleri \\u0130\\u00e7in Servis Ekipmanlar\\u0131\",\"item\":\"https:\/\/bakirci.com\/ekipman\/\"},{\"@type\":\"ListItem\",\"position\":3,\"name\":\"Lastik Di\\u015f Derinli\\u011fi \\u00d6l\\u00e7\\u00fcm El Monit\\u00f6r\\u00fc-3DTREAD READER (Born in ENGLAND)Birinci s\\u0131n\\u0131f lazer ve 3D ColourCoded tarama teknolojisi\"}]}]}<\/script>\n<!-- \/ Yoast SEO plugin. -->","yoast_head_json":{"title":"Lastik Di\u015f Derinli\u011fi \u00d6l\u00e7\u00fcm El Monit\u00f6r\u00fc-3DTREAD READER (Born in ENGLAND)Birinci s\u0131n\u0131f lazer ve 3D ColourCoded tarama teknolojisi - Bak\u0131rc\u0131 Garagineering","robots":{"index":"index","follow":"follow","max-snippet":"max-snippet:-1","max-image-preview":"max-image-preview:large","max-video-preview":"max-video-preview:-1"},"canonical":"https:\/\/bakirci.com\/ekipman\/servis-ekipmanlari\/mekanik\/lastik-servis-ekipmanlari\/lastik-dis-derinligi-olcum\/lastik-dis-derinligi-olcum-cihazlaritread-reader-born-in-englandlastik-dis-derinligi-olcum-el-monitoru-3dbirinci-sinif-lazer-ve-3d-colour-coded-tarama-teknolojisi\/","og_locale":"tr_TR","og_type":"article","og_title":"Lastik Di\u015f Derinli\u011fi \u00d6l\u00e7\u00fcm El Monit\u00f6r\u00fc-3DTREAD READER (Born in ENGLAND)Birinci s\u0131n\u0131f lazer ve 3D ColourCoded tarama teknolojisi - Bak\u0131rc\u0131 Garagineering","og_description":"Lastik Di\u015f Derinli\u011fi \u00d6l\u00e7\u00fcm El Monit\u00f6r\u00fc - 3D  Birinci s\u0131n\u0131f lazer ve 3D Colour-Coded tarama teknolojisi  Kompakt ve hafif tasar\u0131m ile saniyeler i\u00e7inde \u00f6l\u00e7\u00fcm imkan\u0131  Kirli ve \u0131slak lastiklerde kusursuz performans  Wifi ba\u011flant\u0131s\u0131 ile PC \u00fczerine data aktar\u0131m\u0131  \u00d6l\u00e7\u00fcm verilerinin ak\u0131ll\u0131 telefon ve tabletlerden g\u00f6r\u00fcnt\u00fclemesi (Android i\u015fletim sistemli telefon ve tabletlerde kullan\u0131labilir)  IP 54 koruma s\u0131n\u0131f\u0131  \u00d6l\u00e7\u00fcm hassasiyeti &lt; 0.2 mm  5V \u015earj edilebilir Li-Ion batarya  Boyutlar (U x G x Y) 186 mm x 96 mm x 84 mm","og_url":"https:\/\/bakirci.com\/ekipman\/servis-ekipmanlari\/mekanik\/lastik-servis-ekipmanlari\/lastik-dis-derinligi-olcum\/lastik-dis-derinligi-olcum-cihazlaritread-reader-born-in-englandlastik-dis-derinligi-olcum-el-monitoru-3dbirinci-sinif-lazer-ve-3d-colour-coded-tarama-teknolojisi\/","og_site_name":"Bak\u0131rc\u0131 Garagineering","article_publisher":"https:\/\/www.facebook.com\/bakirci.garagineering","article_modified_time":"2021-08-06T12:14:13+00:00","og_image":[{"width":910,"height":910,"url":"https:\/\/bakirci.com\/ekipman\/wp-content\/uploads\/2021\/03\/Lastik-Dis-Derinlik-olcme-Tarama-Monitoru-3d.png","path":"\/home\/bakirciwebsitesi\/public_html\/ekipman\/wp-content\/uploads\/2021\/03\/Lastik-Dis-Derinlik-olcme-Tarama-Monitoru-3d.png","size":"full","id":4967,"alt":"","pixels":828100,"type":"image\/png"}],"twitter_card":"summary_large_image","twitter_misc":{"Tahmini okuma s\u00fcresi":"1 dakika"},"schema":{"@context":"https:\/\/schema.org","@graph":[{"@type":"Organization","@id":"https:\/\/bakirci.com\/ekipman\/#organization","name":"Bak\u0131rc\u0131 garagineering","url":"https:\/\/bakirci.com\/ekipman\/","sameAs":["https:\/\/www.facebook.com\/bakirci.garagineering","https:\/\/www.instagram.com\/bakirci.garagineering\/","https:\/\/www.linkedin.com\/company\/bakirci-garagineering\/","https:\/\/www.youtube.com\/channel\/UCiVG6s_jALJ6Zk8085XiOQg"],"logo":{"@type":"ImageObject","@id":"https:\/\/bakirci.com\/ekipman\/#logo","inLanguage":"tr","url":"https:\/\/bakirci.com\/ekipman\/wp-content\/uploads\/2021\/09\/Bakirci-logo-lacivert.png","contentUrl":"https:\/\/bakirci.com\/ekipman\/wp-content\/uploads\/2021\/09\/Bakirci-logo-lacivert.png","width":501,"height":501,"caption":"Bak\u0131rc\u0131 garagineering"},"image":{"@id":"https:\/\/bakirci.com\/ekipman\/#logo"}},{"@type":"WebSite","@id":"https:\/\/bakirci.com\/ekipman\/#website","url":"https:\/\/bakirci.com\/ekipman\/","name":"Bak\u0131rc\u0131 Garagineering","description":"Otomotiv sekt\u00f6r\u00fcne \u00f6zel, \u201c\u00dcretici Standard\u0131nda\u201d \u00e7\u00f6z\u00fcmler\u2026","publisher":{"@id":"https:\/\/bakirci.com\/ekipman\/#organization"},"potentialAction":[{"@type":"SearchAction","target":{"@type":"EntryPoint","urlTemplate":"https:\/\/bakirci.com\/ekipman\/?s={search_term_string}"},"query-input":"required name=search_term_string"}],"inLanguage":"tr"},{"@type":"ImageObject","@id":"https:\/\/bakirci.com\/ekipman\/servis-ekipmanlari\/mekanik\/lastik-servis-ekipmanlari\/lastik-dis-derinligi-olcum\/lastik-dis-derinligi-olcum-cihazlaritread-reader-born-in-englandlastik-dis-derinligi-olcum-el-monitoru-3dbirinci-sinif-lazer-ve-3d-colour-coded-tarama-teknolojisi\/#primaryimage","inLanguage":"tr","url":"https:\/\/bakirci.com\/ekipman\/wp-content\/uploads\/2021\/03\/Lastik-Dis-Derinlik-olcme-Tarama-Monitoru-3d.png","contentUrl":"https:\/\/bakirci.com\/ekipman\/wp-content\/uploads\/2021\/03\/Lastik-Dis-Derinlik-olcme-Tarama-Monitoru-3d.png","width":910,"height":910},{"@type":"WebPage","@id":"https:\/\/bakirci.com\/ekipman\/servis-ekipmanlari\/mekanik\/lastik-servis-ekipmanlari\/lastik-dis-derinligi-olcum\/lastik-dis-derinligi-olcum-cihazlaritread-reader-born-in-englandlastik-dis-derinligi-olcum-el-monitoru-3dbirinci-sinif-lazer-ve-3d-colour-coded-tarama-teknolojisi\/#webpage","url":"https:\/\/bakirci.com\/ekipman\/servis-ekipmanlari\/mekanik\/lastik-servis-ekipmanlari\/lastik-dis-derinligi-olcum\/lastik-dis-derinligi-olcum-cihazlaritread-reader-born-in-englandlastik-dis-derinligi-olcum-el-monitoru-3dbirinci-sinif-lazer-ve-3d-colour-coded-tarama-teknolojisi\/","name":"Lastik Di\u015f Derinli\u011fi \u00d6l\u00e7\u00fcm El Monit\u00f6r\u00fc-3D TREAD READER (Born in ENGLAND) Birinci s\u0131n\u0131f lazer ve 3D Colour Coded tarama teknolojisi - Bak\u0131rc\u0131 Garagineering","isPartOf":{"@id":"https:\/\/bakirci.com\/ekipman\/#website"},"primaryImageOfPage":{"@id":"https:\/\/bakirci.com\/ekipman\/servis-ekipmanlari\/mekanik\/lastik-servis-ekipmanlari\/lastik-dis-derinligi-olcum\/lastik-dis-derinligi-olcum-cihazlaritread-reader-born-in-englandlastik-dis-derinligi-olcum-el-monitoru-3dbirinci-sinif-lazer-ve-3d-colour-coded-tarama-teknolojisi\/#primaryimage"},"datePublished":"2021-03-03T05:30:19+00:00","dateModified":"2021-08-06T12:14:13+00:00","breadcrumb":{"@id":"https:\/\/bakirci.com\/ekipman\/servis-ekipmanlari\/mekanik\/lastik-servis-ekipmanlari\/lastik-dis-derinligi-olcum\/lastik-dis-derinligi-olcum-cihazlaritread-reader-born-in-englandlastik-dis-derinligi-olcum-el-monitoru-3dbirinci-sinif-lazer-ve-3d-colour-coded-tarama-teknolojisi\/#breadcrumb"},"inLanguage":"tr","potentialAction":[{"@type":"ReadAction","target":["https:\/\/bakirci.com\/ekipman\/servis-ekipmanlari\/mekanik\/lastik-servis-ekipmanlari\/lastik-dis-derinligi-olcum\/lastik-dis-derinligi-olcum-cihazlaritread-reader-born-in-englandlastik-dis-derinligi-olcum-el-monitoru-3dbirinci-sinif-lazer-ve-3d-colour-coded-tarama-teknolojisi\/"]}]},{"@type":"BreadcrumbList","@id":"https:\/\/bakirci.com\/ekipman\/servis-ekipmanlari\/mekanik\/lastik-servis-ekipmanlari\/lastik-dis-derinligi-olcum\/lastik-dis-derinligi-olcum-cihazlaritread-reader-born-in-englandlastik-dis-derinligi-olcum-el-monitoru-3dbirinci-sinif-lazer-ve-3d-colour-coded-tarama-teknolojisi\/#breadcrumb","itemListElement":[{"@type":"ListItem","position":1,"name":"Ekipman","item":"https:\/\/bakirci.com\/ekipman\/"},{"@type":"ListItem","position":2,"name":"Otomotiv Tesisleri \u0130\u00e7in Servis Ekipmanlar\u0131","item":"https:\/\/bakirci.com\/ekipman\/"},{"@type":"ListItem","position":3,"name":"Lastik Di\u015f Derinli\u011fi \u00d6l\u00e7\u00fcm El Monit\u00f6r\u00fc-3DTREAD READER (Born in ENGLAND)Birinci s\u0131n\u0131f lazer ve 3D ColourCoded tarama teknolojisi"}]}]}},"_links":{"self":[{"href":"https:\/\/bakirci.com\/ekipman\/wp-json\/wp\/v2\/product\/4106","targetHints":{"allow":["GET"]}}],"collection":[{"href":"https:\/\/bakirci.com\/ekipman\/wp-json\/wp\/v2\/product"}],"about":[{"href":"https:\/\/bakirci.com\/ekipman\/wp-json\/wp\/v2\/types\/product"}],"replies":[{"embeddable":true,"href":"https:\/\/bakirci.com\/ekipman\/wp-json\/wp\/v2\/comments?post=4106"}],"wp:featuredmedia":[{"embeddable":true,"href":"https:\/\/bakirci.com\/ekipman\/wp-json\/wp\/v2\/media\/4967"}],"wp:attachment":[{"href":"https:\/\/bakirci.com\/ekipman\/wp-json\/wp\/v2\/media?parent=4106"}],"wp:term":[{"taxonomy":"product_cat","embeddable":true,"href":"https:\/\/bakirci.com\/ekipman\/wp-json\/wp\/v2\/product_cat?post=4106"},{"taxonomy":"product_tag","embeddable":true,"href":"https:\/\/bakirci.com\/ekipman\/wp-json\/wp\/v2\/product_tag?post=4106"}],"curies":[{"name":"wp","href":"https:\/\/api.w.org\/{rel}","templated":true}]}}