{"id":4105,"date":"2021-03-03T05:35:51","date_gmt":"2021-03-03T05:35:51","guid":{"rendered":"https:\/\/j6l.65c.myftpupload.com\/?post_type=product&#038;p=4105"},"modified":"2021-08-06T12:14:01","modified_gmt":"2021-08-06T12:14:01","slug":"lastik-dis-derinligi-olcum-cihazlaritread-reader-born-in-englandlastik-dis-derinlik-olcme-ve-tarama-sistemigelismis-3d-kamera-ve-lazer-sistemi","status":"publish","type":"product","link":"https:\/\/bakirci.com\/ekipman\/servis-ekipmanlari\/mekanik\/lastik-servis-ekipmanlari\/lastik-dis-derinligi-olcum\/lastik-dis-derinligi-olcum-cihazlaritread-reader-born-in-englandlastik-dis-derinlik-olcme-ve-tarama-sistemigelismis-3d-kamera-ve-lazer-sistemi\/","title":{"rendered":"<p class=\"ustmetin\">Lastik Di\u015f Derinlik \u00d6l\u00e7me ve Tarama Sistemi<\/p><p class=\"ortametin\">TREAD READER <span class=\"ortametin2\">(Born in ENGLAND)<\/span><\/p><p class=\"altmetin\">Geli\u015fmi\u015f 3D kamera ve lazer sistemi<\/p>"},"content":{"rendered":"<ul>\n<li>Lastik Di\u015f Derinlik \u00d6l\u00e7me ve Tarama Sistemi<\/li>\n<li>Geli\u015fmi\u015f 3D kamera ve lazer sistemi sayesinde hassas ve uzun s\u00fcreli kullan\u0131m<\/li>\n<li>\u00d6l\u00e7\u00fcm verilerinin kay\u0131t alt\u0131na al\u0131nabilmesi<\/li>\n<li>\u00d6l\u00e7\u00fcm h\u0131z\u0131 6,5 &#8211; 13 km\/s<\/li>\n<li>\u00d6l\u00e7\u00fcm hassasiyeti &lt;0.2 mm<\/li>\n<li>Maksimum lastik geni\u015fli\u011fi 600 mm<\/li>\n<li>Maksimum aks a\u011f\u0131rl\u0131\u011f\u0131 1,5 ton<\/li>\n<li>Bilgisayar sistemi<\/li>\n<li>Windows tabanl\u0131 T\u00fcrk\u00e7e program<\/li>\n<li>27&#8243; TFT renkli ekran, klavye ve renkli yaz\u0131c\u0131<\/li>\n<\/ul>\n","protected":false},"excerpt":{"rendered":"<ul>\n<li>Lastik Di\u015f Derinlik \u00d6l\u00e7me ve Tarama Sistemi<\/li>\n<li>Geli\u015fmi\u015f 3D kamera ve lazer sistemi sayesinde hassas ve uzun s\u00fcreli kullan\u0131m<\/li>\n<li>\u00d6l\u00e7\u00fcm verilerinin kay\u0131t alt\u0131na al\u0131nabilmesi<\/li>\n<li>\u00d6l\u00e7\u00fcm h\u0131z\u0131 6,5 &#8211; 13 km\/s<\/li>\n<li>\u00d6l\u00e7\u00fcm hassasiyeti &lt;0.2 mm<\/li>\n<li>Maksimum lastik geni\u015fli\u011fi 600 mm<\/li>\n<li>Maksimum aks a\u011f\u0131rl\u0131\u011f\u0131 1,5 ton<\/li>\n<li>Bilgisayar sistemi<\/li>\n<li>Windows tabanl\u0131 T\u00fcrk\u00e7e program<\/li>\n<li>27&#8243; TFT renkli ekran, klavye ve renkli yaz\u0131c\u0131<\/li>\n<\/ul>\n","protected":false},"featured_media":5306,"comment_status":"closed","ping_status":"closed","template":"","meta":[],"product_cat":[152,160],"product_tag":[491,492,334],"class_list":["post-4105","product","type-product","status-publish","has-post-thumbnail","hentry","pwb-brand-tread-reader","product_cat-lastik-servis-ekipmanlari","product_cat-lastik-dis-derinligi-olcum","product_tag-dijital-lastik-analiz","product_tag-djital-tekerlek-olcumu","product_tag-tread-reader"],"brands":[{"id":368,"name":"TREAD READER","slug":"tread-reader"}],"yoast_head":"<!-- This site is optimized with the Yoast SEO plugin v17.1 - https:\/\/yoast.com\/wordpress\/plugins\/seo\/ -->\n<title>Lastik Di\u015f Derinlik \u00d6l\u00e7me ve Tarama SistemiTREAD READER (Born in ENGLAND)Geli\u015fmi\u015f 3D kamera ve lazer sistemi - Bak\u0131rc\u0131 Garagineering<\/title>\n<meta name=\"robots\" content=\"index, follow, max-snippet:-1, max-image-preview:large, max-video-preview:-1\" \/>\n<link rel=\"canonical\" href=\"https:\/\/bakirci.com\/ekipman\/servis-ekipmanlari\/mekanik\/lastik-servis-ekipmanlari\/lastik-dis-derinligi-olcum\/lastik-dis-derinligi-olcum-cihazlaritread-reader-born-in-englandlastik-dis-derinlik-olcme-ve-tarama-sistemigelismis-3d-kamera-ve-lazer-sistemi\/\" \/>\n<meta property=\"og:locale\" content=\"tr_TR\" \/>\n<meta property=\"og:type\" content=\"article\" \/>\n<meta property=\"og:title\" content=\"Lastik Di\u015f Derinlik \u00d6l\u00e7me ve Tarama SistemiTREAD READER (Born in ENGLAND)Geli\u015fmi\u015f 3D kamera ve lazer sistemi - Bak\u0131rc\u0131 Garagineering\" \/>\n<meta property=\"og:description\" content=\"Lastik Di\u015f Derinlik \u00d6l\u00e7me ve Tarama Sistemi  Geli\u015fmi\u015f 3D kamera ve lazer sistemi sayesinde hassas ve uzun s\u00fcreli kullan\u0131m  \u00d6l\u00e7\u00fcm verilerinin kay\u0131t alt\u0131na al\u0131nabilmesi  \u00d6l\u00e7\u00fcm h\u0131z\u0131 6,5 - 13 km\/s  \u00d6l\u00e7\u00fcm hassasiyeti &lt;0.2 mm  Maksimum lastik geni\u015fli\u011fi 600 mm  Maksimum aks a\u011f\u0131rl\u0131\u011f\u0131 1,5 ton  Bilgisayar sistemi  Windows tabanl\u0131 T\u00fcrk\u00e7e program  27&quot; TFT renkli ekran, klavye ve renkli yaz\u0131c\u0131\" \/>\n<meta property=\"og:url\" content=\"https:\/\/bakirci.com\/ekipman\/servis-ekipmanlari\/mekanik\/lastik-servis-ekipmanlari\/lastik-dis-derinligi-olcum\/lastik-dis-derinligi-olcum-cihazlaritread-reader-born-in-englandlastik-dis-derinlik-olcme-ve-tarama-sistemigelismis-3d-kamera-ve-lazer-sistemi\/\" \/>\n<meta property=\"og:site_name\" content=\"Bak\u0131rc\u0131 Garagineering\" \/>\n<meta property=\"article:publisher\" content=\"https:\/\/www.facebook.com\/bakirci.garagineering\" \/>\n<meta property=\"article:modified_time\" content=\"2021-08-06T12:14:01+00:00\" \/>\n<meta property=\"og:image\" content=\"https:\/\/bakirci.com\/ekipman\/wp-content\/uploads\/2021\/03\/Lastik-Dis-Derinlik-olcme-Tarama-Sistemi-1.jpg\" \/>\n\t<meta property=\"og:image:width\" content=\"1200\" \/>\n\t<meta property=\"og:image:height\" content=\"712\" \/>\n<meta name=\"twitter:card\" content=\"summary_large_image\" \/>\n<meta name=\"twitter:label1\" content=\"Tahmini okuma s\u00fcresi\" \/>\n\t<meta name=\"twitter:data1\" content=\"1 dakika\" \/>\n<script type=\"application\/ld+json\" class=\"yoast-schema-graph\">{\"@context\":\"https:\/\/schema.org\",\"@graph\":[{\"@type\":\"Organization\",\"@id\":\"https:\/\/bakirci.com\/ekipman\/#organization\",\"name\":\"Bak\\u0131rc\\u0131 garagineering\",\"url\":\"https:\/\/bakirci.com\/ekipman\/\",\"sameAs\":[\"https:\/\/www.facebook.com\/bakirci.garagineering\",\"https:\/\/www.instagram.com\/bakirci.garagineering\/\",\"https:\/\/www.linkedin.com\/company\/bakirci-garagineering\/\",\"https:\/\/www.youtube.com\/channel\/UCiVG6s_jALJ6Zk8085XiOQg\"],\"logo\":{\"@type\":\"ImageObject\",\"@id\":\"https:\/\/bakirci.com\/ekipman\/#logo\",\"inLanguage\":\"tr\",\"url\":\"https:\/\/bakirci.com\/ekipman\/wp-content\/uploads\/2021\/09\/Bakirci-logo-lacivert.png\",\"contentUrl\":\"https:\/\/bakirci.com\/ekipman\/wp-content\/uploads\/2021\/09\/Bakirci-logo-lacivert.png\",\"width\":501,\"height\":501,\"caption\":\"Bak\\u0131rc\\u0131 garagineering\"},\"image\":{\"@id\":\"https:\/\/bakirci.com\/ekipman\/#logo\"}},{\"@type\":\"WebSite\",\"@id\":\"https:\/\/bakirci.com\/ekipman\/#website\",\"url\":\"https:\/\/bakirci.com\/ekipman\/\",\"name\":\"Bak\\u0131rc\\u0131 Garagineering\",\"description\":\"Otomotiv sekt\\u00f6r\\u00fcne \\u00f6zel, \\u201c\\u00dcretici Standard\\u0131nda\\u201d \\u00e7\\u00f6z\\u00fcmler\\u2026\",\"publisher\":{\"@id\":\"https:\/\/bakirci.com\/ekipman\/#organization\"},\"potentialAction\":[{\"@type\":\"SearchAction\",\"target\":{\"@type\":\"EntryPoint\",\"urlTemplate\":\"https:\/\/bakirci.com\/ekipman\/?s={search_term_string}\"},\"query-input\":\"required name=search_term_string\"}],\"inLanguage\":\"tr\"},{\"@type\":\"ImageObject\",\"@id\":\"https:\/\/bakirci.com\/ekipman\/servis-ekipmanlari\/mekanik\/lastik-servis-ekipmanlari\/lastik-dis-derinligi-olcum\/lastik-dis-derinligi-olcum-cihazlaritread-reader-born-in-englandlastik-dis-derinlik-olcme-ve-tarama-sistemigelismis-3d-kamera-ve-lazer-sistemi\/#primaryimage\",\"inLanguage\":\"tr\",\"url\":\"https:\/\/bakirci.com\/ekipman\/wp-content\/uploads\/2021\/03\/Lastik-Dis-Derinlik-olcme-Tarama-Sistemi-1.jpg\",\"contentUrl\":\"https:\/\/bakirci.com\/ekipman\/wp-content\/uploads\/2021\/03\/Lastik-Dis-Derinlik-olcme-Tarama-Sistemi-1.jpg\",\"width\":1200,\"height\":712},{\"@type\":\"WebPage\",\"@id\":\"https:\/\/bakirci.com\/ekipman\/servis-ekipmanlari\/mekanik\/lastik-servis-ekipmanlari\/lastik-dis-derinligi-olcum\/lastik-dis-derinligi-olcum-cihazlaritread-reader-born-in-englandlastik-dis-derinlik-olcme-ve-tarama-sistemigelismis-3d-kamera-ve-lazer-sistemi\/#webpage\",\"url\":\"https:\/\/bakirci.com\/ekipman\/servis-ekipmanlari\/mekanik\/lastik-servis-ekipmanlari\/lastik-dis-derinligi-olcum\/lastik-dis-derinligi-olcum-cihazlaritread-reader-born-in-englandlastik-dis-derinlik-olcme-ve-tarama-sistemigelismis-3d-kamera-ve-lazer-sistemi\/\",\"name\":\"Lastik Di\\u015f Derinlik \\u00d6l\\u00e7me ve Tarama Sistemi TREAD READER (Born in ENGLAND) Geli\\u015fmi\\u015f 3D kamera ve lazer sistemi - Bak\\u0131rc\\u0131 Garagineering\",\"isPartOf\":{\"@id\":\"https:\/\/bakirci.com\/ekipman\/#website\"},\"primaryImageOfPage\":{\"@id\":\"https:\/\/bakirci.com\/ekipman\/servis-ekipmanlari\/mekanik\/lastik-servis-ekipmanlari\/lastik-dis-derinligi-olcum\/lastik-dis-derinligi-olcum-cihazlaritread-reader-born-in-englandlastik-dis-derinlik-olcme-ve-tarama-sistemigelismis-3d-kamera-ve-lazer-sistemi\/#primaryimage\"},\"datePublished\":\"2021-03-03T05:35:51+00:00\",\"dateModified\":\"2021-08-06T12:14:01+00:00\",\"breadcrumb\":{\"@id\":\"https:\/\/bakirci.com\/ekipman\/servis-ekipmanlari\/mekanik\/lastik-servis-ekipmanlari\/lastik-dis-derinligi-olcum\/lastik-dis-derinligi-olcum-cihazlaritread-reader-born-in-englandlastik-dis-derinlik-olcme-ve-tarama-sistemigelismis-3d-kamera-ve-lazer-sistemi\/#breadcrumb\"},\"inLanguage\":\"tr\",\"potentialAction\":[{\"@type\":\"ReadAction\",\"target\":[\"https:\/\/bakirci.com\/ekipman\/servis-ekipmanlari\/mekanik\/lastik-servis-ekipmanlari\/lastik-dis-derinligi-olcum\/lastik-dis-derinligi-olcum-cihazlaritread-reader-born-in-englandlastik-dis-derinlik-olcme-ve-tarama-sistemigelismis-3d-kamera-ve-lazer-sistemi\/\"]}]},{\"@type\":\"BreadcrumbList\",\"@id\":\"https:\/\/bakirci.com\/ekipman\/servis-ekipmanlari\/mekanik\/lastik-servis-ekipmanlari\/lastik-dis-derinligi-olcum\/lastik-dis-derinligi-olcum-cihazlaritread-reader-born-in-englandlastik-dis-derinlik-olcme-ve-tarama-sistemigelismis-3d-kamera-ve-lazer-sistemi\/#breadcrumb\",\"itemListElement\":[{\"@type\":\"ListItem\",\"position\":1,\"name\":\"Ekipman\",\"item\":\"https:\/\/bakirci.com\/ekipman\/\"},{\"@type\":\"ListItem\",\"position\":2,\"name\":\"Otomotiv Tesisleri \\u0130\\u00e7in Servis Ekipmanlar\\u0131\",\"item\":\"https:\/\/bakirci.com\/ekipman\/\"},{\"@type\":\"ListItem\",\"position\":3,\"name\":\"Lastik Di\\u015f Derinlik \\u00d6l\\u00e7me ve Tarama SistemiTREAD READER (Born in ENGLAND)Geli\\u015fmi\\u015f 3D kamera ve lazer sistemi\"}]}]}<\/script>\n<!-- \/ Yoast SEO plugin. -->","yoast_head_json":{"title":"Lastik Di\u015f Derinlik \u00d6l\u00e7me ve Tarama SistemiTREAD READER (Born in ENGLAND)Geli\u015fmi\u015f 3D kamera ve lazer sistemi - Bak\u0131rc\u0131 Garagineering","robots":{"index":"index","follow":"follow","max-snippet":"max-snippet:-1","max-image-preview":"max-image-preview:large","max-video-preview":"max-video-preview:-1"},"canonical":"https:\/\/bakirci.com\/ekipman\/servis-ekipmanlari\/mekanik\/lastik-servis-ekipmanlari\/lastik-dis-derinligi-olcum\/lastik-dis-derinligi-olcum-cihazlaritread-reader-born-in-englandlastik-dis-derinlik-olcme-ve-tarama-sistemigelismis-3d-kamera-ve-lazer-sistemi\/","og_locale":"tr_TR","og_type":"article","og_title":"Lastik Di\u015f Derinlik \u00d6l\u00e7me ve Tarama SistemiTREAD READER (Born in ENGLAND)Geli\u015fmi\u015f 3D kamera ve lazer sistemi - Bak\u0131rc\u0131 Garagineering","og_description":"Lastik Di\u015f Derinlik \u00d6l\u00e7me ve Tarama Sistemi  Geli\u015fmi\u015f 3D kamera ve lazer sistemi sayesinde hassas ve uzun s\u00fcreli kullan\u0131m  \u00d6l\u00e7\u00fcm verilerinin kay\u0131t alt\u0131na al\u0131nabilmesi  \u00d6l\u00e7\u00fcm h\u0131z\u0131 6,5 - 13 km\/s  \u00d6l\u00e7\u00fcm hassasiyeti &lt;0.2 mm  Maksimum lastik geni\u015fli\u011fi 600 mm  Maksimum aks a\u011f\u0131rl\u0131\u011f\u0131 1,5 ton  Bilgisayar sistemi  Windows tabanl\u0131 T\u00fcrk\u00e7e program  27\" TFT renkli ekran, klavye ve renkli yaz\u0131c\u0131","og_url":"https:\/\/bakirci.com\/ekipman\/servis-ekipmanlari\/mekanik\/lastik-servis-ekipmanlari\/lastik-dis-derinligi-olcum\/lastik-dis-derinligi-olcum-cihazlaritread-reader-born-in-englandlastik-dis-derinlik-olcme-ve-tarama-sistemigelismis-3d-kamera-ve-lazer-sistemi\/","og_site_name":"Bak\u0131rc\u0131 Garagineering","article_publisher":"https:\/\/www.facebook.com\/bakirci.garagineering","article_modified_time":"2021-08-06T12:14:01+00:00","og_image":[{"width":1200,"height":712,"url":"https:\/\/bakirci.com\/ekipman\/wp-content\/uploads\/2021\/03\/Lastik-Dis-Derinlik-olcme-Tarama-Sistemi-1.jpg","path":"\/home\/bakirciwebsitesi\/public_html\/ekipman\/wp-content\/uploads\/2021\/03\/Lastik-Dis-Derinlik-olcme-Tarama-Sistemi-1.jpg","size":"full","id":5306,"alt":"","pixels":854400,"type":"image\/jpeg"}],"twitter_card":"summary_large_image","twitter_misc":{"Tahmini okuma s\u00fcresi":"1 dakika"},"schema":{"@context":"https:\/\/schema.org","@graph":[{"@type":"Organization","@id":"https:\/\/bakirci.com\/ekipman\/#organization","name":"Bak\u0131rc\u0131 garagineering","url":"https:\/\/bakirci.com\/ekipman\/","sameAs":["https:\/\/www.facebook.com\/bakirci.garagineering","https:\/\/www.instagram.com\/bakirci.garagineering\/","https:\/\/www.linkedin.com\/company\/bakirci-garagineering\/","https:\/\/www.youtube.com\/channel\/UCiVG6s_jALJ6Zk8085XiOQg"],"logo":{"@type":"ImageObject","@id":"https:\/\/bakirci.com\/ekipman\/#logo","inLanguage":"tr","url":"https:\/\/bakirci.com\/ekipman\/wp-content\/uploads\/2021\/09\/Bakirci-logo-lacivert.png","contentUrl":"https:\/\/bakirci.com\/ekipman\/wp-content\/uploads\/2021\/09\/Bakirci-logo-lacivert.png","width":501,"height":501,"caption":"Bak\u0131rc\u0131 garagineering"},"image":{"@id":"https:\/\/bakirci.com\/ekipman\/#logo"}},{"@type":"WebSite","@id":"https:\/\/bakirci.com\/ekipman\/#website","url":"https:\/\/bakirci.com\/ekipman\/","name":"Bak\u0131rc\u0131 Garagineering","description":"Otomotiv sekt\u00f6r\u00fcne \u00f6zel, \u201c\u00dcretici Standard\u0131nda\u201d \u00e7\u00f6z\u00fcmler\u2026","publisher":{"@id":"https:\/\/bakirci.com\/ekipman\/#organization"},"potentialAction":[{"@type":"SearchAction","target":{"@type":"EntryPoint","urlTemplate":"https:\/\/bakirci.com\/ekipman\/?s={search_term_string}"},"query-input":"required name=search_term_string"}],"inLanguage":"tr"},{"@type":"ImageObject","@id":"https:\/\/bakirci.com\/ekipman\/servis-ekipmanlari\/mekanik\/lastik-servis-ekipmanlari\/lastik-dis-derinligi-olcum\/lastik-dis-derinligi-olcum-cihazlaritread-reader-born-in-englandlastik-dis-derinlik-olcme-ve-tarama-sistemigelismis-3d-kamera-ve-lazer-sistemi\/#primaryimage","inLanguage":"tr","url":"https:\/\/bakirci.com\/ekipman\/wp-content\/uploads\/2021\/03\/Lastik-Dis-Derinlik-olcme-Tarama-Sistemi-1.jpg","contentUrl":"https:\/\/bakirci.com\/ekipman\/wp-content\/uploads\/2021\/03\/Lastik-Dis-Derinlik-olcme-Tarama-Sistemi-1.jpg","width":1200,"height":712},{"@type":"WebPage","@id":"https:\/\/bakirci.com\/ekipman\/servis-ekipmanlari\/mekanik\/lastik-servis-ekipmanlari\/lastik-dis-derinligi-olcum\/lastik-dis-derinligi-olcum-cihazlaritread-reader-born-in-englandlastik-dis-derinlik-olcme-ve-tarama-sistemigelismis-3d-kamera-ve-lazer-sistemi\/#webpage","url":"https:\/\/bakirci.com\/ekipman\/servis-ekipmanlari\/mekanik\/lastik-servis-ekipmanlari\/lastik-dis-derinligi-olcum\/lastik-dis-derinligi-olcum-cihazlaritread-reader-born-in-englandlastik-dis-derinlik-olcme-ve-tarama-sistemigelismis-3d-kamera-ve-lazer-sistemi\/","name":"Lastik Di\u015f Derinlik \u00d6l\u00e7me ve Tarama Sistemi TREAD READER (Born in ENGLAND) Geli\u015fmi\u015f 3D kamera ve lazer sistemi - Bak\u0131rc\u0131 Garagineering","isPartOf":{"@id":"https:\/\/bakirci.com\/ekipman\/#website"},"primaryImageOfPage":{"@id":"https:\/\/bakirci.com\/ekipman\/servis-ekipmanlari\/mekanik\/lastik-servis-ekipmanlari\/lastik-dis-derinligi-olcum\/lastik-dis-derinligi-olcum-cihazlaritread-reader-born-in-englandlastik-dis-derinlik-olcme-ve-tarama-sistemigelismis-3d-kamera-ve-lazer-sistemi\/#primaryimage"},"datePublished":"2021-03-03T05:35:51+00:00","dateModified":"2021-08-06T12:14:01+00:00","breadcrumb":{"@id":"https:\/\/bakirci.com\/ekipman\/servis-ekipmanlari\/mekanik\/lastik-servis-ekipmanlari\/lastik-dis-derinligi-olcum\/lastik-dis-derinligi-olcum-cihazlaritread-reader-born-in-englandlastik-dis-derinlik-olcme-ve-tarama-sistemigelismis-3d-kamera-ve-lazer-sistemi\/#breadcrumb"},"inLanguage":"tr","potentialAction":[{"@type":"ReadAction","target":["https:\/\/bakirci.com\/ekipman\/servis-ekipmanlari\/mekanik\/lastik-servis-ekipmanlari\/lastik-dis-derinligi-olcum\/lastik-dis-derinligi-olcum-cihazlaritread-reader-born-in-englandlastik-dis-derinlik-olcme-ve-tarama-sistemigelismis-3d-kamera-ve-lazer-sistemi\/"]}]},{"@type":"BreadcrumbList","@id":"https:\/\/bakirci.com\/ekipman\/servis-ekipmanlari\/mekanik\/lastik-servis-ekipmanlari\/lastik-dis-derinligi-olcum\/lastik-dis-derinligi-olcum-cihazlaritread-reader-born-in-englandlastik-dis-derinlik-olcme-ve-tarama-sistemigelismis-3d-kamera-ve-lazer-sistemi\/#breadcrumb","itemListElement":[{"@type":"ListItem","position":1,"name":"Ekipman","item":"https:\/\/bakirci.com\/ekipman\/"},{"@type":"ListItem","position":2,"name":"Otomotiv Tesisleri \u0130\u00e7in Servis Ekipmanlar\u0131","item":"https:\/\/bakirci.com\/ekipman\/"},{"@type":"ListItem","position":3,"name":"Lastik Di\u015f Derinlik \u00d6l\u00e7me ve Tarama SistemiTREAD READER (Born in ENGLAND)Geli\u015fmi\u015f 3D kamera ve lazer sistemi"}]}]}},"_links":{"self":[{"href":"https:\/\/bakirci.com\/ekipman\/wp-json\/wp\/v2\/product\/4105","targetHints":{"allow":["GET"]}}],"collection":[{"href":"https:\/\/bakirci.com\/ekipman\/wp-json\/wp\/v2\/product"}],"about":[{"href":"https:\/\/bakirci.com\/ekipman\/wp-json\/wp\/v2\/types\/product"}],"replies":[{"embeddable":true,"href":"https:\/\/bakirci.com\/ekipman\/wp-json\/wp\/v2\/comments?post=4105"}],"wp:featuredmedia":[{"embeddable":true,"href":"https:\/\/bakirci.com\/ekipman\/wp-json\/wp\/v2\/media\/5306"}],"wp:attachment":[{"href":"https:\/\/bakirci.com\/ekipman\/wp-json\/wp\/v2\/media?parent=4105"}],"wp:term":[{"taxonomy":"product_cat","embeddable":true,"href":"https:\/\/bakirci.com\/ekipman\/wp-json\/wp\/v2\/product_cat?post=4105"},{"taxonomy":"product_tag","embeddable":true,"href":"https:\/\/bakirci.com\/ekipman\/wp-json\/wp\/v2\/product_tag?post=4105"}],"curies":[{"name":"wp","href":"https:\/\/api.w.org\/{rel}","templated":true}]}}