{"id":4104,"date":"2021-03-03T05:40:30","date_gmt":"2021-03-03T05:40:30","guid":{"rendered":"https:\/\/j6l.65c.myftpupload.com\/?post_type=product&#038;p=4104"},"modified":"2021-08-16T06:20:29","modified_gmt":"2021-08-16T06:20:29","slug":"lastik-sokme-takma-cihazlaributler-born-in-usaagir-ticari-arac-dikey-lastik-sokme-takma-cihazi-nav26hw-tjant-capi-11-27-maksimum-lastik-capi-1300-mm","status":"publish","type":"product","link":"https:\/\/bakirci.com\/ekipman\/servis-ekipmanlari\/mekanik\/lastik-servis-ekipmanlari\/lastik-sokme-takmalar\/lastik-sokme-takma-cihazlaributler-born-in-usaagir-ticari-arac-dikey-lastik-sokme-takma-cihazi-nav26hw-tjant-capi-11-27-maksimum-lastik-capi-1300-mm\/","title":{"rendered":"<p class=\"ustmetin\">A\u011f\u0131r Ticari Ara\u00e7<br> Dikey Lastik S\u00f6kme Takma Cihaz\u0131<\/p><p class=\"ortametin\">BUTLER <span class=\"ortametin2\">(Born in USA)<\/span><\/p><p class=\"altmetin\">NAV26HW.T<br>Jant \u00e7ap\u0131 11&#8243; &#8211; 27&#8243;,<br> maksimum lastik \u00e7ap\u0131 1300 mm <\/p>"},"content":{"rendered":"<ul>\n<li>Mobil A\u011f\u0131r Ticari Ara\u00e7 Lastik S\u00f6kme Takma Cihaz\u0131 &#8211; NAV26HW.T<\/li>\n<li>Universal elektro-hidrolik sistem<\/li>\n<li>Mobil uzaktan kumanda kontrol \u00fcnitesi (VARGNAV26TBT)<\/li>\n<li>Jant \u00e7ap\u0131 11&#8243; &#8211; 27&#8243;<\/li>\n<li>Maksimum lastik \u00e7ap\u0131 1300 mm<\/li>\n<li>Maksimum lastik geni\u015fli\u011fi 950 mm<\/li>\n<li>Maksimum lastik a\u011f\u0131rl\u0131\u011f\u0131 1200 kg<\/li>\n<li>Maksimum \u00e7ene kuvveti 2200 Nm<\/li>\n<li>Topuk d\u00fc\u015f\u00fcrme kuvveti 16000 Nm<\/li>\n<\/ul>\n","protected":false},"excerpt":{"rendered":"<ul>\n<li>Mobil A\u011f\u0131r Ticari Ara\u00e7 Lastik S\u00f6kme Takma Cihaz\u0131 &#8211; NAV26HW.T<\/li>\n<li>Universal elektro-hidrolik sistem<\/li>\n<li>Mobil uzaktan kumanda kontrol \u00fcnitesi (VARGNAV26TBT)<\/li>\n<li>Jant \u00e7ap\u0131 11&#8243; &#8211; 27&#8243;<\/li>\n<li>Maksimum lastik \u00e7ap\u0131 1300 mm<\/li>\n<li>Maksimum lastik geni\u015fli\u011fi 950 mm<\/li>\n<li>Maksimum lastik a\u011f\u0131rl\u0131\u011f\u0131 1200 kg<\/li>\n<li>Maksimum \u00e7ene kuvveti 2200 Nm<\/li>\n<li>Topuk d\u00fc\u015f\u00fcrme kuvveti 16000 Nm<\/li>\n<\/ul>\n","protected":false},"featured_media":4297,"comment_status":"closed","ping_status":"closed","template":"","meta":[],"product_cat":[152,162],"product_tag":[51,421,488,489,490,487],"class_list":["post-4104","product","type-product","status-publish","has-post-thumbnail","hentry","pwb-brand-butler","product_cat-lastik-servis-ekipmanlari","product_cat-lastik-sokme-takmalar","product_tag-butler","product_tag-lastik-servisi","product_tag-levyeli-sokme-takma","product_tag-levyesiz-sokme-takma","product_tag-tekerlek","product_tag-tekerlek-servisi"],"brands":[{"id":364,"name":"BUTLER","slug":"butler"}],"yoast_head":"<!-- This site is optimized with the Yoast SEO plugin v17.1 - https:\/\/yoast.com\/wordpress\/plugins\/seo\/ -->\n<title>A\u011f\u0131r Ticari Ara\u00e7 Dikey Lastik S\u00f6kme Takma Cihaz\u0131BUTLER (Born in USA)NAV26HW.TJant \u00e7ap\u0131 11&quot; - 27&quot;, maksimum lastik \u00e7ap\u0131 1300 mm  - Bak\u0131rc\u0131 Garagineering<\/title>\n<meta name=\"robots\" content=\"index, follow, max-snippet:-1, max-image-preview:large, max-video-preview:-1\" \/>\n<link rel=\"canonical\" href=\"https:\/\/bakirci.com\/ekipman\/servis-ekipmanlari\/mekanik\/lastik-servis-ekipmanlari\/lastik-sokme-takmalar\/lastik-sokme-takma-cihazlaributler-born-in-usaagir-ticari-arac-dikey-lastik-sokme-takma-cihazi-nav26hw-tjant-capi-11-27-maksimum-lastik-capi-1300-mm\/\" \/>\n<meta property=\"og:locale\" content=\"tr_TR\" \/>\n<meta property=\"og:type\" content=\"article\" \/>\n<meta property=\"og:title\" content=\"A\u011f\u0131r Ticari Ara\u00e7 Dikey Lastik S\u00f6kme Takma Cihaz\u0131BUTLER (Born in USA)NAV26HW.TJant \u00e7ap\u0131 11&quot; - 27&quot;, maksimum lastik \u00e7ap\u0131 1300 mm  - Bak\u0131rc\u0131 Garagineering\" \/>\n<meta property=\"og:description\" content=\"Mobil A\u011f\u0131r Ticari Ara\u00e7 Lastik S\u00f6kme Takma Cihaz\u0131 - NAV26HW.T  Universal elektro-hidrolik sistem  Mobil uzaktan kumanda kontrol \u00fcnitesi (VARGNAV26TBT)  Jant \u00e7ap\u0131 11&quot; - 27&quot;  Maksimum lastik \u00e7ap\u0131 1300 mm  Maksimum lastik geni\u015fli\u011fi 950 mm  Maksimum lastik a\u011f\u0131rl\u0131\u011f\u0131 1200 kg  Maksimum \u00e7ene kuvveti 2200 Nm  Topuk d\u00fc\u015f\u00fcrme kuvveti 16000 Nm\" \/>\n<meta property=\"og:url\" content=\"https:\/\/bakirci.com\/ekipman\/servis-ekipmanlari\/mekanik\/lastik-servis-ekipmanlari\/lastik-sokme-takmalar\/lastik-sokme-takma-cihazlaributler-born-in-usaagir-ticari-arac-dikey-lastik-sokme-takma-cihazi-nav26hw-tjant-capi-11-27-maksimum-lastik-capi-1300-mm\/\" \/>\n<meta property=\"og:site_name\" content=\"Bak\u0131rc\u0131 Garagineering\" \/>\n<meta property=\"article:publisher\" content=\"https:\/\/www.facebook.com\/bakirci.garagineering\" \/>\n<meta property=\"article:modified_time\" content=\"2021-08-16T06:20:29+00:00\" \/>\n<meta property=\"og:image\" content=\"https:\/\/bakirci.com\/ekipman\/wp-content\/uploads\/2021\/03\/NAV26HWT.png\" \/>\n\t<meta property=\"og:image:width\" content=\"1200\" \/>\n\t<meta property=\"og:image:height\" content=\"1200\" \/>\n<meta name=\"twitter:card\" content=\"summary_large_image\" \/>\n<meta name=\"twitter:label1\" content=\"Tahmini okuma s\u00fcresi\" \/>\n\t<meta name=\"twitter:data1\" content=\"1 dakika\" \/>\n<script type=\"application\/ld+json\" class=\"yoast-schema-graph\">{\"@context\":\"https:\/\/schema.org\",\"@graph\":[{\"@type\":\"Organization\",\"@id\":\"https:\/\/bakirci.com\/ekipman\/#organization\",\"name\":\"Bak\\u0131rc\\u0131 garagineering\",\"url\":\"https:\/\/bakirci.com\/ekipman\/\",\"sameAs\":[\"https:\/\/www.facebook.com\/bakirci.garagineering\",\"https:\/\/www.instagram.com\/bakirci.garagineering\/\",\"https:\/\/www.linkedin.com\/company\/bakirci-garagineering\/\",\"https:\/\/www.youtube.com\/channel\/UCiVG6s_jALJ6Zk8085XiOQg\"],\"logo\":{\"@type\":\"ImageObject\",\"@id\":\"https:\/\/bakirci.com\/ekipman\/#logo\",\"inLanguage\":\"tr\",\"url\":\"https:\/\/bakirci.com\/ekipman\/wp-content\/uploads\/2021\/09\/Bakirci-logo-lacivert.png\",\"contentUrl\":\"https:\/\/bakirci.com\/ekipman\/wp-content\/uploads\/2021\/09\/Bakirci-logo-lacivert.png\",\"width\":501,\"height\":501,\"caption\":\"Bak\\u0131rc\\u0131 garagineering\"},\"image\":{\"@id\":\"https:\/\/bakirci.com\/ekipman\/#logo\"}},{\"@type\":\"WebSite\",\"@id\":\"https:\/\/bakirci.com\/ekipman\/#website\",\"url\":\"https:\/\/bakirci.com\/ekipman\/\",\"name\":\"Bak\\u0131rc\\u0131 Garagineering\",\"description\":\"Otomotiv sekt\\u00f6r\\u00fcne \\u00f6zel, \\u201c\\u00dcretici Standard\\u0131nda\\u201d \\u00e7\\u00f6z\\u00fcmler\\u2026\",\"publisher\":{\"@id\":\"https:\/\/bakirci.com\/ekipman\/#organization\"},\"potentialAction\":[{\"@type\":\"SearchAction\",\"target\":{\"@type\":\"EntryPoint\",\"urlTemplate\":\"https:\/\/bakirci.com\/ekipman\/?s={search_term_string}\"},\"query-input\":\"required name=search_term_string\"}],\"inLanguage\":\"tr\"},{\"@type\":\"ImageObject\",\"@id\":\"https:\/\/bakirci.com\/ekipman\/servis-ekipmanlari\/mekanik\/lastik-servis-ekipmanlari\/lastik-sokme-takmalar\/lastik-sokme-takma-cihazlaributler-born-in-usaagir-ticari-arac-dikey-lastik-sokme-takma-cihazi-nav26hw-tjant-capi-11-27-maksimum-lastik-capi-1300-mm\/#primaryimage\",\"inLanguage\":\"tr\",\"url\":\"https:\/\/bakirci.com\/ekipman\/wp-content\/uploads\/2021\/03\/NAV26HWT.png\",\"contentUrl\":\"https:\/\/bakirci.com\/ekipman\/wp-content\/uploads\/2021\/03\/NAV26HWT.png\",\"width\":1200,\"height\":1200},{\"@type\":\"WebPage\",\"@id\":\"https:\/\/bakirci.com\/ekipman\/servis-ekipmanlari\/mekanik\/lastik-servis-ekipmanlari\/lastik-sokme-takmalar\/lastik-sokme-takma-cihazlaributler-born-in-usaagir-ticari-arac-dikey-lastik-sokme-takma-cihazi-nav26hw-tjant-capi-11-27-maksimum-lastik-capi-1300-mm\/#webpage\",\"url\":\"https:\/\/bakirci.com\/ekipman\/servis-ekipmanlari\/mekanik\/lastik-servis-ekipmanlari\/lastik-sokme-takmalar\/lastik-sokme-takma-cihazlaributler-born-in-usaagir-ticari-arac-dikey-lastik-sokme-takma-cihazi-nav26hw-tjant-capi-11-27-maksimum-lastik-capi-1300-mm\/\",\"name\":\"A\\u011f\\u0131r Ticari Ara\\u00e7 Dikey Lastik S\\u00f6kme Takma Cihaz\\u0131 BUTLER (Born in USA) NAV26HW.T Jant \\u00e7ap\\u0131 11\\\" - 27\\\", maksimum lastik \\u00e7ap\\u0131 1300 mm - Bak\\u0131rc\\u0131 Garagineering\",\"isPartOf\":{\"@id\":\"https:\/\/bakirci.com\/ekipman\/#website\"},\"primaryImageOfPage\":{\"@id\":\"https:\/\/bakirci.com\/ekipman\/servis-ekipmanlari\/mekanik\/lastik-servis-ekipmanlari\/lastik-sokme-takmalar\/lastik-sokme-takma-cihazlaributler-born-in-usaagir-ticari-arac-dikey-lastik-sokme-takma-cihazi-nav26hw-tjant-capi-11-27-maksimum-lastik-capi-1300-mm\/#primaryimage\"},\"datePublished\":\"2021-03-03T05:40:30+00:00\",\"dateModified\":\"2021-08-16T06:20:29+00:00\",\"breadcrumb\":{\"@id\":\"https:\/\/bakirci.com\/ekipman\/servis-ekipmanlari\/mekanik\/lastik-servis-ekipmanlari\/lastik-sokme-takmalar\/lastik-sokme-takma-cihazlaributler-born-in-usaagir-ticari-arac-dikey-lastik-sokme-takma-cihazi-nav26hw-tjant-capi-11-27-maksimum-lastik-capi-1300-mm\/#breadcrumb\"},\"inLanguage\":\"tr\",\"potentialAction\":[{\"@type\":\"ReadAction\",\"target\":[\"https:\/\/bakirci.com\/ekipman\/servis-ekipmanlari\/mekanik\/lastik-servis-ekipmanlari\/lastik-sokme-takmalar\/lastik-sokme-takma-cihazlaributler-born-in-usaagir-ticari-arac-dikey-lastik-sokme-takma-cihazi-nav26hw-tjant-capi-11-27-maksimum-lastik-capi-1300-mm\/\"]}]},{\"@type\":\"BreadcrumbList\",\"@id\":\"https:\/\/bakirci.com\/ekipman\/servis-ekipmanlari\/mekanik\/lastik-servis-ekipmanlari\/lastik-sokme-takmalar\/lastik-sokme-takma-cihazlaributler-born-in-usaagir-ticari-arac-dikey-lastik-sokme-takma-cihazi-nav26hw-tjant-capi-11-27-maksimum-lastik-capi-1300-mm\/#breadcrumb\",\"itemListElement\":[{\"@type\":\"ListItem\",\"position\":1,\"name\":\"Ekipman\",\"item\":\"https:\/\/bakirci.com\/ekipman\/\"},{\"@type\":\"ListItem\",\"position\":2,\"name\":\"Otomotiv Tesisleri \\u0130\\u00e7in Servis Ekipmanlar\\u0131\",\"item\":\"https:\/\/bakirci.com\/ekipman\/\"},{\"@type\":\"ListItem\",\"position\":3,\"name\":\"A\\u011f\\u0131r Ticari Ara\\u00e7 Dikey Lastik S\\u00f6kme Takma Cihaz\\u0131BUTLER (Born in USA)NAV26HW.TJant \\u00e7ap\\u0131 11&#8243; &#8211; 27&#8243;, maksimum lastik \\u00e7ap\\u0131 1300 mm\"}]}]}<\/script>\n<!-- \/ Yoast SEO plugin. -->","yoast_head_json":{"title":"A\u011f\u0131r Ticari Ara\u00e7 Dikey Lastik S\u00f6kme Takma Cihaz\u0131BUTLER (Born in USA)NAV26HW.TJant \u00e7ap\u0131 11\" - 27\", maksimum lastik \u00e7ap\u0131 1300 mm  - Bak\u0131rc\u0131 Garagineering","robots":{"index":"index","follow":"follow","max-snippet":"max-snippet:-1","max-image-preview":"max-image-preview:large","max-video-preview":"max-video-preview:-1"},"canonical":"https:\/\/bakirci.com\/ekipman\/servis-ekipmanlari\/mekanik\/lastik-servis-ekipmanlari\/lastik-sokme-takmalar\/lastik-sokme-takma-cihazlaributler-born-in-usaagir-ticari-arac-dikey-lastik-sokme-takma-cihazi-nav26hw-tjant-capi-11-27-maksimum-lastik-capi-1300-mm\/","og_locale":"tr_TR","og_type":"article","og_title":"A\u011f\u0131r Ticari Ara\u00e7 Dikey Lastik S\u00f6kme Takma Cihaz\u0131BUTLER (Born in USA)NAV26HW.TJant \u00e7ap\u0131 11\" - 27\", maksimum lastik \u00e7ap\u0131 1300 mm  - Bak\u0131rc\u0131 Garagineering","og_description":"Mobil A\u011f\u0131r Ticari Ara\u00e7 Lastik S\u00f6kme Takma Cihaz\u0131 - NAV26HW.T  Universal elektro-hidrolik sistem  Mobil uzaktan kumanda kontrol \u00fcnitesi (VARGNAV26TBT)  Jant \u00e7ap\u0131 11\" - 27\"  Maksimum lastik \u00e7ap\u0131 1300 mm  Maksimum lastik geni\u015fli\u011fi 950 mm  Maksimum lastik a\u011f\u0131rl\u0131\u011f\u0131 1200 kg  Maksimum \u00e7ene kuvveti 2200 Nm  Topuk d\u00fc\u015f\u00fcrme kuvveti 16000 Nm","og_url":"https:\/\/bakirci.com\/ekipman\/servis-ekipmanlari\/mekanik\/lastik-servis-ekipmanlari\/lastik-sokme-takmalar\/lastik-sokme-takma-cihazlaributler-born-in-usaagir-ticari-arac-dikey-lastik-sokme-takma-cihazi-nav26hw-tjant-capi-11-27-maksimum-lastik-capi-1300-mm\/","og_site_name":"Bak\u0131rc\u0131 Garagineering","article_publisher":"https:\/\/www.facebook.com\/bakirci.garagineering","article_modified_time":"2021-08-16T06:20:29+00:00","og_image":[{"width":1200,"height":1200,"url":"https:\/\/bakirci.com\/ekipman\/wp-content\/uploads\/2021\/03\/NAV26HWT.png","path":"\/home\/bakirciwebsitesi\/public_html\/ekipman\/wp-content\/uploads\/2021\/03\/NAV26HWT.png","size":"full","id":4297,"alt":"","pixels":1440000,"type":"image\/png"}],"twitter_card":"summary_large_image","twitter_misc":{"Tahmini okuma s\u00fcresi":"1 dakika"},"schema":{"@context":"https:\/\/schema.org","@graph":[{"@type":"Organization","@id":"https:\/\/bakirci.com\/ekipman\/#organization","name":"Bak\u0131rc\u0131 garagineering","url":"https:\/\/bakirci.com\/ekipman\/","sameAs":["https:\/\/www.facebook.com\/bakirci.garagineering","https:\/\/www.instagram.com\/bakirci.garagineering\/","https:\/\/www.linkedin.com\/company\/bakirci-garagineering\/","https:\/\/www.youtube.com\/channel\/UCiVG6s_jALJ6Zk8085XiOQg"],"logo":{"@type":"ImageObject","@id":"https:\/\/bakirci.com\/ekipman\/#logo","inLanguage":"tr","url":"https:\/\/bakirci.com\/ekipman\/wp-content\/uploads\/2021\/09\/Bakirci-logo-lacivert.png","contentUrl":"https:\/\/bakirci.com\/ekipman\/wp-content\/uploads\/2021\/09\/Bakirci-logo-lacivert.png","width":501,"height":501,"caption":"Bak\u0131rc\u0131 garagineering"},"image":{"@id":"https:\/\/bakirci.com\/ekipman\/#logo"}},{"@type":"WebSite","@id":"https:\/\/bakirci.com\/ekipman\/#website","url":"https:\/\/bakirci.com\/ekipman\/","name":"Bak\u0131rc\u0131 Garagineering","description":"Otomotiv sekt\u00f6r\u00fcne \u00f6zel, \u201c\u00dcretici Standard\u0131nda\u201d \u00e7\u00f6z\u00fcmler\u2026","publisher":{"@id":"https:\/\/bakirci.com\/ekipman\/#organization"},"potentialAction":[{"@type":"SearchAction","target":{"@type":"EntryPoint","urlTemplate":"https:\/\/bakirci.com\/ekipman\/?s={search_term_string}"},"query-input":"required name=search_term_string"}],"inLanguage":"tr"},{"@type":"ImageObject","@id":"https:\/\/bakirci.com\/ekipman\/servis-ekipmanlari\/mekanik\/lastik-servis-ekipmanlari\/lastik-sokme-takmalar\/lastik-sokme-takma-cihazlaributler-born-in-usaagir-ticari-arac-dikey-lastik-sokme-takma-cihazi-nav26hw-tjant-capi-11-27-maksimum-lastik-capi-1300-mm\/#primaryimage","inLanguage":"tr","url":"https:\/\/bakirci.com\/ekipman\/wp-content\/uploads\/2021\/03\/NAV26HWT.png","contentUrl":"https:\/\/bakirci.com\/ekipman\/wp-content\/uploads\/2021\/03\/NAV26HWT.png","width":1200,"height":1200},{"@type":"WebPage","@id":"https:\/\/bakirci.com\/ekipman\/servis-ekipmanlari\/mekanik\/lastik-servis-ekipmanlari\/lastik-sokme-takmalar\/lastik-sokme-takma-cihazlaributler-born-in-usaagir-ticari-arac-dikey-lastik-sokme-takma-cihazi-nav26hw-tjant-capi-11-27-maksimum-lastik-capi-1300-mm\/#webpage","url":"https:\/\/bakirci.com\/ekipman\/servis-ekipmanlari\/mekanik\/lastik-servis-ekipmanlari\/lastik-sokme-takmalar\/lastik-sokme-takma-cihazlaributler-born-in-usaagir-ticari-arac-dikey-lastik-sokme-takma-cihazi-nav26hw-tjant-capi-11-27-maksimum-lastik-capi-1300-mm\/","name":"A\u011f\u0131r Ticari Ara\u00e7 Dikey Lastik S\u00f6kme Takma Cihaz\u0131 BUTLER (Born in USA) NAV26HW.T Jant \u00e7ap\u0131 11\" - 27\", maksimum lastik \u00e7ap\u0131 1300 mm - Bak\u0131rc\u0131 Garagineering","isPartOf":{"@id":"https:\/\/bakirci.com\/ekipman\/#website"},"primaryImageOfPage":{"@id":"https:\/\/bakirci.com\/ekipman\/servis-ekipmanlari\/mekanik\/lastik-servis-ekipmanlari\/lastik-sokme-takmalar\/lastik-sokme-takma-cihazlaributler-born-in-usaagir-ticari-arac-dikey-lastik-sokme-takma-cihazi-nav26hw-tjant-capi-11-27-maksimum-lastik-capi-1300-mm\/#primaryimage"},"datePublished":"2021-03-03T05:40:30+00:00","dateModified":"2021-08-16T06:20:29+00:00","breadcrumb":{"@id":"https:\/\/bakirci.com\/ekipman\/servis-ekipmanlari\/mekanik\/lastik-servis-ekipmanlari\/lastik-sokme-takmalar\/lastik-sokme-takma-cihazlaributler-born-in-usaagir-ticari-arac-dikey-lastik-sokme-takma-cihazi-nav26hw-tjant-capi-11-27-maksimum-lastik-capi-1300-mm\/#breadcrumb"},"inLanguage":"tr","potentialAction":[{"@type":"ReadAction","target":["https:\/\/bakirci.com\/ekipman\/servis-ekipmanlari\/mekanik\/lastik-servis-ekipmanlari\/lastik-sokme-takmalar\/lastik-sokme-takma-cihazlaributler-born-in-usaagir-ticari-arac-dikey-lastik-sokme-takma-cihazi-nav26hw-tjant-capi-11-27-maksimum-lastik-capi-1300-mm\/"]}]},{"@type":"BreadcrumbList","@id":"https:\/\/bakirci.com\/ekipman\/servis-ekipmanlari\/mekanik\/lastik-servis-ekipmanlari\/lastik-sokme-takmalar\/lastik-sokme-takma-cihazlaributler-born-in-usaagir-ticari-arac-dikey-lastik-sokme-takma-cihazi-nav26hw-tjant-capi-11-27-maksimum-lastik-capi-1300-mm\/#breadcrumb","itemListElement":[{"@type":"ListItem","position":1,"name":"Ekipman","item":"https:\/\/bakirci.com\/ekipman\/"},{"@type":"ListItem","position":2,"name":"Otomotiv Tesisleri \u0130\u00e7in Servis Ekipmanlar\u0131","item":"https:\/\/bakirci.com\/ekipman\/"},{"@type":"ListItem","position":3,"name":"A\u011f\u0131r Ticari Ara\u00e7 Dikey Lastik S\u00f6kme Takma Cihaz\u0131BUTLER (Born in USA)NAV26HW.TJant \u00e7ap\u0131 11&#8243; &#8211; 27&#8243;, maksimum lastik \u00e7ap\u0131 1300 mm"}]}]}},"_links":{"self":[{"href":"https:\/\/bakirci.com\/ekipman\/wp-json\/wp\/v2\/product\/4104","targetHints":{"allow":["GET"]}}],"collection":[{"href":"https:\/\/bakirci.com\/ekipman\/wp-json\/wp\/v2\/product"}],"about":[{"href":"https:\/\/bakirci.com\/ekipman\/wp-json\/wp\/v2\/types\/product"}],"replies":[{"embeddable":true,"href":"https:\/\/bakirci.com\/ekipman\/wp-json\/wp\/v2\/comments?post=4104"}],"wp:featuredmedia":[{"embeddable":true,"href":"https:\/\/bakirci.com\/ekipman\/wp-json\/wp\/v2\/media\/4297"}],"wp:attachment":[{"href":"https:\/\/bakirci.com\/ekipman\/wp-json\/wp\/v2\/media?parent=4104"}],"wp:term":[{"taxonomy":"product_cat","embeddable":true,"href":"https:\/\/bakirci.com\/ekipman\/wp-json\/wp\/v2\/product_cat?post=4104"},{"taxonomy":"product_tag","embeddable":true,"href":"https:\/\/bakirci.com\/ekipman\/wp-json\/wp\/v2\/product_tag?post=4104"}],"curies":[{"name":"wp","href":"https:\/\/api.w.org\/{rel}","templated":true}]}}