{"id":4098,"date":"2021-03-03T06:08:43","date_gmt":"2021-03-03T06:08:43","guid":{"rendered":"https:\/\/j6l.65c.myftpupload.com\/?post_type=product&#038;p=4098"},"modified":"2022-03-31T14:25:33","modified_gmt":"2022-03-31T14:25:33","slug":"lastik-sokme-takma-cihazlaributler-born-in-usamotosiklet-lastik-sokme-takma-cihazi-pc240-bikecift-hizli-jant-baglama-6-24","status":"publish","type":"product","link":"https:\/\/bakirci.com\/ekipman\/servis-ekipmanlari\/mekanik\/lastik-servis-ekipmanlari\/lastik-sokme-takmalar\/lastik-sokme-takma-cihazlaributler-born-in-usamotosiklet-lastik-sokme-takma-cihazi-pc240-bikecift-hizli-jant-baglama-6-24\/","title":{"rendered":"<p class=\"ustmetin\">Motosiklet Lastik S\u00f6kme Takma Cihaz\u0131<\/p><p class=\"ortametin\">BUTLER <span class=\"ortametin2\">(Born in USA)<\/span><\/p><p class=\"altmetin\">PC240.BIKE<br>\u00c7ift h\u0131zl\u0131, jant ba\u011flama 6&#8243; &#8211; 24&#8243;<\/p>"},"content":{"rendered":"<ul>\n<li>Motosiklet Lastik S\u00f6kme Takma Cihaz\u0131 &#8211; PC240.BIKE<\/li>\n<li>Manuel, yana do\u011fru hareket edebilen montaj kafas\u0131<\/li>\n<li>Pedal kontroll\u00fc d\u00f6ner tabla<\/li>\n<li>Yo\u011fun kullan\u0131m i\u00e7in tasarlanm\u0131\u015f h\u0131zl\u0131 ve \u00e7ok g\u00fc\u00e7l\u00fc yanak d\u00fc\u015f\u00fcrme sistemi<\/li>\n<li>Y\u00fcksek torklu d\u00f6ner tabla 1400 Nm<\/li>\n<li>\u00c7ift h\u0131zl\u0131 7,3 rpm<\/li>\n<li>D\u0131\u015ftan jant ba\u011flama 6&#8243; &#8211; 24&#8243;<\/li>\n<li>Maksimum jant geni\u015fli\u011fi 12&#8243;<\/li>\n<li>Maksimum tekerlek \u00e7ap\u0131 990 mm<\/li>\n<li>Yanak d\u00fc\u015f\u00fcrme g\u00fcc\u00fc 3600 kg<\/li>\n<\/ul>\n","protected":false},"excerpt":{"rendered":"<ul>\n<li>Motosiklet Lastik S\u00f6kme Takma Cihaz\u0131 &#8211; PC240.BIKE<\/li>\n<li>Manuel, yana do\u011fru hareket edebilen montaj kafas\u0131<\/li>\n<li>Pedal kontroll\u00fc d\u00f6ner tabla<\/li>\n<li>Yo\u011fun kullan\u0131m i\u00e7in tasarlanm\u0131\u015f h\u0131zl\u0131 ve \u00e7ok g\u00fc\u00e7l\u00fc yanak d\u00fc\u015f\u00fcrme sistemi<\/li>\n<li>Y\u00fcksek torklu d\u00f6ner tabla 1400 Nm<\/li>\n<li>\u00c7ift h\u0131zl\u0131 7,3 rpm<\/li>\n<li>D\u0131\u015ftan jant ba\u011flama 6&#8243; &#8211; 24&#8243;<\/li>\n<li>Maksimum jant geni\u015fli\u011fi 12&#8243;<\/li>\n<li>Maksimum tekerlek \u00e7ap\u0131 990 mm<\/li>\n<li>Yanak d\u00fc\u015f\u00fcrme g\u00fcc\u00fc 3600 kg<\/li>\n<\/ul>\n","protected":false},"featured_media":4290,"comment_status":"closed","ping_status":"closed","template":"","meta":[],"product_cat":[152,162],"product_tag":[51,421,488,489,490,487],"class_list":["post-4098","product","type-product","status-publish","has-post-thumbnail","hentry","pwb-brand-butler","product_cat-lastik-servis-ekipmanlari","product_cat-lastik-sokme-takmalar","product_tag-butler","product_tag-lastik-servisi","product_tag-levyeli-sokme-takma","product_tag-levyesiz-sokme-takma","product_tag-tekerlek","product_tag-tekerlek-servisi"],"brands":[{"id":364,"name":"BUTLER","slug":"butler"}],"yoast_head":"<!-- This site is optimized with the Yoast SEO plugin v17.1 - https:\/\/yoast.com\/wordpress\/plugins\/seo\/ -->\n<title>Motosiklet Lastik S\u00f6kme Takma Cihaz\u0131BUTLER (Born in USA)PC240.BIKE\u00c7ift h\u0131zl\u0131, jant ba\u011flama 6&quot; - 24&quot; - Bak\u0131rc\u0131 Garagineering<\/title>\n<meta name=\"robots\" content=\"index, follow, max-snippet:-1, max-image-preview:large, max-video-preview:-1\" \/>\n<link rel=\"canonical\" href=\"https:\/\/bakirci.com\/ekipman\/servis-ekipmanlari\/mekanik\/lastik-servis-ekipmanlari\/lastik-sokme-takmalar\/lastik-sokme-takma-cihazlaributler-born-in-usamotosiklet-lastik-sokme-takma-cihazi-pc240-bikecift-hizli-jant-baglama-6-24\/\" \/>\n<meta property=\"og:locale\" content=\"tr_TR\" \/>\n<meta property=\"og:type\" content=\"article\" \/>\n<meta property=\"og:title\" content=\"Motosiklet Lastik S\u00f6kme Takma Cihaz\u0131BUTLER (Born in USA)PC240.BIKE\u00c7ift h\u0131zl\u0131, jant ba\u011flama 6&quot; - 24&quot; - Bak\u0131rc\u0131 Garagineering\" \/>\n<meta property=\"og:description\" content=\"Motosiklet Lastik S\u00f6kme Takma Cihaz\u0131 - PC240.BIKE  Manuel, yana do\u011fru hareket edebilen montaj kafas\u0131  Pedal kontroll\u00fc d\u00f6ner tabla  Yo\u011fun kullan\u0131m i\u00e7in tasarlanm\u0131\u015f h\u0131zl\u0131 ve \u00e7ok g\u00fc\u00e7l\u00fc yanak d\u00fc\u015f\u00fcrme sistemi  Y\u00fcksek torklu d\u00f6ner tabla 1400 Nm  \u00c7ift h\u0131zl\u0131 7,3 rpm  D\u0131\u015ftan jant ba\u011flama 6&quot; - 24&quot;  Maksimum jant geni\u015fli\u011fi 12&quot;  Maksimum tekerlek \u00e7ap\u0131 990 mm  Yanak d\u00fc\u015f\u00fcrme g\u00fcc\u00fc 3600 kg\" \/>\n<meta property=\"og:url\" content=\"https:\/\/bakirci.com\/ekipman\/servis-ekipmanlari\/mekanik\/lastik-servis-ekipmanlari\/lastik-sokme-takmalar\/lastik-sokme-takma-cihazlaributler-born-in-usamotosiklet-lastik-sokme-takma-cihazi-pc240-bikecift-hizli-jant-baglama-6-24\/\" \/>\n<meta property=\"og:site_name\" content=\"Bak\u0131rc\u0131 Garagineering\" \/>\n<meta property=\"article:publisher\" content=\"https:\/\/www.facebook.com\/bakirci.garagineering\" \/>\n<meta property=\"article:modified_time\" content=\"2022-03-31T14:25:33+00:00\" \/>\n<meta property=\"og:image\" content=\"https:\/\/bakirci.com\/ekipman\/wp-content\/uploads\/2021\/03\/PC240-BIKE.png\" \/>\n\t<meta property=\"og:image:width\" content=\"464\" \/>\n\t<meta property=\"og:image:height\" content=\"464\" \/>\n<meta name=\"twitter:card\" content=\"summary_large_image\" \/>\n<meta name=\"twitter:label1\" content=\"Tahmini okuma s\u00fcresi\" \/>\n\t<meta name=\"twitter:data1\" content=\"1 dakika\" \/>\n<script type=\"application\/ld+json\" class=\"yoast-schema-graph\">{\"@context\":\"https:\/\/schema.org\",\"@graph\":[{\"@type\":\"Organization\",\"@id\":\"https:\/\/bakirci.com\/ekipman\/#organization\",\"name\":\"Bak\\u0131rc\\u0131 garagineering\",\"url\":\"https:\/\/bakirci.com\/ekipman\/\",\"sameAs\":[\"https:\/\/www.facebook.com\/bakirci.garagineering\",\"https:\/\/www.instagram.com\/bakirci.garagineering\/\",\"https:\/\/www.linkedin.com\/company\/bakirci-garagineering\/\",\"https:\/\/www.youtube.com\/channel\/UCiVG6s_jALJ6Zk8085XiOQg\"],\"logo\":{\"@type\":\"ImageObject\",\"@id\":\"https:\/\/bakirci.com\/ekipman\/#logo\",\"inLanguage\":\"tr\",\"url\":\"https:\/\/bakirci.com\/ekipman\/wp-content\/uploads\/2021\/09\/Bakirci-logo-lacivert.png\",\"contentUrl\":\"https:\/\/bakirci.com\/ekipman\/wp-content\/uploads\/2021\/09\/Bakirci-logo-lacivert.png\",\"width\":501,\"height\":501,\"caption\":\"Bak\\u0131rc\\u0131 garagineering\"},\"image\":{\"@id\":\"https:\/\/bakirci.com\/ekipman\/#logo\"}},{\"@type\":\"WebSite\",\"@id\":\"https:\/\/bakirci.com\/ekipman\/#website\",\"url\":\"https:\/\/bakirci.com\/ekipman\/\",\"name\":\"Bak\\u0131rc\\u0131 Garagineering\",\"description\":\"Otomotiv sekt\\u00f6r\\u00fcne \\u00f6zel, \\u201c\\u00dcretici Standard\\u0131nda\\u201d \\u00e7\\u00f6z\\u00fcmler\\u2026\",\"publisher\":{\"@id\":\"https:\/\/bakirci.com\/ekipman\/#organization\"},\"potentialAction\":[{\"@type\":\"SearchAction\",\"target\":{\"@type\":\"EntryPoint\",\"urlTemplate\":\"https:\/\/bakirci.com\/ekipman\/?s={search_term_string}\"},\"query-input\":\"required name=search_term_string\"}],\"inLanguage\":\"tr\"},{\"@type\":\"ImageObject\",\"@id\":\"https:\/\/bakirci.com\/ekipman\/servis-ekipmanlari\/mekanik\/lastik-servis-ekipmanlari\/lastik-sokme-takmalar\/lastik-sokme-takma-cihazlaributler-born-in-usamotosiklet-lastik-sokme-takma-cihazi-pc240-bikecift-hizli-jant-baglama-6-24\/#primaryimage\",\"inLanguage\":\"tr\",\"url\":\"https:\/\/bakirci.com\/ekipman\/wp-content\/uploads\/2021\/03\/PC240-BIKE.png\",\"contentUrl\":\"https:\/\/bakirci.com\/ekipman\/wp-content\/uploads\/2021\/03\/PC240-BIKE.png\",\"width\":464,\"height\":464},{\"@type\":\"WebPage\",\"@id\":\"https:\/\/bakirci.com\/ekipman\/servis-ekipmanlari\/mekanik\/lastik-servis-ekipmanlari\/lastik-sokme-takmalar\/lastik-sokme-takma-cihazlaributler-born-in-usamotosiklet-lastik-sokme-takma-cihazi-pc240-bikecift-hizli-jant-baglama-6-24\/#webpage\",\"url\":\"https:\/\/bakirci.com\/ekipman\/servis-ekipmanlari\/mekanik\/lastik-servis-ekipmanlari\/lastik-sokme-takmalar\/lastik-sokme-takma-cihazlaributler-born-in-usamotosiklet-lastik-sokme-takma-cihazi-pc240-bikecift-hizli-jant-baglama-6-24\/\",\"name\":\"Motosiklet Lastik S\\u00f6kme Takma Cihaz\\u0131 BUTLER (Born in USA) PC240.BIKE \\u00c7ift h\\u0131zl\\u0131, jant ba\\u011flama 6\\\" - 24\\\" - Bak\\u0131rc\\u0131 Garagineering\",\"isPartOf\":{\"@id\":\"https:\/\/bakirci.com\/ekipman\/#website\"},\"primaryImageOfPage\":{\"@id\":\"https:\/\/bakirci.com\/ekipman\/servis-ekipmanlari\/mekanik\/lastik-servis-ekipmanlari\/lastik-sokme-takmalar\/lastik-sokme-takma-cihazlaributler-born-in-usamotosiklet-lastik-sokme-takma-cihazi-pc240-bikecift-hizli-jant-baglama-6-24\/#primaryimage\"},\"datePublished\":\"2021-03-03T06:08:43+00:00\",\"dateModified\":\"2022-03-31T14:25:33+00:00\",\"breadcrumb\":{\"@id\":\"https:\/\/bakirci.com\/ekipman\/servis-ekipmanlari\/mekanik\/lastik-servis-ekipmanlari\/lastik-sokme-takmalar\/lastik-sokme-takma-cihazlaributler-born-in-usamotosiklet-lastik-sokme-takma-cihazi-pc240-bikecift-hizli-jant-baglama-6-24\/#breadcrumb\"},\"inLanguage\":\"tr\",\"potentialAction\":[{\"@type\":\"ReadAction\",\"target\":[\"https:\/\/bakirci.com\/ekipman\/servis-ekipmanlari\/mekanik\/lastik-servis-ekipmanlari\/lastik-sokme-takmalar\/lastik-sokme-takma-cihazlaributler-born-in-usamotosiklet-lastik-sokme-takma-cihazi-pc240-bikecift-hizli-jant-baglama-6-24\/\"]}]},{\"@type\":\"BreadcrumbList\",\"@id\":\"https:\/\/bakirci.com\/ekipman\/servis-ekipmanlari\/mekanik\/lastik-servis-ekipmanlari\/lastik-sokme-takmalar\/lastik-sokme-takma-cihazlaributler-born-in-usamotosiklet-lastik-sokme-takma-cihazi-pc240-bikecift-hizli-jant-baglama-6-24\/#breadcrumb\",\"itemListElement\":[{\"@type\":\"ListItem\",\"position\":1,\"name\":\"Ekipman\",\"item\":\"https:\/\/bakirci.com\/ekipman\/\"},{\"@type\":\"ListItem\",\"position\":2,\"name\":\"Otomotiv Tesisleri \\u0130\\u00e7in Servis Ekipmanlar\\u0131\",\"item\":\"https:\/\/bakirci.com\/ekipman\/\"},{\"@type\":\"ListItem\",\"position\":3,\"name\":\"Motosiklet Lastik S\\u00f6kme Takma Cihaz\\u0131BUTLER (Born in USA)PC240.BIKE\\u00c7ift h\\u0131zl\\u0131, jant ba\\u011flama 6&#8243; &#8211; 24&#8243;\"}]}]}<\/script>\n<!-- \/ Yoast SEO plugin. -->","yoast_head_json":{"title":"Motosiklet Lastik S\u00f6kme Takma Cihaz\u0131BUTLER (Born in USA)PC240.BIKE\u00c7ift h\u0131zl\u0131, jant ba\u011flama 6\" - 24\" - Bak\u0131rc\u0131 Garagineering","robots":{"index":"index","follow":"follow","max-snippet":"max-snippet:-1","max-image-preview":"max-image-preview:large","max-video-preview":"max-video-preview:-1"},"canonical":"https:\/\/bakirci.com\/ekipman\/servis-ekipmanlari\/mekanik\/lastik-servis-ekipmanlari\/lastik-sokme-takmalar\/lastik-sokme-takma-cihazlaributler-born-in-usamotosiklet-lastik-sokme-takma-cihazi-pc240-bikecift-hizli-jant-baglama-6-24\/","og_locale":"tr_TR","og_type":"article","og_title":"Motosiklet Lastik S\u00f6kme Takma Cihaz\u0131BUTLER (Born in USA)PC240.BIKE\u00c7ift h\u0131zl\u0131, jant ba\u011flama 6\" - 24\" - Bak\u0131rc\u0131 Garagineering","og_description":"Motosiklet Lastik S\u00f6kme Takma Cihaz\u0131 - PC240.BIKE  Manuel, yana do\u011fru hareket edebilen montaj kafas\u0131  Pedal kontroll\u00fc d\u00f6ner tabla  Yo\u011fun kullan\u0131m i\u00e7in tasarlanm\u0131\u015f h\u0131zl\u0131 ve \u00e7ok g\u00fc\u00e7l\u00fc yanak d\u00fc\u015f\u00fcrme sistemi  Y\u00fcksek torklu d\u00f6ner tabla 1400 Nm  \u00c7ift h\u0131zl\u0131 7,3 rpm  D\u0131\u015ftan jant ba\u011flama 6\" - 24\"  Maksimum jant geni\u015fli\u011fi 12\"  Maksimum tekerlek \u00e7ap\u0131 990 mm  Yanak d\u00fc\u015f\u00fcrme g\u00fcc\u00fc 3600 kg","og_url":"https:\/\/bakirci.com\/ekipman\/servis-ekipmanlari\/mekanik\/lastik-servis-ekipmanlari\/lastik-sokme-takmalar\/lastik-sokme-takma-cihazlaributler-born-in-usamotosiklet-lastik-sokme-takma-cihazi-pc240-bikecift-hizli-jant-baglama-6-24\/","og_site_name":"Bak\u0131rc\u0131 Garagineering","article_publisher":"https:\/\/www.facebook.com\/bakirci.garagineering","article_modified_time":"2022-03-31T14:25:33+00:00","og_image":[{"width":464,"height":464,"url":"https:\/\/bakirci.com\/ekipman\/wp-content\/uploads\/2021\/03\/PC240-BIKE.png","path":"\/home\/bakirciwebsitesi\/public_html\/ekipman\/wp-content\/uploads\/2021\/03\/PC240-BIKE.png","size":"full","id":4290,"alt":"","pixels":215296,"type":"image\/png"}],"twitter_card":"summary_large_image","twitter_misc":{"Tahmini okuma s\u00fcresi":"1 dakika"},"schema":{"@context":"https:\/\/schema.org","@graph":[{"@type":"Organization","@id":"https:\/\/bakirci.com\/ekipman\/#organization","name":"Bak\u0131rc\u0131 garagineering","url":"https:\/\/bakirci.com\/ekipman\/","sameAs":["https:\/\/www.facebook.com\/bakirci.garagineering","https:\/\/www.instagram.com\/bakirci.garagineering\/","https:\/\/www.linkedin.com\/company\/bakirci-garagineering\/","https:\/\/www.youtube.com\/channel\/UCiVG6s_jALJ6Zk8085XiOQg"],"logo":{"@type":"ImageObject","@id":"https:\/\/bakirci.com\/ekipman\/#logo","inLanguage":"tr","url":"https:\/\/bakirci.com\/ekipman\/wp-content\/uploads\/2021\/09\/Bakirci-logo-lacivert.png","contentUrl":"https:\/\/bakirci.com\/ekipman\/wp-content\/uploads\/2021\/09\/Bakirci-logo-lacivert.png","width":501,"height":501,"caption":"Bak\u0131rc\u0131 garagineering"},"image":{"@id":"https:\/\/bakirci.com\/ekipman\/#logo"}},{"@type":"WebSite","@id":"https:\/\/bakirci.com\/ekipman\/#website","url":"https:\/\/bakirci.com\/ekipman\/","name":"Bak\u0131rc\u0131 Garagineering","description":"Otomotiv sekt\u00f6r\u00fcne \u00f6zel, \u201c\u00dcretici Standard\u0131nda\u201d \u00e7\u00f6z\u00fcmler\u2026","publisher":{"@id":"https:\/\/bakirci.com\/ekipman\/#organization"},"potentialAction":[{"@type":"SearchAction","target":{"@type":"EntryPoint","urlTemplate":"https:\/\/bakirci.com\/ekipman\/?s={search_term_string}"},"query-input":"required name=search_term_string"}],"inLanguage":"tr"},{"@type":"ImageObject","@id":"https:\/\/bakirci.com\/ekipman\/servis-ekipmanlari\/mekanik\/lastik-servis-ekipmanlari\/lastik-sokme-takmalar\/lastik-sokme-takma-cihazlaributler-born-in-usamotosiklet-lastik-sokme-takma-cihazi-pc240-bikecift-hizli-jant-baglama-6-24\/#primaryimage","inLanguage":"tr","url":"https:\/\/bakirci.com\/ekipman\/wp-content\/uploads\/2021\/03\/PC240-BIKE.png","contentUrl":"https:\/\/bakirci.com\/ekipman\/wp-content\/uploads\/2021\/03\/PC240-BIKE.png","width":464,"height":464},{"@type":"WebPage","@id":"https:\/\/bakirci.com\/ekipman\/servis-ekipmanlari\/mekanik\/lastik-servis-ekipmanlari\/lastik-sokme-takmalar\/lastik-sokme-takma-cihazlaributler-born-in-usamotosiklet-lastik-sokme-takma-cihazi-pc240-bikecift-hizli-jant-baglama-6-24\/#webpage","url":"https:\/\/bakirci.com\/ekipman\/servis-ekipmanlari\/mekanik\/lastik-servis-ekipmanlari\/lastik-sokme-takmalar\/lastik-sokme-takma-cihazlaributler-born-in-usamotosiklet-lastik-sokme-takma-cihazi-pc240-bikecift-hizli-jant-baglama-6-24\/","name":"Motosiklet Lastik S\u00f6kme Takma Cihaz\u0131 BUTLER (Born in USA) PC240.BIKE \u00c7ift h\u0131zl\u0131, jant ba\u011flama 6\" - 24\" - Bak\u0131rc\u0131 Garagineering","isPartOf":{"@id":"https:\/\/bakirci.com\/ekipman\/#website"},"primaryImageOfPage":{"@id":"https:\/\/bakirci.com\/ekipman\/servis-ekipmanlari\/mekanik\/lastik-servis-ekipmanlari\/lastik-sokme-takmalar\/lastik-sokme-takma-cihazlaributler-born-in-usamotosiklet-lastik-sokme-takma-cihazi-pc240-bikecift-hizli-jant-baglama-6-24\/#primaryimage"},"datePublished":"2021-03-03T06:08:43+00:00","dateModified":"2022-03-31T14:25:33+00:00","breadcrumb":{"@id":"https:\/\/bakirci.com\/ekipman\/servis-ekipmanlari\/mekanik\/lastik-servis-ekipmanlari\/lastik-sokme-takmalar\/lastik-sokme-takma-cihazlaributler-born-in-usamotosiklet-lastik-sokme-takma-cihazi-pc240-bikecift-hizli-jant-baglama-6-24\/#breadcrumb"},"inLanguage":"tr","potentialAction":[{"@type":"ReadAction","target":["https:\/\/bakirci.com\/ekipman\/servis-ekipmanlari\/mekanik\/lastik-servis-ekipmanlari\/lastik-sokme-takmalar\/lastik-sokme-takma-cihazlaributler-born-in-usamotosiklet-lastik-sokme-takma-cihazi-pc240-bikecift-hizli-jant-baglama-6-24\/"]}]},{"@type":"BreadcrumbList","@id":"https:\/\/bakirci.com\/ekipman\/servis-ekipmanlari\/mekanik\/lastik-servis-ekipmanlari\/lastik-sokme-takmalar\/lastik-sokme-takma-cihazlaributler-born-in-usamotosiklet-lastik-sokme-takma-cihazi-pc240-bikecift-hizli-jant-baglama-6-24\/#breadcrumb","itemListElement":[{"@type":"ListItem","position":1,"name":"Ekipman","item":"https:\/\/bakirci.com\/ekipman\/"},{"@type":"ListItem","position":2,"name":"Otomotiv Tesisleri \u0130\u00e7in Servis Ekipmanlar\u0131","item":"https:\/\/bakirci.com\/ekipman\/"},{"@type":"ListItem","position":3,"name":"Motosiklet Lastik S\u00f6kme Takma Cihaz\u0131BUTLER (Born in USA)PC240.BIKE\u00c7ift h\u0131zl\u0131, jant ba\u011flama 6&#8243; &#8211; 24&#8243;"}]}]}},"_links":{"self":[{"href":"https:\/\/bakirci.com\/ekipman\/wp-json\/wp\/v2\/product\/4098","targetHints":{"allow":["GET"]}}],"collection":[{"href":"https:\/\/bakirci.com\/ekipman\/wp-json\/wp\/v2\/product"}],"about":[{"href":"https:\/\/bakirci.com\/ekipman\/wp-json\/wp\/v2\/types\/product"}],"replies":[{"embeddable":true,"href":"https:\/\/bakirci.com\/ekipman\/wp-json\/wp\/v2\/comments?post=4098"}],"wp:featuredmedia":[{"embeddable":true,"href":"https:\/\/bakirci.com\/ekipman\/wp-json\/wp\/v2\/media\/4290"}],"wp:attachment":[{"href":"https:\/\/bakirci.com\/ekipman\/wp-json\/wp\/v2\/media?parent=4098"}],"wp:term":[{"taxonomy":"product_cat","embeddable":true,"href":"https:\/\/bakirci.com\/ekipman\/wp-json\/wp\/v2\/product_cat?post=4098"},{"taxonomy":"product_tag","embeddable":true,"href":"https:\/\/bakirci.com\/ekipman\/wp-json\/wp\/v2\/product_tag?post=4098"}],"curies":[{"name":"wp","href":"https:\/\/api.w.org\/{rel}","templated":true}]}}