{"id":4096,"date":"2021-03-03T06:15:16","date_gmt":"2021-03-03T06:15:16","guid":{"rendered":"https:\/\/j6l.65c.myftpupload.com\/?post_type=product&#038;p=4096"},"modified":"2021-08-16T06:19:19","modified_gmt":"2021-08-16T06:19:19","slug":"lastik-sokme-takma-cihazlaributler-born-in-usalastik-sokme-takma-cihazi-hp643sq-26cift-hizli-jant-baglama-10-285-jant-genisligi-15-ozel-yardimci-kol-soklamali","status":"publish","type":"product","link":"https:\/\/bakirci.com\/ekipman\/servis-ekipmanlari\/mekanik\/lastik-servis-ekipmanlari\/lastik-sokme-takmalar\/lastik-sokme-takma-cihazlaributler-born-in-usalastik-sokme-takma-cihazi-hp643sq-26cift-hizli-jant-baglama-10-285-jant-genisligi-15-ozel-yardimci-kol-soklamali\/","title":{"rendered":"<p class=\"ustmetin\">Lastik S\u00f6kme Takma Cihaz\u0131<\/p><p class=\"ortametin\">BUTLER <span class=\"ortametin2\">(Born in USA)<\/span><\/p><p class=\"altmetin\">HP643SQ.26<br>\u00c7ift h\u0131zl\u0131, jant ba\u011flama 10&#8243; &#8211; 28,5&#8243;, <br>jant geni\u015fli\u011fi 15&#8243;, \u00f6zel yard\u0131mc\u0131 kol, \u015foklamal\u0131<\/p>"},"content":{"rendered":"<ul>\n<li>Lastik S\u00f6kme Takma Cihaz\u0131 &#8211; HP643SQ.26<\/li>\n<li>Pn\u00f6matik, geriye do\u011fru hareket edebilen montaj kafas\u0131<\/li>\n<li>Pedal kontroll\u00fc \u00e7ift devirli d\u00f6ner tabla<\/li>\n<li>Y\u00fcksek torklu d\u00f6ner tabla 1400 Nm<\/li>\n<li>Pedal kontroll\u00fc lastik \u015fi\u015firme<\/li>\n<li>Yard\u0131mc\u0131 bast\u0131rma kolu<\/li>\n<li>\u00c7ift h\u0131zl\u0131 6,5 \/ 13 rpm<\/li>\n<li>D\u0131\u015ftan jant ba\u011flama 10&#8243; &#8211; 26&#8243;<\/li>\n<li>\u0130\u00e7ten jant ba\u011flama 12&#8243; &#8211; 28,5&#8243;<\/li>\n<li>Maksimum jant geni\u015fli\u011fi 15&#8243;<\/li>\n<li>Maksimum tekerlek \u00e7ap\u0131 1092 mm<\/li>\n<li>RFT ve UHP lastikler i\u00e7in \u00f6zel yard\u0131mc\u0131 kol sistemi (Plus 83 H)<\/li>\n<li>Lastik \u015foklama (G800A80)<\/li>\n<\/ul>\n","protected":false},"excerpt":{"rendered":"<ul>\n<li>Lastik S\u00f6kme Takma Cihaz\u0131 &#8211; HP643SQ.26<\/li>\n<li>Pn\u00f6matik, geriye do\u011fru hareket edebilen montaj kafas\u0131<\/li>\n<li>Pedal kontroll\u00fc \u00e7ift devirli d\u00f6ner tabla<\/li>\n<li>Y\u00fcksek torklu d\u00f6ner tabla 1400 Nm<\/li>\n<li>Pedal kontroll\u00fc lastik \u015fi\u015firme<\/li>\n<li>Yard\u0131mc\u0131 bast\u0131rma kolu<\/li>\n<li>\u00c7ift h\u0131zl\u0131 6,5 \/ 13 rpm<\/li>\n<li>D\u0131\u015ftan jant ba\u011flama 10&#8243; &#8211; 26&#8243;<\/li>\n<li>\u0130\u00e7ten jant ba\u011flama 12&#8243; &#8211; 28,5&#8243;<\/li>\n<li>Maksimum jant geni\u015fli\u011fi 15&#8243;<\/li>\n<li>Maksimum tekerlek \u00e7ap\u0131 1092 mm<\/li>\n<li>RFT ve UHP lastikler i\u00e7in \u00f6zel yard\u0131mc\u0131 kol sistemi (Plus 83 H)<\/li>\n<li>Lastik \u015foklama (G800A80)<\/li>\n<\/ul>\n","protected":false},"featured_media":4288,"comment_status":"closed","ping_status":"closed","template":"","meta":[],"product_cat":[152,162],"product_tag":[51,421,488,489,490,487],"class_list":["post-4096","product","type-product","status-publish","has-post-thumbnail","hentry","pwb-brand-butler","product_cat-lastik-servis-ekipmanlari","product_cat-lastik-sokme-takmalar","product_tag-butler","product_tag-lastik-servisi","product_tag-levyeli-sokme-takma","product_tag-levyesiz-sokme-takma","product_tag-tekerlek","product_tag-tekerlek-servisi"],"brands":[{"id":364,"name":"BUTLER","slug":"butler"}],"yoast_head":"<!-- This site is optimized with the Yoast SEO plugin v17.1 - https:\/\/yoast.com\/wordpress\/plugins\/seo\/ -->\n<title>Lastik S\u00f6kme Takma Cihaz\u0131BUTLER (Born in USA)HP643SQ.26\u00c7ift h\u0131zl\u0131, jant ba\u011flama 10&quot; - 28,5&quot;, jant geni\u015fli\u011fi 15&quot;, \u00f6zel yard\u0131mc\u0131 kol, \u015foklamal\u0131 - Bak\u0131rc\u0131 Garagineering<\/title>\n<meta name=\"robots\" content=\"index, follow, max-snippet:-1, max-image-preview:large, max-video-preview:-1\" \/>\n<link rel=\"canonical\" href=\"https:\/\/bakirci.com\/ekipman\/servis-ekipmanlari\/mekanik\/lastik-servis-ekipmanlari\/lastik-sokme-takmalar\/lastik-sokme-takma-cihazlaributler-born-in-usalastik-sokme-takma-cihazi-hp643sq-26cift-hizli-jant-baglama-10-285-jant-genisligi-15-ozel-yardimci-kol-soklamali\/\" \/>\n<meta property=\"og:locale\" content=\"tr_TR\" \/>\n<meta property=\"og:type\" content=\"article\" \/>\n<meta property=\"og:title\" content=\"Lastik S\u00f6kme Takma Cihaz\u0131BUTLER (Born in USA)HP643SQ.26\u00c7ift h\u0131zl\u0131, jant ba\u011flama 10&quot; - 28,5&quot;, jant geni\u015fli\u011fi 15&quot;, \u00f6zel yard\u0131mc\u0131 kol, \u015foklamal\u0131 - Bak\u0131rc\u0131 Garagineering\" \/>\n<meta property=\"og:description\" content=\"Lastik S\u00f6kme Takma Cihaz\u0131 - HP643SQ.26  Pn\u00f6matik, geriye do\u011fru hareket edebilen montaj kafas\u0131  Pedal kontroll\u00fc \u00e7ift devirli d\u00f6ner tabla  Y\u00fcksek torklu d\u00f6ner tabla 1400 Nm  Pedal kontroll\u00fc lastik \u015fi\u015firme  Yard\u0131mc\u0131 bast\u0131rma kolu  \u00c7ift h\u0131zl\u0131 6,5 \/ 13 rpm  D\u0131\u015ftan jant ba\u011flama 10&quot; - 26&quot;  \u0130\u00e7ten jant ba\u011flama 12&quot; - 28,5&quot;  Maksimum jant geni\u015fli\u011fi 15&quot;  Maksimum tekerlek \u00e7ap\u0131 1092 mm  RFT ve UHP lastikler i\u00e7in \u00f6zel yard\u0131mc\u0131 kol sistemi (Plus 83 H)  Lastik \u015foklama (G800A80)\" \/>\n<meta property=\"og:url\" content=\"https:\/\/bakirci.com\/ekipman\/servis-ekipmanlari\/mekanik\/lastik-servis-ekipmanlari\/lastik-sokme-takmalar\/lastik-sokme-takma-cihazlaributler-born-in-usalastik-sokme-takma-cihazi-hp643sq-26cift-hizli-jant-baglama-10-285-jant-genisligi-15-ozel-yardimci-kol-soklamali\/\" \/>\n<meta property=\"og:site_name\" content=\"Bak\u0131rc\u0131 Garagineering\" \/>\n<meta property=\"article:publisher\" content=\"https:\/\/www.facebook.com\/bakirci.garagineering\" \/>\n<meta property=\"article:modified_time\" content=\"2021-08-16T06:19:19+00:00\" \/>\n<meta property=\"og:image\" content=\"https:\/\/bakirci.com\/ekipman\/wp-content\/uploads\/2021\/03\/HP643SQ-26.png\" \/>\n\t<meta property=\"og:image:width\" content=\"1200\" \/>\n\t<meta property=\"og:image:height\" content=\"1200\" \/>\n<meta name=\"twitter:card\" content=\"summary_large_image\" \/>\n<meta name=\"twitter:label1\" content=\"Tahmini okuma s\u00fcresi\" \/>\n\t<meta name=\"twitter:data1\" content=\"1 dakika\" \/>\n<script type=\"application\/ld+json\" class=\"yoast-schema-graph\">{\"@context\":\"https:\/\/schema.org\",\"@graph\":[{\"@type\":\"Organization\",\"@id\":\"https:\/\/bakirci.com\/ekipman\/#organization\",\"name\":\"Bak\\u0131rc\\u0131 garagineering\",\"url\":\"https:\/\/bakirci.com\/ekipman\/\",\"sameAs\":[\"https:\/\/www.facebook.com\/bakirci.garagineering\",\"https:\/\/www.instagram.com\/bakirci.garagineering\/\",\"https:\/\/www.linkedin.com\/company\/bakirci-garagineering\/\",\"https:\/\/www.youtube.com\/channel\/UCiVG6s_jALJ6Zk8085XiOQg\"],\"logo\":{\"@type\":\"ImageObject\",\"@id\":\"https:\/\/bakirci.com\/ekipman\/#logo\",\"inLanguage\":\"tr\",\"url\":\"https:\/\/bakirci.com\/ekipman\/wp-content\/uploads\/2021\/09\/Bakirci-logo-lacivert.png\",\"contentUrl\":\"https:\/\/bakirci.com\/ekipman\/wp-content\/uploads\/2021\/09\/Bakirci-logo-lacivert.png\",\"width\":501,\"height\":501,\"caption\":\"Bak\\u0131rc\\u0131 garagineering\"},\"image\":{\"@id\":\"https:\/\/bakirci.com\/ekipman\/#logo\"}},{\"@type\":\"WebSite\",\"@id\":\"https:\/\/bakirci.com\/ekipman\/#website\",\"url\":\"https:\/\/bakirci.com\/ekipman\/\",\"name\":\"Bak\\u0131rc\\u0131 Garagineering\",\"description\":\"Otomotiv sekt\\u00f6r\\u00fcne \\u00f6zel, \\u201c\\u00dcretici Standard\\u0131nda\\u201d \\u00e7\\u00f6z\\u00fcmler\\u2026\",\"publisher\":{\"@id\":\"https:\/\/bakirci.com\/ekipman\/#organization\"},\"potentialAction\":[{\"@type\":\"SearchAction\",\"target\":{\"@type\":\"EntryPoint\",\"urlTemplate\":\"https:\/\/bakirci.com\/ekipman\/?s={search_term_string}\"},\"query-input\":\"required name=search_term_string\"}],\"inLanguage\":\"tr\"},{\"@type\":\"ImageObject\",\"@id\":\"https:\/\/bakirci.com\/ekipman\/servis-ekipmanlari\/mekanik\/lastik-servis-ekipmanlari\/lastik-sokme-takmalar\/lastik-sokme-takma-cihazlaributler-born-in-usalastik-sokme-takma-cihazi-hp643sq-26cift-hizli-jant-baglama-10-285-jant-genisligi-15-ozel-yardimci-kol-soklamali\/#primaryimage\",\"inLanguage\":\"tr\",\"url\":\"https:\/\/bakirci.com\/ekipman\/wp-content\/uploads\/2021\/03\/HP643SQ-26.png\",\"contentUrl\":\"https:\/\/bakirci.com\/ekipman\/wp-content\/uploads\/2021\/03\/HP643SQ-26.png\",\"width\":1200,\"height\":1200},{\"@type\":\"WebPage\",\"@id\":\"https:\/\/bakirci.com\/ekipman\/servis-ekipmanlari\/mekanik\/lastik-servis-ekipmanlari\/lastik-sokme-takmalar\/lastik-sokme-takma-cihazlaributler-born-in-usalastik-sokme-takma-cihazi-hp643sq-26cift-hizli-jant-baglama-10-285-jant-genisligi-15-ozel-yardimci-kol-soklamali\/#webpage\",\"url\":\"https:\/\/bakirci.com\/ekipman\/servis-ekipmanlari\/mekanik\/lastik-servis-ekipmanlari\/lastik-sokme-takmalar\/lastik-sokme-takma-cihazlaributler-born-in-usalastik-sokme-takma-cihazi-hp643sq-26cift-hizli-jant-baglama-10-285-jant-genisligi-15-ozel-yardimci-kol-soklamali\/\",\"name\":\"Lastik S\\u00f6kme Takma Cihaz\\u0131 BUTLER (Born in USA) HP643SQ.26 \\u00c7ift h\\u0131zl\\u0131, jant ba\\u011flama 10\\\" - 28,5\\\", jant geni\\u015fli\\u011fi 15\\\", \\u00f6zel yard\\u0131mc\\u0131 kol, \\u015foklamal\\u0131 - Bak\\u0131rc\\u0131 Garagineering\",\"isPartOf\":{\"@id\":\"https:\/\/bakirci.com\/ekipman\/#website\"},\"primaryImageOfPage\":{\"@id\":\"https:\/\/bakirci.com\/ekipman\/servis-ekipmanlari\/mekanik\/lastik-servis-ekipmanlari\/lastik-sokme-takmalar\/lastik-sokme-takma-cihazlaributler-born-in-usalastik-sokme-takma-cihazi-hp643sq-26cift-hizli-jant-baglama-10-285-jant-genisligi-15-ozel-yardimci-kol-soklamali\/#primaryimage\"},\"datePublished\":\"2021-03-03T06:15:16+00:00\",\"dateModified\":\"2021-08-16T06:19:19+00:00\",\"breadcrumb\":{\"@id\":\"https:\/\/bakirci.com\/ekipman\/servis-ekipmanlari\/mekanik\/lastik-servis-ekipmanlari\/lastik-sokme-takmalar\/lastik-sokme-takma-cihazlaributler-born-in-usalastik-sokme-takma-cihazi-hp643sq-26cift-hizli-jant-baglama-10-285-jant-genisligi-15-ozel-yardimci-kol-soklamali\/#breadcrumb\"},\"inLanguage\":\"tr\",\"potentialAction\":[{\"@type\":\"ReadAction\",\"target\":[\"https:\/\/bakirci.com\/ekipman\/servis-ekipmanlari\/mekanik\/lastik-servis-ekipmanlari\/lastik-sokme-takmalar\/lastik-sokme-takma-cihazlaributler-born-in-usalastik-sokme-takma-cihazi-hp643sq-26cift-hizli-jant-baglama-10-285-jant-genisligi-15-ozel-yardimci-kol-soklamali\/\"]}]},{\"@type\":\"BreadcrumbList\",\"@id\":\"https:\/\/bakirci.com\/ekipman\/servis-ekipmanlari\/mekanik\/lastik-servis-ekipmanlari\/lastik-sokme-takmalar\/lastik-sokme-takma-cihazlaributler-born-in-usalastik-sokme-takma-cihazi-hp643sq-26cift-hizli-jant-baglama-10-285-jant-genisligi-15-ozel-yardimci-kol-soklamali\/#breadcrumb\",\"itemListElement\":[{\"@type\":\"ListItem\",\"position\":1,\"name\":\"Ekipman\",\"item\":\"https:\/\/bakirci.com\/ekipman\/\"},{\"@type\":\"ListItem\",\"position\":2,\"name\":\"Otomotiv Tesisleri \\u0130\\u00e7in Servis Ekipmanlar\\u0131\",\"item\":\"https:\/\/bakirci.com\/ekipman\/\"},{\"@type\":\"ListItem\",\"position\":3,\"name\":\"Lastik S\\u00f6kme Takma Cihaz\\u0131BUTLER (Born in USA)HP643SQ.26\\u00c7ift h\\u0131zl\\u0131, jant ba\\u011flama 10&#8243; &#8211; 28,5&#8243;, jant geni\\u015fli\\u011fi 15&#8243;, \\u00f6zel yard\\u0131mc\\u0131 kol, \\u015foklamal\\u0131\"}]}]}<\/script>\n<!-- \/ Yoast SEO plugin. -->","yoast_head_json":{"title":"Lastik S\u00f6kme Takma Cihaz\u0131BUTLER (Born in USA)HP643SQ.26\u00c7ift h\u0131zl\u0131, jant ba\u011flama 10\" - 28,5\", jant geni\u015fli\u011fi 15\", \u00f6zel yard\u0131mc\u0131 kol, \u015foklamal\u0131 - Bak\u0131rc\u0131 Garagineering","robots":{"index":"index","follow":"follow","max-snippet":"max-snippet:-1","max-image-preview":"max-image-preview:large","max-video-preview":"max-video-preview:-1"},"canonical":"https:\/\/bakirci.com\/ekipman\/servis-ekipmanlari\/mekanik\/lastik-servis-ekipmanlari\/lastik-sokme-takmalar\/lastik-sokme-takma-cihazlaributler-born-in-usalastik-sokme-takma-cihazi-hp643sq-26cift-hizli-jant-baglama-10-285-jant-genisligi-15-ozel-yardimci-kol-soklamali\/","og_locale":"tr_TR","og_type":"article","og_title":"Lastik S\u00f6kme Takma Cihaz\u0131BUTLER (Born in USA)HP643SQ.26\u00c7ift h\u0131zl\u0131, jant ba\u011flama 10\" - 28,5\", jant geni\u015fli\u011fi 15\", \u00f6zel yard\u0131mc\u0131 kol, \u015foklamal\u0131 - Bak\u0131rc\u0131 Garagineering","og_description":"Lastik S\u00f6kme Takma Cihaz\u0131 - HP643SQ.26  Pn\u00f6matik, geriye do\u011fru hareket edebilen montaj kafas\u0131  Pedal kontroll\u00fc \u00e7ift devirli d\u00f6ner tabla  Y\u00fcksek torklu d\u00f6ner tabla 1400 Nm  Pedal kontroll\u00fc lastik \u015fi\u015firme  Yard\u0131mc\u0131 bast\u0131rma kolu  \u00c7ift h\u0131zl\u0131 6,5 \/ 13 rpm  D\u0131\u015ftan jant ba\u011flama 10\" - 26\"  \u0130\u00e7ten jant ba\u011flama 12\" - 28,5\"  Maksimum jant geni\u015fli\u011fi 15\"  Maksimum tekerlek \u00e7ap\u0131 1092 mm  RFT ve UHP lastikler i\u00e7in \u00f6zel yard\u0131mc\u0131 kol sistemi (Plus 83 H)  Lastik \u015foklama (G800A80)","og_url":"https:\/\/bakirci.com\/ekipman\/servis-ekipmanlari\/mekanik\/lastik-servis-ekipmanlari\/lastik-sokme-takmalar\/lastik-sokme-takma-cihazlaributler-born-in-usalastik-sokme-takma-cihazi-hp643sq-26cift-hizli-jant-baglama-10-285-jant-genisligi-15-ozel-yardimci-kol-soklamali\/","og_site_name":"Bak\u0131rc\u0131 Garagineering","article_publisher":"https:\/\/www.facebook.com\/bakirci.garagineering","article_modified_time":"2021-08-16T06:19:19+00:00","og_image":[{"width":1200,"height":1200,"url":"https:\/\/bakirci.com\/ekipman\/wp-content\/uploads\/2021\/03\/HP643SQ-26.png","path":"\/home\/bakirciwebsitesi\/public_html\/ekipman\/wp-content\/uploads\/2021\/03\/HP643SQ-26.png","size":"full","id":4288,"alt":"","pixels":1440000,"type":"image\/png"}],"twitter_card":"summary_large_image","twitter_misc":{"Tahmini okuma s\u00fcresi":"1 dakika"},"schema":{"@context":"https:\/\/schema.org","@graph":[{"@type":"Organization","@id":"https:\/\/bakirci.com\/ekipman\/#organization","name":"Bak\u0131rc\u0131 garagineering","url":"https:\/\/bakirci.com\/ekipman\/","sameAs":["https:\/\/www.facebook.com\/bakirci.garagineering","https:\/\/www.instagram.com\/bakirci.garagineering\/","https:\/\/www.linkedin.com\/company\/bakirci-garagineering\/","https:\/\/www.youtube.com\/channel\/UCiVG6s_jALJ6Zk8085XiOQg"],"logo":{"@type":"ImageObject","@id":"https:\/\/bakirci.com\/ekipman\/#logo","inLanguage":"tr","url":"https:\/\/bakirci.com\/ekipman\/wp-content\/uploads\/2021\/09\/Bakirci-logo-lacivert.png","contentUrl":"https:\/\/bakirci.com\/ekipman\/wp-content\/uploads\/2021\/09\/Bakirci-logo-lacivert.png","width":501,"height":501,"caption":"Bak\u0131rc\u0131 garagineering"},"image":{"@id":"https:\/\/bakirci.com\/ekipman\/#logo"}},{"@type":"WebSite","@id":"https:\/\/bakirci.com\/ekipman\/#website","url":"https:\/\/bakirci.com\/ekipman\/","name":"Bak\u0131rc\u0131 Garagineering","description":"Otomotiv sekt\u00f6r\u00fcne \u00f6zel, \u201c\u00dcretici Standard\u0131nda\u201d \u00e7\u00f6z\u00fcmler\u2026","publisher":{"@id":"https:\/\/bakirci.com\/ekipman\/#organization"},"potentialAction":[{"@type":"SearchAction","target":{"@type":"EntryPoint","urlTemplate":"https:\/\/bakirci.com\/ekipman\/?s={search_term_string}"},"query-input":"required name=search_term_string"}],"inLanguage":"tr"},{"@type":"ImageObject","@id":"https:\/\/bakirci.com\/ekipman\/servis-ekipmanlari\/mekanik\/lastik-servis-ekipmanlari\/lastik-sokme-takmalar\/lastik-sokme-takma-cihazlaributler-born-in-usalastik-sokme-takma-cihazi-hp643sq-26cift-hizli-jant-baglama-10-285-jant-genisligi-15-ozel-yardimci-kol-soklamali\/#primaryimage","inLanguage":"tr","url":"https:\/\/bakirci.com\/ekipman\/wp-content\/uploads\/2021\/03\/HP643SQ-26.png","contentUrl":"https:\/\/bakirci.com\/ekipman\/wp-content\/uploads\/2021\/03\/HP643SQ-26.png","width":1200,"height":1200},{"@type":"WebPage","@id":"https:\/\/bakirci.com\/ekipman\/servis-ekipmanlari\/mekanik\/lastik-servis-ekipmanlari\/lastik-sokme-takmalar\/lastik-sokme-takma-cihazlaributler-born-in-usalastik-sokme-takma-cihazi-hp643sq-26cift-hizli-jant-baglama-10-285-jant-genisligi-15-ozel-yardimci-kol-soklamali\/#webpage","url":"https:\/\/bakirci.com\/ekipman\/servis-ekipmanlari\/mekanik\/lastik-servis-ekipmanlari\/lastik-sokme-takmalar\/lastik-sokme-takma-cihazlaributler-born-in-usalastik-sokme-takma-cihazi-hp643sq-26cift-hizli-jant-baglama-10-285-jant-genisligi-15-ozel-yardimci-kol-soklamali\/","name":"Lastik S\u00f6kme Takma Cihaz\u0131 BUTLER (Born in USA) HP643SQ.26 \u00c7ift h\u0131zl\u0131, jant ba\u011flama 10\" - 28,5\", jant geni\u015fli\u011fi 15\", \u00f6zel yard\u0131mc\u0131 kol, \u015foklamal\u0131 - Bak\u0131rc\u0131 Garagineering","isPartOf":{"@id":"https:\/\/bakirci.com\/ekipman\/#website"},"primaryImageOfPage":{"@id":"https:\/\/bakirci.com\/ekipman\/servis-ekipmanlari\/mekanik\/lastik-servis-ekipmanlari\/lastik-sokme-takmalar\/lastik-sokme-takma-cihazlaributler-born-in-usalastik-sokme-takma-cihazi-hp643sq-26cift-hizli-jant-baglama-10-285-jant-genisligi-15-ozel-yardimci-kol-soklamali\/#primaryimage"},"datePublished":"2021-03-03T06:15:16+00:00","dateModified":"2021-08-16T06:19:19+00:00","breadcrumb":{"@id":"https:\/\/bakirci.com\/ekipman\/servis-ekipmanlari\/mekanik\/lastik-servis-ekipmanlari\/lastik-sokme-takmalar\/lastik-sokme-takma-cihazlaributler-born-in-usalastik-sokme-takma-cihazi-hp643sq-26cift-hizli-jant-baglama-10-285-jant-genisligi-15-ozel-yardimci-kol-soklamali\/#breadcrumb"},"inLanguage":"tr","potentialAction":[{"@type":"ReadAction","target":["https:\/\/bakirci.com\/ekipman\/servis-ekipmanlari\/mekanik\/lastik-servis-ekipmanlari\/lastik-sokme-takmalar\/lastik-sokme-takma-cihazlaributler-born-in-usalastik-sokme-takma-cihazi-hp643sq-26cift-hizli-jant-baglama-10-285-jant-genisligi-15-ozel-yardimci-kol-soklamali\/"]}]},{"@type":"BreadcrumbList","@id":"https:\/\/bakirci.com\/ekipman\/servis-ekipmanlari\/mekanik\/lastik-servis-ekipmanlari\/lastik-sokme-takmalar\/lastik-sokme-takma-cihazlaributler-born-in-usalastik-sokme-takma-cihazi-hp643sq-26cift-hizli-jant-baglama-10-285-jant-genisligi-15-ozel-yardimci-kol-soklamali\/#breadcrumb","itemListElement":[{"@type":"ListItem","position":1,"name":"Ekipman","item":"https:\/\/bakirci.com\/ekipman\/"},{"@type":"ListItem","position":2,"name":"Otomotiv Tesisleri \u0130\u00e7in Servis Ekipmanlar\u0131","item":"https:\/\/bakirci.com\/ekipman\/"},{"@type":"ListItem","position":3,"name":"Lastik S\u00f6kme Takma Cihaz\u0131BUTLER (Born in USA)HP643SQ.26\u00c7ift h\u0131zl\u0131, jant ba\u011flama 10&#8243; &#8211; 28,5&#8243;, jant geni\u015fli\u011fi 15&#8243;, \u00f6zel yard\u0131mc\u0131 kol, \u015foklamal\u0131"}]}]}},"_links":{"self":[{"href":"https:\/\/bakirci.com\/ekipman\/wp-json\/wp\/v2\/product\/4096","targetHints":{"allow":["GET"]}}],"collection":[{"href":"https:\/\/bakirci.com\/ekipman\/wp-json\/wp\/v2\/product"}],"about":[{"href":"https:\/\/bakirci.com\/ekipman\/wp-json\/wp\/v2\/types\/product"}],"replies":[{"embeddable":true,"href":"https:\/\/bakirci.com\/ekipman\/wp-json\/wp\/v2\/comments?post=4096"}],"wp:featuredmedia":[{"embeddable":true,"href":"https:\/\/bakirci.com\/ekipman\/wp-json\/wp\/v2\/media\/4288"}],"wp:attachment":[{"href":"https:\/\/bakirci.com\/ekipman\/wp-json\/wp\/v2\/media?parent=4096"}],"wp:term":[{"taxonomy":"product_cat","embeddable":true,"href":"https:\/\/bakirci.com\/ekipman\/wp-json\/wp\/v2\/product_cat?post=4096"},{"taxonomy":"product_tag","embeddable":true,"href":"https:\/\/bakirci.com\/ekipman\/wp-json\/wp\/v2\/product_tag?post=4096"}],"curies":[{"name":"wp","href":"https:\/\/api.w.org\/{rel}","templated":true}]}}