{"id":4094,"date":"2021-03-03T06:25:12","date_gmt":"2021-03-03T06:25:12","guid":{"rendered":"https:\/\/j6l.65c.myftpupload.com\/?post_type=product&#038;p=4094"},"modified":"2022-04-14T11:02:40","modified_gmt":"2022-04-14T11:02:40","slug":"lastik-sokme-takma-cihazlaributler-born-in-usalastik-sokme-takma-cihazi-kendo-30syeni-nesil-levyesiz-jant-baglama-10-30","status":"publish","type":"product","link":"https:\/\/bakirci.com\/ekipman\/servis-ekipmanlari\/mekanik\/lastik-servis-ekipmanlari\/lastik-sokme-takmalar\/lastik-sokme-takma-cihazlaributler-born-in-usalastik-sokme-takma-cihazi-kendo-30syeni-nesil-levyesiz-jant-baglama-10-30\/","title":{"rendered":"<p class=\"ustmetin\">Lastik S\u00f6kme Takma Cihaz\u0131<\/p><p class=\"ortametin\">BUTLER <span class=\"ortametin2\">(Born in USA)<\/span><\/p><p class=\"altmetin\">Kendo.30S<br>Yeni nesil levyesiz, jant ba\u011flama 10&#8243; &#8211; 30&#8243;<\/p>"},"content":{"rendered":"<ul>\n<li>Lastik S\u00f6kme Takma Cihaz\u0131 &#8211; Kendo.30S<\/li>\n<li>Yeni nesil levyesiz otomatik lastik s\u00f6kme takma cihaz\u0131<\/li>\n<li>\u00d6zel geli\u015ftirilmi\u015f mesafe sens\u00f6rleri sayesinde topuklara zarar vermeden yanak d\u00fc\u015f\u00fcrme<\/li>\n<li>\u00dc\u00e7 pozisyonlu g\u00f6bekten ba\u011flama sistemi<\/li>\n<li>Lastik montaj ve demontaj esnas\u0131nda janta zarar vermeyen \u00f6zel plastik ve katlanabilir donan\u0131m<\/li>\n<li>\u0130nverterli motor teknolojisi ile istenilen h\u0131zda \u00e7al\u0131\u015fma imkan\u0131<\/li>\n<li>\u00c7al\u0131\u015fma h\u0131z\u0131 0 &#8211; 15 rpm<\/li>\n<li>Jant ba\u011flama 10&#8243; &#8211; 30&#8243;, jant geni\u015fli\u011fi 15&#8243;<\/li>\n<li>Maksimum tekerlek \u00e7ap\u0131 1143 mm<\/li>\n<li>Topuk d\u00fc\u015f\u00fcrme g\u00fcc\u00fc 12000 Nm<\/li>\n<li>Lastik asans\u00f6r\u00fc (G1000A99NP)<\/li>\n<li>Lastik yanak bast\u0131rma kolu (Plus91 AKC)<\/li>\n<\/ul>\n","protected":false},"excerpt":{"rendered":"<ul>\n<li>Lastik S\u00f6kme Takma Cihaz\u0131 &#8211; Kendo.30S<\/li>\n<li>Yeni nesil levyesiz otomatik lastik s\u00f6kme takma cihaz\u0131<\/li>\n<li>\u00d6zel geli\u015ftirilmi\u015f mesafe sens\u00f6rleri sayesinde topuklara zarar vermeden yanak d\u00fc\u015f\u00fcrme<\/li>\n<li>\u00dc\u00e7 pozisyonlu g\u00f6bekten ba\u011flama sistemi<\/li>\n<li>Lastik montaj ve demontaj esnas\u0131nda janta zarar vermeyen \u00f6zel plastik ve katlanabilir donan\u0131m<\/li>\n<li>\u0130nverterli motor teknolojisi ile istenilen h\u0131zda \u00e7al\u0131\u015fma imkan\u0131<\/li>\n<li>\u00c7al\u0131\u015fma h\u0131z\u0131 0 &#8211; 15 rpm<\/li>\n<li>Jant ba\u011flama 10&#8243; &#8211; 30&#8243;, jant geni\u015fli\u011fi 15&#8243;<\/li>\n<li>Maksimum tekerlek \u00e7ap\u0131 1143 mm<\/li>\n<li>Topuk d\u00fc\u015f\u00fcrme g\u00fcc\u00fc 12000 Nm<\/li>\n<li>Lastik asans\u00f6r\u00fc (G1000A99NP)<\/li>\n<li>Lastik yanak bast\u0131rma kolu (Plus91 AKC)<\/li>\n<\/ul>\n","protected":false},"featured_media":4286,"comment_status":"closed","ping_status":"closed","template":"","meta":[],"product_cat":[152,162],"product_tag":[51,421,488,489,490,487],"class_list":["post-4094","product","type-product","status-publish","has-post-thumbnail","hentry","pwb-brand-butler","product_cat-lastik-servis-ekipmanlari","product_cat-lastik-sokme-takmalar","product_tag-butler","product_tag-lastik-servisi","product_tag-levyeli-sokme-takma","product_tag-levyesiz-sokme-takma","product_tag-tekerlek","product_tag-tekerlek-servisi"],"brands":[{"id":364,"name":"BUTLER","slug":"butler"}],"yoast_head":"<!-- This site is optimized with the Yoast SEO plugin v17.1 - https:\/\/yoast.com\/wordpress\/plugins\/seo\/ -->\n<title>Lastik S\u00f6kme Takma Cihaz\u0131BUTLER (Born in USA)Kendo.30SYeni nesil levyesiz, jant ba\u011flama 10&quot; - 30&quot; - Bak\u0131rc\u0131 Garagineering<\/title>\n<meta name=\"robots\" content=\"index, follow, max-snippet:-1, max-image-preview:large, max-video-preview:-1\" \/>\n<link rel=\"canonical\" href=\"https:\/\/bakirci.com\/ekipman\/servis-ekipmanlari\/mekanik\/lastik-servis-ekipmanlari\/lastik-sokme-takmalar\/lastik-sokme-takma-cihazlaributler-born-in-usalastik-sokme-takma-cihazi-kendo-30syeni-nesil-levyesiz-jant-baglama-10-30\/\" \/>\n<meta property=\"og:locale\" content=\"tr_TR\" \/>\n<meta property=\"og:type\" content=\"article\" \/>\n<meta property=\"og:title\" content=\"Lastik S\u00f6kme Takma Cihaz\u0131BUTLER (Born in USA)Kendo.30SYeni nesil levyesiz, jant ba\u011flama 10&quot; - 30&quot; - Bak\u0131rc\u0131 Garagineering\" \/>\n<meta property=\"og:description\" content=\"Lastik S\u00f6kme Takma Cihaz\u0131 - Kendo.30S  Yeni nesil levyesiz otomatik lastik s\u00f6kme takma cihaz\u0131  \u00d6zel geli\u015ftirilmi\u015f mesafe sens\u00f6rleri sayesinde topuklara zarar vermeden yanak d\u00fc\u015f\u00fcrme  \u00dc\u00e7 pozisyonlu g\u00f6bekten ba\u011flama sistemi  Lastik montaj ve demontaj esnas\u0131nda janta zarar vermeyen \u00f6zel plastik ve katlanabilir donan\u0131m  \u0130nverterli motor teknolojisi ile istenilen h\u0131zda \u00e7al\u0131\u015fma imkan\u0131  \u00c7al\u0131\u015fma h\u0131z\u0131 0 - 15 rpm  Jant ba\u011flama 10&quot; - 30&quot;, jant geni\u015fli\u011fi 15&quot;  Maksimum tekerlek \u00e7ap\u0131 1143 mm  Topuk d\u00fc\u015f\u00fcrme g\u00fcc\u00fc 12000 Nm  Lastik asans\u00f6r\u00fc (G1000A99NP)  Lastik yanak bast\u0131rma kolu (Plus91 AKC)\" \/>\n<meta property=\"og:url\" content=\"https:\/\/bakirci.com\/ekipman\/servis-ekipmanlari\/mekanik\/lastik-servis-ekipmanlari\/lastik-sokme-takmalar\/lastik-sokme-takma-cihazlaributler-born-in-usalastik-sokme-takma-cihazi-kendo-30syeni-nesil-levyesiz-jant-baglama-10-30\/\" \/>\n<meta property=\"og:site_name\" content=\"Bak\u0131rc\u0131 Garagineering\" \/>\n<meta property=\"article:publisher\" content=\"https:\/\/www.facebook.com\/bakirci.garagineering\" \/>\n<meta property=\"article:modified_time\" content=\"2022-04-14T11:02:40+00:00\" \/>\n<meta property=\"og:image\" content=\"https:\/\/bakirci.com\/ekipman\/wp-content\/uploads\/2021\/03\/Kendo-30S.png\" \/>\n\t<meta property=\"og:image:width\" content=\"1206\" \/>\n\t<meta property=\"og:image:height\" content=\"1206\" \/>\n<meta name=\"twitter:card\" content=\"summary_large_image\" \/>\n<meta name=\"twitter:label1\" content=\"Tahmini okuma s\u00fcresi\" \/>\n\t<meta name=\"twitter:data1\" content=\"1 dakika\" \/>\n<script type=\"application\/ld+json\" class=\"yoast-schema-graph\">{\"@context\":\"https:\/\/schema.org\",\"@graph\":[{\"@type\":\"Organization\",\"@id\":\"https:\/\/bakirci.com\/ekipman\/#organization\",\"name\":\"Bak\\u0131rc\\u0131 garagineering\",\"url\":\"https:\/\/bakirci.com\/ekipman\/\",\"sameAs\":[\"https:\/\/www.facebook.com\/bakirci.garagineering\",\"https:\/\/www.instagram.com\/bakirci.garagineering\/\",\"https:\/\/www.linkedin.com\/company\/bakirci-garagineering\/\",\"https:\/\/www.youtube.com\/channel\/UCiVG6s_jALJ6Zk8085XiOQg\"],\"logo\":{\"@type\":\"ImageObject\",\"@id\":\"https:\/\/bakirci.com\/ekipman\/#logo\",\"inLanguage\":\"tr\",\"url\":\"https:\/\/bakirci.com\/ekipman\/wp-content\/uploads\/2021\/09\/Bakirci-logo-lacivert.png\",\"contentUrl\":\"https:\/\/bakirci.com\/ekipman\/wp-content\/uploads\/2021\/09\/Bakirci-logo-lacivert.png\",\"width\":501,\"height\":501,\"caption\":\"Bak\\u0131rc\\u0131 garagineering\"},\"image\":{\"@id\":\"https:\/\/bakirci.com\/ekipman\/#logo\"}},{\"@type\":\"WebSite\",\"@id\":\"https:\/\/bakirci.com\/ekipman\/#website\",\"url\":\"https:\/\/bakirci.com\/ekipman\/\",\"name\":\"Bak\\u0131rc\\u0131 Garagineering\",\"description\":\"Otomotiv sekt\\u00f6r\\u00fcne \\u00f6zel, \\u201c\\u00dcretici Standard\\u0131nda\\u201d \\u00e7\\u00f6z\\u00fcmler\\u2026\",\"publisher\":{\"@id\":\"https:\/\/bakirci.com\/ekipman\/#organization\"},\"potentialAction\":[{\"@type\":\"SearchAction\",\"target\":{\"@type\":\"EntryPoint\",\"urlTemplate\":\"https:\/\/bakirci.com\/ekipman\/?s={search_term_string}\"},\"query-input\":\"required name=search_term_string\"}],\"inLanguage\":\"tr\"},{\"@type\":\"ImageObject\",\"@id\":\"https:\/\/bakirci.com\/ekipman\/servis-ekipmanlari\/mekanik\/lastik-servis-ekipmanlari\/lastik-sokme-takmalar\/lastik-sokme-takma-cihazlaributler-born-in-usalastik-sokme-takma-cihazi-kendo-30syeni-nesil-levyesiz-jant-baglama-10-30\/#primaryimage\",\"inLanguage\":\"tr\",\"url\":\"https:\/\/bakirci.com\/ekipman\/wp-content\/uploads\/2021\/03\/Kendo-30S.png\",\"contentUrl\":\"https:\/\/bakirci.com\/ekipman\/wp-content\/uploads\/2021\/03\/Kendo-30S.png\",\"width\":1206,\"height\":1206},{\"@type\":\"WebPage\",\"@id\":\"https:\/\/bakirci.com\/ekipman\/servis-ekipmanlari\/mekanik\/lastik-servis-ekipmanlari\/lastik-sokme-takmalar\/lastik-sokme-takma-cihazlaributler-born-in-usalastik-sokme-takma-cihazi-kendo-30syeni-nesil-levyesiz-jant-baglama-10-30\/#webpage\",\"url\":\"https:\/\/bakirci.com\/ekipman\/servis-ekipmanlari\/mekanik\/lastik-servis-ekipmanlari\/lastik-sokme-takmalar\/lastik-sokme-takma-cihazlaributler-born-in-usalastik-sokme-takma-cihazi-kendo-30syeni-nesil-levyesiz-jant-baglama-10-30\/\",\"name\":\"Lastik S\\u00f6kme Takma Cihaz\\u0131 BUTLER (Born in USA) Kendo.30S Yeni nesil levyesiz, jant ba\\u011flama 10\\\" - 30\\\" - Bak\\u0131rc\\u0131 Garagineering\",\"isPartOf\":{\"@id\":\"https:\/\/bakirci.com\/ekipman\/#website\"},\"primaryImageOfPage\":{\"@id\":\"https:\/\/bakirci.com\/ekipman\/servis-ekipmanlari\/mekanik\/lastik-servis-ekipmanlari\/lastik-sokme-takmalar\/lastik-sokme-takma-cihazlaributler-born-in-usalastik-sokme-takma-cihazi-kendo-30syeni-nesil-levyesiz-jant-baglama-10-30\/#primaryimage\"},\"datePublished\":\"2021-03-03T06:25:12+00:00\",\"dateModified\":\"2022-04-14T11:02:40+00:00\",\"breadcrumb\":{\"@id\":\"https:\/\/bakirci.com\/ekipman\/servis-ekipmanlari\/mekanik\/lastik-servis-ekipmanlari\/lastik-sokme-takmalar\/lastik-sokme-takma-cihazlaributler-born-in-usalastik-sokme-takma-cihazi-kendo-30syeni-nesil-levyesiz-jant-baglama-10-30\/#breadcrumb\"},\"inLanguage\":\"tr\",\"potentialAction\":[{\"@type\":\"ReadAction\",\"target\":[\"https:\/\/bakirci.com\/ekipman\/servis-ekipmanlari\/mekanik\/lastik-servis-ekipmanlari\/lastik-sokme-takmalar\/lastik-sokme-takma-cihazlaributler-born-in-usalastik-sokme-takma-cihazi-kendo-30syeni-nesil-levyesiz-jant-baglama-10-30\/\"]}]},{\"@type\":\"BreadcrumbList\",\"@id\":\"https:\/\/bakirci.com\/ekipman\/servis-ekipmanlari\/mekanik\/lastik-servis-ekipmanlari\/lastik-sokme-takmalar\/lastik-sokme-takma-cihazlaributler-born-in-usalastik-sokme-takma-cihazi-kendo-30syeni-nesil-levyesiz-jant-baglama-10-30\/#breadcrumb\",\"itemListElement\":[{\"@type\":\"ListItem\",\"position\":1,\"name\":\"Ekipman\",\"item\":\"https:\/\/bakirci.com\/ekipman\/\"},{\"@type\":\"ListItem\",\"position\":2,\"name\":\"Otomotiv Tesisleri \\u0130\\u00e7in Servis Ekipmanlar\\u0131\",\"item\":\"https:\/\/bakirci.com\/ekipman\/\"},{\"@type\":\"ListItem\",\"position\":3,\"name\":\"Lastik S\\u00f6kme Takma Cihaz\\u0131BUTLER (Born in USA)Kendo.30SYeni nesil levyesiz, jant ba\\u011flama 10&#8243; &#8211; 30&#8243;\"}]}]}<\/script>\n<!-- \/ Yoast SEO plugin. -->","yoast_head_json":{"title":"Lastik S\u00f6kme Takma Cihaz\u0131BUTLER (Born in USA)Kendo.30SYeni nesil levyesiz, jant ba\u011flama 10\" - 30\" - Bak\u0131rc\u0131 Garagineering","robots":{"index":"index","follow":"follow","max-snippet":"max-snippet:-1","max-image-preview":"max-image-preview:large","max-video-preview":"max-video-preview:-1"},"canonical":"https:\/\/bakirci.com\/ekipman\/servis-ekipmanlari\/mekanik\/lastik-servis-ekipmanlari\/lastik-sokme-takmalar\/lastik-sokme-takma-cihazlaributler-born-in-usalastik-sokme-takma-cihazi-kendo-30syeni-nesil-levyesiz-jant-baglama-10-30\/","og_locale":"tr_TR","og_type":"article","og_title":"Lastik S\u00f6kme Takma Cihaz\u0131BUTLER (Born in USA)Kendo.30SYeni nesil levyesiz, jant ba\u011flama 10\" - 30\" - Bak\u0131rc\u0131 Garagineering","og_description":"Lastik S\u00f6kme Takma Cihaz\u0131 - Kendo.30S  Yeni nesil levyesiz otomatik lastik s\u00f6kme takma cihaz\u0131  \u00d6zel geli\u015ftirilmi\u015f mesafe sens\u00f6rleri sayesinde topuklara zarar vermeden yanak d\u00fc\u015f\u00fcrme  \u00dc\u00e7 pozisyonlu g\u00f6bekten ba\u011flama sistemi  Lastik montaj ve demontaj esnas\u0131nda janta zarar vermeyen \u00f6zel plastik ve katlanabilir donan\u0131m  \u0130nverterli motor teknolojisi ile istenilen h\u0131zda \u00e7al\u0131\u015fma imkan\u0131  \u00c7al\u0131\u015fma h\u0131z\u0131 0 - 15 rpm  Jant ba\u011flama 10\" - 30\", jant geni\u015fli\u011fi 15\"  Maksimum tekerlek \u00e7ap\u0131 1143 mm  Topuk d\u00fc\u015f\u00fcrme g\u00fcc\u00fc 12000 Nm  Lastik asans\u00f6r\u00fc (G1000A99NP)  Lastik yanak bast\u0131rma kolu (Plus91 AKC)","og_url":"https:\/\/bakirci.com\/ekipman\/servis-ekipmanlari\/mekanik\/lastik-servis-ekipmanlari\/lastik-sokme-takmalar\/lastik-sokme-takma-cihazlaributler-born-in-usalastik-sokme-takma-cihazi-kendo-30syeni-nesil-levyesiz-jant-baglama-10-30\/","og_site_name":"Bak\u0131rc\u0131 Garagineering","article_publisher":"https:\/\/www.facebook.com\/bakirci.garagineering","article_modified_time":"2022-04-14T11:02:40+00:00","og_image":[{"width":1206,"height":1206,"url":"https:\/\/bakirci.com\/ekipman\/wp-content\/uploads\/2021\/03\/Kendo-30S.png","path":"\/home\/bakirciwebsitesi\/public_html\/ekipman\/wp-content\/uploads\/2021\/03\/Kendo-30S.png","size":"full","id":4286,"alt":"","pixels":1454436,"type":"image\/png"}],"twitter_card":"summary_large_image","twitter_misc":{"Tahmini okuma s\u00fcresi":"1 dakika"},"schema":{"@context":"https:\/\/schema.org","@graph":[{"@type":"Organization","@id":"https:\/\/bakirci.com\/ekipman\/#organization","name":"Bak\u0131rc\u0131 garagineering","url":"https:\/\/bakirci.com\/ekipman\/","sameAs":["https:\/\/www.facebook.com\/bakirci.garagineering","https:\/\/www.instagram.com\/bakirci.garagineering\/","https:\/\/www.linkedin.com\/company\/bakirci-garagineering\/","https:\/\/www.youtube.com\/channel\/UCiVG6s_jALJ6Zk8085XiOQg"],"logo":{"@type":"ImageObject","@id":"https:\/\/bakirci.com\/ekipman\/#logo","inLanguage":"tr","url":"https:\/\/bakirci.com\/ekipman\/wp-content\/uploads\/2021\/09\/Bakirci-logo-lacivert.png","contentUrl":"https:\/\/bakirci.com\/ekipman\/wp-content\/uploads\/2021\/09\/Bakirci-logo-lacivert.png","width":501,"height":501,"caption":"Bak\u0131rc\u0131 garagineering"},"image":{"@id":"https:\/\/bakirci.com\/ekipman\/#logo"}},{"@type":"WebSite","@id":"https:\/\/bakirci.com\/ekipman\/#website","url":"https:\/\/bakirci.com\/ekipman\/","name":"Bak\u0131rc\u0131 Garagineering","description":"Otomotiv sekt\u00f6r\u00fcne \u00f6zel, \u201c\u00dcretici Standard\u0131nda\u201d \u00e7\u00f6z\u00fcmler\u2026","publisher":{"@id":"https:\/\/bakirci.com\/ekipman\/#organization"},"potentialAction":[{"@type":"SearchAction","target":{"@type":"EntryPoint","urlTemplate":"https:\/\/bakirci.com\/ekipman\/?s={search_term_string}"},"query-input":"required name=search_term_string"}],"inLanguage":"tr"},{"@type":"ImageObject","@id":"https:\/\/bakirci.com\/ekipman\/servis-ekipmanlari\/mekanik\/lastik-servis-ekipmanlari\/lastik-sokme-takmalar\/lastik-sokme-takma-cihazlaributler-born-in-usalastik-sokme-takma-cihazi-kendo-30syeni-nesil-levyesiz-jant-baglama-10-30\/#primaryimage","inLanguage":"tr","url":"https:\/\/bakirci.com\/ekipman\/wp-content\/uploads\/2021\/03\/Kendo-30S.png","contentUrl":"https:\/\/bakirci.com\/ekipman\/wp-content\/uploads\/2021\/03\/Kendo-30S.png","width":1206,"height":1206},{"@type":"WebPage","@id":"https:\/\/bakirci.com\/ekipman\/servis-ekipmanlari\/mekanik\/lastik-servis-ekipmanlari\/lastik-sokme-takmalar\/lastik-sokme-takma-cihazlaributler-born-in-usalastik-sokme-takma-cihazi-kendo-30syeni-nesil-levyesiz-jant-baglama-10-30\/#webpage","url":"https:\/\/bakirci.com\/ekipman\/servis-ekipmanlari\/mekanik\/lastik-servis-ekipmanlari\/lastik-sokme-takmalar\/lastik-sokme-takma-cihazlaributler-born-in-usalastik-sokme-takma-cihazi-kendo-30syeni-nesil-levyesiz-jant-baglama-10-30\/","name":"Lastik S\u00f6kme Takma Cihaz\u0131 BUTLER (Born in USA) Kendo.30S Yeni nesil levyesiz, jant ba\u011flama 10\" - 30\" - Bak\u0131rc\u0131 Garagineering","isPartOf":{"@id":"https:\/\/bakirci.com\/ekipman\/#website"},"primaryImageOfPage":{"@id":"https:\/\/bakirci.com\/ekipman\/servis-ekipmanlari\/mekanik\/lastik-servis-ekipmanlari\/lastik-sokme-takmalar\/lastik-sokme-takma-cihazlaributler-born-in-usalastik-sokme-takma-cihazi-kendo-30syeni-nesil-levyesiz-jant-baglama-10-30\/#primaryimage"},"datePublished":"2021-03-03T06:25:12+00:00","dateModified":"2022-04-14T11:02:40+00:00","breadcrumb":{"@id":"https:\/\/bakirci.com\/ekipman\/servis-ekipmanlari\/mekanik\/lastik-servis-ekipmanlari\/lastik-sokme-takmalar\/lastik-sokme-takma-cihazlaributler-born-in-usalastik-sokme-takma-cihazi-kendo-30syeni-nesil-levyesiz-jant-baglama-10-30\/#breadcrumb"},"inLanguage":"tr","potentialAction":[{"@type":"ReadAction","target":["https:\/\/bakirci.com\/ekipman\/servis-ekipmanlari\/mekanik\/lastik-servis-ekipmanlari\/lastik-sokme-takmalar\/lastik-sokme-takma-cihazlaributler-born-in-usalastik-sokme-takma-cihazi-kendo-30syeni-nesil-levyesiz-jant-baglama-10-30\/"]}]},{"@type":"BreadcrumbList","@id":"https:\/\/bakirci.com\/ekipman\/servis-ekipmanlari\/mekanik\/lastik-servis-ekipmanlari\/lastik-sokme-takmalar\/lastik-sokme-takma-cihazlaributler-born-in-usalastik-sokme-takma-cihazi-kendo-30syeni-nesil-levyesiz-jant-baglama-10-30\/#breadcrumb","itemListElement":[{"@type":"ListItem","position":1,"name":"Ekipman","item":"https:\/\/bakirci.com\/ekipman\/"},{"@type":"ListItem","position":2,"name":"Otomotiv Tesisleri \u0130\u00e7in Servis Ekipmanlar\u0131","item":"https:\/\/bakirci.com\/ekipman\/"},{"@type":"ListItem","position":3,"name":"Lastik S\u00f6kme Takma Cihaz\u0131BUTLER (Born in USA)Kendo.30SYeni nesil levyesiz, jant ba\u011flama 10&#8243; &#8211; 30&#8243;"}]}]}},"_links":{"self":[{"href":"https:\/\/bakirci.com\/ekipman\/wp-json\/wp\/v2\/product\/4094","targetHints":{"allow":["GET"]}}],"collection":[{"href":"https:\/\/bakirci.com\/ekipman\/wp-json\/wp\/v2\/product"}],"about":[{"href":"https:\/\/bakirci.com\/ekipman\/wp-json\/wp\/v2\/types\/product"}],"replies":[{"embeddable":true,"href":"https:\/\/bakirci.com\/ekipman\/wp-json\/wp\/v2\/comments?post=4094"}],"wp:featuredmedia":[{"embeddable":true,"href":"https:\/\/bakirci.com\/ekipman\/wp-json\/wp\/v2\/media\/4286"}],"wp:attachment":[{"href":"https:\/\/bakirci.com\/ekipman\/wp-json\/wp\/v2\/media?parent=4094"}],"wp:term":[{"taxonomy":"product_cat","embeddable":true,"href":"https:\/\/bakirci.com\/ekipman\/wp-json\/wp\/v2\/product_cat?post=4094"},{"taxonomy":"product_tag","embeddable":true,"href":"https:\/\/bakirci.com\/ekipman\/wp-json\/wp\/v2\/product_tag?post=4094"}],"curies":[{"name":"wp","href":"https:\/\/api.w.org\/{rel}","templated":true}]}}