{"id":4081,"date":"2021-03-03T07:30:45","date_gmt":"2021-03-03T07:30:45","guid":{"rendered":"https:\/\/j6l.65c.myftpupload.com\/?post_type=product&#038;p=4081"},"modified":"2021-08-06T11:52:57","modified_gmt":"2021-08-06T11:52:57","slug":"lastik-sokme-takma-cihazlarijohn-bean-born-in-usalastik-sokme-takma-cihazi-t5540b-2scift-hizli-jant-baglama-10-26-jant-genisligi-15-ozel-yardimci-kol-soklama-sistemi","status":"publish","type":"product","link":"https:\/\/bakirci.com\/ekipman\/servis-ekipmanlari\/mekanik\/lastik-servis-ekipmanlari\/lastik-sokme-takmalar\/lastik-sokme-takma-cihazlarijohn-bean-born-in-usalastik-sokme-takma-cihazi-t5540b-2scift-hizli-jant-baglama-10-26-jant-genisligi-15-ozel-yardimci-kol-soklama-sistemi\/","title":{"rendered":"<p class=\"ustmetin\">Lastik S\u00f6kme Takma Cihaz\u0131<\/p><p class=\"ortametin\">JOHN BEAN <span class=\"ortametin2\">(Born in USA)<\/span><\/p><p class=\"altmetin\">T5540B 2S<br>\u00c7ift h\u0131zl\u0131, jant ba\u011flama 10&#8243; &#8211; 26&#8243;, jant geni\u015fli\u011fi 15&#8243;, <br>\u00f6zel yard\u0131mc\u0131 kol, \u015foklama sistemi<\/p>"},"content":{"rendered":"<ul>\n<li>Lastik S\u00f6kme Takma Cihaz\u0131 &#8211; T5540B 2S<\/li>\n<li>Pn\u00f6matik, geriye do\u011fru hareket edebilen montaj kafas\u0131<\/li>\n<li>PROspeed teknolojisi sayesinde tekerle\u011fe uygulanan torkun kontrol\u00fc ve d\u00f6n\u00fc\u015f h\u0131z\u0131n\u0131n otomatik olarak ayarlanmas\u0131 ile lastik hasarlar\u0131n\u0131n engellenmesi<\/li>\n<li>\u015eoklama sistemi, pedall\u0131 lastik \u015fi\u015firme ve aksesuar kutusu<\/li>\n<li>Al\u00fcminyum jantlara zarar vermeyen koruma plastikleri<\/li>\n<li>Yard\u0131mc\u0131 bast\u0131rma kolu<\/li>\n<li>\u00c7ift h\u0131zl\u0131 7\/18 rpm<\/li>\n<li>D\u0131\u015ftan jant ba\u011flama 10&#8243; &#8211; 24&#8243;<\/li>\n<li>\u0130\u00e7ten jant ba\u011flama 12&#8243; &#8211; 26&#8243;<\/li>\n<li>Maksimum jant geni\u015fli\u011fi 15&#8243;<\/li>\n<li>Maksimum tekerlek \u00e7ap\u0131 1000 mm<\/li>\n<li>RFT ve UHP lastikler i\u00e7in \u00f6zel yard\u0131mc\u0131 kol sistemi (MH 320 Pro)<\/li>\n<\/ul>\n","protected":false},"excerpt":{"rendered":"<ul>\n<li>Lastik S\u00f6kme Takma Cihaz\u0131 &#8211; T5540B 2S<\/li>\n<li>Pn\u00f6matik, geriye do\u011fru hareket edebilen montaj kafas\u0131<\/li>\n<li>PROspeed teknolojisi sayesinde tekerle\u011fe uygulanan torkun kontrol\u00fc ve d\u00f6n\u00fc\u015f h\u0131z\u0131n\u0131n otomatik olarak ayarlanmas\u0131 ile lastik hasarlar\u0131n\u0131n engellenmesi<\/li>\n<li>\u015eoklama sistemi, pedall\u0131 lastik \u015fi\u015firme ve aksesuar kutusu<\/li>\n<li>Al\u00fcminyum jantlara zarar vermeyen koruma plastikleri<\/li>\n<li>Yard\u0131mc\u0131 bast\u0131rma kolu<\/li>\n<li>\u00c7ift h\u0131zl\u0131 7\/18 rpm<\/li>\n<li>D\u0131\u015ftan jant ba\u011flama 10&#8243; &#8211; 24&#8243;<\/li>\n<li>\u0130\u00e7ten jant ba\u011flama 12&#8243; &#8211; 26&#8243;<\/li>\n<li>Maksimum jant geni\u015fli\u011fi 15&#8243;<\/li>\n<li>Maksimum tekerlek \u00e7ap\u0131 1000 mm<\/li>\n<li>RFT ve UHP lastikler i\u00e7in \u00f6zel yard\u0131mc\u0131 kol sistemi (MH 320 Pro)<\/li>\n<\/ul>\n","protected":false},"featured_media":4955,"comment_status":"closed","ping_status":"closed","template":"","meta":[],"product_cat":[152,162],"product_tag":[55,421,488,489,490,487],"class_list":["post-4081","product","type-product","status-publish","has-post-thumbnail","hentry","pwb-brand-john-bean","product_cat-lastik-servis-ekipmanlari","product_cat-lastik-sokme-takmalar","product_tag-john-bean","product_tag-lastik-servisi","product_tag-levyeli-sokme-takma","product_tag-levyesiz-sokme-takma","product_tag-tekerlek","product_tag-tekerlek-servisi"],"brands":[{"id":362,"name":"JOHN BEAN","slug":"john-bean"}],"yoast_head":"<!-- This site is optimized with the Yoast SEO plugin v17.1 - https:\/\/yoast.com\/wordpress\/plugins\/seo\/ -->\n<title>Lastik S\u00f6kme Takma Cihaz\u0131JOHN BEAN (Born in USA)T5540B 2S\u00c7ift h\u0131zl\u0131, jant ba\u011flama 10&quot; - 26&quot;, jant geni\u015fli\u011fi 15&quot;, \u00f6zel yard\u0131mc\u0131 kol, \u015foklama sistemi - Bak\u0131rc\u0131 Garagineering<\/title>\n<meta name=\"robots\" content=\"index, follow, max-snippet:-1, max-image-preview:large, max-video-preview:-1\" \/>\n<link rel=\"canonical\" href=\"https:\/\/bakirci.com\/ekipman\/servis-ekipmanlari\/mekanik\/lastik-servis-ekipmanlari\/lastik-sokme-takmalar\/lastik-sokme-takma-cihazlarijohn-bean-born-in-usalastik-sokme-takma-cihazi-t5540b-2scift-hizli-jant-baglama-10-26-jant-genisligi-15-ozel-yardimci-kol-soklama-sistemi\/\" \/>\n<meta property=\"og:locale\" content=\"tr_TR\" \/>\n<meta property=\"og:type\" content=\"article\" \/>\n<meta property=\"og:title\" content=\"Lastik S\u00f6kme Takma Cihaz\u0131JOHN BEAN (Born in USA)T5540B 2S\u00c7ift h\u0131zl\u0131, jant ba\u011flama 10&quot; - 26&quot;, jant geni\u015fli\u011fi 15&quot;, \u00f6zel yard\u0131mc\u0131 kol, \u015foklama sistemi - Bak\u0131rc\u0131 Garagineering\" \/>\n<meta property=\"og:description\" content=\"Lastik S\u00f6kme Takma Cihaz\u0131 - T5540B 2S  Pn\u00f6matik, geriye do\u011fru hareket edebilen montaj kafas\u0131  PROspeed teknolojisi sayesinde tekerle\u011fe uygulanan torkun kontrol\u00fc ve d\u00f6n\u00fc\u015f h\u0131z\u0131n\u0131n otomatik olarak ayarlanmas\u0131 ile lastik hasarlar\u0131n\u0131n engellenmesi  \u015eoklama sistemi, pedall\u0131 lastik \u015fi\u015firme ve aksesuar kutusu  Al\u00fcminyum jantlara zarar vermeyen koruma plastikleri  Yard\u0131mc\u0131 bast\u0131rma kolu  \u00c7ift h\u0131zl\u0131 7\/18 rpm  D\u0131\u015ftan jant ba\u011flama 10&quot; - 24&quot;  \u0130\u00e7ten jant ba\u011flama 12&quot; - 26&quot;  Maksimum jant geni\u015fli\u011fi 15&quot;  Maksimum tekerlek \u00e7ap\u0131 1000 mm  RFT ve UHP lastikler i\u00e7in \u00f6zel yard\u0131mc\u0131 kol sistemi (MH 320 Pro)\" \/>\n<meta property=\"og:url\" content=\"https:\/\/bakirci.com\/ekipman\/servis-ekipmanlari\/mekanik\/lastik-servis-ekipmanlari\/lastik-sokme-takmalar\/lastik-sokme-takma-cihazlarijohn-bean-born-in-usalastik-sokme-takma-cihazi-t5540b-2scift-hizli-jant-baglama-10-26-jant-genisligi-15-ozel-yardimci-kol-soklama-sistemi\/\" \/>\n<meta property=\"og:site_name\" content=\"Bak\u0131rc\u0131 Garagineering\" \/>\n<meta property=\"article:publisher\" content=\"https:\/\/www.facebook.com\/bakirci.garagineering\" \/>\n<meta property=\"article:modified_time\" content=\"2021-08-06T11:52:57+00:00\" \/>\n<meta property=\"og:image\" content=\"https:\/\/bakirci.com\/ekipman\/wp-content\/uploads\/2021\/03\/T5540B-2S.png\" \/>\n\t<meta property=\"og:image:width\" content=\"1200\" \/>\n\t<meta property=\"og:image:height\" content=\"1200\" \/>\n<meta name=\"twitter:card\" content=\"summary_large_image\" \/>\n<meta name=\"twitter:label1\" content=\"Tahmini okuma s\u00fcresi\" \/>\n\t<meta name=\"twitter:data1\" content=\"1 dakika\" \/>\n<script type=\"application\/ld+json\" class=\"yoast-schema-graph\">{\"@context\":\"https:\/\/schema.org\",\"@graph\":[{\"@type\":\"Organization\",\"@id\":\"https:\/\/bakirci.com\/ekipman\/#organization\",\"name\":\"Bak\\u0131rc\\u0131 garagineering\",\"url\":\"https:\/\/bakirci.com\/ekipman\/\",\"sameAs\":[\"https:\/\/www.facebook.com\/bakirci.garagineering\",\"https:\/\/www.instagram.com\/bakirci.garagineering\/\",\"https:\/\/www.linkedin.com\/company\/bakirci-garagineering\/\",\"https:\/\/www.youtube.com\/channel\/UCiVG6s_jALJ6Zk8085XiOQg\"],\"logo\":{\"@type\":\"ImageObject\",\"@id\":\"https:\/\/bakirci.com\/ekipman\/#logo\",\"inLanguage\":\"tr\",\"url\":\"https:\/\/bakirci.com\/ekipman\/wp-content\/uploads\/2021\/09\/Bakirci-logo-lacivert.png\",\"contentUrl\":\"https:\/\/bakirci.com\/ekipman\/wp-content\/uploads\/2021\/09\/Bakirci-logo-lacivert.png\",\"width\":501,\"height\":501,\"caption\":\"Bak\\u0131rc\\u0131 garagineering\"},\"image\":{\"@id\":\"https:\/\/bakirci.com\/ekipman\/#logo\"}},{\"@type\":\"WebSite\",\"@id\":\"https:\/\/bakirci.com\/ekipman\/#website\",\"url\":\"https:\/\/bakirci.com\/ekipman\/\",\"name\":\"Bak\\u0131rc\\u0131 Garagineering\",\"description\":\"Otomotiv sekt\\u00f6r\\u00fcne \\u00f6zel, \\u201c\\u00dcretici Standard\\u0131nda\\u201d \\u00e7\\u00f6z\\u00fcmler\\u2026\",\"publisher\":{\"@id\":\"https:\/\/bakirci.com\/ekipman\/#organization\"},\"potentialAction\":[{\"@type\":\"SearchAction\",\"target\":{\"@type\":\"EntryPoint\",\"urlTemplate\":\"https:\/\/bakirci.com\/ekipman\/?s={search_term_string}\"},\"query-input\":\"required name=search_term_string\"}],\"inLanguage\":\"tr\"},{\"@type\":\"ImageObject\",\"@id\":\"https:\/\/bakirci.com\/ekipman\/servis-ekipmanlari\/mekanik\/lastik-servis-ekipmanlari\/lastik-sokme-takmalar\/lastik-sokme-takma-cihazlarijohn-bean-born-in-usalastik-sokme-takma-cihazi-t5540b-2scift-hizli-jant-baglama-10-26-jant-genisligi-15-ozel-yardimci-kol-soklama-sistemi\/#primaryimage\",\"inLanguage\":\"tr\",\"url\":\"https:\/\/bakirci.com\/ekipman\/wp-content\/uploads\/2021\/03\/T5540B-2S.png\",\"contentUrl\":\"https:\/\/bakirci.com\/ekipman\/wp-content\/uploads\/2021\/03\/T5540B-2S.png\",\"width\":1200,\"height\":1200},{\"@type\":\"WebPage\",\"@id\":\"https:\/\/bakirci.com\/ekipman\/servis-ekipmanlari\/mekanik\/lastik-servis-ekipmanlari\/lastik-sokme-takmalar\/lastik-sokme-takma-cihazlarijohn-bean-born-in-usalastik-sokme-takma-cihazi-t5540b-2scift-hizli-jant-baglama-10-26-jant-genisligi-15-ozel-yardimci-kol-soklama-sistemi\/#webpage\",\"url\":\"https:\/\/bakirci.com\/ekipman\/servis-ekipmanlari\/mekanik\/lastik-servis-ekipmanlari\/lastik-sokme-takmalar\/lastik-sokme-takma-cihazlarijohn-bean-born-in-usalastik-sokme-takma-cihazi-t5540b-2scift-hizli-jant-baglama-10-26-jant-genisligi-15-ozel-yardimci-kol-soklama-sistemi\/\",\"name\":\"Lastik S\\u00f6kme Takma Cihaz\\u0131 JOHN BEAN (Born in USA) T5540B 2S \\u00c7ift h\\u0131zl\\u0131, jant ba\\u011flama 10\\\" - 26\\\", jant geni\\u015fli\\u011fi 15\\\", \\u00f6zel yard\\u0131mc\\u0131 kol, \\u015foklama sistemi - Bak\\u0131rc\\u0131 Garagineering\",\"isPartOf\":{\"@id\":\"https:\/\/bakirci.com\/ekipman\/#website\"},\"primaryImageOfPage\":{\"@id\":\"https:\/\/bakirci.com\/ekipman\/servis-ekipmanlari\/mekanik\/lastik-servis-ekipmanlari\/lastik-sokme-takmalar\/lastik-sokme-takma-cihazlarijohn-bean-born-in-usalastik-sokme-takma-cihazi-t5540b-2scift-hizli-jant-baglama-10-26-jant-genisligi-15-ozel-yardimci-kol-soklama-sistemi\/#primaryimage\"},\"datePublished\":\"2021-03-03T07:30:45+00:00\",\"dateModified\":\"2021-08-06T11:52:57+00:00\",\"breadcrumb\":{\"@id\":\"https:\/\/bakirci.com\/ekipman\/servis-ekipmanlari\/mekanik\/lastik-servis-ekipmanlari\/lastik-sokme-takmalar\/lastik-sokme-takma-cihazlarijohn-bean-born-in-usalastik-sokme-takma-cihazi-t5540b-2scift-hizli-jant-baglama-10-26-jant-genisligi-15-ozel-yardimci-kol-soklama-sistemi\/#breadcrumb\"},\"inLanguage\":\"tr\",\"potentialAction\":[{\"@type\":\"ReadAction\",\"target\":[\"https:\/\/bakirci.com\/ekipman\/servis-ekipmanlari\/mekanik\/lastik-servis-ekipmanlari\/lastik-sokme-takmalar\/lastik-sokme-takma-cihazlarijohn-bean-born-in-usalastik-sokme-takma-cihazi-t5540b-2scift-hizli-jant-baglama-10-26-jant-genisligi-15-ozel-yardimci-kol-soklama-sistemi\/\"]}]},{\"@type\":\"BreadcrumbList\",\"@id\":\"https:\/\/bakirci.com\/ekipman\/servis-ekipmanlari\/mekanik\/lastik-servis-ekipmanlari\/lastik-sokme-takmalar\/lastik-sokme-takma-cihazlarijohn-bean-born-in-usalastik-sokme-takma-cihazi-t5540b-2scift-hizli-jant-baglama-10-26-jant-genisligi-15-ozel-yardimci-kol-soklama-sistemi\/#breadcrumb\",\"itemListElement\":[{\"@type\":\"ListItem\",\"position\":1,\"name\":\"Ekipman\",\"item\":\"https:\/\/bakirci.com\/ekipman\/\"},{\"@type\":\"ListItem\",\"position\":2,\"name\":\"Otomotiv Tesisleri \\u0130\\u00e7in Servis Ekipmanlar\\u0131\",\"item\":\"https:\/\/bakirci.com\/ekipman\/\"},{\"@type\":\"ListItem\",\"position\":3,\"name\":\"Lastik S\\u00f6kme Takma Cihaz\\u0131JOHN BEAN (Born in USA)T5540B 2S\\u00c7ift h\\u0131zl\\u0131, jant ba\\u011flama 10&#8243; &#8211; 26&#8243;, jant geni\\u015fli\\u011fi 15&#8243;, \\u00f6zel yard\\u0131mc\\u0131 kol, \\u015foklama sistemi\"}]}]}<\/script>\n<!-- \/ Yoast SEO plugin. -->","yoast_head_json":{"title":"Lastik S\u00f6kme Takma Cihaz\u0131JOHN BEAN (Born in USA)T5540B 2S\u00c7ift h\u0131zl\u0131, jant ba\u011flama 10\" - 26\", jant geni\u015fli\u011fi 15\", \u00f6zel yard\u0131mc\u0131 kol, \u015foklama sistemi - Bak\u0131rc\u0131 Garagineering","robots":{"index":"index","follow":"follow","max-snippet":"max-snippet:-1","max-image-preview":"max-image-preview:large","max-video-preview":"max-video-preview:-1"},"canonical":"https:\/\/bakirci.com\/ekipman\/servis-ekipmanlari\/mekanik\/lastik-servis-ekipmanlari\/lastik-sokme-takmalar\/lastik-sokme-takma-cihazlarijohn-bean-born-in-usalastik-sokme-takma-cihazi-t5540b-2scift-hizli-jant-baglama-10-26-jant-genisligi-15-ozel-yardimci-kol-soklama-sistemi\/","og_locale":"tr_TR","og_type":"article","og_title":"Lastik S\u00f6kme Takma Cihaz\u0131JOHN BEAN (Born in USA)T5540B 2S\u00c7ift h\u0131zl\u0131, jant ba\u011flama 10\" - 26\", jant geni\u015fli\u011fi 15\", \u00f6zel yard\u0131mc\u0131 kol, \u015foklama sistemi - Bak\u0131rc\u0131 Garagineering","og_description":"Lastik S\u00f6kme Takma Cihaz\u0131 - T5540B 2S  Pn\u00f6matik, geriye do\u011fru hareket edebilen montaj kafas\u0131  PROspeed teknolojisi sayesinde tekerle\u011fe uygulanan torkun kontrol\u00fc ve d\u00f6n\u00fc\u015f h\u0131z\u0131n\u0131n otomatik olarak ayarlanmas\u0131 ile lastik hasarlar\u0131n\u0131n engellenmesi  \u015eoklama sistemi, pedall\u0131 lastik \u015fi\u015firme ve aksesuar kutusu  Al\u00fcminyum jantlara zarar vermeyen koruma plastikleri  Yard\u0131mc\u0131 bast\u0131rma kolu  \u00c7ift h\u0131zl\u0131 7\/18 rpm  D\u0131\u015ftan jant ba\u011flama 10\" - 24\"  \u0130\u00e7ten jant ba\u011flama 12\" - 26\"  Maksimum jant geni\u015fli\u011fi 15\"  Maksimum tekerlek \u00e7ap\u0131 1000 mm  RFT ve UHP lastikler i\u00e7in \u00f6zel yard\u0131mc\u0131 kol sistemi (MH 320 Pro)","og_url":"https:\/\/bakirci.com\/ekipman\/servis-ekipmanlari\/mekanik\/lastik-servis-ekipmanlari\/lastik-sokme-takmalar\/lastik-sokme-takma-cihazlarijohn-bean-born-in-usalastik-sokme-takma-cihazi-t5540b-2scift-hizli-jant-baglama-10-26-jant-genisligi-15-ozel-yardimci-kol-soklama-sistemi\/","og_site_name":"Bak\u0131rc\u0131 Garagineering","article_publisher":"https:\/\/www.facebook.com\/bakirci.garagineering","article_modified_time":"2021-08-06T11:52:57+00:00","og_image":[{"width":1200,"height":1200,"url":"https:\/\/bakirci.com\/ekipman\/wp-content\/uploads\/2021\/03\/T5540B-2S.png","path":"\/home\/bakirciwebsitesi\/public_html\/ekipman\/wp-content\/uploads\/2021\/03\/T5540B-2S.png","size":"full","id":4955,"alt":"","pixels":1440000,"type":"image\/png"}],"twitter_card":"summary_large_image","twitter_misc":{"Tahmini okuma s\u00fcresi":"1 dakika"},"schema":{"@context":"https:\/\/schema.org","@graph":[{"@type":"Organization","@id":"https:\/\/bakirci.com\/ekipman\/#organization","name":"Bak\u0131rc\u0131 garagineering","url":"https:\/\/bakirci.com\/ekipman\/","sameAs":["https:\/\/www.facebook.com\/bakirci.garagineering","https:\/\/www.instagram.com\/bakirci.garagineering\/","https:\/\/www.linkedin.com\/company\/bakirci-garagineering\/","https:\/\/www.youtube.com\/channel\/UCiVG6s_jALJ6Zk8085XiOQg"],"logo":{"@type":"ImageObject","@id":"https:\/\/bakirci.com\/ekipman\/#logo","inLanguage":"tr","url":"https:\/\/bakirci.com\/ekipman\/wp-content\/uploads\/2021\/09\/Bakirci-logo-lacivert.png","contentUrl":"https:\/\/bakirci.com\/ekipman\/wp-content\/uploads\/2021\/09\/Bakirci-logo-lacivert.png","width":501,"height":501,"caption":"Bak\u0131rc\u0131 garagineering"},"image":{"@id":"https:\/\/bakirci.com\/ekipman\/#logo"}},{"@type":"WebSite","@id":"https:\/\/bakirci.com\/ekipman\/#website","url":"https:\/\/bakirci.com\/ekipman\/","name":"Bak\u0131rc\u0131 Garagineering","description":"Otomotiv sekt\u00f6r\u00fcne \u00f6zel, \u201c\u00dcretici Standard\u0131nda\u201d \u00e7\u00f6z\u00fcmler\u2026","publisher":{"@id":"https:\/\/bakirci.com\/ekipman\/#organization"},"potentialAction":[{"@type":"SearchAction","target":{"@type":"EntryPoint","urlTemplate":"https:\/\/bakirci.com\/ekipman\/?s={search_term_string}"},"query-input":"required name=search_term_string"}],"inLanguage":"tr"},{"@type":"ImageObject","@id":"https:\/\/bakirci.com\/ekipman\/servis-ekipmanlari\/mekanik\/lastik-servis-ekipmanlari\/lastik-sokme-takmalar\/lastik-sokme-takma-cihazlarijohn-bean-born-in-usalastik-sokme-takma-cihazi-t5540b-2scift-hizli-jant-baglama-10-26-jant-genisligi-15-ozel-yardimci-kol-soklama-sistemi\/#primaryimage","inLanguage":"tr","url":"https:\/\/bakirci.com\/ekipman\/wp-content\/uploads\/2021\/03\/T5540B-2S.png","contentUrl":"https:\/\/bakirci.com\/ekipman\/wp-content\/uploads\/2021\/03\/T5540B-2S.png","width":1200,"height":1200},{"@type":"WebPage","@id":"https:\/\/bakirci.com\/ekipman\/servis-ekipmanlari\/mekanik\/lastik-servis-ekipmanlari\/lastik-sokme-takmalar\/lastik-sokme-takma-cihazlarijohn-bean-born-in-usalastik-sokme-takma-cihazi-t5540b-2scift-hizli-jant-baglama-10-26-jant-genisligi-15-ozel-yardimci-kol-soklama-sistemi\/#webpage","url":"https:\/\/bakirci.com\/ekipman\/servis-ekipmanlari\/mekanik\/lastik-servis-ekipmanlari\/lastik-sokme-takmalar\/lastik-sokme-takma-cihazlarijohn-bean-born-in-usalastik-sokme-takma-cihazi-t5540b-2scift-hizli-jant-baglama-10-26-jant-genisligi-15-ozel-yardimci-kol-soklama-sistemi\/","name":"Lastik S\u00f6kme Takma Cihaz\u0131 JOHN BEAN (Born in USA) T5540B 2S \u00c7ift h\u0131zl\u0131, jant ba\u011flama 10\" - 26\", jant geni\u015fli\u011fi 15\", \u00f6zel yard\u0131mc\u0131 kol, \u015foklama sistemi - Bak\u0131rc\u0131 Garagineering","isPartOf":{"@id":"https:\/\/bakirci.com\/ekipman\/#website"},"primaryImageOfPage":{"@id":"https:\/\/bakirci.com\/ekipman\/servis-ekipmanlari\/mekanik\/lastik-servis-ekipmanlari\/lastik-sokme-takmalar\/lastik-sokme-takma-cihazlarijohn-bean-born-in-usalastik-sokme-takma-cihazi-t5540b-2scift-hizli-jant-baglama-10-26-jant-genisligi-15-ozel-yardimci-kol-soklama-sistemi\/#primaryimage"},"datePublished":"2021-03-03T07:30:45+00:00","dateModified":"2021-08-06T11:52:57+00:00","breadcrumb":{"@id":"https:\/\/bakirci.com\/ekipman\/servis-ekipmanlari\/mekanik\/lastik-servis-ekipmanlari\/lastik-sokme-takmalar\/lastik-sokme-takma-cihazlarijohn-bean-born-in-usalastik-sokme-takma-cihazi-t5540b-2scift-hizli-jant-baglama-10-26-jant-genisligi-15-ozel-yardimci-kol-soklama-sistemi\/#breadcrumb"},"inLanguage":"tr","potentialAction":[{"@type":"ReadAction","target":["https:\/\/bakirci.com\/ekipman\/servis-ekipmanlari\/mekanik\/lastik-servis-ekipmanlari\/lastik-sokme-takmalar\/lastik-sokme-takma-cihazlarijohn-bean-born-in-usalastik-sokme-takma-cihazi-t5540b-2scift-hizli-jant-baglama-10-26-jant-genisligi-15-ozel-yardimci-kol-soklama-sistemi\/"]}]},{"@type":"BreadcrumbList","@id":"https:\/\/bakirci.com\/ekipman\/servis-ekipmanlari\/mekanik\/lastik-servis-ekipmanlari\/lastik-sokme-takmalar\/lastik-sokme-takma-cihazlarijohn-bean-born-in-usalastik-sokme-takma-cihazi-t5540b-2scift-hizli-jant-baglama-10-26-jant-genisligi-15-ozel-yardimci-kol-soklama-sistemi\/#breadcrumb","itemListElement":[{"@type":"ListItem","position":1,"name":"Ekipman","item":"https:\/\/bakirci.com\/ekipman\/"},{"@type":"ListItem","position":2,"name":"Otomotiv Tesisleri \u0130\u00e7in Servis Ekipmanlar\u0131","item":"https:\/\/bakirci.com\/ekipman\/"},{"@type":"ListItem","position":3,"name":"Lastik S\u00f6kme Takma Cihaz\u0131JOHN BEAN (Born in USA)T5540B 2S\u00c7ift h\u0131zl\u0131, jant ba\u011flama 10&#8243; &#8211; 26&#8243;, jant geni\u015fli\u011fi 15&#8243;, \u00f6zel yard\u0131mc\u0131 kol, \u015foklama sistemi"}]}]}},"_links":{"self":[{"href":"https:\/\/bakirci.com\/ekipman\/wp-json\/wp\/v2\/product\/4081","targetHints":{"allow":["GET"]}}],"collection":[{"href":"https:\/\/bakirci.com\/ekipman\/wp-json\/wp\/v2\/product"}],"about":[{"href":"https:\/\/bakirci.com\/ekipman\/wp-json\/wp\/v2\/types\/product"}],"replies":[{"embeddable":true,"href":"https:\/\/bakirci.com\/ekipman\/wp-json\/wp\/v2\/comments?post=4081"}],"wp:featuredmedia":[{"embeddable":true,"href":"https:\/\/bakirci.com\/ekipman\/wp-json\/wp\/v2\/media\/4955"}],"wp:attachment":[{"href":"https:\/\/bakirci.com\/ekipman\/wp-json\/wp\/v2\/media?parent=4081"}],"wp:term":[{"taxonomy":"product_cat","embeddable":true,"href":"https:\/\/bakirci.com\/ekipman\/wp-json\/wp\/v2\/product_cat?post=4081"},{"taxonomy":"product_tag","embeddable":true,"href":"https:\/\/bakirci.com\/ekipman\/wp-json\/wp\/v2\/product_tag?post=4081"}],"curies":[{"name":"wp","href":"https:\/\/api.w.org\/{rel}","templated":true}]}}