{"id":4076,"date":"2021-03-03T07:55:45","date_gmt":"2021-03-03T07:55:45","guid":{"rendered":"https:\/\/j6l.65c.myftpupload.com\/?post_type=product&#038;p=4076"},"modified":"2021-08-16T06:15:54","modified_gmt":"2021-08-16T06:15:54","slug":"lastik-sokme-takma-cihazlarihofmann-born-in-germanyagir-ticari-arac-lastik-sokme-takma-cihazi-monty-5800bjant-capi-14-58-maksimum-lastik-capi-2500-mm","status":"publish","type":"product","link":"https:\/\/bakirci.com\/ekipman\/servis-ekipmanlari\/mekanik\/lastik-servis-ekipmanlari\/lastik-sokme-takmalar\/lastik-sokme-takma-cihazlarihofmann-born-in-germanyagir-ticari-arac-lastik-sokme-takma-cihazi-monty-5800bjant-capi-14-58-maksimum-lastik-capi-2500-mm\/","title":{"rendered":"<p class=\"ustmetin\">A\u011f\u0131r Ticari Ara\u00e7 Lastik S\u00f6kme Takma Cihaz\u0131<\/p><p class=\"ortametin\">HOFMANN <span class=\"ortametin2\">(Born in GERMANY)<\/span><\/p><p class=\"altmetin\">Monty 5800B<br>Jant \u00e7ap\u0131 14&#8243; &#8211; 58&#8243;,<br>maksimum lastik \u00e7ap\u0131 2500 mm<\/p>"},"content":{"rendered":"<ul>\n<li>A\u011f\u0131r Ticari Ara\u00e7 Lastik S\u00f6kme Takma Cihaz\u0131 &#8211; Monty 5800B<\/li>\n<li>\u00dcniversal elektro-hidrolik sistem<\/li>\n<li>Rahat jant ba\u011flant\u0131s\u0131 i\u00e7in kayar tabla<\/li>\n<li>Y\u00fcksekli\u011fi ayarlanabilen ve her y\u00f6ne hareket edebilen montaj kafas\u0131<\/li>\n<li>Kullan\u0131m kolayl\u0131\u011f\u0131 sa\u011flayan sabit kollu joystick sistemi<\/li>\n<li>\u00c7ift h\u0131zl\u0131 4 t\u0131rnakl\u0131 kuvvetli jant ba\u011flama sistemi<\/li>\n<li>Montaj kolunun 180\u00b0 otomatik hareket kabiliyeti<\/li>\n<li>Ekstra kuvvetlendirilmi\u015f eklem ba\u011flant\u0131lar\u0131<\/li>\n<li>Jant \u00e7ap\u0131 14&#8243; &#8211; 58&#8243;<\/li>\n<li>Maksimum lastik \u00e7ap\u0131 2500 mm<\/li>\n<li>Maksimum lastik geni\u015fli\u011fi 1500 mm<\/li>\n<li>Maksimum lastik a\u011f\u0131rl\u0131\u011f\u0131 2000 kg<\/li>\n<li>Topuk d\u00fc\u015f\u00fcrme kuvveti 38000 Nm<\/li>\n<\/ul>\n","protected":false},"excerpt":{"rendered":"<ul>\n<li>A\u011f\u0131r Ticari Ara\u00e7 Lastik S\u00f6kme Takma Cihaz\u0131 &#8211; Monty 5800B<\/li>\n<li>\u00dcniversal elektro-hidrolik sistem<\/li>\n<li>Rahat jant ba\u011flant\u0131s\u0131 i\u00e7in kayar tabla<\/li>\n<li>Y\u00fcksekli\u011fi ayarlanabilen ve her y\u00f6ne hareket edebilen montaj kafas\u0131<\/li>\n<li>Kullan\u0131m kolayl\u0131\u011f\u0131 sa\u011flayan sabit kollu joystick sistemi<\/li>\n<li>\u00c7ift h\u0131zl\u0131 4 t\u0131rnakl\u0131 kuvvetli jant ba\u011flama sistemi<\/li>\n<li>Montaj kolunun 180\u00b0 otomatik hareket kabiliyeti<\/li>\n<li>Ekstra kuvvetlendirilmi\u015f eklem ba\u011flant\u0131lar\u0131<\/li>\n<li>Jant \u00e7ap\u0131 14&#8243; &#8211; 58&#8243;<\/li>\n<li>Maksimum lastik \u00e7ap\u0131 2500 mm<\/li>\n<li>Maksimum lastik geni\u015fli\u011fi 1500 mm<\/li>\n<li>Maksimum lastik a\u011f\u0131rl\u0131\u011f\u0131 2000 kg<\/li>\n<li>Topuk d\u00fc\u015f\u00fcrme kuvveti 38000 Nm<\/li>\n<\/ul>\n","protected":false},"featured_media":4951,"comment_status":"closed","ping_status":"closed","template":"","meta":[],"product_cat":[152,162],"product_tag":[59,421,488,489,490,487],"class_list":["post-4076","product","type-product","status-publish","has-post-thumbnail","hentry","pwb-brand-hofmann","product_cat-lastik-servis-ekipmanlari","product_cat-lastik-sokme-takmalar","product_tag-hofmann","product_tag-lastik-servisi","product_tag-levyeli-sokme-takma","product_tag-levyesiz-sokme-takma","product_tag-tekerlek","product_tag-tekerlek-servisi"],"brands":[{"id":363,"name":"HOFMANN","slug":"hofmann"}],"yoast_head":"<!-- This site is optimized with the Yoast SEO plugin v17.1 - https:\/\/yoast.com\/wordpress\/plugins\/seo\/ -->\n<title>A\u011f\u0131r Ticari Ara\u00e7 Lastik S\u00f6kme Takma Cihaz\u0131HOFMANN (Born in GERMANY)Monty 5800BJant \u00e7ap\u0131 14&quot; - 58&quot;,maksimum lastik \u00e7ap\u0131 2500 mm - Bak\u0131rc\u0131 Garagineering<\/title>\n<meta name=\"robots\" content=\"index, follow, max-snippet:-1, max-image-preview:large, max-video-preview:-1\" \/>\n<link rel=\"canonical\" href=\"https:\/\/bakirci.com\/ekipman\/servis-ekipmanlari\/mekanik\/lastik-servis-ekipmanlari\/lastik-sokme-takmalar\/lastik-sokme-takma-cihazlarihofmann-born-in-germanyagir-ticari-arac-lastik-sokme-takma-cihazi-monty-5800bjant-capi-14-58-maksimum-lastik-capi-2500-mm\/\" \/>\n<meta property=\"og:locale\" content=\"tr_TR\" \/>\n<meta property=\"og:type\" content=\"article\" \/>\n<meta property=\"og:title\" content=\"A\u011f\u0131r Ticari Ara\u00e7 Lastik S\u00f6kme Takma Cihaz\u0131HOFMANN (Born in GERMANY)Monty 5800BJant \u00e7ap\u0131 14&quot; - 58&quot;,maksimum lastik \u00e7ap\u0131 2500 mm - Bak\u0131rc\u0131 Garagineering\" \/>\n<meta property=\"og:description\" content=\"A\u011f\u0131r Ticari Ara\u00e7 Lastik S\u00f6kme Takma Cihaz\u0131 - Monty 5800B  \u00dcniversal elektro-hidrolik sistem  Rahat jant ba\u011flant\u0131s\u0131 i\u00e7in kayar tabla  Y\u00fcksekli\u011fi ayarlanabilen ve her y\u00f6ne hareket edebilen montaj kafas\u0131  Kullan\u0131m kolayl\u0131\u011f\u0131 sa\u011flayan sabit kollu joystick sistemi  \u00c7ift h\u0131zl\u0131 4 t\u0131rnakl\u0131 kuvvetli jant ba\u011flama sistemi  Montaj kolunun 180\u00b0 otomatik hareket kabiliyeti  Ekstra kuvvetlendirilmi\u015f eklem ba\u011flant\u0131lar\u0131  Jant \u00e7ap\u0131 14&quot; - 58&quot;  Maksimum lastik \u00e7ap\u0131 2500 mm  Maksimum lastik geni\u015fli\u011fi 1500 mm  Maksimum lastik a\u011f\u0131rl\u0131\u011f\u0131 2000 kg  Topuk d\u00fc\u015f\u00fcrme kuvveti 38000 Nm\" \/>\n<meta property=\"og:url\" content=\"https:\/\/bakirci.com\/ekipman\/servis-ekipmanlari\/mekanik\/lastik-servis-ekipmanlari\/lastik-sokme-takmalar\/lastik-sokme-takma-cihazlarihofmann-born-in-germanyagir-ticari-arac-lastik-sokme-takma-cihazi-monty-5800bjant-capi-14-58-maksimum-lastik-capi-2500-mm\/\" \/>\n<meta property=\"og:site_name\" content=\"Bak\u0131rc\u0131 Garagineering\" \/>\n<meta property=\"article:publisher\" content=\"https:\/\/www.facebook.com\/bakirci.garagineering\" \/>\n<meta property=\"article:modified_time\" content=\"2021-08-16T06:15:54+00:00\" \/>\n<meta property=\"og:image\" content=\"https:\/\/bakirci.com\/ekipman\/wp-content\/uploads\/2021\/03\/Monty-5800B.png\" \/>\n\t<meta property=\"og:image:width\" content=\"1000\" \/>\n\t<meta property=\"og:image:height\" content=\"1000\" \/>\n<meta name=\"twitter:card\" content=\"summary_large_image\" \/>\n<meta name=\"twitter:label1\" content=\"Tahmini okuma s\u00fcresi\" \/>\n\t<meta name=\"twitter:data1\" content=\"1 dakika\" \/>\n<script type=\"application\/ld+json\" class=\"yoast-schema-graph\">{\"@context\":\"https:\/\/schema.org\",\"@graph\":[{\"@type\":\"Organization\",\"@id\":\"https:\/\/bakirci.com\/ekipman\/#organization\",\"name\":\"Bak\\u0131rc\\u0131 garagineering\",\"url\":\"https:\/\/bakirci.com\/ekipman\/\",\"sameAs\":[\"https:\/\/www.facebook.com\/bakirci.garagineering\",\"https:\/\/www.instagram.com\/bakirci.garagineering\/\",\"https:\/\/www.linkedin.com\/company\/bakirci-garagineering\/\",\"https:\/\/www.youtube.com\/channel\/UCiVG6s_jALJ6Zk8085XiOQg\"],\"logo\":{\"@type\":\"ImageObject\",\"@id\":\"https:\/\/bakirci.com\/ekipman\/#logo\",\"inLanguage\":\"tr\",\"url\":\"https:\/\/bakirci.com\/ekipman\/wp-content\/uploads\/2021\/09\/Bakirci-logo-lacivert.png\",\"contentUrl\":\"https:\/\/bakirci.com\/ekipman\/wp-content\/uploads\/2021\/09\/Bakirci-logo-lacivert.png\",\"width\":501,\"height\":501,\"caption\":\"Bak\\u0131rc\\u0131 garagineering\"},\"image\":{\"@id\":\"https:\/\/bakirci.com\/ekipman\/#logo\"}},{\"@type\":\"WebSite\",\"@id\":\"https:\/\/bakirci.com\/ekipman\/#website\",\"url\":\"https:\/\/bakirci.com\/ekipman\/\",\"name\":\"Bak\\u0131rc\\u0131 Garagineering\",\"description\":\"Otomotiv sekt\\u00f6r\\u00fcne \\u00f6zel, \\u201c\\u00dcretici Standard\\u0131nda\\u201d \\u00e7\\u00f6z\\u00fcmler\\u2026\",\"publisher\":{\"@id\":\"https:\/\/bakirci.com\/ekipman\/#organization\"},\"potentialAction\":[{\"@type\":\"SearchAction\",\"target\":{\"@type\":\"EntryPoint\",\"urlTemplate\":\"https:\/\/bakirci.com\/ekipman\/?s={search_term_string}\"},\"query-input\":\"required name=search_term_string\"}],\"inLanguage\":\"tr\"},{\"@type\":\"ImageObject\",\"@id\":\"https:\/\/bakirci.com\/ekipman\/servis-ekipmanlari\/mekanik\/lastik-servis-ekipmanlari\/lastik-sokme-takmalar\/lastik-sokme-takma-cihazlarihofmann-born-in-germanyagir-ticari-arac-lastik-sokme-takma-cihazi-monty-5800bjant-capi-14-58-maksimum-lastik-capi-2500-mm\/#primaryimage\",\"inLanguage\":\"tr\",\"url\":\"https:\/\/bakirci.com\/ekipman\/wp-content\/uploads\/2021\/03\/Monty-5800B.png\",\"contentUrl\":\"https:\/\/bakirci.com\/ekipman\/wp-content\/uploads\/2021\/03\/Monty-5800B.png\",\"width\":1000,\"height\":1000},{\"@type\":\"WebPage\",\"@id\":\"https:\/\/bakirci.com\/ekipman\/servis-ekipmanlari\/mekanik\/lastik-servis-ekipmanlari\/lastik-sokme-takmalar\/lastik-sokme-takma-cihazlarihofmann-born-in-germanyagir-ticari-arac-lastik-sokme-takma-cihazi-monty-5800bjant-capi-14-58-maksimum-lastik-capi-2500-mm\/#webpage\",\"url\":\"https:\/\/bakirci.com\/ekipman\/servis-ekipmanlari\/mekanik\/lastik-servis-ekipmanlari\/lastik-sokme-takmalar\/lastik-sokme-takma-cihazlarihofmann-born-in-germanyagir-ticari-arac-lastik-sokme-takma-cihazi-monty-5800bjant-capi-14-58-maksimum-lastik-capi-2500-mm\/\",\"name\":\"A\\u011f\\u0131r Ticari Ara\\u00e7 Lastik S\\u00f6kme Takma Cihaz\\u0131 HOFMANN (Born in GERMANY) Monty 5800B Jant \\u00e7ap\\u0131 14\\\" - 58\\\", maksimum lastik \\u00e7ap\\u0131 2500 mm - Bak\\u0131rc\\u0131 Garagineering\",\"isPartOf\":{\"@id\":\"https:\/\/bakirci.com\/ekipman\/#website\"},\"primaryImageOfPage\":{\"@id\":\"https:\/\/bakirci.com\/ekipman\/servis-ekipmanlari\/mekanik\/lastik-servis-ekipmanlari\/lastik-sokme-takmalar\/lastik-sokme-takma-cihazlarihofmann-born-in-germanyagir-ticari-arac-lastik-sokme-takma-cihazi-monty-5800bjant-capi-14-58-maksimum-lastik-capi-2500-mm\/#primaryimage\"},\"datePublished\":\"2021-03-03T07:55:45+00:00\",\"dateModified\":\"2021-08-16T06:15:54+00:00\",\"breadcrumb\":{\"@id\":\"https:\/\/bakirci.com\/ekipman\/servis-ekipmanlari\/mekanik\/lastik-servis-ekipmanlari\/lastik-sokme-takmalar\/lastik-sokme-takma-cihazlarihofmann-born-in-germanyagir-ticari-arac-lastik-sokme-takma-cihazi-monty-5800bjant-capi-14-58-maksimum-lastik-capi-2500-mm\/#breadcrumb\"},\"inLanguage\":\"tr\",\"potentialAction\":[{\"@type\":\"ReadAction\",\"target\":[\"https:\/\/bakirci.com\/ekipman\/servis-ekipmanlari\/mekanik\/lastik-servis-ekipmanlari\/lastik-sokme-takmalar\/lastik-sokme-takma-cihazlarihofmann-born-in-germanyagir-ticari-arac-lastik-sokme-takma-cihazi-monty-5800bjant-capi-14-58-maksimum-lastik-capi-2500-mm\/\"]}]},{\"@type\":\"BreadcrumbList\",\"@id\":\"https:\/\/bakirci.com\/ekipman\/servis-ekipmanlari\/mekanik\/lastik-servis-ekipmanlari\/lastik-sokme-takmalar\/lastik-sokme-takma-cihazlarihofmann-born-in-germanyagir-ticari-arac-lastik-sokme-takma-cihazi-monty-5800bjant-capi-14-58-maksimum-lastik-capi-2500-mm\/#breadcrumb\",\"itemListElement\":[{\"@type\":\"ListItem\",\"position\":1,\"name\":\"Ekipman\",\"item\":\"https:\/\/bakirci.com\/ekipman\/\"},{\"@type\":\"ListItem\",\"position\":2,\"name\":\"Otomotiv Tesisleri \\u0130\\u00e7in Servis Ekipmanlar\\u0131\",\"item\":\"https:\/\/bakirci.com\/ekipman\/\"},{\"@type\":\"ListItem\",\"position\":3,\"name\":\"A\\u011f\\u0131r Ticari Ara\\u00e7 Lastik S\\u00f6kme Takma Cihaz\\u0131HOFMANN (Born in GERMANY)Monty 5800BJant \\u00e7ap\\u0131 14&#8243; &#8211; 58&#8243;,maksimum lastik \\u00e7ap\\u0131 2500 mm\"}]}]}<\/script>\n<!-- \/ Yoast SEO plugin. -->","yoast_head_json":{"title":"A\u011f\u0131r Ticari Ara\u00e7 Lastik S\u00f6kme Takma Cihaz\u0131HOFMANN (Born in GERMANY)Monty 5800BJant \u00e7ap\u0131 14\" - 58\",maksimum lastik \u00e7ap\u0131 2500 mm - Bak\u0131rc\u0131 Garagineering","robots":{"index":"index","follow":"follow","max-snippet":"max-snippet:-1","max-image-preview":"max-image-preview:large","max-video-preview":"max-video-preview:-1"},"canonical":"https:\/\/bakirci.com\/ekipman\/servis-ekipmanlari\/mekanik\/lastik-servis-ekipmanlari\/lastik-sokme-takmalar\/lastik-sokme-takma-cihazlarihofmann-born-in-germanyagir-ticari-arac-lastik-sokme-takma-cihazi-monty-5800bjant-capi-14-58-maksimum-lastik-capi-2500-mm\/","og_locale":"tr_TR","og_type":"article","og_title":"A\u011f\u0131r Ticari Ara\u00e7 Lastik S\u00f6kme Takma Cihaz\u0131HOFMANN (Born in GERMANY)Monty 5800BJant \u00e7ap\u0131 14\" - 58\",maksimum lastik \u00e7ap\u0131 2500 mm - Bak\u0131rc\u0131 Garagineering","og_description":"A\u011f\u0131r Ticari Ara\u00e7 Lastik S\u00f6kme Takma Cihaz\u0131 - Monty 5800B  \u00dcniversal elektro-hidrolik sistem  Rahat jant ba\u011flant\u0131s\u0131 i\u00e7in kayar tabla  Y\u00fcksekli\u011fi ayarlanabilen ve her y\u00f6ne hareket edebilen montaj kafas\u0131  Kullan\u0131m kolayl\u0131\u011f\u0131 sa\u011flayan sabit kollu joystick sistemi  \u00c7ift h\u0131zl\u0131 4 t\u0131rnakl\u0131 kuvvetli jant ba\u011flama sistemi  Montaj kolunun 180\u00b0 otomatik hareket kabiliyeti  Ekstra kuvvetlendirilmi\u015f eklem ba\u011flant\u0131lar\u0131  Jant \u00e7ap\u0131 14\" - 58\"  Maksimum lastik \u00e7ap\u0131 2500 mm  Maksimum lastik geni\u015fli\u011fi 1500 mm  Maksimum lastik a\u011f\u0131rl\u0131\u011f\u0131 2000 kg  Topuk d\u00fc\u015f\u00fcrme kuvveti 38000 Nm","og_url":"https:\/\/bakirci.com\/ekipman\/servis-ekipmanlari\/mekanik\/lastik-servis-ekipmanlari\/lastik-sokme-takmalar\/lastik-sokme-takma-cihazlarihofmann-born-in-germanyagir-ticari-arac-lastik-sokme-takma-cihazi-monty-5800bjant-capi-14-58-maksimum-lastik-capi-2500-mm\/","og_site_name":"Bak\u0131rc\u0131 Garagineering","article_publisher":"https:\/\/www.facebook.com\/bakirci.garagineering","article_modified_time":"2021-08-16T06:15:54+00:00","og_image":[{"width":1000,"height":1000,"url":"https:\/\/bakirci.com\/ekipman\/wp-content\/uploads\/2021\/03\/Monty-5800B.png","path":"\/home\/bakirciwebsitesi\/public_html\/ekipman\/wp-content\/uploads\/2021\/03\/Monty-5800B.png","size":"full","id":4951,"alt":"","pixels":1000000,"type":"image\/png"}],"twitter_card":"summary_large_image","twitter_misc":{"Tahmini okuma s\u00fcresi":"1 dakika"},"schema":{"@context":"https:\/\/schema.org","@graph":[{"@type":"Organization","@id":"https:\/\/bakirci.com\/ekipman\/#organization","name":"Bak\u0131rc\u0131 garagineering","url":"https:\/\/bakirci.com\/ekipman\/","sameAs":["https:\/\/www.facebook.com\/bakirci.garagineering","https:\/\/www.instagram.com\/bakirci.garagineering\/","https:\/\/www.linkedin.com\/company\/bakirci-garagineering\/","https:\/\/www.youtube.com\/channel\/UCiVG6s_jALJ6Zk8085XiOQg"],"logo":{"@type":"ImageObject","@id":"https:\/\/bakirci.com\/ekipman\/#logo","inLanguage":"tr","url":"https:\/\/bakirci.com\/ekipman\/wp-content\/uploads\/2021\/09\/Bakirci-logo-lacivert.png","contentUrl":"https:\/\/bakirci.com\/ekipman\/wp-content\/uploads\/2021\/09\/Bakirci-logo-lacivert.png","width":501,"height":501,"caption":"Bak\u0131rc\u0131 garagineering"},"image":{"@id":"https:\/\/bakirci.com\/ekipman\/#logo"}},{"@type":"WebSite","@id":"https:\/\/bakirci.com\/ekipman\/#website","url":"https:\/\/bakirci.com\/ekipman\/","name":"Bak\u0131rc\u0131 Garagineering","description":"Otomotiv sekt\u00f6r\u00fcne \u00f6zel, \u201c\u00dcretici Standard\u0131nda\u201d \u00e7\u00f6z\u00fcmler\u2026","publisher":{"@id":"https:\/\/bakirci.com\/ekipman\/#organization"},"potentialAction":[{"@type":"SearchAction","target":{"@type":"EntryPoint","urlTemplate":"https:\/\/bakirci.com\/ekipman\/?s={search_term_string}"},"query-input":"required name=search_term_string"}],"inLanguage":"tr"},{"@type":"ImageObject","@id":"https:\/\/bakirci.com\/ekipman\/servis-ekipmanlari\/mekanik\/lastik-servis-ekipmanlari\/lastik-sokme-takmalar\/lastik-sokme-takma-cihazlarihofmann-born-in-germanyagir-ticari-arac-lastik-sokme-takma-cihazi-monty-5800bjant-capi-14-58-maksimum-lastik-capi-2500-mm\/#primaryimage","inLanguage":"tr","url":"https:\/\/bakirci.com\/ekipman\/wp-content\/uploads\/2021\/03\/Monty-5800B.png","contentUrl":"https:\/\/bakirci.com\/ekipman\/wp-content\/uploads\/2021\/03\/Monty-5800B.png","width":1000,"height":1000},{"@type":"WebPage","@id":"https:\/\/bakirci.com\/ekipman\/servis-ekipmanlari\/mekanik\/lastik-servis-ekipmanlari\/lastik-sokme-takmalar\/lastik-sokme-takma-cihazlarihofmann-born-in-germanyagir-ticari-arac-lastik-sokme-takma-cihazi-monty-5800bjant-capi-14-58-maksimum-lastik-capi-2500-mm\/#webpage","url":"https:\/\/bakirci.com\/ekipman\/servis-ekipmanlari\/mekanik\/lastik-servis-ekipmanlari\/lastik-sokme-takmalar\/lastik-sokme-takma-cihazlarihofmann-born-in-germanyagir-ticari-arac-lastik-sokme-takma-cihazi-monty-5800bjant-capi-14-58-maksimum-lastik-capi-2500-mm\/","name":"A\u011f\u0131r Ticari Ara\u00e7 Lastik S\u00f6kme Takma Cihaz\u0131 HOFMANN (Born in GERMANY) Monty 5800B Jant \u00e7ap\u0131 14\" - 58\", maksimum lastik \u00e7ap\u0131 2500 mm - Bak\u0131rc\u0131 Garagineering","isPartOf":{"@id":"https:\/\/bakirci.com\/ekipman\/#website"},"primaryImageOfPage":{"@id":"https:\/\/bakirci.com\/ekipman\/servis-ekipmanlari\/mekanik\/lastik-servis-ekipmanlari\/lastik-sokme-takmalar\/lastik-sokme-takma-cihazlarihofmann-born-in-germanyagir-ticari-arac-lastik-sokme-takma-cihazi-monty-5800bjant-capi-14-58-maksimum-lastik-capi-2500-mm\/#primaryimage"},"datePublished":"2021-03-03T07:55:45+00:00","dateModified":"2021-08-16T06:15:54+00:00","breadcrumb":{"@id":"https:\/\/bakirci.com\/ekipman\/servis-ekipmanlari\/mekanik\/lastik-servis-ekipmanlari\/lastik-sokme-takmalar\/lastik-sokme-takma-cihazlarihofmann-born-in-germanyagir-ticari-arac-lastik-sokme-takma-cihazi-monty-5800bjant-capi-14-58-maksimum-lastik-capi-2500-mm\/#breadcrumb"},"inLanguage":"tr","potentialAction":[{"@type":"ReadAction","target":["https:\/\/bakirci.com\/ekipman\/servis-ekipmanlari\/mekanik\/lastik-servis-ekipmanlari\/lastik-sokme-takmalar\/lastik-sokme-takma-cihazlarihofmann-born-in-germanyagir-ticari-arac-lastik-sokme-takma-cihazi-monty-5800bjant-capi-14-58-maksimum-lastik-capi-2500-mm\/"]}]},{"@type":"BreadcrumbList","@id":"https:\/\/bakirci.com\/ekipman\/servis-ekipmanlari\/mekanik\/lastik-servis-ekipmanlari\/lastik-sokme-takmalar\/lastik-sokme-takma-cihazlarihofmann-born-in-germanyagir-ticari-arac-lastik-sokme-takma-cihazi-monty-5800bjant-capi-14-58-maksimum-lastik-capi-2500-mm\/#breadcrumb","itemListElement":[{"@type":"ListItem","position":1,"name":"Ekipman","item":"https:\/\/bakirci.com\/ekipman\/"},{"@type":"ListItem","position":2,"name":"Otomotiv Tesisleri \u0130\u00e7in Servis Ekipmanlar\u0131","item":"https:\/\/bakirci.com\/ekipman\/"},{"@type":"ListItem","position":3,"name":"A\u011f\u0131r Ticari Ara\u00e7 Lastik S\u00f6kme Takma Cihaz\u0131HOFMANN (Born in GERMANY)Monty 5800BJant \u00e7ap\u0131 14&#8243; &#8211; 58&#8243;,maksimum lastik \u00e7ap\u0131 2500 mm"}]}]}},"_links":{"self":[{"href":"https:\/\/bakirci.com\/ekipman\/wp-json\/wp\/v2\/product\/4076","targetHints":{"allow":["GET"]}}],"collection":[{"href":"https:\/\/bakirci.com\/ekipman\/wp-json\/wp\/v2\/product"}],"about":[{"href":"https:\/\/bakirci.com\/ekipman\/wp-json\/wp\/v2\/types\/product"}],"replies":[{"embeddable":true,"href":"https:\/\/bakirci.com\/ekipman\/wp-json\/wp\/v2\/comments?post=4076"}],"wp:featuredmedia":[{"embeddable":true,"href":"https:\/\/bakirci.com\/ekipman\/wp-json\/wp\/v2\/media\/4951"}],"wp:attachment":[{"href":"https:\/\/bakirci.com\/ekipman\/wp-json\/wp\/v2\/media?parent=4076"}],"wp:term":[{"taxonomy":"product_cat","embeddable":true,"href":"https:\/\/bakirci.com\/ekipman\/wp-json\/wp\/v2\/product_cat?post=4076"},{"taxonomy":"product_tag","embeddable":true,"href":"https:\/\/bakirci.com\/ekipman\/wp-json\/wp\/v2\/product_tag?post=4076"}],"curies":[{"name":"wp","href":"https:\/\/api.w.org\/{rel}","templated":true}]}}