{"id":4033,"date":"2021-06-01T08:42:22","date_gmt":"2021-06-01T08:42:22","guid":{"rendered":"https:\/\/j6l.65c.myftpupload.com\/?post_type=product&#038;p=4033"},"modified":"2021-10-30T13:35:23","modified_gmt":"2021-10-30T13:35:23","slug":"geodyna-7750p-bmw","status":"publish","type":"product","link":"https:\/\/bakirci.com\/ekipman\/servis-ekipmanlari\/mekanik\/lastik-servis-ekipmanlari\/balans-cihazlari\/geodyna-7750p-bmw\/","title":{"rendered":"<p class=\"ustmetin\">Sabit Balans Cihaz\u0131<\/p><p class=\"ortametin\">HOFMANN <span class=\"ortametin2\">(Born in GERMANY)<\/span><\/p><p class=\"altmetin\">Geodyna\u00a07750P BMW<br>Elektromekanik Power Clamp s\u0131k\u0131\u015ft\u0131rma sistemi, <br>maksimum tekerlek \u00e7ap\u0131 41&#8243;, liftli<\/p>"},"content":{"rendered":"<ul>\n<li>Sabit Balans Cihaz\u0131 &#8211; Geodyna\u00a07750P BMW<\/li>\n<li>Y\u00fcksek hassasiyet ve tekrarlanabilirlik i\u00e7in VPM \u00f6l\u00e7\u00fcm tekni\u011fi<\/li>\n<li>Smart Sonar \u00f6l\u00e7\u00fcm sistemi ile jant geni\u015fli\u011finin otomatik tespiti<\/li>\n<li>10&#8243; geoTOUCH\u2122 dokunmatik ekran ile h\u0131zl\u0131 operasyon<\/li>\n<li>EasyWeight lazer ile kur\u015fun \u00e7akma ve yap\u0131\u015ft\u0131rma yeri belirleme<\/li>\n<li>Tork kontroll\u00fc elektromekanik Power Clamp s\u0131k\u0131\u015ft\u0131rma sistemi<\/li>\n<li>Otomatik jant i\u00e7i iLED\u2122 g\u00fc\u00e7l\u00fc ledli ayd\u0131nlatma<\/li>\n<li>Kur\u015fun tasarruf ve gizleme program\u0131<\/li>\n<li>Ayarlanan son kald\u0131rma noktas\u0131na otomatik konumlanan tekerlek kald\u0131rma lifti<\/li>\n<li>BMW konik ve ba\u011flant\u0131 flan\u015f seti<\/li>\n<li>Maksimum tekerlek \u00e7ap\u0131 41&#8243;<\/li>\n<li>Maksimum jant \u00e7ap\u0131 32&#8243;<\/li>\n<li>Maksimum tekerlek a\u011f\u0131rl\u0131\u011f\u0131 70 kg<\/li>\n<li>Maksimum jant geni\u015fli\u011fi 20&#8243;<\/li>\n<\/ul>\n","protected":false},"excerpt":{"rendered":"<ul>\n<li>Sabit Balans Cihaz\u0131 &#8211; Geodyna\u00a07750P BMW<\/li>\n<li>Y\u00fcksek hassasiyet ve tekrarlanabilirlik i\u00e7in VPM \u00f6l\u00e7\u00fcm tekni\u011fi<\/li>\n<li>Smart Sonar \u00f6l\u00e7\u00fcm sistemi ile jant geni\u015fli\u011finin otomatik tespiti<\/li>\n<li>10&#8243; geoTOUCH\u2122 dokunmatik ekran ile h\u0131zl\u0131 operasyon<\/li>\n<li>EasyWeight lazer ile kur\u015fun \u00e7akma ve yap\u0131\u015ft\u0131rma yeri belirleme<\/li>\n<li>Tork kontroll\u00fc elektromekanik Power Clamp s\u0131k\u0131\u015ft\u0131rma sistemi<\/li>\n<li>Otomatik jant i\u00e7i iLED\u2122 g\u00fc\u00e7l\u00fc ledli ayd\u0131nlatma<\/li>\n<li>Kur\u015fun tasarruf ve gizleme program\u0131<\/li>\n<li>Ayarlanan son kald\u0131rma noktas\u0131na otomatik konumlanan tekerlek kald\u0131rma lifti<\/li>\n<li>BMW konik ve ba\u011flant\u0131 flan\u015f seti<\/li>\n<li>Maksimum tekerlek \u00e7ap\u0131 41&#8243;<\/li>\n<li>Maksimum jant \u00e7ap\u0131 32&#8243;<\/li>\n<li>Maksimum tekerlek a\u011f\u0131rl\u0131\u011f\u0131 70 kg<\/li>\n<li>Maksimum jant geni\u015fli\u011fi 20&#8243;<\/li>\n<\/ul>\n","protected":false},"featured_media":4264,"comment_status":"closed","ping_status":"closed","template":"","meta":[],"product_cat":[152,155],"product_tag":[479,471,470,482,476,475,474,473,468,472,59,483,480,469,486,484,478,466,467,477,481,485,465],"class_list":["post-4033","product","type-product","status-publish","has-post-thumbnail","hentry","pwb-brand-hofmann","product_cat-lastik-servis-ekipmanlari","product_cat-balans-cihazlari","product_tag-balans-kursunu","product_tag-balans-makinasi","product_tag-balans-makinesi","product_tag-binek-balans","product_tag-diagnostik-balans","product_tag-diyagnostik-balans","product_tag-dokunmaktik-balans-cihazi","product_tag-dokunmatik-ekran","product_tag-ekranli-balans","product_tag-havali-sikistirma","product_tag-hofmann","product_tag-kamyon-balans","product_tag-lazerli-balans","product_tag-liftli-balans","product_tag-mobil-balans","product_tag-otobus-balans","product_tag-pnomatik-sikistirmali","product_tag-rot-balans-cihazi","product_tag-rot-balans-makinasi","product_tag-seyyar-balans","product_tag-sonarli-balans","product_tag-tekerlek-balans","product_tag-yol-baskili-balans-cihazi"],"brands":[{"id":363,"name":"HOFMANN","slug":"hofmann"}],"yoast_head":"<!-- This site is optimized with the Yoast SEO plugin v17.1 - https:\/\/yoast.com\/wordpress\/plugins\/seo\/ -->\n<title>Sabit Balans Cihaz\u0131HOFMANN (Born in GERMANY)Geodyna\u00a07750P BMWElektromekanik Power Clamp s\u0131k\u0131\u015ft\u0131rma sistemi, maksimum tekerlek \u00e7ap\u0131 41&quot;, liftli - Bak\u0131rc\u0131 Garagineering<\/title>\n<meta name=\"robots\" content=\"index, follow, max-snippet:-1, max-image-preview:large, max-video-preview:-1\" \/>\n<link rel=\"canonical\" href=\"https:\/\/bakirci.com\/ekipman\/servis-ekipmanlari\/mekanik\/lastik-servis-ekipmanlari\/balans-cihazlari\/geodyna-7750p-bmw\/\" \/>\n<meta property=\"og:locale\" content=\"tr_TR\" \/>\n<meta property=\"og:type\" content=\"article\" \/>\n<meta property=\"og:title\" content=\"Sabit Balans Cihaz\u0131HOFMANN (Born in GERMANY)Geodyna\u00a07750P BMWElektromekanik Power Clamp s\u0131k\u0131\u015ft\u0131rma sistemi, maksimum tekerlek \u00e7ap\u0131 41&quot;, liftli - Bak\u0131rc\u0131 Garagineering\" \/>\n<meta property=\"og:description\" content=\"Sabit Balans Cihaz\u0131 - Geodyna\u00a07750P BMW  Y\u00fcksek hassasiyet ve tekrarlanabilirlik i\u00e7in VPM \u00f6l\u00e7\u00fcm tekni\u011fi  Smart Sonar \u00f6l\u00e7\u00fcm sistemi ile jant geni\u015fli\u011finin otomatik tespiti  10&quot; geoTOUCH\u2122 dokunmatik ekran ile h\u0131zl\u0131 operasyon  EasyWeight lazer ile kur\u015fun \u00e7akma ve yap\u0131\u015ft\u0131rma yeri belirleme  Tork kontroll\u00fc elektromekanik Power Clamp s\u0131k\u0131\u015ft\u0131rma sistemi  Otomatik jant i\u00e7i iLED\u2122 g\u00fc\u00e7l\u00fc ledli ayd\u0131nlatma  Kur\u015fun tasarruf ve gizleme program\u0131  Ayarlanan son kald\u0131rma noktas\u0131na otomatik konumlanan tekerlek kald\u0131rma lifti  BMW konik ve ba\u011flant\u0131 flan\u015f seti  Maksimum tekerlek \u00e7ap\u0131 41&quot;  Maksimum jant \u00e7ap\u0131 32&quot;  Maksimum tekerlek a\u011f\u0131rl\u0131\u011f\u0131 70 kg  Maksimum jant geni\u015fli\u011fi 20&quot;\" \/>\n<meta property=\"og:url\" content=\"https:\/\/bakirci.com\/ekipman\/servis-ekipmanlari\/mekanik\/lastik-servis-ekipmanlari\/balans-cihazlari\/geodyna-7750p-bmw\/\" \/>\n<meta property=\"og:site_name\" content=\"Bak\u0131rc\u0131 Garagineering\" \/>\n<meta property=\"article:publisher\" content=\"https:\/\/www.facebook.com\/bakirci.garagineering\" \/>\n<meta property=\"article:modified_time\" content=\"2021-10-30T13:35:23+00:00\" \/>\n<meta property=\"og:image\" content=\"https:\/\/bakirci.com\/ekipman\/wp-content\/uploads\/2021\/06\/Geodyna-7750P-BMW.png\" \/>\n\t<meta property=\"og:image:width\" content=\"970\" \/>\n\t<meta property=\"og:image:height\" content=\"970\" \/>\n<meta name=\"twitter:card\" content=\"summary_large_image\" \/>\n<meta name=\"twitter:label1\" content=\"Tahmini okuma s\u00fcresi\" \/>\n\t<meta name=\"twitter:data1\" content=\"1 dakika\" \/>\n<script type=\"application\/ld+json\" class=\"yoast-schema-graph\">{\"@context\":\"https:\/\/schema.org\",\"@graph\":[{\"@type\":\"Organization\",\"@id\":\"https:\/\/bakirci.com\/ekipman\/#organization\",\"name\":\"Bak\\u0131rc\\u0131 garagineering\",\"url\":\"https:\/\/bakirci.com\/ekipman\/\",\"sameAs\":[\"https:\/\/www.facebook.com\/bakirci.garagineering\",\"https:\/\/www.instagram.com\/bakirci.garagineering\/\",\"https:\/\/www.linkedin.com\/company\/bakirci-garagineering\/\",\"https:\/\/www.youtube.com\/channel\/UCiVG6s_jALJ6Zk8085XiOQg\"],\"logo\":{\"@type\":\"ImageObject\",\"@id\":\"https:\/\/bakirci.com\/ekipman\/#logo\",\"inLanguage\":\"tr\",\"url\":\"https:\/\/bakirci.com\/ekipman\/wp-content\/uploads\/2021\/09\/Bakirci-logo-lacivert.png\",\"contentUrl\":\"https:\/\/bakirci.com\/ekipman\/wp-content\/uploads\/2021\/09\/Bakirci-logo-lacivert.png\",\"width\":501,\"height\":501,\"caption\":\"Bak\\u0131rc\\u0131 garagineering\"},\"image\":{\"@id\":\"https:\/\/bakirci.com\/ekipman\/#logo\"}},{\"@type\":\"WebSite\",\"@id\":\"https:\/\/bakirci.com\/ekipman\/#website\",\"url\":\"https:\/\/bakirci.com\/ekipman\/\",\"name\":\"Bak\\u0131rc\\u0131 Garagineering\",\"description\":\"Otomotiv sekt\\u00f6r\\u00fcne \\u00f6zel, \\u201c\\u00dcretici Standard\\u0131nda\\u201d \\u00e7\\u00f6z\\u00fcmler\\u2026\",\"publisher\":{\"@id\":\"https:\/\/bakirci.com\/ekipman\/#organization\"},\"potentialAction\":[{\"@type\":\"SearchAction\",\"target\":{\"@type\":\"EntryPoint\",\"urlTemplate\":\"https:\/\/bakirci.com\/ekipman\/?s={search_term_string}\"},\"query-input\":\"required name=search_term_string\"}],\"inLanguage\":\"tr\"},{\"@type\":\"ImageObject\",\"@id\":\"https:\/\/bakirci.com\/ekipman\/servis-ekipmanlari\/mekanik\/lastik-servis-ekipmanlari\/balans-cihazlari\/geodyna-7750p-bmw\/#primaryimage\",\"inLanguage\":\"tr\",\"url\":\"https:\/\/bakirci.com\/ekipman\/wp-content\/uploads\/2021\/06\/Geodyna-7750P-BMW.png\",\"contentUrl\":\"https:\/\/bakirci.com\/ekipman\/wp-content\/uploads\/2021\/06\/Geodyna-7750P-BMW.png\",\"width\":970,\"height\":970},{\"@type\":\"WebPage\",\"@id\":\"https:\/\/bakirci.com\/ekipman\/servis-ekipmanlari\/mekanik\/lastik-servis-ekipmanlari\/balans-cihazlari\/geodyna-7750p-bmw\/#webpage\",\"url\":\"https:\/\/bakirci.com\/ekipman\/servis-ekipmanlari\/mekanik\/lastik-servis-ekipmanlari\/balans-cihazlari\/geodyna-7750p-bmw\/\",\"name\":\"Sabit Balans Cihaz\\u0131 HOFMANN (Born in GERMANY) Geodyna\\u00a07750P BMW Elektromekanik Power Clamp s\\u0131k\\u0131\\u015ft\\u0131rma sistemi, maksimum tekerlek \\u00e7ap\\u0131 41\\\", liftli - Bak\\u0131rc\\u0131 Garagineering\",\"isPartOf\":{\"@id\":\"https:\/\/bakirci.com\/ekipman\/#website\"},\"primaryImageOfPage\":{\"@id\":\"https:\/\/bakirci.com\/ekipman\/servis-ekipmanlari\/mekanik\/lastik-servis-ekipmanlari\/balans-cihazlari\/geodyna-7750p-bmw\/#primaryimage\"},\"datePublished\":\"2021-06-01T08:42:22+00:00\",\"dateModified\":\"2021-10-30T13:35:23+00:00\",\"breadcrumb\":{\"@id\":\"https:\/\/bakirci.com\/ekipman\/servis-ekipmanlari\/mekanik\/lastik-servis-ekipmanlari\/balans-cihazlari\/geodyna-7750p-bmw\/#breadcrumb\"},\"inLanguage\":\"tr\",\"potentialAction\":[{\"@type\":\"ReadAction\",\"target\":[\"https:\/\/bakirci.com\/ekipman\/servis-ekipmanlari\/mekanik\/lastik-servis-ekipmanlari\/balans-cihazlari\/geodyna-7750p-bmw\/\"]}]},{\"@type\":\"BreadcrumbList\",\"@id\":\"https:\/\/bakirci.com\/ekipman\/servis-ekipmanlari\/mekanik\/lastik-servis-ekipmanlari\/balans-cihazlari\/geodyna-7750p-bmw\/#breadcrumb\",\"itemListElement\":[{\"@type\":\"ListItem\",\"position\":1,\"name\":\"Ekipman\",\"item\":\"https:\/\/bakirci.com\/ekipman\/\"},{\"@type\":\"ListItem\",\"position\":2,\"name\":\"Otomotiv Tesisleri \\u0130\\u00e7in Servis Ekipmanlar\\u0131\",\"item\":\"https:\/\/bakirci.com\/ekipman\/\"},{\"@type\":\"ListItem\",\"position\":3,\"name\":\"Sabit Balans Cihaz\\u0131HOFMANN (Born in GERMANY)Geodyna\\u00a07750P BMWElektromekanik Power Clamp s\\u0131k\\u0131\\u015ft\\u0131rma sistemi, maksimum tekerlek \\u00e7ap\\u0131 41&#8243;, liftli\"}]}]}<\/script>\n<!-- \/ Yoast SEO plugin. -->","yoast_head_json":{"title":"Sabit Balans Cihaz\u0131HOFMANN (Born in GERMANY)Geodyna\u00a07750P BMWElektromekanik Power Clamp s\u0131k\u0131\u015ft\u0131rma sistemi, maksimum tekerlek \u00e7ap\u0131 41\", liftli - Bak\u0131rc\u0131 Garagineering","robots":{"index":"index","follow":"follow","max-snippet":"max-snippet:-1","max-image-preview":"max-image-preview:large","max-video-preview":"max-video-preview:-1"},"canonical":"https:\/\/bakirci.com\/ekipman\/servis-ekipmanlari\/mekanik\/lastik-servis-ekipmanlari\/balans-cihazlari\/geodyna-7750p-bmw\/","og_locale":"tr_TR","og_type":"article","og_title":"Sabit Balans Cihaz\u0131HOFMANN (Born in GERMANY)Geodyna\u00a07750P BMWElektromekanik Power Clamp s\u0131k\u0131\u015ft\u0131rma sistemi, maksimum tekerlek \u00e7ap\u0131 41\", liftli - Bak\u0131rc\u0131 Garagineering","og_description":"Sabit Balans Cihaz\u0131 - Geodyna\u00a07750P BMW  Y\u00fcksek hassasiyet ve tekrarlanabilirlik i\u00e7in VPM \u00f6l\u00e7\u00fcm tekni\u011fi  Smart Sonar \u00f6l\u00e7\u00fcm sistemi ile jant geni\u015fli\u011finin otomatik tespiti  10\" geoTOUCH\u2122 dokunmatik ekran ile h\u0131zl\u0131 operasyon  EasyWeight lazer ile kur\u015fun \u00e7akma ve yap\u0131\u015ft\u0131rma yeri belirleme  Tork kontroll\u00fc elektromekanik Power Clamp s\u0131k\u0131\u015ft\u0131rma sistemi  Otomatik jant i\u00e7i iLED\u2122 g\u00fc\u00e7l\u00fc ledli ayd\u0131nlatma  Kur\u015fun tasarruf ve gizleme program\u0131  Ayarlanan son kald\u0131rma noktas\u0131na otomatik konumlanan tekerlek kald\u0131rma lifti  BMW konik ve ba\u011flant\u0131 flan\u015f seti  Maksimum tekerlek \u00e7ap\u0131 41\"  Maksimum jant \u00e7ap\u0131 32\"  Maksimum tekerlek a\u011f\u0131rl\u0131\u011f\u0131 70 kg  Maksimum jant geni\u015fli\u011fi 20\"","og_url":"https:\/\/bakirci.com\/ekipman\/servis-ekipmanlari\/mekanik\/lastik-servis-ekipmanlari\/balans-cihazlari\/geodyna-7750p-bmw\/","og_site_name":"Bak\u0131rc\u0131 Garagineering","article_publisher":"https:\/\/www.facebook.com\/bakirci.garagineering","article_modified_time":"2021-10-30T13:35:23+00:00","og_image":[{"width":970,"height":970,"url":"https:\/\/bakirci.com\/ekipman\/wp-content\/uploads\/2021\/06\/Geodyna-7750P-BMW.png","path":"\/home\/bakirciwebsitesi\/public_html\/ekipman\/wp-content\/uploads\/2021\/06\/Geodyna-7750P-BMW.png","size":"full","id":4264,"alt":"","pixels":940900,"type":"image\/png"}],"twitter_card":"summary_large_image","twitter_misc":{"Tahmini okuma s\u00fcresi":"1 dakika"},"schema":{"@context":"https:\/\/schema.org","@graph":[{"@type":"Organization","@id":"https:\/\/bakirci.com\/ekipman\/#organization","name":"Bak\u0131rc\u0131 garagineering","url":"https:\/\/bakirci.com\/ekipman\/","sameAs":["https:\/\/www.facebook.com\/bakirci.garagineering","https:\/\/www.instagram.com\/bakirci.garagineering\/","https:\/\/www.linkedin.com\/company\/bakirci-garagineering\/","https:\/\/www.youtube.com\/channel\/UCiVG6s_jALJ6Zk8085XiOQg"],"logo":{"@type":"ImageObject","@id":"https:\/\/bakirci.com\/ekipman\/#logo","inLanguage":"tr","url":"https:\/\/bakirci.com\/ekipman\/wp-content\/uploads\/2021\/09\/Bakirci-logo-lacivert.png","contentUrl":"https:\/\/bakirci.com\/ekipman\/wp-content\/uploads\/2021\/09\/Bakirci-logo-lacivert.png","width":501,"height":501,"caption":"Bak\u0131rc\u0131 garagineering"},"image":{"@id":"https:\/\/bakirci.com\/ekipman\/#logo"}},{"@type":"WebSite","@id":"https:\/\/bakirci.com\/ekipman\/#website","url":"https:\/\/bakirci.com\/ekipman\/","name":"Bak\u0131rc\u0131 Garagineering","description":"Otomotiv sekt\u00f6r\u00fcne \u00f6zel, \u201c\u00dcretici Standard\u0131nda\u201d \u00e7\u00f6z\u00fcmler\u2026","publisher":{"@id":"https:\/\/bakirci.com\/ekipman\/#organization"},"potentialAction":[{"@type":"SearchAction","target":{"@type":"EntryPoint","urlTemplate":"https:\/\/bakirci.com\/ekipman\/?s={search_term_string}"},"query-input":"required name=search_term_string"}],"inLanguage":"tr"},{"@type":"ImageObject","@id":"https:\/\/bakirci.com\/ekipman\/servis-ekipmanlari\/mekanik\/lastik-servis-ekipmanlari\/balans-cihazlari\/geodyna-7750p-bmw\/#primaryimage","inLanguage":"tr","url":"https:\/\/bakirci.com\/ekipman\/wp-content\/uploads\/2021\/06\/Geodyna-7750P-BMW.png","contentUrl":"https:\/\/bakirci.com\/ekipman\/wp-content\/uploads\/2021\/06\/Geodyna-7750P-BMW.png","width":970,"height":970},{"@type":"WebPage","@id":"https:\/\/bakirci.com\/ekipman\/servis-ekipmanlari\/mekanik\/lastik-servis-ekipmanlari\/balans-cihazlari\/geodyna-7750p-bmw\/#webpage","url":"https:\/\/bakirci.com\/ekipman\/servis-ekipmanlari\/mekanik\/lastik-servis-ekipmanlari\/balans-cihazlari\/geodyna-7750p-bmw\/","name":"Sabit Balans Cihaz\u0131 HOFMANN (Born in GERMANY) Geodyna\u00a07750P BMW Elektromekanik Power Clamp s\u0131k\u0131\u015ft\u0131rma sistemi, maksimum tekerlek \u00e7ap\u0131 41\", liftli - Bak\u0131rc\u0131 Garagineering","isPartOf":{"@id":"https:\/\/bakirci.com\/ekipman\/#website"},"primaryImageOfPage":{"@id":"https:\/\/bakirci.com\/ekipman\/servis-ekipmanlari\/mekanik\/lastik-servis-ekipmanlari\/balans-cihazlari\/geodyna-7750p-bmw\/#primaryimage"},"datePublished":"2021-06-01T08:42:22+00:00","dateModified":"2021-10-30T13:35:23+00:00","breadcrumb":{"@id":"https:\/\/bakirci.com\/ekipman\/servis-ekipmanlari\/mekanik\/lastik-servis-ekipmanlari\/balans-cihazlari\/geodyna-7750p-bmw\/#breadcrumb"},"inLanguage":"tr","potentialAction":[{"@type":"ReadAction","target":["https:\/\/bakirci.com\/ekipman\/servis-ekipmanlari\/mekanik\/lastik-servis-ekipmanlari\/balans-cihazlari\/geodyna-7750p-bmw\/"]}]},{"@type":"BreadcrumbList","@id":"https:\/\/bakirci.com\/ekipman\/servis-ekipmanlari\/mekanik\/lastik-servis-ekipmanlari\/balans-cihazlari\/geodyna-7750p-bmw\/#breadcrumb","itemListElement":[{"@type":"ListItem","position":1,"name":"Ekipman","item":"https:\/\/bakirci.com\/ekipman\/"},{"@type":"ListItem","position":2,"name":"Otomotiv Tesisleri \u0130\u00e7in Servis Ekipmanlar\u0131","item":"https:\/\/bakirci.com\/ekipman\/"},{"@type":"ListItem","position":3,"name":"Sabit Balans Cihaz\u0131HOFMANN (Born in GERMANY)Geodyna\u00a07750P BMWElektromekanik Power Clamp s\u0131k\u0131\u015ft\u0131rma sistemi, maksimum tekerlek \u00e7ap\u0131 41&#8243;, liftli"}]}]}},"_links":{"self":[{"href":"https:\/\/bakirci.com\/ekipman\/wp-json\/wp\/v2\/product\/4033","targetHints":{"allow":["GET"]}}],"collection":[{"href":"https:\/\/bakirci.com\/ekipman\/wp-json\/wp\/v2\/product"}],"about":[{"href":"https:\/\/bakirci.com\/ekipman\/wp-json\/wp\/v2\/types\/product"}],"replies":[{"embeddable":true,"href":"https:\/\/bakirci.com\/ekipman\/wp-json\/wp\/v2\/comments?post=4033"}],"wp:featuredmedia":[{"embeddable":true,"href":"https:\/\/bakirci.com\/ekipman\/wp-json\/wp\/v2\/media\/4264"}],"wp:attachment":[{"href":"https:\/\/bakirci.com\/ekipman\/wp-json\/wp\/v2\/media?parent=4033"}],"wp:term":[{"taxonomy":"product_cat","embeddable":true,"href":"https:\/\/bakirci.com\/ekipman\/wp-json\/wp\/v2\/product_cat?post=4033"},{"taxonomy":"product_tag","embeddable":true,"href":"https:\/\/bakirci.com\/ekipman\/wp-json\/wp\/v2\/product_tag?post=4033"}],"curies":[{"name":"wp","href":"https:\/\/api.w.org\/{rel}","templated":true}]}}