{"id":4026,"date":"2021-06-01T08:49:21","date_gmt":"2021-06-01T08:49:21","guid":{"rendered":"https:\/\/j6l.65c.myftpupload.com\/?post_type=product&#038;p=4026"},"modified":"2022-04-14T13:49:51","modified_gmt":"2022-04-14T13:49:51","slug":"balans-cihazlarihofmann-born-in-germanysabit-balans-cihazi-vas-6311adiagnostik-ve-yol-simulasyonu-elektromekanik-power-clamp-sikistirma-sistemi-vw-group-onayli","status":"publish","type":"product","link":"https:\/\/bakirci.com\/ekipman\/servis-ekipmanlari\/mekanik\/lastik-servis-ekipmanlari\/balans-cihazlari\/balans-cihazlarihofmann-born-in-germanysabit-balans-cihazi-vas-6311adiagnostik-ve-yol-simulasyonu-elektromekanik-power-clamp-sikistirma-sistemi-vw-group-onayli\/","title":{"rendered":"<p class=\"ustmetin\">Sabit Balans Cihaz\u0131<\/p><p class=\"ortametin\">HOFMANN <span class=\"ortametin2\">(Born in GERMANY)<\/span><\/p><p class=\"altmetin\">VAS 6311A<br>Diagnostik ve yol sim\u00fclasyonu, elektromekanik Power Clamp s\u0131k\u0131\u015ft\u0131rma sistemi, VW group onayl\u0131<\/p>"},"content":{"rendered":"<p><strong>HOFMANN &#8211; Sabit Balans Cihaz\u0131<\/strong><\/p>\n<ul>\n<li>Sabit Balans Cihaz\u0131 &#8211; VAS 6311A<\/li>\n<li>Audi, Bentley, Bugatti, Lamborghini, Porsche, Seat, Skoda, VW onayl\u0131<\/li>\n<li>Diagnostik ve yol sim\u00fclasyonu sayesinde en \u00fcst d\u00fczeyde \u00f6l\u00e7\u00fcm<\/li>\n<li>3D teknolojisine sahip 5 CCD kamera ve \u00f6zel 3D lazer \u015feridi ile lastik ve janttaki muhtemel hatalar\u0131n te\u015fhisi ve belgelendirmesi<\/li>\n<li>Yol sim\u00fclasyonu ile seyir esnas\u0131ndaki arac\u0131n sa\u011fa &#8211; sola \u00e7ekme de\u011ferlerinin (lastik konikli\u011fi) \u00f6l\u00e7\u00fcm\u00fc<\/li>\n<li>HOFMANN &#8211; Sabit Balans Cihaz\u0131 ile lastikteki olas\u0131 baloncuk ve a\u015f\u0131nmalar\u0131n kontrol\u00fc<\/li>\n<li>Jant ve lasti\u011fin radial de\u011ferlerinin \u00f6l\u00e7\u00fcmlenmesi<\/li>\n<li>Lastik di\u015f derinli\u011fi \u00f6l\u00e7\u00fcm\u00fc ve a\u015f\u0131nma analizi<\/li>\n<li>Dahili yaz\u0131c\u0131 ile te\u015fhis sonu\u00e7lar\u0131n\u0131n yazd\u0131r\u0131lmas\u0131<\/li>\n<li>Tek d\u00f6n\u00fc\u015fte, salg\u0131 (Radial Run-Out) diagnosti\u011fi ve balanss\u0131zl\u0131k \u00f6l\u00e7\u00fcm\u00fc<\/li>\n<li>EasyWeight lazer ile kur\u015fun \u00e7akma ve yap\u0131\u015ft\u0131rma yeri belirleme<\/li>\n<li>Tork kontroll\u00fc elektromekanik Power Clamp s\u0131k\u0131\u015ft\u0131rma sistemi<\/li>\n<li>Otomatik jant i\u00e7i ledli ayd\u0131nlatma<\/li>\n<li>Konik adapt\u00f6r seti (42\u201380 mm \/ 72\u201399 mm \/ 96\u2013116 mm)<\/li>\n<li>Maksimum tekerlek \u00e7ap\u0131 42&#8243;, maksimum jant \u00e7ap\u0131 32&#8243;<\/li>\n<li>Maksimum tekerlek a\u011f\u0131rl\u0131\u011f\u0131 70 kg, maksimum jant geni\u015fli\u011fi 20&#8243;<\/li>\n<\/ul>\n","protected":false},"excerpt":{"rendered":"<ul>\n<li>Sabit Balans Cihaz\u0131 &#8211; VAS 6311A<\/li>\n<li>Audi, Bentley, Bugatti, Lamborghini, Porsche, Seat, Skoda, VW onayl\u0131<\/li>\n<li>Diagnostik ve yol sim\u00fclasyonu sayesinde en \u00fcst d\u00fczeyde \u00f6l\u00e7\u00fcm<\/li>\n<li>3D teknolojisine sahip 5 CCD kamera ve \u00f6zel 3D lazer \u015feridi ile lastik ve janttaki muhtemel hatalar\u0131n te\u015fhisi ve belgelendirmesi<\/li>\n<li>Yol sim\u00fclasyonu ile seyir esnas\u0131ndaki arac\u0131n sa\u011fa &#8211; sola \u00e7ekme de\u011ferlerinin (lastik konikli\u011fi) \u00f6l\u00e7\u00fcm\u00fc<\/li>\n<li>Lastikteki olas\u0131 baloncuk ve a\u015f\u0131nmalar\u0131n kontrol\u00fc<\/li>\n<li>Jant ve lasti\u011fin radial de\u011ferlerinin \u00f6l\u00e7\u00fcmlenmesi<\/li>\n<li>Lastik di\u015f derinli\u011fi \u00f6l\u00e7\u00fcm\u00fc ve a\u015f\u0131nma analizi<\/li>\n<li>Dahili yaz\u0131c\u0131 ile te\u015fhis sonu\u00e7lar\u0131n\u0131n yazd\u0131r\u0131lmas\u0131<\/li>\n<li>Tek d\u00f6n\u00fc\u015fte, salg\u0131 (Radial Run-Out) diagnosti\u011fi ve balanss\u0131zl\u0131k \u00f6l\u00e7\u00fcm\u00fc<\/li>\n<li>EasyWeight lazer ile kur\u015fun \u00e7akma ve yap\u0131\u015ft\u0131rma yeri belirleme<\/li>\n<li>Tork kontroll\u00fc elektromekanik Power Clamp s\u0131k\u0131\u015ft\u0131rma sistemi<\/li>\n<li>Otomatik jant i\u00e7i ledli ayd\u0131nlatma<\/li>\n<li>Konik adapt\u00f6r seti (42\u201380 mm \/ 72\u201399 mm \/ 96\u2013116 mm)<\/li>\n<li>Maksimum tekerlek \u00e7ap\u0131 42&#8243;, maksimum jant \u00e7ap\u0131 32&#8243;<\/li>\n<li>Maksimum tekerlek a\u011f\u0131rl\u0131\u011f\u0131 70 kg, maksimum jant geni\u015fli\u011fi 20&#8243;<\/li>\n<\/ul>\n","protected":false},"featured_media":5296,"comment_status":"closed","ping_status":"closed","template":"","meta":[],"product_cat":[152,155],"product_tag":[479,471,470,482,476,475,474,473,468,472,59,483,480,469,486,484,478,466,467,477,481,485,465],"class_list":["post-4026","product","type-product","status-publish","has-post-thumbnail","hentry","pwb-brand-hofmann","product_cat-lastik-servis-ekipmanlari","product_cat-balans-cihazlari","product_tag-balans-kursunu","product_tag-balans-makinasi","product_tag-balans-makinesi","product_tag-binek-balans","product_tag-diagnostik-balans","product_tag-diyagnostik-balans","product_tag-dokunmaktik-balans-cihazi","product_tag-dokunmatik-ekran","product_tag-ekranli-balans","product_tag-havali-sikistirma","product_tag-hofmann","product_tag-kamyon-balans","product_tag-lazerli-balans","product_tag-liftli-balans","product_tag-mobil-balans","product_tag-otobus-balans","product_tag-pnomatik-sikistirmali","product_tag-rot-balans-cihazi","product_tag-rot-balans-makinasi","product_tag-seyyar-balans","product_tag-sonarli-balans","product_tag-tekerlek-balans","product_tag-yol-baskili-balans-cihazi"],"brands":[{"id":363,"name":"HOFMANN","slug":"hofmann"}],"yoast_head":"<!-- This site is optimized with the Yoast SEO plugin v17.1 - https:\/\/yoast.com\/wordpress\/plugins\/seo\/ -->\n<title>HOFMANN - Sabit Balans Cihaz\u0131 - Lastik Servis Ekipman\u0131<\/title>\n<meta name=\"description\" content=\"HOFMANN - Sabit Balans Cihaz\u0131 - Lastik Servis Ekipman\u0131 - Jant ve lasti\u011fin radial de\u011ferlerinin \u00f6l\u00e7\u00fcmlenmesi - Jant i\u00e7i ledli ayd\u0131nlatma\" \/>\n<meta name=\"robots\" content=\"index, follow, max-snippet:-1, max-image-preview:large, max-video-preview:-1\" \/>\n<link rel=\"canonical\" href=\"https:\/\/bakirci.com\/ekipman\/servis-ekipmanlari\/mekanik\/lastik-servis-ekipmanlari\/balans-cihazlari\/balans-cihazlarihofmann-born-in-germanysabit-balans-cihazi-vas-6311adiagnostik-ve-yol-simulasyonu-elektromekanik-power-clamp-sikistirma-sistemi-vw-group-onayli\/\" \/>\n<meta property=\"og:locale\" content=\"tr_TR\" \/>\n<meta property=\"og:type\" content=\"article\" \/>\n<meta property=\"og:title\" content=\"HOFMANN - Sabit Balans Cihaz\u0131 - Lastik Servis Ekipman\u0131\" \/>\n<meta property=\"og:description\" content=\"HOFMANN - Sabit Balans Cihaz\u0131 - Lastik Servis Ekipman\u0131 - Jant ve lasti\u011fin radial de\u011ferlerinin \u00f6l\u00e7\u00fcmlenmesi - Jant i\u00e7i ledli ayd\u0131nlatma\" \/>\n<meta property=\"og:url\" content=\"https:\/\/bakirci.com\/ekipman\/servis-ekipmanlari\/mekanik\/lastik-servis-ekipmanlari\/balans-cihazlari\/balans-cihazlarihofmann-born-in-germanysabit-balans-cihazi-vas-6311adiagnostik-ve-yol-simulasyonu-elektromekanik-power-clamp-sikistirma-sistemi-vw-group-onayli\/\" \/>\n<meta property=\"og:site_name\" content=\"Bak\u0131rc\u0131 Garagineering\" \/>\n<meta property=\"article:publisher\" content=\"https:\/\/www.facebook.com\/bakirci.garagineering\" \/>\n<meta property=\"article:modified_time\" content=\"2022-04-14T13:49:51+00:00\" \/>\n<meta property=\"og:image\" content=\"https:\/\/bakirci.com\/ekipman\/wp-content\/uploads\/2021\/06\/VAS-6311A.jpg\" \/>\n\t<meta property=\"og:image:width\" content=\"1600\" \/>\n\t<meta property=\"og:image:height\" content=\"1600\" \/>\n<meta name=\"twitter:card\" content=\"summary_large_image\" \/>\n<meta name=\"twitter:label1\" content=\"Tahmini okuma s\u00fcresi\" \/>\n\t<meta name=\"twitter:data1\" content=\"1 dakika\" \/>\n<script type=\"application\/ld+json\" class=\"yoast-schema-graph\">{\"@context\":\"https:\/\/schema.org\",\"@graph\":[{\"@type\":\"Organization\",\"@id\":\"https:\/\/bakirci.com\/ekipman\/#organization\",\"name\":\"Bak\\u0131rc\\u0131 garagineering\",\"url\":\"https:\/\/bakirci.com\/ekipman\/\",\"sameAs\":[\"https:\/\/www.facebook.com\/bakirci.garagineering\",\"https:\/\/www.instagram.com\/bakirci.garagineering\/\",\"https:\/\/www.linkedin.com\/company\/bakirci-garagineering\/\",\"https:\/\/www.youtube.com\/channel\/UCiVG6s_jALJ6Zk8085XiOQg\"],\"logo\":{\"@type\":\"ImageObject\",\"@id\":\"https:\/\/bakirci.com\/ekipman\/#logo\",\"inLanguage\":\"tr\",\"url\":\"https:\/\/bakirci.com\/ekipman\/wp-content\/uploads\/2021\/09\/Bakirci-logo-lacivert.png\",\"contentUrl\":\"https:\/\/bakirci.com\/ekipman\/wp-content\/uploads\/2021\/09\/Bakirci-logo-lacivert.png\",\"width\":501,\"height\":501,\"caption\":\"Bak\\u0131rc\\u0131 garagineering\"},\"image\":{\"@id\":\"https:\/\/bakirci.com\/ekipman\/#logo\"}},{\"@type\":\"WebSite\",\"@id\":\"https:\/\/bakirci.com\/ekipman\/#website\",\"url\":\"https:\/\/bakirci.com\/ekipman\/\",\"name\":\"Bak\\u0131rc\\u0131 Garagineering\",\"description\":\"Otomotiv sekt\\u00f6r\\u00fcne \\u00f6zel, \\u201c\\u00dcretici Standard\\u0131nda\\u201d \\u00e7\\u00f6z\\u00fcmler\\u2026\",\"publisher\":{\"@id\":\"https:\/\/bakirci.com\/ekipman\/#organization\"},\"potentialAction\":[{\"@type\":\"SearchAction\",\"target\":{\"@type\":\"EntryPoint\",\"urlTemplate\":\"https:\/\/bakirci.com\/ekipman\/?s={search_term_string}\"},\"query-input\":\"required name=search_term_string\"}],\"inLanguage\":\"tr\"},{\"@type\":\"ImageObject\",\"@id\":\"https:\/\/bakirci.com\/ekipman\/servis-ekipmanlari\/mekanik\/lastik-servis-ekipmanlari\/balans-cihazlari\/balans-cihazlarihofmann-born-in-germanysabit-balans-cihazi-vas-6311adiagnostik-ve-yol-simulasyonu-elektromekanik-power-clamp-sikistirma-sistemi-vw-group-onayli\/#primaryimage\",\"inLanguage\":\"tr\",\"url\":\"https:\/\/bakirci.com\/ekipman\/wp-content\/uploads\/2021\/06\/VAS-6311A.jpg\",\"contentUrl\":\"https:\/\/bakirci.com\/ekipman\/wp-content\/uploads\/2021\/06\/VAS-6311A.jpg\",\"width\":1600,\"height\":1600,\"caption\":\"Sabit Balans Cihaz\\u0131 - VAS 6311A\"},{\"@type\":\"WebPage\",\"@id\":\"https:\/\/bakirci.com\/ekipman\/servis-ekipmanlari\/mekanik\/lastik-servis-ekipmanlari\/balans-cihazlari\/balans-cihazlarihofmann-born-in-germanysabit-balans-cihazi-vas-6311adiagnostik-ve-yol-simulasyonu-elektromekanik-power-clamp-sikistirma-sistemi-vw-group-onayli\/#webpage\",\"url\":\"https:\/\/bakirci.com\/ekipman\/servis-ekipmanlari\/mekanik\/lastik-servis-ekipmanlari\/balans-cihazlari\/balans-cihazlarihofmann-born-in-germanysabit-balans-cihazi-vas-6311adiagnostik-ve-yol-simulasyonu-elektromekanik-power-clamp-sikistirma-sistemi-vw-group-onayli\/\",\"name\":\"HOFMANN - Sabit Balans Cihaz\\u0131 - Lastik Servis Ekipman\\u0131\",\"isPartOf\":{\"@id\":\"https:\/\/bakirci.com\/ekipman\/#website\"},\"primaryImageOfPage\":{\"@id\":\"https:\/\/bakirci.com\/ekipman\/servis-ekipmanlari\/mekanik\/lastik-servis-ekipmanlari\/balans-cihazlari\/balans-cihazlarihofmann-born-in-germanysabit-balans-cihazi-vas-6311adiagnostik-ve-yol-simulasyonu-elektromekanik-power-clamp-sikistirma-sistemi-vw-group-onayli\/#primaryimage\"},\"datePublished\":\"2021-06-01T08:49:21+00:00\",\"dateModified\":\"2022-04-14T13:49:51+00:00\",\"description\":\"HOFMANN - Sabit Balans Cihaz\\u0131 - Lastik Servis Ekipman\\u0131 - Jant ve lasti\\u011fin radial de\\u011ferlerinin \\u00f6l\\u00e7\\u00fcmlenmesi - Jant i\\u00e7i ledli ayd\\u0131nlatma\",\"breadcrumb\":{\"@id\":\"https:\/\/bakirci.com\/ekipman\/servis-ekipmanlari\/mekanik\/lastik-servis-ekipmanlari\/balans-cihazlari\/balans-cihazlarihofmann-born-in-germanysabit-balans-cihazi-vas-6311adiagnostik-ve-yol-simulasyonu-elektromekanik-power-clamp-sikistirma-sistemi-vw-group-onayli\/#breadcrumb\"},\"inLanguage\":\"tr\",\"potentialAction\":[{\"@type\":\"ReadAction\",\"target\":[\"https:\/\/bakirci.com\/ekipman\/servis-ekipmanlari\/mekanik\/lastik-servis-ekipmanlari\/balans-cihazlari\/balans-cihazlarihofmann-born-in-germanysabit-balans-cihazi-vas-6311adiagnostik-ve-yol-simulasyonu-elektromekanik-power-clamp-sikistirma-sistemi-vw-group-onayli\/\"]}]},{\"@type\":\"BreadcrumbList\",\"@id\":\"https:\/\/bakirci.com\/ekipman\/servis-ekipmanlari\/mekanik\/lastik-servis-ekipmanlari\/balans-cihazlari\/balans-cihazlarihofmann-born-in-germanysabit-balans-cihazi-vas-6311adiagnostik-ve-yol-simulasyonu-elektromekanik-power-clamp-sikistirma-sistemi-vw-group-onayli\/#breadcrumb\",\"itemListElement\":[{\"@type\":\"ListItem\",\"position\":1,\"name\":\"Ekipman\",\"item\":\"https:\/\/bakirci.com\/ekipman\/\"},{\"@type\":\"ListItem\",\"position\":2,\"name\":\"Otomotiv Tesisleri \\u0130\\u00e7in Servis Ekipmanlar\\u0131\",\"item\":\"https:\/\/bakirci.com\/ekipman\/\"},{\"@type\":\"ListItem\",\"position\":3,\"name\":\"Sabit Balans Cihaz\\u0131HOFMANN (Born in GERMANY)VAS 6311ADiagnostik ve yol sim\\u00fclasyonu, elektromekanik Power Clamp s\\u0131k\\u0131\\u015ft\\u0131rma sistemi, VW group onayl\\u0131\"}]}]}<\/script>\n<!-- \/ Yoast SEO plugin. -->","yoast_head_json":{"title":"HOFMANN - Sabit Balans Cihaz\u0131 - Lastik Servis Ekipman\u0131","description":"HOFMANN - Sabit Balans Cihaz\u0131 - Lastik Servis Ekipman\u0131 - Jant ve lasti\u011fin radial de\u011ferlerinin \u00f6l\u00e7\u00fcmlenmesi - Jant i\u00e7i ledli ayd\u0131nlatma","robots":{"index":"index","follow":"follow","max-snippet":"max-snippet:-1","max-image-preview":"max-image-preview:large","max-video-preview":"max-video-preview:-1"},"canonical":"https:\/\/bakirci.com\/ekipman\/servis-ekipmanlari\/mekanik\/lastik-servis-ekipmanlari\/balans-cihazlari\/balans-cihazlarihofmann-born-in-germanysabit-balans-cihazi-vas-6311adiagnostik-ve-yol-simulasyonu-elektromekanik-power-clamp-sikistirma-sistemi-vw-group-onayli\/","og_locale":"tr_TR","og_type":"article","og_title":"HOFMANN - Sabit Balans Cihaz\u0131 - Lastik Servis Ekipman\u0131","og_description":"HOFMANN - Sabit Balans Cihaz\u0131 - Lastik Servis Ekipman\u0131 - Jant ve lasti\u011fin radial de\u011ferlerinin \u00f6l\u00e7\u00fcmlenmesi - Jant i\u00e7i ledli ayd\u0131nlatma","og_url":"https:\/\/bakirci.com\/ekipman\/servis-ekipmanlari\/mekanik\/lastik-servis-ekipmanlari\/balans-cihazlari\/balans-cihazlarihofmann-born-in-germanysabit-balans-cihazi-vas-6311adiagnostik-ve-yol-simulasyonu-elektromekanik-power-clamp-sikistirma-sistemi-vw-group-onayli\/","og_site_name":"Bak\u0131rc\u0131 Garagineering","article_publisher":"https:\/\/www.facebook.com\/bakirci.garagineering","article_modified_time":"2022-04-14T13:49:51+00:00","og_image":[{"width":1600,"height":1600,"url":"https:\/\/bakirci.com\/ekipman\/wp-content\/uploads\/2021\/06\/VAS-6311A.jpg","path":"\/home\/bakirciwebsitesi\/public_html\/ekipman\/wp-content\/uploads\/2021\/06\/VAS-6311A.jpg","size":"full","id":5296,"alt":"Sabit Balans Cihaz\u0131 - VAS 6311A","pixels":2560000,"type":"image\/jpeg"}],"twitter_card":"summary_large_image","twitter_misc":{"Tahmini okuma s\u00fcresi":"1 dakika"},"schema":{"@context":"https:\/\/schema.org","@graph":[{"@type":"Organization","@id":"https:\/\/bakirci.com\/ekipman\/#organization","name":"Bak\u0131rc\u0131 garagineering","url":"https:\/\/bakirci.com\/ekipman\/","sameAs":["https:\/\/www.facebook.com\/bakirci.garagineering","https:\/\/www.instagram.com\/bakirci.garagineering\/","https:\/\/www.linkedin.com\/company\/bakirci-garagineering\/","https:\/\/www.youtube.com\/channel\/UCiVG6s_jALJ6Zk8085XiOQg"],"logo":{"@type":"ImageObject","@id":"https:\/\/bakirci.com\/ekipman\/#logo","inLanguage":"tr","url":"https:\/\/bakirci.com\/ekipman\/wp-content\/uploads\/2021\/09\/Bakirci-logo-lacivert.png","contentUrl":"https:\/\/bakirci.com\/ekipman\/wp-content\/uploads\/2021\/09\/Bakirci-logo-lacivert.png","width":501,"height":501,"caption":"Bak\u0131rc\u0131 garagineering"},"image":{"@id":"https:\/\/bakirci.com\/ekipman\/#logo"}},{"@type":"WebSite","@id":"https:\/\/bakirci.com\/ekipman\/#website","url":"https:\/\/bakirci.com\/ekipman\/","name":"Bak\u0131rc\u0131 Garagineering","description":"Otomotiv sekt\u00f6r\u00fcne \u00f6zel, \u201c\u00dcretici Standard\u0131nda\u201d \u00e7\u00f6z\u00fcmler\u2026","publisher":{"@id":"https:\/\/bakirci.com\/ekipman\/#organization"},"potentialAction":[{"@type":"SearchAction","target":{"@type":"EntryPoint","urlTemplate":"https:\/\/bakirci.com\/ekipman\/?s={search_term_string}"},"query-input":"required name=search_term_string"}],"inLanguage":"tr"},{"@type":"ImageObject","@id":"https:\/\/bakirci.com\/ekipman\/servis-ekipmanlari\/mekanik\/lastik-servis-ekipmanlari\/balans-cihazlari\/balans-cihazlarihofmann-born-in-germanysabit-balans-cihazi-vas-6311adiagnostik-ve-yol-simulasyonu-elektromekanik-power-clamp-sikistirma-sistemi-vw-group-onayli\/#primaryimage","inLanguage":"tr","url":"https:\/\/bakirci.com\/ekipman\/wp-content\/uploads\/2021\/06\/VAS-6311A.jpg","contentUrl":"https:\/\/bakirci.com\/ekipman\/wp-content\/uploads\/2021\/06\/VAS-6311A.jpg","width":1600,"height":1600,"caption":"Sabit Balans Cihaz\u0131 - VAS 6311A"},{"@type":"WebPage","@id":"https:\/\/bakirci.com\/ekipman\/servis-ekipmanlari\/mekanik\/lastik-servis-ekipmanlari\/balans-cihazlari\/balans-cihazlarihofmann-born-in-germanysabit-balans-cihazi-vas-6311adiagnostik-ve-yol-simulasyonu-elektromekanik-power-clamp-sikistirma-sistemi-vw-group-onayli\/#webpage","url":"https:\/\/bakirci.com\/ekipman\/servis-ekipmanlari\/mekanik\/lastik-servis-ekipmanlari\/balans-cihazlari\/balans-cihazlarihofmann-born-in-germanysabit-balans-cihazi-vas-6311adiagnostik-ve-yol-simulasyonu-elektromekanik-power-clamp-sikistirma-sistemi-vw-group-onayli\/","name":"HOFMANN - Sabit Balans Cihaz\u0131 - Lastik Servis Ekipman\u0131","isPartOf":{"@id":"https:\/\/bakirci.com\/ekipman\/#website"},"primaryImageOfPage":{"@id":"https:\/\/bakirci.com\/ekipman\/servis-ekipmanlari\/mekanik\/lastik-servis-ekipmanlari\/balans-cihazlari\/balans-cihazlarihofmann-born-in-germanysabit-balans-cihazi-vas-6311adiagnostik-ve-yol-simulasyonu-elektromekanik-power-clamp-sikistirma-sistemi-vw-group-onayli\/#primaryimage"},"datePublished":"2021-06-01T08:49:21+00:00","dateModified":"2022-04-14T13:49:51+00:00","description":"HOFMANN - Sabit Balans Cihaz\u0131 - Lastik Servis Ekipman\u0131 - Jant ve lasti\u011fin radial de\u011ferlerinin \u00f6l\u00e7\u00fcmlenmesi - Jant i\u00e7i ledli ayd\u0131nlatma","breadcrumb":{"@id":"https:\/\/bakirci.com\/ekipman\/servis-ekipmanlari\/mekanik\/lastik-servis-ekipmanlari\/balans-cihazlari\/balans-cihazlarihofmann-born-in-germanysabit-balans-cihazi-vas-6311adiagnostik-ve-yol-simulasyonu-elektromekanik-power-clamp-sikistirma-sistemi-vw-group-onayli\/#breadcrumb"},"inLanguage":"tr","potentialAction":[{"@type":"ReadAction","target":["https:\/\/bakirci.com\/ekipman\/servis-ekipmanlari\/mekanik\/lastik-servis-ekipmanlari\/balans-cihazlari\/balans-cihazlarihofmann-born-in-germanysabit-balans-cihazi-vas-6311adiagnostik-ve-yol-simulasyonu-elektromekanik-power-clamp-sikistirma-sistemi-vw-group-onayli\/"]}]},{"@type":"BreadcrumbList","@id":"https:\/\/bakirci.com\/ekipman\/servis-ekipmanlari\/mekanik\/lastik-servis-ekipmanlari\/balans-cihazlari\/balans-cihazlarihofmann-born-in-germanysabit-balans-cihazi-vas-6311adiagnostik-ve-yol-simulasyonu-elektromekanik-power-clamp-sikistirma-sistemi-vw-group-onayli\/#breadcrumb","itemListElement":[{"@type":"ListItem","position":1,"name":"Ekipman","item":"https:\/\/bakirci.com\/ekipman\/"},{"@type":"ListItem","position":2,"name":"Otomotiv Tesisleri \u0130\u00e7in Servis Ekipmanlar\u0131","item":"https:\/\/bakirci.com\/ekipman\/"},{"@type":"ListItem","position":3,"name":"Sabit Balans Cihaz\u0131HOFMANN (Born in GERMANY)VAS 6311ADiagnostik ve yol sim\u00fclasyonu, elektromekanik Power Clamp s\u0131k\u0131\u015ft\u0131rma sistemi, VW group onayl\u0131"}]}]}},"_links":{"self":[{"href":"https:\/\/bakirci.com\/ekipman\/wp-json\/wp\/v2\/product\/4026","targetHints":{"allow":["GET"]}}],"collection":[{"href":"https:\/\/bakirci.com\/ekipman\/wp-json\/wp\/v2\/product"}],"about":[{"href":"https:\/\/bakirci.com\/ekipman\/wp-json\/wp\/v2\/types\/product"}],"replies":[{"embeddable":true,"href":"https:\/\/bakirci.com\/ekipman\/wp-json\/wp\/v2\/comments?post=4026"}],"wp:featuredmedia":[{"embeddable":true,"href":"https:\/\/bakirci.com\/ekipman\/wp-json\/wp\/v2\/media\/5296"}],"wp:attachment":[{"href":"https:\/\/bakirci.com\/ekipman\/wp-json\/wp\/v2\/media?parent=4026"}],"wp:term":[{"taxonomy":"product_cat","embeddable":true,"href":"https:\/\/bakirci.com\/ekipman\/wp-json\/wp\/v2\/product_cat?post=4026"},{"taxonomy":"product_tag","embeddable":true,"href":"https:\/\/bakirci.com\/ekipman\/wp-json\/wp\/v2\/product_tag?post=4026"}],"curies":[{"name":"wp","href":"https:\/\/api.w.org\/{rel}","templated":true}]}}