{"id":4023,"date":"2021-06-01T08:51:46","date_gmt":"2021-06-01T08:51:46","guid":{"rendered":"https:\/\/j6l.65c.myftpupload.com\/?post_type=product&#038;p=4023"},"modified":"2021-09-04T09:12:04","modified_gmt":"2021-09-04T09:12:04","slug":"aks-olcum-liftleri-ve-aks-krikolarieae-born-in-prchavali-aks-krikosu-ee-cj3sa-3-0tkaldirma-kapasitesi-3000kg","status":"publish","type":"product","link":"https:\/\/bakirci.com\/ekipman\/servis-ekipmanlari\/mekanik\/lastik-servis-ekipmanlari\/aks-olcum-liftleri\/aks-olcum-liftleri-ve-aks-krikolarieae-born-in-prchavali-aks-krikosu-ee-cj3sa-3-0tkaldirma-kapasitesi-3000kg\/","title":{"rendered":"<p class=\"ustmetin\">Haval\u0131 Aks Krikosu<\/p><p class=\"ortametin\">EAE <span class=\"ortametin2\">(Born in PRC)<\/span><\/p><p class=\"altmetin\">EE-CJ3SA 3.0T<br>Kald\u0131rma kapasitesi 3000 Kg<\/p>"},"content":{"rendered":"<p><strong>EAE &#8211; Haval\u0131 Aks Krikosu<\/strong><\/p>\n<ul>\n<li>Haval\u0131 Aks Krikosu &#8211; EE-CJ3SA 3.0T<\/li>\n<li>\u00c7ift makasl\u0131 haval\u0131 hidrolik<\/li>\n<li>Kald\u0131rma kapasitesi 3000 kg<\/li>\n<li>Ayarlanabilir kald\u0131rma kollar\u0131 800 mm \/ 1500 mm<\/li>\n<li>Kald\u0131rma y\u00fcksekli\u011fi 450 mm<\/li>\n<\/ul>\n","protected":false},"excerpt":{"rendered":"<ul>\n<li>Haval\u0131 Aks Krikosu &#8211; EE-CJ3SA 3.0T<\/li>\n<li>\u00c7ift makasl\u0131 haval\u0131 hidrolik<\/li>\n<li>Kald\u0131rma kapasitesi 3000 kg<\/li>\n<li>Ayarlanabilir kald\u0131rma kollar\u0131 800 mm \/ 1500 mm<\/li>\n<li>Kald\u0131rma y\u00fcksekli\u011fi 450 mm<\/li>\n<\/ul>\n","protected":false},"featured_media":4942,"comment_status":"closed","ping_status":"closed","template":"","meta":[],"product_cat":[152,154],"product_tag":[450,451,456,48,461,457,453,462,460,459,448,463,452,455,464,449,454,458,447],"class_list":["post-4023","product","type-product","status-publish","has-post-thumbnail","hentry","pwb-brand-eae","product_cat-lastik-servis-ekipmanlari","product_cat-aks-olcum-liftleri","product_tag-aks-lifti","product_tag-aks-olcum-lifti","product_tag-ara-kriko","product_tag-eae","product_tag-kanal-ara-krikosu","product_tag-kanal-krikosu","product_tag-kanal-lifti","product_tag-lift-ara-krikosu","product_tag-lift-krikosu","product_tag-on-duzen-krikosu","product_tag-on-duzen-lifti","product_tag-platform-ara-krikosu","product_tag-platform-lift","product_tag-rod-lifti","product_tag-rot-ara-krikosu","product_tag-rot-ayar-lifti","product_tag-rot-kanal-lifti","product_tag-rot-krikosu","product_tag-rot-lifti"],"brands":[{"id":365,"name":"EAE","slug":"eae"}],"yoast_head":"<!-- This site is optimized with the Yoast SEO plugin v17.1 - https:\/\/yoast.com\/wordpress\/plugins\/seo\/ -->\n<title>EAE - Haval\u0131 Aks Krikosu - EE-CJ3SA 3.0T - Lastik Servis Ekipman\u0131<\/title>\n<meta name=\"description\" content=\"EAE - Haval\u0131 Aks Krikosu - EE-CJ3SA 3.0T - Lastik Servis Ekipman\u0131 - \u00c7ift makasl\u0131 haval\u0131 hidrolik - Kald\u0131rma kapasitesi 3000 kg\" \/>\n<meta name=\"robots\" content=\"index, follow, max-snippet:-1, max-image-preview:large, max-video-preview:-1\" \/>\n<link rel=\"canonical\" href=\"https:\/\/bakirci.com\/ekipman\/servis-ekipmanlari\/mekanik\/lastik-servis-ekipmanlari\/aks-olcum-liftleri\/aks-olcum-liftleri-ve-aks-krikolarieae-born-in-prchavali-aks-krikosu-ee-cj3sa-3-0tkaldirma-kapasitesi-3000kg\/\" \/>\n<meta property=\"og:locale\" content=\"tr_TR\" \/>\n<meta property=\"og:type\" content=\"article\" \/>\n<meta property=\"og:title\" content=\"EAE - Haval\u0131 Aks Krikosu - EE-CJ3SA 3.0T - Lastik Servis Ekipman\u0131\" \/>\n<meta property=\"og:description\" content=\"EAE - Haval\u0131 Aks Krikosu - EE-CJ3SA 3.0T - Lastik Servis Ekipman\u0131 - \u00c7ift makasl\u0131 haval\u0131 hidrolik - Kald\u0131rma kapasitesi 3000 kg\" \/>\n<meta property=\"og:url\" content=\"https:\/\/bakirci.com\/ekipman\/servis-ekipmanlari\/mekanik\/lastik-servis-ekipmanlari\/aks-olcum-liftleri\/aks-olcum-liftleri-ve-aks-krikolarieae-born-in-prchavali-aks-krikosu-ee-cj3sa-3-0tkaldirma-kapasitesi-3000kg\/\" \/>\n<meta property=\"og:site_name\" content=\"Bak\u0131rc\u0131 Garagineering\" \/>\n<meta property=\"article:publisher\" content=\"https:\/\/www.facebook.com\/bakirci.garagineering\" \/>\n<meta property=\"article:modified_time\" content=\"2021-09-04T09:12:04+00:00\" \/>\n<meta property=\"og:image\" content=\"https:\/\/bakirci.com\/ekipman\/wp-content\/uploads\/2021\/06\/EE-CJ3SA-3.0T.png\" \/>\n\t<meta property=\"og:image:width\" content=\"1209\" \/>\n\t<meta property=\"og:image:height\" content=\"1209\" \/>\n<meta name=\"twitter:card\" content=\"summary_large_image\" \/>\n<meta name=\"twitter:label1\" content=\"Tahmini okuma s\u00fcresi\" \/>\n\t<meta name=\"twitter:data1\" content=\"1 dakika\" \/>\n<script type=\"application\/ld+json\" class=\"yoast-schema-graph\">{\"@context\":\"https:\/\/schema.org\",\"@graph\":[{\"@type\":\"Organization\",\"@id\":\"https:\/\/bakirci.com\/ekipman\/#organization\",\"name\":\"Bak\\u0131rc\\u0131 garagineering\",\"url\":\"https:\/\/bakirci.com\/ekipman\/\",\"sameAs\":[\"https:\/\/www.facebook.com\/bakirci.garagineering\",\"https:\/\/www.instagram.com\/bakirci.garagineering\/\",\"https:\/\/www.linkedin.com\/company\/bakirci-garagineering\/\",\"https:\/\/www.youtube.com\/channel\/UCiVG6s_jALJ6Zk8085XiOQg\"],\"logo\":{\"@type\":\"ImageObject\",\"@id\":\"https:\/\/bakirci.com\/ekipman\/#logo\",\"inLanguage\":\"tr\",\"url\":\"https:\/\/bakirci.com\/ekipman\/wp-content\/uploads\/2021\/09\/Bakirci-logo-lacivert.png\",\"contentUrl\":\"https:\/\/bakirci.com\/ekipman\/wp-content\/uploads\/2021\/09\/Bakirci-logo-lacivert.png\",\"width\":501,\"height\":501,\"caption\":\"Bak\\u0131rc\\u0131 garagineering\"},\"image\":{\"@id\":\"https:\/\/bakirci.com\/ekipman\/#logo\"}},{\"@type\":\"WebSite\",\"@id\":\"https:\/\/bakirci.com\/ekipman\/#website\",\"url\":\"https:\/\/bakirci.com\/ekipman\/\",\"name\":\"Bak\\u0131rc\\u0131 Garagineering\",\"description\":\"Otomotiv sekt\\u00f6r\\u00fcne \\u00f6zel, \\u201c\\u00dcretici Standard\\u0131nda\\u201d \\u00e7\\u00f6z\\u00fcmler\\u2026\",\"publisher\":{\"@id\":\"https:\/\/bakirci.com\/ekipman\/#organization\"},\"potentialAction\":[{\"@type\":\"SearchAction\",\"target\":{\"@type\":\"EntryPoint\",\"urlTemplate\":\"https:\/\/bakirci.com\/ekipman\/?s={search_term_string}\"},\"query-input\":\"required name=search_term_string\"}],\"inLanguage\":\"tr\"},{\"@type\":\"ImageObject\",\"@id\":\"https:\/\/bakirci.com\/ekipman\/servis-ekipmanlari\/mekanik\/lastik-servis-ekipmanlari\/aks-olcum-liftleri\/aks-olcum-liftleri-ve-aks-krikolarieae-born-in-prchavali-aks-krikosu-ee-cj3sa-3-0tkaldirma-kapasitesi-3000kg\/#primaryimage\",\"inLanguage\":\"tr\",\"url\":\"https:\/\/bakirci.com\/ekipman\/wp-content\/uploads\/2021\/06\/EE-CJ3SA-3.0T.png\",\"contentUrl\":\"https:\/\/bakirci.com\/ekipman\/wp-content\/uploads\/2021\/06\/EE-CJ3SA-3.0T.png\",\"width\":1209,\"height\":1209,\"caption\":\"EAE Haval\\u0131 Aks Krikosu - EE-CJ3SA 3.0\"},{\"@type\":\"WebPage\",\"@id\":\"https:\/\/bakirci.com\/ekipman\/servis-ekipmanlari\/mekanik\/lastik-servis-ekipmanlari\/aks-olcum-liftleri\/aks-olcum-liftleri-ve-aks-krikolarieae-born-in-prchavali-aks-krikosu-ee-cj3sa-3-0tkaldirma-kapasitesi-3000kg\/#webpage\",\"url\":\"https:\/\/bakirci.com\/ekipman\/servis-ekipmanlari\/mekanik\/lastik-servis-ekipmanlari\/aks-olcum-liftleri\/aks-olcum-liftleri-ve-aks-krikolarieae-born-in-prchavali-aks-krikosu-ee-cj3sa-3-0tkaldirma-kapasitesi-3000kg\/\",\"name\":\"EAE - Haval\\u0131 Aks Krikosu - EE-CJ3SA 3.0T - Lastik Servis Ekipman\\u0131\",\"isPartOf\":{\"@id\":\"https:\/\/bakirci.com\/ekipman\/#website\"},\"primaryImageOfPage\":{\"@id\":\"https:\/\/bakirci.com\/ekipman\/servis-ekipmanlari\/mekanik\/lastik-servis-ekipmanlari\/aks-olcum-liftleri\/aks-olcum-liftleri-ve-aks-krikolarieae-born-in-prchavali-aks-krikosu-ee-cj3sa-3-0tkaldirma-kapasitesi-3000kg\/#primaryimage\"},\"datePublished\":\"2021-06-01T08:51:46+00:00\",\"dateModified\":\"2021-09-04T09:12:04+00:00\",\"description\":\"EAE - Haval\\u0131 Aks Krikosu - EE-CJ3SA 3.0T - Lastik Servis Ekipman\\u0131 - \\u00c7ift makasl\\u0131 haval\\u0131 hidrolik - Kald\\u0131rma kapasitesi 3000 kg\",\"breadcrumb\":{\"@id\":\"https:\/\/bakirci.com\/ekipman\/servis-ekipmanlari\/mekanik\/lastik-servis-ekipmanlari\/aks-olcum-liftleri\/aks-olcum-liftleri-ve-aks-krikolarieae-born-in-prchavali-aks-krikosu-ee-cj3sa-3-0tkaldirma-kapasitesi-3000kg\/#breadcrumb\"},\"inLanguage\":\"tr\",\"potentialAction\":[{\"@type\":\"ReadAction\",\"target\":[\"https:\/\/bakirci.com\/ekipman\/servis-ekipmanlari\/mekanik\/lastik-servis-ekipmanlari\/aks-olcum-liftleri\/aks-olcum-liftleri-ve-aks-krikolarieae-born-in-prchavali-aks-krikosu-ee-cj3sa-3-0tkaldirma-kapasitesi-3000kg\/\"]}]},{\"@type\":\"BreadcrumbList\",\"@id\":\"https:\/\/bakirci.com\/ekipman\/servis-ekipmanlari\/mekanik\/lastik-servis-ekipmanlari\/aks-olcum-liftleri\/aks-olcum-liftleri-ve-aks-krikolarieae-born-in-prchavali-aks-krikosu-ee-cj3sa-3-0tkaldirma-kapasitesi-3000kg\/#breadcrumb\",\"itemListElement\":[{\"@type\":\"ListItem\",\"position\":1,\"name\":\"Ekipman\",\"item\":\"https:\/\/bakirci.com\/ekipman\/\"},{\"@type\":\"ListItem\",\"position\":2,\"name\":\"Otomotiv Tesisleri \\u0130\\u00e7in Servis Ekipmanlar\\u0131\",\"item\":\"https:\/\/bakirci.com\/ekipman\/\"},{\"@type\":\"ListItem\",\"position\":3,\"name\":\"Haval\\u0131 Aks KrikosuEAE (Born in PRC)EE-CJ3SA 3.0TKald\\u0131rma kapasitesi 3000 Kg\"}]}]}<\/script>\n<!-- \/ Yoast SEO plugin. -->","yoast_head_json":{"title":"EAE - Haval\u0131 Aks Krikosu - EE-CJ3SA 3.0T - Lastik Servis Ekipman\u0131","description":"EAE - Haval\u0131 Aks Krikosu - EE-CJ3SA 3.0T - Lastik Servis Ekipman\u0131 - \u00c7ift makasl\u0131 haval\u0131 hidrolik - Kald\u0131rma kapasitesi 3000 kg","robots":{"index":"index","follow":"follow","max-snippet":"max-snippet:-1","max-image-preview":"max-image-preview:large","max-video-preview":"max-video-preview:-1"},"canonical":"https:\/\/bakirci.com\/ekipman\/servis-ekipmanlari\/mekanik\/lastik-servis-ekipmanlari\/aks-olcum-liftleri\/aks-olcum-liftleri-ve-aks-krikolarieae-born-in-prchavali-aks-krikosu-ee-cj3sa-3-0tkaldirma-kapasitesi-3000kg\/","og_locale":"tr_TR","og_type":"article","og_title":"EAE - Haval\u0131 Aks Krikosu - EE-CJ3SA 3.0T - Lastik Servis Ekipman\u0131","og_description":"EAE - Haval\u0131 Aks Krikosu - EE-CJ3SA 3.0T - Lastik Servis Ekipman\u0131 - \u00c7ift makasl\u0131 haval\u0131 hidrolik - Kald\u0131rma kapasitesi 3000 kg","og_url":"https:\/\/bakirci.com\/ekipman\/servis-ekipmanlari\/mekanik\/lastik-servis-ekipmanlari\/aks-olcum-liftleri\/aks-olcum-liftleri-ve-aks-krikolarieae-born-in-prchavali-aks-krikosu-ee-cj3sa-3-0tkaldirma-kapasitesi-3000kg\/","og_site_name":"Bak\u0131rc\u0131 Garagineering","article_publisher":"https:\/\/www.facebook.com\/bakirci.garagineering","article_modified_time":"2021-09-04T09:12:04+00:00","og_image":[{"width":1209,"height":1209,"url":"https:\/\/bakirci.com\/ekipman\/wp-content\/uploads\/2021\/06\/EE-CJ3SA-3.0T.png","path":"\/home\/bakirciwebsitesi\/public_html\/ekipman\/wp-content\/uploads\/2021\/06\/EE-CJ3SA-3.0T.png","size":"full","id":4942,"alt":"EAE Haval\u0131 Aks Krikosu - EE-CJ3SA 3.0","pixels":1461681,"type":"image\/png"}],"twitter_card":"summary_large_image","twitter_misc":{"Tahmini okuma s\u00fcresi":"1 dakika"},"schema":{"@context":"https:\/\/schema.org","@graph":[{"@type":"Organization","@id":"https:\/\/bakirci.com\/ekipman\/#organization","name":"Bak\u0131rc\u0131 garagineering","url":"https:\/\/bakirci.com\/ekipman\/","sameAs":["https:\/\/www.facebook.com\/bakirci.garagineering","https:\/\/www.instagram.com\/bakirci.garagineering\/","https:\/\/www.linkedin.com\/company\/bakirci-garagineering\/","https:\/\/www.youtube.com\/channel\/UCiVG6s_jALJ6Zk8085XiOQg"],"logo":{"@type":"ImageObject","@id":"https:\/\/bakirci.com\/ekipman\/#logo","inLanguage":"tr","url":"https:\/\/bakirci.com\/ekipman\/wp-content\/uploads\/2021\/09\/Bakirci-logo-lacivert.png","contentUrl":"https:\/\/bakirci.com\/ekipman\/wp-content\/uploads\/2021\/09\/Bakirci-logo-lacivert.png","width":501,"height":501,"caption":"Bak\u0131rc\u0131 garagineering"},"image":{"@id":"https:\/\/bakirci.com\/ekipman\/#logo"}},{"@type":"WebSite","@id":"https:\/\/bakirci.com\/ekipman\/#website","url":"https:\/\/bakirci.com\/ekipman\/","name":"Bak\u0131rc\u0131 Garagineering","description":"Otomotiv sekt\u00f6r\u00fcne \u00f6zel, \u201c\u00dcretici Standard\u0131nda\u201d \u00e7\u00f6z\u00fcmler\u2026","publisher":{"@id":"https:\/\/bakirci.com\/ekipman\/#organization"},"potentialAction":[{"@type":"SearchAction","target":{"@type":"EntryPoint","urlTemplate":"https:\/\/bakirci.com\/ekipman\/?s={search_term_string}"},"query-input":"required name=search_term_string"}],"inLanguage":"tr"},{"@type":"ImageObject","@id":"https:\/\/bakirci.com\/ekipman\/servis-ekipmanlari\/mekanik\/lastik-servis-ekipmanlari\/aks-olcum-liftleri\/aks-olcum-liftleri-ve-aks-krikolarieae-born-in-prchavali-aks-krikosu-ee-cj3sa-3-0tkaldirma-kapasitesi-3000kg\/#primaryimage","inLanguage":"tr","url":"https:\/\/bakirci.com\/ekipman\/wp-content\/uploads\/2021\/06\/EE-CJ3SA-3.0T.png","contentUrl":"https:\/\/bakirci.com\/ekipman\/wp-content\/uploads\/2021\/06\/EE-CJ3SA-3.0T.png","width":1209,"height":1209,"caption":"EAE Haval\u0131 Aks Krikosu - EE-CJ3SA 3.0"},{"@type":"WebPage","@id":"https:\/\/bakirci.com\/ekipman\/servis-ekipmanlari\/mekanik\/lastik-servis-ekipmanlari\/aks-olcum-liftleri\/aks-olcum-liftleri-ve-aks-krikolarieae-born-in-prchavali-aks-krikosu-ee-cj3sa-3-0tkaldirma-kapasitesi-3000kg\/#webpage","url":"https:\/\/bakirci.com\/ekipman\/servis-ekipmanlari\/mekanik\/lastik-servis-ekipmanlari\/aks-olcum-liftleri\/aks-olcum-liftleri-ve-aks-krikolarieae-born-in-prchavali-aks-krikosu-ee-cj3sa-3-0tkaldirma-kapasitesi-3000kg\/","name":"EAE - Haval\u0131 Aks Krikosu - EE-CJ3SA 3.0T - Lastik Servis Ekipman\u0131","isPartOf":{"@id":"https:\/\/bakirci.com\/ekipman\/#website"},"primaryImageOfPage":{"@id":"https:\/\/bakirci.com\/ekipman\/servis-ekipmanlari\/mekanik\/lastik-servis-ekipmanlari\/aks-olcum-liftleri\/aks-olcum-liftleri-ve-aks-krikolarieae-born-in-prchavali-aks-krikosu-ee-cj3sa-3-0tkaldirma-kapasitesi-3000kg\/#primaryimage"},"datePublished":"2021-06-01T08:51:46+00:00","dateModified":"2021-09-04T09:12:04+00:00","description":"EAE - Haval\u0131 Aks Krikosu - EE-CJ3SA 3.0T - Lastik Servis Ekipman\u0131 - \u00c7ift makasl\u0131 haval\u0131 hidrolik - Kald\u0131rma kapasitesi 3000 kg","breadcrumb":{"@id":"https:\/\/bakirci.com\/ekipman\/servis-ekipmanlari\/mekanik\/lastik-servis-ekipmanlari\/aks-olcum-liftleri\/aks-olcum-liftleri-ve-aks-krikolarieae-born-in-prchavali-aks-krikosu-ee-cj3sa-3-0tkaldirma-kapasitesi-3000kg\/#breadcrumb"},"inLanguage":"tr","potentialAction":[{"@type":"ReadAction","target":["https:\/\/bakirci.com\/ekipman\/servis-ekipmanlari\/mekanik\/lastik-servis-ekipmanlari\/aks-olcum-liftleri\/aks-olcum-liftleri-ve-aks-krikolarieae-born-in-prchavali-aks-krikosu-ee-cj3sa-3-0tkaldirma-kapasitesi-3000kg\/"]}]},{"@type":"BreadcrumbList","@id":"https:\/\/bakirci.com\/ekipman\/servis-ekipmanlari\/mekanik\/lastik-servis-ekipmanlari\/aks-olcum-liftleri\/aks-olcum-liftleri-ve-aks-krikolarieae-born-in-prchavali-aks-krikosu-ee-cj3sa-3-0tkaldirma-kapasitesi-3000kg\/#breadcrumb","itemListElement":[{"@type":"ListItem","position":1,"name":"Ekipman","item":"https:\/\/bakirci.com\/ekipman\/"},{"@type":"ListItem","position":2,"name":"Otomotiv Tesisleri \u0130\u00e7in Servis Ekipmanlar\u0131","item":"https:\/\/bakirci.com\/ekipman\/"},{"@type":"ListItem","position":3,"name":"Haval\u0131 Aks KrikosuEAE (Born in PRC)EE-CJ3SA 3.0TKald\u0131rma kapasitesi 3000 Kg"}]}]}},"_links":{"self":[{"href":"https:\/\/bakirci.com\/ekipman\/wp-json\/wp\/v2\/product\/4023","targetHints":{"allow":["GET"]}}],"collection":[{"href":"https:\/\/bakirci.com\/ekipman\/wp-json\/wp\/v2\/product"}],"about":[{"href":"https:\/\/bakirci.com\/ekipman\/wp-json\/wp\/v2\/types\/product"}],"replies":[{"embeddable":true,"href":"https:\/\/bakirci.com\/ekipman\/wp-json\/wp\/v2\/comments?post=4023"}],"wp:featuredmedia":[{"embeddable":true,"href":"https:\/\/bakirci.com\/ekipman\/wp-json\/wp\/v2\/media\/4942"}],"wp:attachment":[{"href":"https:\/\/bakirci.com\/ekipman\/wp-json\/wp\/v2\/media?parent=4023"}],"wp:term":[{"taxonomy":"product_cat","embeddable":true,"href":"https:\/\/bakirci.com\/ekipman\/wp-json\/wp\/v2\/product_cat?post=4023"},{"taxonomy":"product_tag","embeddable":true,"href":"https:\/\/bakirci.com\/ekipman\/wp-json\/wp\/v2\/product_tag?post=4023"}],"curies":[{"name":"wp","href":"https:\/\/api.w.org\/{rel}","templated":true}]}}