{"id":4009,"date":"2021-06-01T09:02:54","date_gmt":"2021-06-01T09:02:54","guid":{"rendered":"https:\/\/j6l.65c.myftpupload.com\/?post_type=product&#038;p=4009"},"modified":"2022-03-31T11:32:31","modified_gmt":"2022-03-31T11:32:31","slug":"aks-olcum-liftleri-ve-aks-krikolaributler-born-in-italyaks-olcum-dort-sutunlu-hidrolik-lift-logic-50-lakaldirma-kapasitesi-5000-kgplatform-boyu-5700-mm","status":"publish","type":"product","link":"https:\/\/bakirci.com\/ekipman\/servis-ekipmanlari\/mekanik\/lastik-servis-ekipmanlari\/aks-olcum-liftleri\/aks-olcum-liftleri-ve-aks-krikolaributler-born-in-italyaks-olcum-dort-sutunlu-hidrolik-lift-logic-50-lakaldirma-kapasitesi-5000-kgplatform-boyu-5700-mm\/","title":{"rendered":"<p class=\"ustmetin\">Aks \u00d6l\u00e7\u00fcm D\u00f6rt S\u00fctunlu Hidrolik Lift<\/p><p class=\"ortametin\">BUTLER <span class=\"ortametin2\">(Born in ITALY)<\/span><\/p><p class=\"altmetin\">Logic 50 LA<br>Kald\u0131rma kapasitesi  5000 kg,<br>platform boyu 5700 mm<\/p>"},"content":{"rendered":"<p><strong>D\u00f6rt S\u00fctunlu Lift<\/strong><\/p>\n<ul>\n<li>Aks \u00d6l\u00e7\u00fcm D\u00f6rt S\u00fctunlu Hidrolik Lift &#8211; Logic 50 LA<\/li>\n<li>Aks \u00f6l\u00e7\u00fcm\u00fc i\u00e7in y\u00fcksek netlikte \u00e7al\u0131\u015fan hidrolik sistem<\/li>\n<li>D\u00f6ner tabla yeri ve kilitlenebilir arka kay\u0131c\u0131 plakalar<\/li>\n<li>Platform geni\u015fli\u011fi ayarlanabilir<\/li>\n<li>Hidrolik t\u0131rnakl\u0131 kilit sistemi (hassas ayarlanabilir)<\/li>\n<li>Kald\u0131rma kapasitesi 5000 kg<\/li>\n<li>Platform boyu 5700 mm<\/li>\n<li>Platform y\u00fcksekli\u011fi 210 mm<\/li>\n<li>Platform ara geni\u015fli\u011fi 776 mm &#8211; 1170 mm<\/li>\n<\/ul>\n","protected":false},"excerpt":{"rendered":"<ul>\n<li>Aks \u00d6l\u00e7\u00fcm D\u00f6rt S\u00fctunlu Hidrolik Lift &#8211; Logic 50 LA<\/li>\n<li>Aks \u00f6l\u00e7\u00fcm\u00fc i\u00e7in y\u00fcksek netlikte \u00e7al\u0131\u015fan hidrolik sistem<\/li>\n<li>D\u00f6ner tabla yeri ve kilitlenebilir arka kay\u0131c\u0131 plakalar<\/li>\n<li>Platform geni\u015fli\u011fi ayarlanabilir<\/li>\n<li>Hidrolik t\u0131rnakl\u0131 kilit sistemi (hassas ayarlanabilir)<\/li>\n<li>Kald\u0131rma kapasitesi 5000 kg<\/li>\n<li>Platform boyu 5700 mm<\/li>\n<li>Platform y\u00fcksekli\u011fi 210 mm<\/li>\n<li>Platform ara geni\u015fli\u011fi 776 mm &#8211; 1170 mm<\/li>\n<\/ul>\n","protected":false},"featured_media":5932,"comment_status":"closed","ping_status":"closed","template":"","meta":[],"product_cat":[152,154],"product_tag":[450,451,456,51,461,457,453,462,460,459,448,463,452,455,464,449,454,458,447],"class_list":["post-4009","product","type-product","status-publish","has-post-thumbnail","hentry","pwb-brand-butler","product_cat-lastik-servis-ekipmanlari","product_cat-aks-olcum-liftleri","product_tag-aks-lifti","product_tag-aks-olcum-lifti","product_tag-ara-kriko","product_tag-butler","product_tag-kanal-ara-krikosu","product_tag-kanal-krikosu","product_tag-kanal-lifti","product_tag-lift-ara-krikosu","product_tag-lift-krikosu","product_tag-on-duzen-krikosu","product_tag-on-duzen-lifti","product_tag-platform-ara-krikosu","product_tag-platform-lift","product_tag-rod-lifti","product_tag-rot-ara-krikosu","product_tag-rot-ayar-lifti","product_tag-rot-kanal-lifti","product_tag-rot-krikosu","product_tag-rot-lifti"],"brands":[{"id":364,"name":"BUTLER","slug":"butler"}],"yoast_head":"<!-- This site is optimized with the Yoast SEO plugin v17.1 - https:\/\/yoast.com\/wordpress\/plugins\/seo\/ -->\n<title>D\u00f6rt S\u00fctunlu Lift - Hidrolik - Aks \u00d6l\u00e7\u00fcm - Logic 50 LA - BUTLER<\/title>\n<meta name=\"description\" content=\"D\u00f6rt S\u00fctunlu Lift - Hidrolik - Aks \u00d6l\u00e7\u00fcm - Logic 50 LA - BUTLER - Lastik Servis Ekipman\u0131 - Aks \u00f6l\u00e7\u00fcm\u00fc i\u00e7in y\u00fcksek netlikte hidrolik sistem\" \/>\n<meta name=\"robots\" content=\"index, follow, max-snippet:-1, max-image-preview:large, max-video-preview:-1\" \/>\n<link rel=\"canonical\" href=\"https:\/\/bakirci.com\/ekipman\/servis-ekipmanlari\/mekanik\/lastik-servis-ekipmanlari\/aks-olcum-liftleri\/aks-olcum-liftleri-ve-aks-krikolaributler-born-in-italyaks-olcum-dort-sutunlu-hidrolik-lift-logic-50-lakaldirma-kapasitesi-5000-kgplatform-boyu-5700-mm\/\" \/>\n<meta property=\"og:locale\" content=\"tr_TR\" \/>\n<meta property=\"og:type\" content=\"article\" \/>\n<meta property=\"og:title\" content=\"D\u00f6rt S\u00fctunlu Lift - Hidrolik - Aks \u00d6l\u00e7\u00fcm - Logic 50 LA - BUTLER\" \/>\n<meta property=\"og:description\" content=\"D\u00f6rt S\u00fctunlu Lift - Hidrolik - Aks \u00d6l\u00e7\u00fcm - Logic 50 LA - BUTLER - Lastik Servis Ekipman\u0131 - Aks \u00f6l\u00e7\u00fcm\u00fc i\u00e7in y\u00fcksek netlikte hidrolik sistem\" \/>\n<meta property=\"og:url\" content=\"https:\/\/bakirci.com\/ekipman\/servis-ekipmanlari\/mekanik\/lastik-servis-ekipmanlari\/aks-olcum-liftleri\/aks-olcum-liftleri-ve-aks-krikolaributler-born-in-italyaks-olcum-dort-sutunlu-hidrolik-lift-logic-50-lakaldirma-kapasitesi-5000-kgplatform-boyu-5700-mm\/\" \/>\n<meta property=\"og:site_name\" content=\"Bak\u0131rc\u0131 Garagineering\" \/>\n<meta property=\"article:publisher\" content=\"https:\/\/www.facebook.com\/bakirci.garagineering\" \/>\n<meta property=\"article:modified_time\" content=\"2022-03-31T11:32:31+00:00\" \/>\n<meta property=\"og:image\" content=\"https:\/\/bakirci.com\/ekipman\/wp-content\/uploads\/2021\/06\/Aks-Olcum-Dort-Sutunlu-Hidrolik-Lift-Logic-50-LA.png\" \/>\n\t<meta property=\"og:image:width\" content=\"1068\" \/>\n\t<meta property=\"og:image:height\" content=\"1068\" \/>\n<meta name=\"twitter:card\" content=\"summary_large_image\" \/>\n<meta name=\"twitter:label1\" content=\"Tahmini okuma s\u00fcresi\" \/>\n\t<meta name=\"twitter:data1\" content=\"1 dakika\" \/>\n<script type=\"application\/ld+json\" class=\"yoast-schema-graph\">{\"@context\":\"https:\/\/schema.org\",\"@graph\":[{\"@type\":\"Organization\",\"@id\":\"https:\/\/bakirci.com\/ekipman\/#organization\",\"name\":\"Bak\\u0131rc\\u0131 garagineering\",\"url\":\"https:\/\/bakirci.com\/ekipman\/\",\"sameAs\":[\"https:\/\/www.facebook.com\/bakirci.garagineering\",\"https:\/\/www.instagram.com\/bakirci.garagineering\/\",\"https:\/\/www.linkedin.com\/company\/bakirci-garagineering\/\",\"https:\/\/www.youtube.com\/channel\/UCiVG6s_jALJ6Zk8085XiOQg\"],\"logo\":{\"@type\":\"ImageObject\",\"@id\":\"https:\/\/bakirci.com\/ekipman\/#logo\",\"inLanguage\":\"tr\",\"url\":\"https:\/\/bakirci.com\/ekipman\/wp-content\/uploads\/2021\/09\/Bakirci-logo-lacivert.png\",\"contentUrl\":\"https:\/\/bakirci.com\/ekipman\/wp-content\/uploads\/2021\/09\/Bakirci-logo-lacivert.png\",\"width\":501,\"height\":501,\"caption\":\"Bak\\u0131rc\\u0131 garagineering\"},\"image\":{\"@id\":\"https:\/\/bakirci.com\/ekipman\/#logo\"}},{\"@type\":\"WebSite\",\"@id\":\"https:\/\/bakirci.com\/ekipman\/#website\",\"url\":\"https:\/\/bakirci.com\/ekipman\/\",\"name\":\"Bak\\u0131rc\\u0131 Garagineering\",\"description\":\"Otomotiv sekt\\u00f6r\\u00fcne \\u00f6zel, \\u201c\\u00dcretici Standard\\u0131nda\\u201d \\u00e7\\u00f6z\\u00fcmler\\u2026\",\"publisher\":{\"@id\":\"https:\/\/bakirci.com\/ekipman\/#organization\"},\"potentialAction\":[{\"@type\":\"SearchAction\",\"target\":{\"@type\":\"EntryPoint\",\"urlTemplate\":\"https:\/\/bakirci.com\/ekipman\/?s={search_term_string}\"},\"query-input\":\"required name=search_term_string\"}],\"inLanguage\":\"tr\"},{\"@type\":\"ImageObject\",\"@id\":\"https:\/\/bakirci.com\/ekipman\/servis-ekipmanlari\/mekanik\/lastik-servis-ekipmanlari\/aks-olcum-liftleri\/aks-olcum-liftleri-ve-aks-krikolaributler-born-in-italyaks-olcum-dort-sutunlu-hidrolik-lift-logic-50-lakaldirma-kapasitesi-5000-kgplatform-boyu-5700-mm\/#primaryimage\",\"inLanguage\":\"tr\",\"url\":\"https:\/\/bakirci.com\/ekipman\/wp-content\/uploads\/2021\/06\/Aks-Olcum-Dort-Sutunlu-Hidrolik-Lift-Logic-50-LA.png\",\"contentUrl\":\"https:\/\/bakirci.com\/ekipman\/wp-content\/uploads\/2021\/06\/Aks-Olcum-Dort-Sutunlu-Hidrolik-Lift-Logic-50-LA.png\",\"width\":1068,\"height\":1068},{\"@type\":\"WebPage\",\"@id\":\"https:\/\/bakirci.com\/ekipman\/servis-ekipmanlari\/mekanik\/lastik-servis-ekipmanlari\/aks-olcum-liftleri\/aks-olcum-liftleri-ve-aks-krikolaributler-born-in-italyaks-olcum-dort-sutunlu-hidrolik-lift-logic-50-lakaldirma-kapasitesi-5000-kgplatform-boyu-5700-mm\/#webpage\",\"url\":\"https:\/\/bakirci.com\/ekipman\/servis-ekipmanlari\/mekanik\/lastik-servis-ekipmanlari\/aks-olcum-liftleri\/aks-olcum-liftleri-ve-aks-krikolaributler-born-in-italyaks-olcum-dort-sutunlu-hidrolik-lift-logic-50-lakaldirma-kapasitesi-5000-kgplatform-boyu-5700-mm\/\",\"name\":\"D\\u00f6rt S\\u00fctunlu Lift - Hidrolik - Aks \\u00d6l\\u00e7\\u00fcm - Logic 50 LA - BUTLER\",\"isPartOf\":{\"@id\":\"https:\/\/bakirci.com\/ekipman\/#website\"},\"primaryImageOfPage\":{\"@id\":\"https:\/\/bakirci.com\/ekipman\/servis-ekipmanlari\/mekanik\/lastik-servis-ekipmanlari\/aks-olcum-liftleri\/aks-olcum-liftleri-ve-aks-krikolaributler-born-in-italyaks-olcum-dort-sutunlu-hidrolik-lift-logic-50-lakaldirma-kapasitesi-5000-kgplatform-boyu-5700-mm\/#primaryimage\"},\"datePublished\":\"2021-06-01T09:02:54+00:00\",\"dateModified\":\"2022-03-31T11:32:31+00:00\",\"description\":\"D\\u00f6rt S\\u00fctunlu Lift - Hidrolik - Aks \\u00d6l\\u00e7\\u00fcm - Logic 50 LA - BUTLER - Lastik Servis Ekipman\\u0131 - Aks \\u00f6l\\u00e7\\u00fcm\\u00fc i\\u00e7in y\\u00fcksek netlikte hidrolik sistem\",\"breadcrumb\":{\"@id\":\"https:\/\/bakirci.com\/ekipman\/servis-ekipmanlari\/mekanik\/lastik-servis-ekipmanlari\/aks-olcum-liftleri\/aks-olcum-liftleri-ve-aks-krikolaributler-born-in-italyaks-olcum-dort-sutunlu-hidrolik-lift-logic-50-lakaldirma-kapasitesi-5000-kgplatform-boyu-5700-mm\/#breadcrumb\"},\"inLanguage\":\"tr\",\"potentialAction\":[{\"@type\":\"ReadAction\",\"target\":[\"https:\/\/bakirci.com\/ekipman\/servis-ekipmanlari\/mekanik\/lastik-servis-ekipmanlari\/aks-olcum-liftleri\/aks-olcum-liftleri-ve-aks-krikolaributler-born-in-italyaks-olcum-dort-sutunlu-hidrolik-lift-logic-50-lakaldirma-kapasitesi-5000-kgplatform-boyu-5700-mm\/\"]}]},{\"@type\":\"BreadcrumbList\",\"@id\":\"https:\/\/bakirci.com\/ekipman\/servis-ekipmanlari\/mekanik\/lastik-servis-ekipmanlari\/aks-olcum-liftleri\/aks-olcum-liftleri-ve-aks-krikolaributler-born-in-italyaks-olcum-dort-sutunlu-hidrolik-lift-logic-50-lakaldirma-kapasitesi-5000-kgplatform-boyu-5700-mm\/#breadcrumb\",\"itemListElement\":[{\"@type\":\"ListItem\",\"position\":1,\"name\":\"Ekipman\",\"item\":\"https:\/\/bakirci.com\/ekipman\/\"},{\"@type\":\"ListItem\",\"position\":2,\"name\":\"Otomotiv Tesisleri \\u0130\\u00e7in Servis Ekipmanlar\\u0131\",\"item\":\"https:\/\/bakirci.com\/ekipman\/\"},{\"@type\":\"ListItem\",\"position\":3,\"name\":\"Aks \\u00d6l\\u00e7\\u00fcm D\\u00f6rt S\\u00fctunlu Hidrolik LiftBUTLER (Born in ITALY)Logic 50 LAKald\\u0131rma kapasitesi 5000 kg,platform boyu 5700 mm\"}]}]}<\/script>\n<!-- \/ Yoast SEO plugin. -->","yoast_head_json":{"title":"D\u00f6rt S\u00fctunlu Lift - Hidrolik - Aks \u00d6l\u00e7\u00fcm - Logic 50 LA - BUTLER","description":"D\u00f6rt S\u00fctunlu Lift - Hidrolik - Aks \u00d6l\u00e7\u00fcm - Logic 50 LA - BUTLER - Lastik Servis Ekipman\u0131 - Aks \u00f6l\u00e7\u00fcm\u00fc i\u00e7in y\u00fcksek netlikte hidrolik sistem","robots":{"index":"index","follow":"follow","max-snippet":"max-snippet:-1","max-image-preview":"max-image-preview:large","max-video-preview":"max-video-preview:-1"},"canonical":"https:\/\/bakirci.com\/ekipman\/servis-ekipmanlari\/mekanik\/lastik-servis-ekipmanlari\/aks-olcum-liftleri\/aks-olcum-liftleri-ve-aks-krikolaributler-born-in-italyaks-olcum-dort-sutunlu-hidrolik-lift-logic-50-lakaldirma-kapasitesi-5000-kgplatform-boyu-5700-mm\/","og_locale":"tr_TR","og_type":"article","og_title":"D\u00f6rt S\u00fctunlu Lift - Hidrolik - Aks \u00d6l\u00e7\u00fcm - Logic 50 LA - BUTLER","og_description":"D\u00f6rt S\u00fctunlu Lift - Hidrolik - Aks \u00d6l\u00e7\u00fcm - Logic 50 LA - BUTLER - Lastik Servis Ekipman\u0131 - Aks \u00f6l\u00e7\u00fcm\u00fc i\u00e7in y\u00fcksek netlikte hidrolik sistem","og_url":"https:\/\/bakirci.com\/ekipman\/servis-ekipmanlari\/mekanik\/lastik-servis-ekipmanlari\/aks-olcum-liftleri\/aks-olcum-liftleri-ve-aks-krikolaributler-born-in-italyaks-olcum-dort-sutunlu-hidrolik-lift-logic-50-lakaldirma-kapasitesi-5000-kgplatform-boyu-5700-mm\/","og_site_name":"Bak\u0131rc\u0131 Garagineering","article_publisher":"https:\/\/www.facebook.com\/bakirci.garagineering","article_modified_time":"2022-03-31T11:32:31+00:00","og_image":[{"width":1068,"height":1068,"url":"https:\/\/bakirci.com\/ekipman\/wp-content\/uploads\/2021\/06\/Aks-Olcum-Dort-Sutunlu-Hidrolik-Lift-Logic-50-LA.png","path":"\/home\/bakirciwebsitesi\/public_html\/ekipman\/wp-content\/uploads\/2021\/06\/Aks-Olcum-Dort-Sutunlu-Hidrolik-Lift-Logic-50-LA.png","size":"full","id":5932,"alt":"","pixels":1140624,"type":"image\/png"}],"twitter_card":"summary_large_image","twitter_misc":{"Tahmini okuma s\u00fcresi":"1 dakika"},"schema":{"@context":"https:\/\/schema.org","@graph":[{"@type":"Organization","@id":"https:\/\/bakirci.com\/ekipman\/#organization","name":"Bak\u0131rc\u0131 garagineering","url":"https:\/\/bakirci.com\/ekipman\/","sameAs":["https:\/\/www.facebook.com\/bakirci.garagineering","https:\/\/www.instagram.com\/bakirci.garagineering\/","https:\/\/www.linkedin.com\/company\/bakirci-garagineering\/","https:\/\/www.youtube.com\/channel\/UCiVG6s_jALJ6Zk8085XiOQg"],"logo":{"@type":"ImageObject","@id":"https:\/\/bakirci.com\/ekipman\/#logo","inLanguage":"tr","url":"https:\/\/bakirci.com\/ekipman\/wp-content\/uploads\/2021\/09\/Bakirci-logo-lacivert.png","contentUrl":"https:\/\/bakirci.com\/ekipman\/wp-content\/uploads\/2021\/09\/Bakirci-logo-lacivert.png","width":501,"height":501,"caption":"Bak\u0131rc\u0131 garagineering"},"image":{"@id":"https:\/\/bakirci.com\/ekipman\/#logo"}},{"@type":"WebSite","@id":"https:\/\/bakirci.com\/ekipman\/#website","url":"https:\/\/bakirci.com\/ekipman\/","name":"Bak\u0131rc\u0131 Garagineering","description":"Otomotiv sekt\u00f6r\u00fcne \u00f6zel, \u201c\u00dcretici Standard\u0131nda\u201d \u00e7\u00f6z\u00fcmler\u2026","publisher":{"@id":"https:\/\/bakirci.com\/ekipman\/#organization"},"potentialAction":[{"@type":"SearchAction","target":{"@type":"EntryPoint","urlTemplate":"https:\/\/bakirci.com\/ekipman\/?s={search_term_string}"},"query-input":"required name=search_term_string"}],"inLanguage":"tr"},{"@type":"ImageObject","@id":"https:\/\/bakirci.com\/ekipman\/servis-ekipmanlari\/mekanik\/lastik-servis-ekipmanlari\/aks-olcum-liftleri\/aks-olcum-liftleri-ve-aks-krikolaributler-born-in-italyaks-olcum-dort-sutunlu-hidrolik-lift-logic-50-lakaldirma-kapasitesi-5000-kgplatform-boyu-5700-mm\/#primaryimage","inLanguage":"tr","url":"https:\/\/bakirci.com\/ekipman\/wp-content\/uploads\/2021\/06\/Aks-Olcum-Dort-Sutunlu-Hidrolik-Lift-Logic-50-LA.png","contentUrl":"https:\/\/bakirci.com\/ekipman\/wp-content\/uploads\/2021\/06\/Aks-Olcum-Dort-Sutunlu-Hidrolik-Lift-Logic-50-LA.png","width":1068,"height":1068},{"@type":"WebPage","@id":"https:\/\/bakirci.com\/ekipman\/servis-ekipmanlari\/mekanik\/lastik-servis-ekipmanlari\/aks-olcum-liftleri\/aks-olcum-liftleri-ve-aks-krikolaributler-born-in-italyaks-olcum-dort-sutunlu-hidrolik-lift-logic-50-lakaldirma-kapasitesi-5000-kgplatform-boyu-5700-mm\/#webpage","url":"https:\/\/bakirci.com\/ekipman\/servis-ekipmanlari\/mekanik\/lastik-servis-ekipmanlari\/aks-olcum-liftleri\/aks-olcum-liftleri-ve-aks-krikolaributler-born-in-italyaks-olcum-dort-sutunlu-hidrolik-lift-logic-50-lakaldirma-kapasitesi-5000-kgplatform-boyu-5700-mm\/","name":"D\u00f6rt S\u00fctunlu Lift - Hidrolik - Aks \u00d6l\u00e7\u00fcm - Logic 50 LA - BUTLER","isPartOf":{"@id":"https:\/\/bakirci.com\/ekipman\/#website"},"primaryImageOfPage":{"@id":"https:\/\/bakirci.com\/ekipman\/servis-ekipmanlari\/mekanik\/lastik-servis-ekipmanlari\/aks-olcum-liftleri\/aks-olcum-liftleri-ve-aks-krikolaributler-born-in-italyaks-olcum-dort-sutunlu-hidrolik-lift-logic-50-lakaldirma-kapasitesi-5000-kgplatform-boyu-5700-mm\/#primaryimage"},"datePublished":"2021-06-01T09:02:54+00:00","dateModified":"2022-03-31T11:32:31+00:00","description":"D\u00f6rt S\u00fctunlu Lift - Hidrolik - Aks \u00d6l\u00e7\u00fcm - Logic 50 LA - BUTLER - Lastik Servis Ekipman\u0131 - Aks \u00f6l\u00e7\u00fcm\u00fc i\u00e7in y\u00fcksek netlikte hidrolik sistem","breadcrumb":{"@id":"https:\/\/bakirci.com\/ekipman\/servis-ekipmanlari\/mekanik\/lastik-servis-ekipmanlari\/aks-olcum-liftleri\/aks-olcum-liftleri-ve-aks-krikolaributler-born-in-italyaks-olcum-dort-sutunlu-hidrolik-lift-logic-50-lakaldirma-kapasitesi-5000-kgplatform-boyu-5700-mm\/#breadcrumb"},"inLanguage":"tr","potentialAction":[{"@type":"ReadAction","target":["https:\/\/bakirci.com\/ekipman\/servis-ekipmanlari\/mekanik\/lastik-servis-ekipmanlari\/aks-olcum-liftleri\/aks-olcum-liftleri-ve-aks-krikolaributler-born-in-italyaks-olcum-dort-sutunlu-hidrolik-lift-logic-50-lakaldirma-kapasitesi-5000-kgplatform-boyu-5700-mm\/"]}]},{"@type":"BreadcrumbList","@id":"https:\/\/bakirci.com\/ekipman\/servis-ekipmanlari\/mekanik\/lastik-servis-ekipmanlari\/aks-olcum-liftleri\/aks-olcum-liftleri-ve-aks-krikolaributler-born-in-italyaks-olcum-dort-sutunlu-hidrolik-lift-logic-50-lakaldirma-kapasitesi-5000-kgplatform-boyu-5700-mm\/#breadcrumb","itemListElement":[{"@type":"ListItem","position":1,"name":"Ekipman","item":"https:\/\/bakirci.com\/ekipman\/"},{"@type":"ListItem","position":2,"name":"Otomotiv Tesisleri \u0130\u00e7in Servis Ekipmanlar\u0131","item":"https:\/\/bakirci.com\/ekipman\/"},{"@type":"ListItem","position":3,"name":"Aks \u00d6l\u00e7\u00fcm D\u00f6rt S\u00fctunlu Hidrolik LiftBUTLER (Born in ITALY)Logic 50 LAKald\u0131rma kapasitesi 5000 kg,platform boyu 5700 mm"}]}]}},"_links":{"self":[{"href":"https:\/\/bakirci.com\/ekipman\/wp-json\/wp\/v2\/product\/4009","targetHints":{"allow":["GET"]}}],"collection":[{"href":"https:\/\/bakirci.com\/ekipman\/wp-json\/wp\/v2\/product"}],"about":[{"href":"https:\/\/bakirci.com\/ekipman\/wp-json\/wp\/v2\/types\/product"}],"replies":[{"embeddable":true,"href":"https:\/\/bakirci.com\/ekipman\/wp-json\/wp\/v2\/comments?post=4009"}],"wp:featuredmedia":[{"embeddable":true,"href":"https:\/\/bakirci.com\/ekipman\/wp-json\/wp\/v2\/media\/5932"}],"wp:attachment":[{"href":"https:\/\/bakirci.com\/ekipman\/wp-json\/wp\/v2\/media?parent=4009"}],"wp:term":[{"taxonomy":"product_cat","embeddable":true,"href":"https:\/\/bakirci.com\/ekipman\/wp-json\/wp\/v2\/product_cat?post=4009"},{"taxonomy":"product_tag","embeddable":true,"href":"https:\/\/bakirci.com\/ekipman\/wp-json\/wp\/v2\/product_tag?post=4009"}],"curies":[{"name":"wp","href":"https:\/\/api.w.org\/{rel}","templated":true}]}}