{"id":4006,"date":"2021-06-01T09:05:18","date_gmt":"2021-06-01T09:05:18","guid":{"rendered":"https:\/\/j6l.65c.myftpupload.com\/?post_type=product&#038;p=4006"},"modified":"2022-03-31T11:26:52","modified_gmt":"2022-03-31T11:26:52","slug":"aks-olcum-liftleri-ve-aks-krikolaributler-born-in-italyaks-olcum-makas-lifti-cisor-60-55akaldirma-kapasitesi-6000-kgplatform-boyu-5500-mm","status":"publish","type":"product","link":"https:\/\/bakirci.com\/ekipman\/servis-ekipmanlari\/mekanik\/lastik-servis-ekipmanlari\/aks-olcum-liftleri\/aks-olcum-liftleri-ve-aks-krikolaributler-born-in-italyaks-olcum-makas-lifti-cisor-60-55akaldirma-kapasitesi-6000-kgplatform-boyu-5500-mm\/","title":{"rendered":"<p class=\"ustmetin\">Aks \u00d6l\u00e7\u00fcm Makas Lifti<\/p><p class=\"ortametin\">BUTLER <span class=\"ortametin2\">(Born in ITALY)<\/span><\/p><p class=\"altmetin\">Cisor 60N.55IA<br>Kald\u0131rma kapasitesi  6000 kg,<br>platform boyu 5500 mm<\/p>"},"content":{"rendered":"<p><strong>BUTLER &#8211; Aks \u00d6l\u00e7\u00fcm Lifti<\/strong><\/p>\n<ul>\n<li>Aks \u00d6l\u00e7\u00fcm Makas Lifti &#8211; Cisor 60N.55IA<\/li>\n<li>Aks \u00f6l\u00e7\u00fcm\u00fc i\u00e7in y\u00fcksek hassasiyete sahip netlik<\/li>\n<li>D\u00f6ner tabla yeri ve kilitlenebilir arka kay\u0131c\u0131 plakalar<\/li>\n<li>Hidrolik sistem ile emniyet ve senkronizasyon<\/li>\n<li>Pn\u00f6matik kilit sistemi<\/li>\n<li>G\u00f6m\u00fcl\u00fc montaj uygulamas\u0131<\/li>\n<li>Kald\u0131rma kapasitesi 6000 kg<\/li>\n<li>Platform boyu 5500 mm<\/li>\n<li>Platform y\u00fcksekli\u011fi 270 mm<\/li>\n<li>Kald\u0131rma y\u00fcksekli\u011fi 1850 mm<\/li>\n<\/ul>\n","protected":false},"excerpt":{"rendered":"<ul>\n<li>Aks \u00d6l\u00e7\u00fcm Makas Lifti &#8211; Cisor 60N.55IA<\/li>\n<li>Aks \u00f6l\u00e7\u00fcm\u00fc i\u00e7in y\u00fcksek hassasiyete sahip netlik<\/li>\n<li>D\u00f6ner tabla yeri ve kilitlenebilir arka kay\u0131c\u0131 plakalar<\/li>\n<li>Hidrolik sistem ile emniyet ve senkronizasyon<\/li>\n<li>Pn\u00f6matik kilit sistemi<\/li>\n<li>G\u00f6m\u00fcl\u00fc montaj uygulamas\u0131<\/li>\n<li>Kald\u0131rma kapasitesi 6000 kg<\/li>\n<li>Platform boyu 5500 mm<\/li>\n<li>Platform y\u00fcksekli\u011fi 270 mm<\/li>\n<li>Kald\u0131rma y\u00fcksekli\u011fi 1850 mm<\/li>\n<\/ul>\n","protected":false},"featured_media":5286,"comment_status":"closed","ping_status":"closed","template":"","meta":[],"product_cat":[152,154],"product_tag":[450,451,456,51,461,457,453,462,460,459,448,463,452,455,464,449,454,458,447],"class_list":["post-4006","product","type-product","status-publish","has-post-thumbnail","hentry","pwb-brand-butler","product_cat-lastik-servis-ekipmanlari","product_cat-aks-olcum-liftleri","product_tag-aks-lifti","product_tag-aks-olcum-lifti","product_tag-ara-kriko","product_tag-butler","product_tag-kanal-ara-krikosu","product_tag-kanal-krikosu","product_tag-kanal-lifti","product_tag-lift-ara-krikosu","product_tag-lift-krikosu","product_tag-on-duzen-krikosu","product_tag-on-duzen-lifti","product_tag-platform-ara-krikosu","product_tag-platform-lift","product_tag-rod-lifti","product_tag-rot-ara-krikosu","product_tag-rot-ayar-lifti","product_tag-rot-kanal-lifti","product_tag-rot-krikosu","product_tag-rot-lifti"],"brands":[{"id":364,"name":"BUTLER","slug":"butler"}],"yoast_head":"<!-- This site is optimized with the Yoast SEO plugin v17.1 - https:\/\/yoast.com\/wordpress\/plugins\/seo\/ -->\n<title>BUTLER - Aks \u00d6l\u00e7\u00fcm Lifti - Makas Lift - Cisor 60.55A<\/title>\n<meta name=\"description\" content=\"BUTLER - Aks \u00d6l\u00e7\u00fcm Lifti - Makas Lift - Cisor 60.55A - Lastik Servis Ekipman\u0131 - Platform y\u00fcksekli\u011fi 270 mm - Kald\u0131rma y\u00fcksekli\u011fi 1850 mm\" \/>\n<meta name=\"robots\" content=\"index, follow, max-snippet:-1, max-image-preview:large, max-video-preview:-1\" \/>\n<link rel=\"canonical\" href=\"https:\/\/bakirci.com\/ekipman\/servis-ekipmanlari\/mekanik\/lastik-servis-ekipmanlari\/aks-olcum-liftleri\/aks-olcum-liftleri-ve-aks-krikolaributler-born-in-italyaks-olcum-makas-lifti-cisor-60-55akaldirma-kapasitesi-6000-kgplatform-boyu-5500-mm\/\" \/>\n<meta property=\"og:locale\" content=\"tr_TR\" \/>\n<meta property=\"og:type\" content=\"article\" \/>\n<meta property=\"og:title\" content=\"BUTLER - Aks \u00d6l\u00e7\u00fcm Lifti - Makas Lift - Cisor 60.55A\" \/>\n<meta property=\"og:description\" content=\"BUTLER - Aks \u00d6l\u00e7\u00fcm Lifti - Makas Lift - Cisor 60.55A - Lastik Servis Ekipman\u0131 - Platform y\u00fcksekli\u011fi 270 mm - Kald\u0131rma y\u00fcksekli\u011fi 1850 mm\" \/>\n<meta property=\"og:url\" content=\"https:\/\/bakirci.com\/ekipman\/servis-ekipmanlari\/mekanik\/lastik-servis-ekipmanlari\/aks-olcum-liftleri\/aks-olcum-liftleri-ve-aks-krikolaributler-born-in-italyaks-olcum-makas-lifti-cisor-60-55akaldirma-kapasitesi-6000-kgplatform-boyu-5500-mm\/\" \/>\n<meta property=\"og:site_name\" content=\"Bak\u0131rc\u0131 Garagineering\" \/>\n<meta property=\"article:publisher\" content=\"https:\/\/www.facebook.com\/bakirci.garagineering\" \/>\n<meta property=\"article:modified_time\" content=\"2022-03-31T11:26:52+00:00\" \/>\n<meta property=\"og:image\" content=\"https:\/\/bakirci.com\/ekipman\/wp-content\/uploads\/2021\/06\/Cisor-50.55A-1.jpg\" \/>\n\t<meta property=\"og:image:width\" content=\"1600\" \/>\n\t<meta property=\"og:image:height\" content=\"1600\" \/>\n<meta name=\"twitter:card\" content=\"summary_large_image\" \/>\n<meta name=\"twitter:label1\" content=\"Tahmini okuma s\u00fcresi\" \/>\n\t<meta name=\"twitter:data1\" content=\"1 dakika\" \/>\n<script type=\"application\/ld+json\" class=\"yoast-schema-graph\">{\"@context\":\"https:\/\/schema.org\",\"@graph\":[{\"@type\":\"Organization\",\"@id\":\"https:\/\/bakirci.com\/ekipman\/#organization\",\"name\":\"Bak\\u0131rc\\u0131 garagineering\",\"url\":\"https:\/\/bakirci.com\/ekipman\/\",\"sameAs\":[\"https:\/\/www.facebook.com\/bakirci.garagineering\",\"https:\/\/www.instagram.com\/bakirci.garagineering\/\",\"https:\/\/www.linkedin.com\/company\/bakirci-garagineering\/\",\"https:\/\/www.youtube.com\/channel\/UCiVG6s_jALJ6Zk8085XiOQg\"],\"logo\":{\"@type\":\"ImageObject\",\"@id\":\"https:\/\/bakirci.com\/ekipman\/#logo\",\"inLanguage\":\"tr\",\"url\":\"https:\/\/bakirci.com\/ekipman\/wp-content\/uploads\/2021\/09\/Bakirci-logo-lacivert.png\",\"contentUrl\":\"https:\/\/bakirci.com\/ekipman\/wp-content\/uploads\/2021\/09\/Bakirci-logo-lacivert.png\",\"width\":501,\"height\":501,\"caption\":\"Bak\\u0131rc\\u0131 garagineering\"},\"image\":{\"@id\":\"https:\/\/bakirci.com\/ekipman\/#logo\"}},{\"@type\":\"WebSite\",\"@id\":\"https:\/\/bakirci.com\/ekipman\/#website\",\"url\":\"https:\/\/bakirci.com\/ekipman\/\",\"name\":\"Bak\\u0131rc\\u0131 Garagineering\",\"description\":\"Otomotiv sekt\\u00f6r\\u00fcne \\u00f6zel, \\u201c\\u00dcretici Standard\\u0131nda\\u201d \\u00e7\\u00f6z\\u00fcmler\\u2026\",\"publisher\":{\"@id\":\"https:\/\/bakirci.com\/ekipman\/#organization\"},\"potentialAction\":[{\"@type\":\"SearchAction\",\"target\":{\"@type\":\"EntryPoint\",\"urlTemplate\":\"https:\/\/bakirci.com\/ekipman\/?s={search_term_string}\"},\"query-input\":\"required name=search_term_string\"}],\"inLanguage\":\"tr\"},{\"@type\":\"ImageObject\",\"@id\":\"https:\/\/bakirci.com\/ekipman\/servis-ekipmanlari\/mekanik\/lastik-servis-ekipmanlari\/aks-olcum-liftleri\/aks-olcum-liftleri-ve-aks-krikolaributler-born-in-italyaks-olcum-makas-lifti-cisor-60-55akaldirma-kapasitesi-6000-kgplatform-boyu-5500-mm\/#primaryimage\",\"inLanguage\":\"tr\",\"url\":\"https:\/\/bakirci.com\/ekipman\/wp-content\/uploads\/2021\/06\/Cisor-50.55A-1.jpg\",\"contentUrl\":\"https:\/\/bakirci.com\/ekipman\/wp-content\/uploads\/2021\/06\/Cisor-50.55A-1.jpg\",\"width\":1600,\"height\":1600,\"caption\":\"Aks \\u00d6l\\u00e7\\u00fcm Makas Lifti - Cisor 60.55A\"},{\"@type\":\"WebPage\",\"@id\":\"https:\/\/bakirci.com\/ekipman\/servis-ekipmanlari\/mekanik\/lastik-servis-ekipmanlari\/aks-olcum-liftleri\/aks-olcum-liftleri-ve-aks-krikolaributler-born-in-italyaks-olcum-makas-lifti-cisor-60-55akaldirma-kapasitesi-6000-kgplatform-boyu-5500-mm\/#webpage\",\"url\":\"https:\/\/bakirci.com\/ekipman\/servis-ekipmanlari\/mekanik\/lastik-servis-ekipmanlari\/aks-olcum-liftleri\/aks-olcum-liftleri-ve-aks-krikolaributler-born-in-italyaks-olcum-makas-lifti-cisor-60-55akaldirma-kapasitesi-6000-kgplatform-boyu-5500-mm\/\",\"name\":\"BUTLER - Aks \\u00d6l\\u00e7\\u00fcm Lifti - Makas Lift - Cisor 60.55A\",\"isPartOf\":{\"@id\":\"https:\/\/bakirci.com\/ekipman\/#website\"},\"primaryImageOfPage\":{\"@id\":\"https:\/\/bakirci.com\/ekipman\/servis-ekipmanlari\/mekanik\/lastik-servis-ekipmanlari\/aks-olcum-liftleri\/aks-olcum-liftleri-ve-aks-krikolaributler-born-in-italyaks-olcum-makas-lifti-cisor-60-55akaldirma-kapasitesi-6000-kgplatform-boyu-5500-mm\/#primaryimage\"},\"datePublished\":\"2021-06-01T09:05:18+00:00\",\"dateModified\":\"2022-03-31T11:26:52+00:00\",\"description\":\"BUTLER - Aks \\u00d6l\\u00e7\\u00fcm Lifti - Makas Lift - Cisor 60.55A - Lastik Servis Ekipman\\u0131 - Platform y\\u00fcksekli\\u011fi 270 mm - Kald\\u0131rma y\\u00fcksekli\\u011fi 1850 mm\",\"breadcrumb\":{\"@id\":\"https:\/\/bakirci.com\/ekipman\/servis-ekipmanlari\/mekanik\/lastik-servis-ekipmanlari\/aks-olcum-liftleri\/aks-olcum-liftleri-ve-aks-krikolaributler-born-in-italyaks-olcum-makas-lifti-cisor-60-55akaldirma-kapasitesi-6000-kgplatform-boyu-5500-mm\/#breadcrumb\"},\"inLanguage\":\"tr\",\"potentialAction\":[{\"@type\":\"ReadAction\",\"target\":[\"https:\/\/bakirci.com\/ekipman\/servis-ekipmanlari\/mekanik\/lastik-servis-ekipmanlari\/aks-olcum-liftleri\/aks-olcum-liftleri-ve-aks-krikolaributler-born-in-italyaks-olcum-makas-lifti-cisor-60-55akaldirma-kapasitesi-6000-kgplatform-boyu-5500-mm\/\"]}]},{\"@type\":\"BreadcrumbList\",\"@id\":\"https:\/\/bakirci.com\/ekipman\/servis-ekipmanlari\/mekanik\/lastik-servis-ekipmanlari\/aks-olcum-liftleri\/aks-olcum-liftleri-ve-aks-krikolaributler-born-in-italyaks-olcum-makas-lifti-cisor-60-55akaldirma-kapasitesi-6000-kgplatform-boyu-5500-mm\/#breadcrumb\",\"itemListElement\":[{\"@type\":\"ListItem\",\"position\":1,\"name\":\"Ekipman\",\"item\":\"https:\/\/bakirci.com\/ekipman\/\"},{\"@type\":\"ListItem\",\"position\":2,\"name\":\"Otomotiv Tesisleri \\u0130\\u00e7in Servis Ekipmanlar\\u0131\",\"item\":\"https:\/\/bakirci.com\/ekipman\/\"},{\"@type\":\"ListItem\",\"position\":3,\"name\":\"Aks \\u00d6l\\u00e7\\u00fcm Makas LiftiBUTLER (Born in ITALY)Cisor 60N.55IAKald\\u0131rma kapasitesi 6000 kg,platform boyu 5500 mm\"}]}]}<\/script>\n<!-- \/ Yoast SEO plugin. -->","yoast_head_json":{"title":"BUTLER - Aks \u00d6l\u00e7\u00fcm Lifti - Makas Lift - Cisor 60.55A","description":"BUTLER - Aks \u00d6l\u00e7\u00fcm Lifti - Makas Lift - Cisor 60.55A - Lastik Servis Ekipman\u0131 - Platform y\u00fcksekli\u011fi 270 mm - Kald\u0131rma y\u00fcksekli\u011fi 1850 mm","robots":{"index":"index","follow":"follow","max-snippet":"max-snippet:-1","max-image-preview":"max-image-preview:large","max-video-preview":"max-video-preview:-1"},"canonical":"https:\/\/bakirci.com\/ekipman\/servis-ekipmanlari\/mekanik\/lastik-servis-ekipmanlari\/aks-olcum-liftleri\/aks-olcum-liftleri-ve-aks-krikolaributler-born-in-italyaks-olcum-makas-lifti-cisor-60-55akaldirma-kapasitesi-6000-kgplatform-boyu-5500-mm\/","og_locale":"tr_TR","og_type":"article","og_title":"BUTLER - Aks \u00d6l\u00e7\u00fcm Lifti - Makas Lift - Cisor 60.55A","og_description":"BUTLER - Aks \u00d6l\u00e7\u00fcm Lifti - Makas Lift - Cisor 60.55A - Lastik Servis Ekipman\u0131 - Platform y\u00fcksekli\u011fi 270 mm - Kald\u0131rma y\u00fcksekli\u011fi 1850 mm","og_url":"https:\/\/bakirci.com\/ekipman\/servis-ekipmanlari\/mekanik\/lastik-servis-ekipmanlari\/aks-olcum-liftleri\/aks-olcum-liftleri-ve-aks-krikolaributler-born-in-italyaks-olcum-makas-lifti-cisor-60-55akaldirma-kapasitesi-6000-kgplatform-boyu-5500-mm\/","og_site_name":"Bak\u0131rc\u0131 Garagineering","article_publisher":"https:\/\/www.facebook.com\/bakirci.garagineering","article_modified_time":"2022-03-31T11:26:52+00:00","og_image":[{"width":1600,"height":1600,"url":"https:\/\/bakirci.com\/ekipman\/wp-content\/uploads\/2021\/06\/Cisor-50.55A-1.jpg","path":"\/home\/bakirciwebsitesi\/public_html\/ekipman\/wp-content\/uploads\/2021\/06\/Cisor-50.55A-1.jpg","size":"full","id":5286,"alt":"Aks \u00d6l\u00e7\u00fcm Makas Lifti - Cisor 60.55A","pixels":2560000,"type":"image\/jpeg"}],"twitter_card":"summary_large_image","twitter_misc":{"Tahmini okuma s\u00fcresi":"1 dakika"},"schema":{"@context":"https:\/\/schema.org","@graph":[{"@type":"Organization","@id":"https:\/\/bakirci.com\/ekipman\/#organization","name":"Bak\u0131rc\u0131 garagineering","url":"https:\/\/bakirci.com\/ekipman\/","sameAs":["https:\/\/www.facebook.com\/bakirci.garagineering","https:\/\/www.instagram.com\/bakirci.garagineering\/","https:\/\/www.linkedin.com\/company\/bakirci-garagineering\/","https:\/\/www.youtube.com\/channel\/UCiVG6s_jALJ6Zk8085XiOQg"],"logo":{"@type":"ImageObject","@id":"https:\/\/bakirci.com\/ekipman\/#logo","inLanguage":"tr","url":"https:\/\/bakirci.com\/ekipman\/wp-content\/uploads\/2021\/09\/Bakirci-logo-lacivert.png","contentUrl":"https:\/\/bakirci.com\/ekipman\/wp-content\/uploads\/2021\/09\/Bakirci-logo-lacivert.png","width":501,"height":501,"caption":"Bak\u0131rc\u0131 garagineering"},"image":{"@id":"https:\/\/bakirci.com\/ekipman\/#logo"}},{"@type":"WebSite","@id":"https:\/\/bakirci.com\/ekipman\/#website","url":"https:\/\/bakirci.com\/ekipman\/","name":"Bak\u0131rc\u0131 Garagineering","description":"Otomotiv sekt\u00f6r\u00fcne \u00f6zel, \u201c\u00dcretici Standard\u0131nda\u201d \u00e7\u00f6z\u00fcmler\u2026","publisher":{"@id":"https:\/\/bakirci.com\/ekipman\/#organization"},"potentialAction":[{"@type":"SearchAction","target":{"@type":"EntryPoint","urlTemplate":"https:\/\/bakirci.com\/ekipman\/?s={search_term_string}"},"query-input":"required name=search_term_string"}],"inLanguage":"tr"},{"@type":"ImageObject","@id":"https:\/\/bakirci.com\/ekipman\/servis-ekipmanlari\/mekanik\/lastik-servis-ekipmanlari\/aks-olcum-liftleri\/aks-olcum-liftleri-ve-aks-krikolaributler-born-in-italyaks-olcum-makas-lifti-cisor-60-55akaldirma-kapasitesi-6000-kgplatform-boyu-5500-mm\/#primaryimage","inLanguage":"tr","url":"https:\/\/bakirci.com\/ekipman\/wp-content\/uploads\/2021\/06\/Cisor-50.55A-1.jpg","contentUrl":"https:\/\/bakirci.com\/ekipman\/wp-content\/uploads\/2021\/06\/Cisor-50.55A-1.jpg","width":1600,"height":1600,"caption":"Aks \u00d6l\u00e7\u00fcm Makas Lifti - Cisor 60.55A"},{"@type":"WebPage","@id":"https:\/\/bakirci.com\/ekipman\/servis-ekipmanlari\/mekanik\/lastik-servis-ekipmanlari\/aks-olcum-liftleri\/aks-olcum-liftleri-ve-aks-krikolaributler-born-in-italyaks-olcum-makas-lifti-cisor-60-55akaldirma-kapasitesi-6000-kgplatform-boyu-5500-mm\/#webpage","url":"https:\/\/bakirci.com\/ekipman\/servis-ekipmanlari\/mekanik\/lastik-servis-ekipmanlari\/aks-olcum-liftleri\/aks-olcum-liftleri-ve-aks-krikolaributler-born-in-italyaks-olcum-makas-lifti-cisor-60-55akaldirma-kapasitesi-6000-kgplatform-boyu-5500-mm\/","name":"BUTLER - Aks \u00d6l\u00e7\u00fcm Lifti - Makas Lift - Cisor 60.55A","isPartOf":{"@id":"https:\/\/bakirci.com\/ekipman\/#website"},"primaryImageOfPage":{"@id":"https:\/\/bakirci.com\/ekipman\/servis-ekipmanlari\/mekanik\/lastik-servis-ekipmanlari\/aks-olcum-liftleri\/aks-olcum-liftleri-ve-aks-krikolaributler-born-in-italyaks-olcum-makas-lifti-cisor-60-55akaldirma-kapasitesi-6000-kgplatform-boyu-5500-mm\/#primaryimage"},"datePublished":"2021-06-01T09:05:18+00:00","dateModified":"2022-03-31T11:26:52+00:00","description":"BUTLER - Aks \u00d6l\u00e7\u00fcm Lifti - Makas Lift - Cisor 60.55A - Lastik Servis Ekipman\u0131 - Platform y\u00fcksekli\u011fi 270 mm - Kald\u0131rma y\u00fcksekli\u011fi 1850 mm","breadcrumb":{"@id":"https:\/\/bakirci.com\/ekipman\/servis-ekipmanlari\/mekanik\/lastik-servis-ekipmanlari\/aks-olcum-liftleri\/aks-olcum-liftleri-ve-aks-krikolaributler-born-in-italyaks-olcum-makas-lifti-cisor-60-55akaldirma-kapasitesi-6000-kgplatform-boyu-5500-mm\/#breadcrumb"},"inLanguage":"tr","potentialAction":[{"@type":"ReadAction","target":["https:\/\/bakirci.com\/ekipman\/servis-ekipmanlari\/mekanik\/lastik-servis-ekipmanlari\/aks-olcum-liftleri\/aks-olcum-liftleri-ve-aks-krikolaributler-born-in-italyaks-olcum-makas-lifti-cisor-60-55akaldirma-kapasitesi-6000-kgplatform-boyu-5500-mm\/"]}]},{"@type":"BreadcrumbList","@id":"https:\/\/bakirci.com\/ekipman\/servis-ekipmanlari\/mekanik\/lastik-servis-ekipmanlari\/aks-olcum-liftleri\/aks-olcum-liftleri-ve-aks-krikolaributler-born-in-italyaks-olcum-makas-lifti-cisor-60-55akaldirma-kapasitesi-6000-kgplatform-boyu-5500-mm\/#breadcrumb","itemListElement":[{"@type":"ListItem","position":1,"name":"Ekipman","item":"https:\/\/bakirci.com\/ekipman\/"},{"@type":"ListItem","position":2,"name":"Otomotiv Tesisleri \u0130\u00e7in Servis Ekipmanlar\u0131","item":"https:\/\/bakirci.com\/ekipman\/"},{"@type":"ListItem","position":3,"name":"Aks \u00d6l\u00e7\u00fcm Makas LiftiBUTLER (Born in ITALY)Cisor 60N.55IAKald\u0131rma kapasitesi 6000 kg,platform boyu 5500 mm"}]}]}},"_links":{"self":[{"href":"https:\/\/bakirci.com\/ekipman\/wp-json\/wp\/v2\/product\/4006","targetHints":{"allow":["GET"]}}],"collection":[{"href":"https:\/\/bakirci.com\/ekipman\/wp-json\/wp\/v2\/product"}],"about":[{"href":"https:\/\/bakirci.com\/ekipman\/wp-json\/wp\/v2\/types\/product"}],"replies":[{"embeddable":true,"href":"https:\/\/bakirci.com\/ekipman\/wp-json\/wp\/v2\/comments?post=4006"}],"wp:featuredmedia":[{"embeddable":true,"href":"https:\/\/bakirci.com\/ekipman\/wp-json\/wp\/v2\/media\/5286"}],"wp:attachment":[{"href":"https:\/\/bakirci.com\/ekipman\/wp-json\/wp\/v2\/media?parent=4006"}],"wp:term":[{"taxonomy":"product_cat","embeddable":true,"href":"https:\/\/bakirci.com\/ekipman\/wp-json\/wp\/v2\/product_cat?post=4006"},{"taxonomy":"product_tag","embeddable":true,"href":"https:\/\/bakirci.com\/ekipman\/wp-json\/wp\/v2\/product_tag?post=4006"}],"curies":[{"name":"wp","href":"https:\/\/api.w.org\/{rel}","templated":true}]}}