{"id":3998,"date":"2021-06-01T09:12:50","date_gmt":"2021-06-01T09:12:50","guid":{"rendered":"https:\/\/j6l.65c.myftpupload.com\/?post_type=product&#038;p=3998"},"modified":"2021-09-04T06:10:34","modified_gmt":"2021-09-04T06:10:34","slug":"aks-olcum-liftleri-ve-aks-krikolarirotary-born-in-usaaks-olcum-dort-sutunlu-hidrolik-lift-sm65-55-akkaldirma-kapasitesi-6500-kg-platform-boyu-5500-mm","status":"publish","type":"product","link":"https:\/\/bakirci.com\/ekipman\/servis-ekipmanlari\/mekanik\/lastik-servis-ekipmanlari\/aks-olcum-liftleri\/aks-olcum-liftleri-ve-aks-krikolarirotary-born-in-usaaks-olcum-dort-sutunlu-hidrolik-lift-sm65-55-akkaldirma-kapasitesi-6500-kg-platform-boyu-5500-mm\/","title":{"rendered":"<p class=\"ustmetin\">Aks \u00d6l\u00e7\u00fcm D\u00f6rt S\u00fctunlu Hidrolik Lift<\/p><p class=\"ortametin\">ROTARY <span class=\"ortametin2\">(Born in USA)<\/span><\/p><p class=\"altmetin\">SM65-55-AK<br>Kald\u0131rma kapasitesi 6500 kg,<br>platform boyu 5500 mm<\/p>"},"content":{"rendered":"<p><strong>ROTARY &#8211; Hidrolik Lift<\/strong><\/p>\n<ul>\n<li>Aks \u00d6l\u00e7\u00fcm D\u00f6rt S\u00fctunlu Hidrolik Lift &#8211; SM65-55-AK<\/li>\n<li>Y\u00fcksek netlikte \u00e7al\u0131\u015fan hidrolik sistem<\/li>\n<li>Pn\u00f6matik kilit sistemi<\/li>\n<li>Aks \u00f6l\u00e7\u00fcm kiti ve rampa uzatmas\u0131<\/li>\n<li>4 adet arka kay\u0131c\u0131 plaka<\/li>\n<li>Platform \u00fczeri montaj plakalar\u0131<\/li>\n<li>Kald\u0131rma kapasitesi 6500 kg<\/li>\n<li>Platform boyu 5500 mm<\/li>\n<li>Platform geni\u015fli\u011fi 650 mm<\/li>\n<li>Maksimum kald\u0131rma y\u00fcksekli\u011fi 1990 mm<\/li>\n<\/ul>\n","protected":false},"excerpt":{"rendered":"<ul>\n<li>Aks \u00d6l\u00e7\u00fcm D\u00f6rt S\u00fctunlu Hidrolik Lift &#8211; SM65-55-AK<\/li>\n<li>Y\u00fcksek netlikte \u00e7al\u0131\u015fan hidrolik sistem<\/li>\n<li>Pn\u00f6matik kilit sistemi<\/li>\n<li>Aks \u00f6l\u00e7\u00fcm kiti ve rampa uzatmas\u0131<\/li>\n<li>4 adet arka kay\u0131c\u0131 plaka<\/li>\n<li>Platform \u00fczeri montaj plakalar\u0131<\/li>\n<li>Kald\u0131rma kapasitesi 6500 kg<\/li>\n<li>Platform boyu 5500 mm<\/li>\n<li>Platform geni\u015fli\u011fi 650 mm<\/li>\n<li>Maksimum kald\u0131rma y\u00fcksekli\u011fi 1990 mm<\/li>\n<\/ul>\n","protected":false},"featured_media":4243,"comment_status":"closed","ping_status":"closed","template":"","meta":[],"product_cat":[152,154],"product_tag":[450,451,456,461,457,453,462,460,459,448,463,452,455,464,449,454,458,447,45],"class_list":["post-3998","product","type-product","status-publish","has-post-thumbnail","hentry","pwb-brand-rotary","product_cat-lastik-servis-ekipmanlari","product_cat-aks-olcum-liftleri","product_tag-aks-lifti","product_tag-aks-olcum-lifti","product_tag-ara-kriko","product_tag-kanal-ara-krikosu","product_tag-kanal-krikosu","product_tag-kanal-lifti","product_tag-lift-ara-krikosu","product_tag-lift-krikosu","product_tag-on-duzen-krikosu","product_tag-on-duzen-lifti","product_tag-platform-ara-krikosu","product_tag-platform-lift","product_tag-rod-lifti","product_tag-rot-ara-krikosu","product_tag-rot-ayar-lifti","product_tag-rot-kanal-lifti","product_tag-rot-krikosu","product_tag-rot-lifti","product_tag-rotary"],"brands":[{"id":366,"name":"ROTARY","slug":"rotary"}],"yoast_head":"<!-- This site is optimized with the Yoast SEO plugin v17.1 - https:\/\/yoast.com\/wordpress\/plugins\/seo\/ -->\n<title>ROTARY - Hidrolik Lift - Aks \u00d6l\u00e7\u00fcm - D\u00f6rt S\u00fctunlu - SM65-55-AK<\/title>\n<meta name=\"description\" content=\"ROTARY - Hidrolik Lift - Aks \u00d6l\u00e7\u00fcm - D\u00f6rt S\u00fctunlu - SM65-55-AK - Kald\u0131rma kapasitesi 6500 kg - Platform boy 5500 mm - Platform geni\u015flik 650 mm\" \/>\n<meta name=\"robots\" content=\"index, follow, max-snippet:-1, max-image-preview:large, max-video-preview:-1\" \/>\n<link rel=\"canonical\" href=\"https:\/\/bakirci.com\/ekipman\/servis-ekipmanlari\/mekanik\/lastik-servis-ekipmanlari\/aks-olcum-liftleri\/aks-olcum-liftleri-ve-aks-krikolarirotary-born-in-usaaks-olcum-dort-sutunlu-hidrolik-lift-sm65-55-akkaldirma-kapasitesi-6500-kg-platform-boyu-5500-mm\/\" \/>\n<meta property=\"og:locale\" content=\"tr_TR\" \/>\n<meta property=\"og:type\" content=\"article\" \/>\n<meta property=\"og:title\" content=\"ROTARY - Hidrolik Lift - Aks \u00d6l\u00e7\u00fcm - D\u00f6rt S\u00fctunlu - SM65-55-AK\" \/>\n<meta property=\"og:description\" content=\"ROTARY - Hidrolik Lift - Aks \u00d6l\u00e7\u00fcm - D\u00f6rt S\u00fctunlu - SM65-55-AK - Kald\u0131rma kapasitesi 6500 kg - Platform boy 5500 mm - Platform geni\u015flik 650 mm\" \/>\n<meta property=\"og:url\" content=\"https:\/\/bakirci.com\/ekipman\/servis-ekipmanlari\/mekanik\/lastik-servis-ekipmanlari\/aks-olcum-liftleri\/aks-olcum-liftleri-ve-aks-krikolarirotary-born-in-usaaks-olcum-dort-sutunlu-hidrolik-lift-sm65-55-akkaldirma-kapasitesi-6500-kg-platform-boyu-5500-mm\/\" \/>\n<meta property=\"og:site_name\" content=\"Bak\u0131rc\u0131 Garagineering\" \/>\n<meta property=\"article:publisher\" content=\"https:\/\/www.facebook.com\/bakirci.garagineering\" \/>\n<meta property=\"article:modified_time\" content=\"2021-09-04T06:10:34+00:00\" \/>\n<meta property=\"og:image\" content=\"https:\/\/bakirci.com\/ekipman\/wp-content\/uploads\/2021\/06\/SM65-55-AK.png\" \/>\n\t<meta property=\"og:image:width\" content=\"1485\" \/>\n\t<meta property=\"og:image:height\" content=\"1485\" \/>\n<meta name=\"twitter:card\" content=\"summary_large_image\" \/>\n<meta name=\"twitter:label1\" content=\"Tahmini okuma s\u00fcresi\" \/>\n\t<meta name=\"twitter:data1\" content=\"1 dakika\" \/>\n<script type=\"application\/ld+json\" class=\"yoast-schema-graph\">{\"@context\":\"https:\/\/schema.org\",\"@graph\":[{\"@type\":\"Organization\",\"@id\":\"https:\/\/bakirci.com\/ekipman\/#organization\",\"name\":\"Bak\\u0131rc\\u0131 garagineering\",\"url\":\"https:\/\/bakirci.com\/ekipman\/\",\"sameAs\":[\"https:\/\/www.facebook.com\/bakirci.garagineering\",\"https:\/\/www.instagram.com\/bakirci.garagineering\/\",\"https:\/\/www.linkedin.com\/company\/bakirci-garagineering\/\",\"https:\/\/www.youtube.com\/channel\/UCiVG6s_jALJ6Zk8085XiOQg\"],\"logo\":{\"@type\":\"ImageObject\",\"@id\":\"https:\/\/bakirci.com\/ekipman\/#logo\",\"inLanguage\":\"tr\",\"url\":\"https:\/\/bakirci.com\/ekipman\/wp-content\/uploads\/2021\/09\/Bakirci-logo-lacivert.png\",\"contentUrl\":\"https:\/\/bakirci.com\/ekipman\/wp-content\/uploads\/2021\/09\/Bakirci-logo-lacivert.png\",\"width\":501,\"height\":501,\"caption\":\"Bak\\u0131rc\\u0131 garagineering\"},\"image\":{\"@id\":\"https:\/\/bakirci.com\/ekipman\/#logo\"}},{\"@type\":\"WebSite\",\"@id\":\"https:\/\/bakirci.com\/ekipman\/#website\",\"url\":\"https:\/\/bakirci.com\/ekipman\/\",\"name\":\"Bak\\u0131rc\\u0131 Garagineering\",\"description\":\"Otomotiv sekt\\u00f6r\\u00fcne \\u00f6zel, \\u201c\\u00dcretici Standard\\u0131nda\\u201d \\u00e7\\u00f6z\\u00fcmler\\u2026\",\"publisher\":{\"@id\":\"https:\/\/bakirci.com\/ekipman\/#organization\"},\"potentialAction\":[{\"@type\":\"SearchAction\",\"target\":{\"@type\":\"EntryPoint\",\"urlTemplate\":\"https:\/\/bakirci.com\/ekipman\/?s={search_term_string}\"},\"query-input\":\"required name=search_term_string\"}],\"inLanguage\":\"tr\"},{\"@type\":\"ImageObject\",\"@id\":\"https:\/\/bakirci.com\/ekipman\/servis-ekipmanlari\/mekanik\/lastik-servis-ekipmanlari\/aks-olcum-liftleri\/aks-olcum-liftleri-ve-aks-krikolarirotary-born-in-usaaks-olcum-dort-sutunlu-hidrolik-lift-sm65-55-akkaldirma-kapasitesi-6500-kg-platform-boyu-5500-mm\/#primaryimage\",\"inLanguage\":\"tr\",\"url\":\"https:\/\/bakirci.com\/ekipman\/wp-content\/uploads\/2021\/06\/SM65-55-AK.png\",\"contentUrl\":\"https:\/\/bakirci.com\/ekipman\/wp-content\/uploads\/2021\/06\/SM65-55-AK.png\",\"width\":1485,\"height\":1485,\"caption\":\"Aks \\u00d6l\\u00e7\\u00fcm D\\u00f6rt S\\u00fctunlu Hidrolik Lift - SM65-55-AK\"},{\"@type\":\"WebPage\",\"@id\":\"https:\/\/bakirci.com\/ekipman\/servis-ekipmanlari\/mekanik\/lastik-servis-ekipmanlari\/aks-olcum-liftleri\/aks-olcum-liftleri-ve-aks-krikolarirotary-born-in-usaaks-olcum-dort-sutunlu-hidrolik-lift-sm65-55-akkaldirma-kapasitesi-6500-kg-platform-boyu-5500-mm\/#webpage\",\"url\":\"https:\/\/bakirci.com\/ekipman\/servis-ekipmanlari\/mekanik\/lastik-servis-ekipmanlari\/aks-olcum-liftleri\/aks-olcum-liftleri-ve-aks-krikolarirotary-born-in-usaaks-olcum-dort-sutunlu-hidrolik-lift-sm65-55-akkaldirma-kapasitesi-6500-kg-platform-boyu-5500-mm\/\",\"name\":\"ROTARY - Hidrolik Lift - Aks \\u00d6l\\u00e7\\u00fcm - D\\u00f6rt S\\u00fctunlu - SM65-55-AK\",\"isPartOf\":{\"@id\":\"https:\/\/bakirci.com\/ekipman\/#website\"},\"primaryImageOfPage\":{\"@id\":\"https:\/\/bakirci.com\/ekipman\/servis-ekipmanlari\/mekanik\/lastik-servis-ekipmanlari\/aks-olcum-liftleri\/aks-olcum-liftleri-ve-aks-krikolarirotary-born-in-usaaks-olcum-dort-sutunlu-hidrolik-lift-sm65-55-akkaldirma-kapasitesi-6500-kg-platform-boyu-5500-mm\/#primaryimage\"},\"datePublished\":\"2021-06-01T09:12:50+00:00\",\"dateModified\":\"2021-09-04T06:10:34+00:00\",\"description\":\"ROTARY - Hidrolik Lift - Aks \\u00d6l\\u00e7\\u00fcm - D\\u00f6rt S\\u00fctunlu - SM65-55-AK - Kald\\u0131rma kapasitesi 6500 kg - Platform boy 5500 mm - Platform geni\\u015flik 650 mm\",\"breadcrumb\":{\"@id\":\"https:\/\/bakirci.com\/ekipman\/servis-ekipmanlari\/mekanik\/lastik-servis-ekipmanlari\/aks-olcum-liftleri\/aks-olcum-liftleri-ve-aks-krikolarirotary-born-in-usaaks-olcum-dort-sutunlu-hidrolik-lift-sm65-55-akkaldirma-kapasitesi-6500-kg-platform-boyu-5500-mm\/#breadcrumb\"},\"inLanguage\":\"tr\",\"potentialAction\":[{\"@type\":\"ReadAction\",\"target\":[\"https:\/\/bakirci.com\/ekipman\/servis-ekipmanlari\/mekanik\/lastik-servis-ekipmanlari\/aks-olcum-liftleri\/aks-olcum-liftleri-ve-aks-krikolarirotary-born-in-usaaks-olcum-dort-sutunlu-hidrolik-lift-sm65-55-akkaldirma-kapasitesi-6500-kg-platform-boyu-5500-mm\/\"]}]},{\"@type\":\"BreadcrumbList\",\"@id\":\"https:\/\/bakirci.com\/ekipman\/servis-ekipmanlari\/mekanik\/lastik-servis-ekipmanlari\/aks-olcum-liftleri\/aks-olcum-liftleri-ve-aks-krikolarirotary-born-in-usaaks-olcum-dort-sutunlu-hidrolik-lift-sm65-55-akkaldirma-kapasitesi-6500-kg-platform-boyu-5500-mm\/#breadcrumb\",\"itemListElement\":[{\"@type\":\"ListItem\",\"position\":1,\"name\":\"Ekipman\",\"item\":\"https:\/\/bakirci.com\/ekipman\/\"},{\"@type\":\"ListItem\",\"position\":2,\"name\":\"Otomotiv Tesisleri \\u0130\\u00e7in Servis Ekipmanlar\\u0131\",\"item\":\"https:\/\/bakirci.com\/ekipman\/\"},{\"@type\":\"ListItem\",\"position\":3,\"name\":\"Aks \\u00d6l\\u00e7\\u00fcm D\\u00f6rt S\\u00fctunlu Hidrolik LiftROTARY (Born in USA)SM65-55-AKKald\\u0131rma kapasitesi 6500 kg,platform boyu 5500 mm\"}]}]}<\/script>\n<!-- \/ Yoast SEO plugin. -->","yoast_head_json":{"title":"ROTARY - Hidrolik Lift - Aks \u00d6l\u00e7\u00fcm - D\u00f6rt S\u00fctunlu - SM65-55-AK","description":"ROTARY - Hidrolik Lift - Aks \u00d6l\u00e7\u00fcm - D\u00f6rt S\u00fctunlu - SM65-55-AK - Kald\u0131rma kapasitesi 6500 kg - Platform boy 5500 mm - Platform geni\u015flik 650 mm","robots":{"index":"index","follow":"follow","max-snippet":"max-snippet:-1","max-image-preview":"max-image-preview:large","max-video-preview":"max-video-preview:-1"},"canonical":"https:\/\/bakirci.com\/ekipman\/servis-ekipmanlari\/mekanik\/lastik-servis-ekipmanlari\/aks-olcum-liftleri\/aks-olcum-liftleri-ve-aks-krikolarirotary-born-in-usaaks-olcum-dort-sutunlu-hidrolik-lift-sm65-55-akkaldirma-kapasitesi-6500-kg-platform-boyu-5500-mm\/","og_locale":"tr_TR","og_type":"article","og_title":"ROTARY - Hidrolik Lift - Aks \u00d6l\u00e7\u00fcm - D\u00f6rt S\u00fctunlu - SM65-55-AK","og_description":"ROTARY - Hidrolik Lift - Aks \u00d6l\u00e7\u00fcm - D\u00f6rt S\u00fctunlu - SM65-55-AK - Kald\u0131rma kapasitesi 6500 kg - Platform boy 5500 mm - Platform geni\u015flik 650 mm","og_url":"https:\/\/bakirci.com\/ekipman\/servis-ekipmanlari\/mekanik\/lastik-servis-ekipmanlari\/aks-olcum-liftleri\/aks-olcum-liftleri-ve-aks-krikolarirotary-born-in-usaaks-olcum-dort-sutunlu-hidrolik-lift-sm65-55-akkaldirma-kapasitesi-6500-kg-platform-boyu-5500-mm\/","og_site_name":"Bak\u0131rc\u0131 Garagineering","article_publisher":"https:\/\/www.facebook.com\/bakirci.garagineering","article_modified_time":"2021-09-04T06:10:34+00:00","og_image":[{"width":1485,"height":1485,"url":"https:\/\/bakirci.com\/ekipman\/wp-content\/uploads\/2021\/06\/SM65-55-AK.png","path":"\/home\/bakirciwebsitesi\/public_html\/ekipman\/wp-content\/uploads\/2021\/06\/SM65-55-AK.png","size":"full","id":4243,"alt":"Aks \u00d6l\u00e7\u00fcm D\u00f6rt S\u00fctunlu Hidrolik Lift - SM65-55-AK","pixels":2205225,"type":"image\/png"}],"twitter_card":"summary_large_image","twitter_misc":{"Tahmini okuma s\u00fcresi":"1 dakika"},"schema":{"@context":"https:\/\/schema.org","@graph":[{"@type":"Organization","@id":"https:\/\/bakirci.com\/ekipman\/#organization","name":"Bak\u0131rc\u0131 garagineering","url":"https:\/\/bakirci.com\/ekipman\/","sameAs":["https:\/\/www.facebook.com\/bakirci.garagineering","https:\/\/www.instagram.com\/bakirci.garagineering\/","https:\/\/www.linkedin.com\/company\/bakirci-garagineering\/","https:\/\/www.youtube.com\/channel\/UCiVG6s_jALJ6Zk8085XiOQg"],"logo":{"@type":"ImageObject","@id":"https:\/\/bakirci.com\/ekipman\/#logo","inLanguage":"tr","url":"https:\/\/bakirci.com\/ekipman\/wp-content\/uploads\/2021\/09\/Bakirci-logo-lacivert.png","contentUrl":"https:\/\/bakirci.com\/ekipman\/wp-content\/uploads\/2021\/09\/Bakirci-logo-lacivert.png","width":501,"height":501,"caption":"Bak\u0131rc\u0131 garagineering"},"image":{"@id":"https:\/\/bakirci.com\/ekipman\/#logo"}},{"@type":"WebSite","@id":"https:\/\/bakirci.com\/ekipman\/#website","url":"https:\/\/bakirci.com\/ekipman\/","name":"Bak\u0131rc\u0131 Garagineering","description":"Otomotiv sekt\u00f6r\u00fcne \u00f6zel, \u201c\u00dcretici Standard\u0131nda\u201d \u00e7\u00f6z\u00fcmler\u2026","publisher":{"@id":"https:\/\/bakirci.com\/ekipman\/#organization"},"potentialAction":[{"@type":"SearchAction","target":{"@type":"EntryPoint","urlTemplate":"https:\/\/bakirci.com\/ekipman\/?s={search_term_string}"},"query-input":"required name=search_term_string"}],"inLanguage":"tr"},{"@type":"ImageObject","@id":"https:\/\/bakirci.com\/ekipman\/servis-ekipmanlari\/mekanik\/lastik-servis-ekipmanlari\/aks-olcum-liftleri\/aks-olcum-liftleri-ve-aks-krikolarirotary-born-in-usaaks-olcum-dort-sutunlu-hidrolik-lift-sm65-55-akkaldirma-kapasitesi-6500-kg-platform-boyu-5500-mm\/#primaryimage","inLanguage":"tr","url":"https:\/\/bakirci.com\/ekipman\/wp-content\/uploads\/2021\/06\/SM65-55-AK.png","contentUrl":"https:\/\/bakirci.com\/ekipman\/wp-content\/uploads\/2021\/06\/SM65-55-AK.png","width":1485,"height":1485,"caption":"Aks \u00d6l\u00e7\u00fcm D\u00f6rt S\u00fctunlu Hidrolik Lift - SM65-55-AK"},{"@type":"WebPage","@id":"https:\/\/bakirci.com\/ekipman\/servis-ekipmanlari\/mekanik\/lastik-servis-ekipmanlari\/aks-olcum-liftleri\/aks-olcum-liftleri-ve-aks-krikolarirotary-born-in-usaaks-olcum-dort-sutunlu-hidrolik-lift-sm65-55-akkaldirma-kapasitesi-6500-kg-platform-boyu-5500-mm\/#webpage","url":"https:\/\/bakirci.com\/ekipman\/servis-ekipmanlari\/mekanik\/lastik-servis-ekipmanlari\/aks-olcum-liftleri\/aks-olcum-liftleri-ve-aks-krikolarirotary-born-in-usaaks-olcum-dort-sutunlu-hidrolik-lift-sm65-55-akkaldirma-kapasitesi-6500-kg-platform-boyu-5500-mm\/","name":"ROTARY - Hidrolik Lift - Aks \u00d6l\u00e7\u00fcm - D\u00f6rt S\u00fctunlu - SM65-55-AK","isPartOf":{"@id":"https:\/\/bakirci.com\/ekipman\/#website"},"primaryImageOfPage":{"@id":"https:\/\/bakirci.com\/ekipman\/servis-ekipmanlari\/mekanik\/lastik-servis-ekipmanlari\/aks-olcum-liftleri\/aks-olcum-liftleri-ve-aks-krikolarirotary-born-in-usaaks-olcum-dort-sutunlu-hidrolik-lift-sm65-55-akkaldirma-kapasitesi-6500-kg-platform-boyu-5500-mm\/#primaryimage"},"datePublished":"2021-06-01T09:12:50+00:00","dateModified":"2021-09-04T06:10:34+00:00","description":"ROTARY - Hidrolik Lift - Aks \u00d6l\u00e7\u00fcm - D\u00f6rt S\u00fctunlu - SM65-55-AK - Kald\u0131rma kapasitesi 6500 kg - Platform boy 5500 mm - Platform geni\u015flik 650 mm","breadcrumb":{"@id":"https:\/\/bakirci.com\/ekipman\/servis-ekipmanlari\/mekanik\/lastik-servis-ekipmanlari\/aks-olcum-liftleri\/aks-olcum-liftleri-ve-aks-krikolarirotary-born-in-usaaks-olcum-dort-sutunlu-hidrolik-lift-sm65-55-akkaldirma-kapasitesi-6500-kg-platform-boyu-5500-mm\/#breadcrumb"},"inLanguage":"tr","potentialAction":[{"@type":"ReadAction","target":["https:\/\/bakirci.com\/ekipman\/servis-ekipmanlari\/mekanik\/lastik-servis-ekipmanlari\/aks-olcum-liftleri\/aks-olcum-liftleri-ve-aks-krikolarirotary-born-in-usaaks-olcum-dort-sutunlu-hidrolik-lift-sm65-55-akkaldirma-kapasitesi-6500-kg-platform-boyu-5500-mm\/"]}]},{"@type":"BreadcrumbList","@id":"https:\/\/bakirci.com\/ekipman\/servis-ekipmanlari\/mekanik\/lastik-servis-ekipmanlari\/aks-olcum-liftleri\/aks-olcum-liftleri-ve-aks-krikolarirotary-born-in-usaaks-olcum-dort-sutunlu-hidrolik-lift-sm65-55-akkaldirma-kapasitesi-6500-kg-platform-boyu-5500-mm\/#breadcrumb","itemListElement":[{"@type":"ListItem","position":1,"name":"Ekipman","item":"https:\/\/bakirci.com\/ekipman\/"},{"@type":"ListItem","position":2,"name":"Otomotiv Tesisleri \u0130\u00e7in Servis Ekipmanlar\u0131","item":"https:\/\/bakirci.com\/ekipman\/"},{"@type":"ListItem","position":3,"name":"Aks \u00d6l\u00e7\u00fcm D\u00f6rt S\u00fctunlu Hidrolik LiftROTARY (Born in USA)SM65-55-AKKald\u0131rma kapasitesi 6500 kg,platform boyu 5500 mm"}]}]}},"_links":{"self":[{"href":"https:\/\/bakirci.com\/ekipman\/wp-json\/wp\/v2\/product\/3998","targetHints":{"allow":["GET"]}}],"collection":[{"href":"https:\/\/bakirci.com\/ekipman\/wp-json\/wp\/v2\/product"}],"about":[{"href":"https:\/\/bakirci.com\/ekipman\/wp-json\/wp\/v2\/types\/product"}],"replies":[{"embeddable":true,"href":"https:\/\/bakirci.com\/ekipman\/wp-json\/wp\/v2\/comments?post=3998"}],"wp:featuredmedia":[{"embeddable":true,"href":"https:\/\/bakirci.com\/ekipman\/wp-json\/wp\/v2\/media\/4243"}],"wp:attachment":[{"href":"https:\/\/bakirci.com\/ekipman\/wp-json\/wp\/v2\/media?parent=3998"}],"wp:term":[{"taxonomy":"product_cat","embeddable":true,"href":"https:\/\/bakirci.com\/ekipman\/wp-json\/wp\/v2\/product_cat?post=3998"},{"taxonomy":"product_tag","embeddable":true,"href":"https:\/\/bakirci.com\/ekipman\/wp-json\/wp\/v2\/product_tag?post=3998"}],"curies":[{"name":"wp","href":"https:\/\/api.w.org\/{rel}","templated":true}]}}