{"id":3991,"date":"2021-07-01T20:35:27","date_gmt":"2021-07-01T20:35:27","guid":{"rendered":"https:\/\/j6l.65c.myftpupload.com\/?post_type=product&#038;p=3991"},"modified":"2021-09-04T05:39:10","modified_gmt":"2021-09-04T05:39:10","slug":"lastik-servis-ekipmanlarihaweka-born-in-germanyagir-ticari-arac-aks-olcum-sistemi-axis-4000-premiumtum-agir-ticari-araclarin-olcum-imkani-cift-doner-aksli-kirkayak-otobus-treyler-dorse-romork","status":"publish","type":"product","link":"https:\/\/bakirci.com\/ekipman\/servis-ekipmanlari\/mekanik\/lastik-servis-ekipmanlari\/aks-olcum-cihazlari\/lastik-servis-ekipmanlarihaweka-born-in-germanyagir-ticari-arac-aks-olcum-sistemi-axis-4000-premiumtum-agir-ticari-araclarin-olcum-imkani-cift-doner-aksli-kirkayak-otobus-treyler-dorse-romork\/","title":{"rendered":"<p class=\"ustmetin\">A\u011f\u0131r Ticari Ara\u00e7 Aks \u00d6l\u00e7\u00fcm Sistemi<\/p><p class=\"ortametin\">HAWEKA <span class=\"ortametin2\">(Born in GERMANY)<\/span><\/p><p class=\"altmetin\">AXIS 4000 Premium<br>T\u00fcm a\u011f\u0131r ticari ara\u00e7lar\u0131n \u00f6l\u00e7\u00fcm imkan\u0131 (\u00c7ift d\u00f6ner aksl\u0131 k\u0131rkayak, otob\u00fcs, treyler, dorse, r\u00f6mork, kamyon \u00e7ekici)<\/p>"},"content":{"rendered":"<p><strong>A\u011f\u0131r Ticari Ara\u00e7 Aks \u00d6l\u00e7\u00fcm Sistemi &#8211; AXIS 4000 Premium<\/strong><\/p>\n<ul>\n<li>T\u00fcm a\u011f\u0131r ticari ara\u00e7lar\u0131n \u00f6l\u00e7\u00fcm imkan\u0131<\/li>\n<li>(\u00c7ift d\u00f6ner aksl\u0131 k\u0131rkayak, otob\u00fcs, treyler, dorse, r\u00f6mork,kamyon, \u00e7ekici)<\/li>\n<li>Haweka patentli \u00f6zel m\u0131knat\u0131sl\u0131 tutucular sayesinde salg\u0131 i\u015flemine gerek duyulmadan h\u0131zl\u0131 \u00f6l\u00e7\u00fcm imkan\u0131<\/li>\n<li>Ara\u00e7 \u00fcreticilerinin talep etti\u011fi \u015fasiden referansl\u0131 \u00fcst d\u00fczeyde tekrarlanabilirlik ve \u00f6l\u00e7\u00fcm hassasiyeti \u00b10\u00b0,05&#8242;<\/li>\n<li>Ayar i\u015fleminin do\u011frudan ekranda g\u00f6sterimi<\/li>\n<li>Ayar \u00f6ncesi ve sonras\u0131n\u0131 g\u00f6steren raporlama ekran\u0131<\/li>\n<li>3 boyutlu \u00f6l\u00e7\u00fcm yapan kablosuz CCD kameralar (2 adet)<\/li>\n<li>End\u00fcstriyel dokunmatik tablet PC (T\u00fcrk\u00e7e yaz\u0131l\u0131m)<\/li>\n<li>Renkli yaz\u0131c\u0131, klavye ve mouse<\/li>\n<\/ul>\n","protected":false},"excerpt":{"rendered":"<ul>\n<li>A\u011f\u0131r Ticari Ara\u00e7 Aks \u00d6l\u00e7\u00fcm Sistemi &#8211; AXIS 4000 Premium<\/li>\n<li>T\u00fcm a\u011f\u0131r ticari ara\u00e7lar\u0131n \u00f6l\u00e7\u00fcm imkan\u0131<\/li>\n<li>(\u00c7ift d\u00f6ner aksl\u0131 k\u0131rkayak, otob\u00fcs, treyler, dorse, r\u00f6mork,kamyon, \u00e7ekici)<\/li>\n<li>Haweka patentli \u00f6zel m\u0131knat\u0131sl\u0131 tutucular sayesinde salg\u0131 i\u015flemine gerek duyulmadan h\u0131zl\u0131 \u00f6l\u00e7\u00fcm imkan\u0131<\/li>\n<li>Ara\u00e7 \u00fcreticilerinin talep etti\u011fi \u015fasiden referansl\u0131 \u00fcst d\u00fczeyde tekrarlanabilirlik ve \u00f6l\u00e7\u00fcm hassasiyeti \u00b10\u00b0,05&#8242;<\/li>\n<li>Ayar i\u015fleminin do\u011frudan ekranda g\u00f6sterimi<\/li>\n<li>Ayar \u00f6ncesi ve sonras\u0131n\u0131 g\u00f6steren raporlama ekran\u0131<\/li>\n<li>3 boyutlu \u00f6l\u00e7\u00fcm yapan kablosuz CCD kameralar (2 adet)<\/li>\n<li>End\u00fcstriyel dokunmatik tablet PC (T\u00fcrk\u00e7e yaz\u0131l\u0131m)<\/li>\n<li>Renkli yaz\u0131c\u0131, klavye ve mouse<\/li>\n<\/ul>\n","protected":false},"featured_media":4235,"comment_status":"closed","ping_status":"closed","template":"","meta":[],"product_cat":[152,153],"product_tag":[419,442,443,444,426,418,408,438,440,414,69,441,434,433,432,431,430,429,428,427,424,435,413,420,422,421,409,407,406,425,423,417,411,415,412,436,437,439,416],"class_list":["post-3991","product","type-product","status-publish","has-post-thumbnail","hentry","pwb-brand-haweka","product_cat-lastik-servis-ekipmanlari","product_cat-aks-olcum-cihazlari","product_tag-4-kamerali-windows-rot-ayar-cihazlari","product_tag-achsvermessung","product_tag-achsvermessung-in-kombination","product_tag-adas-kalibrierung","product_tag-agir-vasita-on-duzen-cihazi","product_tag-aks-olcum","product_tag-aks-olcum-cihazi","product_tag-alignment-system","product_tag-collision-wheel-alignment","product_tag-ekonomik-rot-ayar-cihazlari","product_tag-haweka","product_tag-hd-wheel-alignment","product_tag-hoffman-on-duzen","product_tag-hoffman-rot-ayar","product_tag-hofmann-on-duzen","product_tag-hofmann-onduzen","product_tag-john-bean-on-duzen","product_tag-john-bean-rot-ayar","product_tag-johnbean-on-duzen","product_tag-johnbean-rot-ayar","product_tag-kamerali-kablosuz-kamyon-on-duzen-cihazi","product_tag-kamerali-rot-ayar-cihazlari","product_tag-kelepcesiz-ve-hedefsiz-onduzen-cihazi","product_tag-lastik-rot-balans","product_tag-lastik-servis-ekipmanlari","product_tag-lastik-servisi","product_tag-on-duzen-cihazi","product_tag-onduzen-makinalari","product_tag-onduzen-makineleri","product_tag-otobus-on-duzen-ayar-cihazi","product_tag-otomobil-on-duzen-cihazi","product_tag-rot-ayar","product_tag-rot-ayar-cihazi","product_tag-rot-ayar-cihazlari","product_tag-rotayar","product_tag-standard-alignment-machines","product_tag-wheel-alignment","product_tag-wheel-alignment-machine","product_tag-yeni-kelepce-ve-hedef-sistemi"],"brands":[{"id":376,"name":"HAWEKA","slug":"haweka"}],"yoast_head":"<!-- This site is optimized with the Yoast SEO plugin v17.1 - https:\/\/yoast.com\/wordpress\/plugins\/seo\/ -->\n<title>A\u011f\u0131r Ticari Ara\u00e7 Aks \u00d6l\u00e7\u00fcm Sistemi- AXIS 4000 Premium - HAWEKA<\/title>\n<meta name=\"description\" content=\"A\u011f\u0131r Ticari Ara\u00e7 Aks \u00d6l\u00e7\u00fcm Sistemi - AXIS 4000 Premium - HAWEKA - Lastik Servis Ekipman\u0131 - T\u00fcm a\u011f\u0131r ticari ara\u00e7lar\u0131n \u00f6l\u00e7\u00fcm imkan\u0131\" \/>\n<meta name=\"robots\" content=\"index, follow, max-snippet:-1, max-image-preview:large, max-video-preview:-1\" \/>\n<link rel=\"canonical\" href=\"https:\/\/bakirci.com\/ekipman\/servis-ekipmanlari\/mekanik\/lastik-servis-ekipmanlari\/aks-olcum-cihazlari\/lastik-servis-ekipmanlarihaweka-born-in-germanyagir-ticari-arac-aks-olcum-sistemi-axis-4000-premiumtum-agir-ticari-araclarin-olcum-imkani-cift-doner-aksli-kirkayak-otobus-treyler-dorse-romork\/\" \/>\n<meta property=\"og:locale\" content=\"tr_TR\" \/>\n<meta property=\"og:type\" content=\"article\" \/>\n<meta property=\"og:title\" content=\"A\u011f\u0131r Ticari Ara\u00e7 Aks \u00d6l\u00e7\u00fcm Sistemi- AXIS 4000 Premium - HAWEKA\" \/>\n<meta property=\"og:description\" content=\"A\u011f\u0131r Ticari Ara\u00e7 Aks \u00d6l\u00e7\u00fcm Sistemi - AXIS 4000 Premium - HAWEKA - Lastik Servis Ekipman\u0131 - T\u00fcm a\u011f\u0131r ticari ara\u00e7lar\u0131n \u00f6l\u00e7\u00fcm imkan\u0131\" \/>\n<meta property=\"og:url\" content=\"https:\/\/bakirci.com\/ekipman\/servis-ekipmanlari\/mekanik\/lastik-servis-ekipmanlari\/aks-olcum-cihazlari\/lastik-servis-ekipmanlarihaweka-born-in-germanyagir-ticari-arac-aks-olcum-sistemi-axis-4000-premiumtum-agir-ticari-araclarin-olcum-imkani-cift-doner-aksli-kirkayak-otobus-treyler-dorse-romork\/\" \/>\n<meta property=\"og:site_name\" content=\"Bak\u0131rc\u0131 Garagineering\" \/>\n<meta property=\"article:publisher\" content=\"https:\/\/www.facebook.com\/bakirci.garagineering\" \/>\n<meta property=\"article:modified_time\" content=\"2021-09-04T05:39:10+00:00\" \/>\n<meta property=\"og:image\" content=\"https:\/\/bakirci.com\/ekipman\/wp-content\/uploads\/2021\/06\/agir-ticari-arac-aks-olcum-sistemi-AXIS-4000-premium.png\" \/>\n\t<meta property=\"og:image:width\" content=\"1166\" \/>\n\t<meta property=\"og:image:height\" content=\"1166\" \/>\n<meta name=\"twitter:card\" content=\"summary_large_image\" \/>\n<meta name=\"twitter:label1\" content=\"Tahmini okuma s\u00fcresi\" \/>\n\t<meta name=\"twitter:data1\" content=\"1 dakika\" \/>\n<script type=\"application\/ld+json\" class=\"yoast-schema-graph\">{\"@context\":\"https:\/\/schema.org\",\"@graph\":[{\"@type\":\"Organization\",\"@id\":\"https:\/\/bakirci.com\/ekipman\/#organization\",\"name\":\"Bak\\u0131rc\\u0131 garagineering\",\"url\":\"https:\/\/bakirci.com\/ekipman\/\",\"sameAs\":[\"https:\/\/www.facebook.com\/bakirci.garagineering\",\"https:\/\/www.instagram.com\/bakirci.garagineering\/\",\"https:\/\/www.linkedin.com\/company\/bakirci-garagineering\/\",\"https:\/\/www.youtube.com\/channel\/UCiVG6s_jALJ6Zk8085XiOQg\"],\"logo\":{\"@type\":\"ImageObject\",\"@id\":\"https:\/\/bakirci.com\/ekipman\/#logo\",\"inLanguage\":\"tr\",\"url\":\"https:\/\/bakirci.com\/ekipman\/wp-content\/uploads\/2021\/09\/Bakirci-logo-lacivert.png\",\"contentUrl\":\"https:\/\/bakirci.com\/ekipman\/wp-content\/uploads\/2021\/09\/Bakirci-logo-lacivert.png\",\"width\":501,\"height\":501,\"caption\":\"Bak\\u0131rc\\u0131 garagineering\"},\"image\":{\"@id\":\"https:\/\/bakirci.com\/ekipman\/#logo\"}},{\"@type\":\"WebSite\",\"@id\":\"https:\/\/bakirci.com\/ekipman\/#website\",\"url\":\"https:\/\/bakirci.com\/ekipman\/\",\"name\":\"Bak\\u0131rc\\u0131 Garagineering\",\"description\":\"Otomotiv sekt\\u00f6r\\u00fcne \\u00f6zel, \\u201c\\u00dcretici Standard\\u0131nda\\u201d \\u00e7\\u00f6z\\u00fcmler\\u2026\",\"publisher\":{\"@id\":\"https:\/\/bakirci.com\/ekipman\/#organization\"},\"potentialAction\":[{\"@type\":\"SearchAction\",\"target\":{\"@type\":\"EntryPoint\",\"urlTemplate\":\"https:\/\/bakirci.com\/ekipman\/?s={search_term_string}\"},\"query-input\":\"required name=search_term_string\"}],\"inLanguage\":\"tr\"},{\"@type\":\"ImageObject\",\"@id\":\"https:\/\/bakirci.com\/ekipman\/servis-ekipmanlari\/mekanik\/lastik-servis-ekipmanlari\/aks-olcum-cihazlari\/lastik-servis-ekipmanlarihaweka-born-in-germanyagir-ticari-arac-aks-olcum-sistemi-axis-4000-premiumtum-agir-ticari-araclarin-olcum-imkani-cift-doner-aksli-kirkayak-otobus-treyler-dorse-romork\/#primaryimage\",\"inLanguage\":\"tr\",\"url\":\"https:\/\/bakirci.com\/ekipman\/wp-content\/uploads\/2021\/06\/agir-ticari-arac-aks-olcum-sistemi-AXIS-4000-premium.png\",\"contentUrl\":\"https:\/\/bakirci.com\/ekipman\/wp-content\/uploads\/2021\/06\/agir-ticari-arac-aks-olcum-sistemi-AXIS-4000-premium.png\",\"width\":1166,\"height\":1166,\"caption\":\"A\\u011f\\u0131r Ticari Ara\\u00e7 Aks \\u00d6l\\u00e7\\u00fcm Sistemi - AXIS 4000 Premium\"},{\"@type\":\"WebPage\",\"@id\":\"https:\/\/bakirci.com\/ekipman\/servis-ekipmanlari\/mekanik\/lastik-servis-ekipmanlari\/aks-olcum-cihazlari\/lastik-servis-ekipmanlarihaweka-born-in-germanyagir-ticari-arac-aks-olcum-sistemi-axis-4000-premiumtum-agir-ticari-araclarin-olcum-imkani-cift-doner-aksli-kirkayak-otobus-treyler-dorse-romork\/#webpage\",\"url\":\"https:\/\/bakirci.com\/ekipman\/servis-ekipmanlari\/mekanik\/lastik-servis-ekipmanlari\/aks-olcum-cihazlari\/lastik-servis-ekipmanlarihaweka-born-in-germanyagir-ticari-arac-aks-olcum-sistemi-axis-4000-premiumtum-agir-ticari-araclarin-olcum-imkani-cift-doner-aksli-kirkayak-otobus-treyler-dorse-romork\/\",\"name\":\"A\\u011f\\u0131r Ticari Ara\\u00e7 Aks \\u00d6l\\u00e7\\u00fcm Sistemi- AXIS 4000 Premium - HAWEKA\",\"isPartOf\":{\"@id\":\"https:\/\/bakirci.com\/ekipman\/#website\"},\"primaryImageOfPage\":{\"@id\":\"https:\/\/bakirci.com\/ekipman\/servis-ekipmanlari\/mekanik\/lastik-servis-ekipmanlari\/aks-olcum-cihazlari\/lastik-servis-ekipmanlarihaweka-born-in-germanyagir-ticari-arac-aks-olcum-sistemi-axis-4000-premiumtum-agir-ticari-araclarin-olcum-imkani-cift-doner-aksli-kirkayak-otobus-treyler-dorse-romork\/#primaryimage\"},\"datePublished\":\"2021-07-01T20:35:27+00:00\",\"dateModified\":\"2021-09-04T05:39:10+00:00\",\"description\":\"A\\u011f\\u0131r Ticari Ara\\u00e7 Aks \\u00d6l\\u00e7\\u00fcm Sistemi - AXIS 4000 Premium - HAWEKA - Lastik Servis Ekipman\\u0131 - T\\u00fcm a\\u011f\\u0131r ticari ara\\u00e7lar\\u0131n \\u00f6l\\u00e7\\u00fcm imkan\\u0131\",\"breadcrumb\":{\"@id\":\"https:\/\/bakirci.com\/ekipman\/servis-ekipmanlari\/mekanik\/lastik-servis-ekipmanlari\/aks-olcum-cihazlari\/lastik-servis-ekipmanlarihaweka-born-in-germanyagir-ticari-arac-aks-olcum-sistemi-axis-4000-premiumtum-agir-ticari-araclarin-olcum-imkani-cift-doner-aksli-kirkayak-otobus-treyler-dorse-romork\/#breadcrumb\"},\"inLanguage\":\"tr\",\"potentialAction\":[{\"@type\":\"ReadAction\",\"target\":[\"https:\/\/bakirci.com\/ekipman\/servis-ekipmanlari\/mekanik\/lastik-servis-ekipmanlari\/aks-olcum-cihazlari\/lastik-servis-ekipmanlarihaweka-born-in-germanyagir-ticari-arac-aks-olcum-sistemi-axis-4000-premiumtum-agir-ticari-araclarin-olcum-imkani-cift-doner-aksli-kirkayak-otobus-treyler-dorse-romork\/\"]}]},{\"@type\":\"BreadcrumbList\",\"@id\":\"https:\/\/bakirci.com\/ekipman\/servis-ekipmanlari\/mekanik\/lastik-servis-ekipmanlari\/aks-olcum-cihazlari\/lastik-servis-ekipmanlarihaweka-born-in-germanyagir-ticari-arac-aks-olcum-sistemi-axis-4000-premiumtum-agir-ticari-araclarin-olcum-imkani-cift-doner-aksli-kirkayak-otobus-treyler-dorse-romork\/#breadcrumb\",\"itemListElement\":[{\"@type\":\"ListItem\",\"position\":1,\"name\":\"Ekipman\",\"item\":\"https:\/\/bakirci.com\/ekipman\/\"},{\"@type\":\"ListItem\",\"position\":2,\"name\":\"Otomotiv Tesisleri \\u0130\\u00e7in Servis Ekipmanlar\\u0131\",\"item\":\"https:\/\/bakirci.com\/ekipman\/\"},{\"@type\":\"ListItem\",\"position\":3,\"name\":\"A\\u011f\\u0131r Ticari Ara\\u00e7 Aks \\u00d6l\\u00e7\\u00fcm SistemiHAWEKA (Born in GERMANY)AXIS 4000 PremiumT\\u00fcm a\\u011f\\u0131r ticari ara\\u00e7lar\\u0131n \\u00f6l\\u00e7\\u00fcm imkan\\u0131 (\\u00c7ift d\\u00f6ner aksl\\u0131 k\\u0131rkayak, otob\\u00fcs, treyler, dorse, r\\u00f6mork, kamyon \\u00e7ekici)\"}]}]}<\/script>\n<!-- \/ Yoast SEO plugin. -->","yoast_head_json":{"title":"A\u011f\u0131r Ticari Ara\u00e7 Aks \u00d6l\u00e7\u00fcm Sistemi- AXIS 4000 Premium - HAWEKA","description":"A\u011f\u0131r Ticari Ara\u00e7 Aks \u00d6l\u00e7\u00fcm Sistemi - AXIS 4000 Premium - HAWEKA - Lastik Servis Ekipman\u0131 - T\u00fcm a\u011f\u0131r ticari ara\u00e7lar\u0131n \u00f6l\u00e7\u00fcm imkan\u0131","robots":{"index":"index","follow":"follow","max-snippet":"max-snippet:-1","max-image-preview":"max-image-preview:large","max-video-preview":"max-video-preview:-1"},"canonical":"https:\/\/bakirci.com\/ekipman\/servis-ekipmanlari\/mekanik\/lastik-servis-ekipmanlari\/aks-olcum-cihazlari\/lastik-servis-ekipmanlarihaweka-born-in-germanyagir-ticari-arac-aks-olcum-sistemi-axis-4000-premiumtum-agir-ticari-araclarin-olcum-imkani-cift-doner-aksli-kirkayak-otobus-treyler-dorse-romork\/","og_locale":"tr_TR","og_type":"article","og_title":"A\u011f\u0131r Ticari Ara\u00e7 Aks \u00d6l\u00e7\u00fcm Sistemi- AXIS 4000 Premium - HAWEKA","og_description":"A\u011f\u0131r Ticari Ara\u00e7 Aks \u00d6l\u00e7\u00fcm Sistemi - AXIS 4000 Premium - HAWEKA - Lastik Servis Ekipman\u0131 - T\u00fcm a\u011f\u0131r ticari ara\u00e7lar\u0131n \u00f6l\u00e7\u00fcm imkan\u0131","og_url":"https:\/\/bakirci.com\/ekipman\/servis-ekipmanlari\/mekanik\/lastik-servis-ekipmanlari\/aks-olcum-cihazlari\/lastik-servis-ekipmanlarihaweka-born-in-germanyagir-ticari-arac-aks-olcum-sistemi-axis-4000-premiumtum-agir-ticari-araclarin-olcum-imkani-cift-doner-aksli-kirkayak-otobus-treyler-dorse-romork\/","og_site_name":"Bak\u0131rc\u0131 Garagineering","article_publisher":"https:\/\/www.facebook.com\/bakirci.garagineering","article_modified_time":"2021-09-04T05:39:10+00:00","og_image":[{"width":1166,"height":1166,"url":"https:\/\/bakirci.com\/ekipman\/wp-content\/uploads\/2021\/06\/agir-ticari-arac-aks-olcum-sistemi-AXIS-4000-premium.png","path":"\/home\/bakirciwebsitesi\/public_html\/ekipman\/wp-content\/uploads\/2021\/06\/agir-ticari-arac-aks-olcum-sistemi-AXIS-4000-premium.png","size":"full","id":4235,"alt":"A\u011f\u0131r Ticari Ara\u00e7 Aks \u00d6l\u00e7\u00fcm Sistemi - AXIS 4000 Premium","pixels":1359556,"type":"image\/png"}],"twitter_card":"summary_large_image","twitter_misc":{"Tahmini okuma s\u00fcresi":"1 dakika"},"schema":{"@context":"https:\/\/schema.org","@graph":[{"@type":"Organization","@id":"https:\/\/bakirci.com\/ekipman\/#organization","name":"Bak\u0131rc\u0131 garagineering","url":"https:\/\/bakirci.com\/ekipman\/","sameAs":["https:\/\/www.facebook.com\/bakirci.garagineering","https:\/\/www.instagram.com\/bakirci.garagineering\/","https:\/\/www.linkedin.com\/company\/bakirci-garagineering\/","https:\/\/www.youtube.com\/channel\/UCiVG6s_jALJ6Zk8085XiOQg"],"logo":{"@type":"ImageObject","@id":"https:\/\/bakirci.com\/ekipman\/#logo","inLanguage":"tr","url":"https:\/\/bakirci.com\/ekipman\/wp-content\/uploads\/2021\/09\/Bakirci-logo-lacivert.png","contentUrl":"https:\/\/bakirci.com\/ekipman\/wp-content\/uploads\/2021\/09\/Bakirci-logo-lacivert.png","width":501,"height":501,"caption":"Bak\u0131rc\u0131 garagineering"},"image":{"@id":"https:\/\/bakirci.com\/ekipman\/#logo"}},{"@type":"WebSite","@id":"https:\/\/bakirci.com\/ekipman\/#website","url":"https:\/\/bakirci.com\/ekipman\/","name":"Bak\u0131rc\u0131 Garagineering","description":"Otomotiv sekt\u00f6r\u00fcne \u00f6zel, \u201c\u00dcretici Standard\u0131nda\u201d \u00e7\u00f6z\u00fcmler\u2026","publisher":{"@id":"https:\/\/bakirci.com\/ekipman\/#organization"},"potentialAction":[{"@type":"SearchAction","target":{"@type":"EntryPoint","urlTemplate":"https:\/\/bakirci.com\/ekipman\/?s={search_term_string}"},"query-input":"required name=search_term_string"}],"inLanguage":"tr"},{"@type":"ImageObject","@id":"https:\/\/bakirci.com\/ekipman\/servis-ekipmanlari\/mekanik\/lastik-servis-ekipmanlari\/aks-olcum-cihazlari\/lastik-servis-ekipmanlarihaweka-born-in-germanyagir-ticari-arac-aks-olcum-sistemi-axis-4000-premiumtum-agir-ticari-araclarin-olcum-imkani-cift-doner-aksli-kirkayak-otobus-treyler-dorse-romork\/#primaryimage","inLanguage":"tr","url":"https:\/\/bakirci.com\/ekipman\/wp-content\/uploads\/2021\/06\/agir-ticari-arac-aks-olcum-sistemi-AXIS-4000-premium.png","contentUrl":"https:\/\/bakirci.com\/ekipman\/wp-content\/uploads\/2021\/06\/agir-ticari-arac-aks-olcum-sistemi-AXIS-4000-premium.png","width":1166,"height":1166,"caption":"A\u011f\u0131r Ticari Ara\u00e7 Aks \u00d6l\u00e7\u00fcm Sistemi - AXIS 4000 Premium"},{"@type":"WebPage","@id":"https:\/\/bakirci.com\/ekipman\/servis-ekipmanlari\/mekanik\/lastik-servis-ekipmanlari\/aks-olcum-cihazlari\/lastik-servis-ekipmanlarihaweka-born-in-germanyagir-ticari-arac-aks-olcum-sistemi-axis-4000-premiumtum-agir-ticari-araclarin-olcum-imkani-cift-doner-aksli-kirkayak-otobus-treyler-dorse-romork\/#webpage","url":"https:\/\/bakirci.com\/ekipman\/servis-ekipmanlari\/mekanik\/lastik-servis-ekipmanlari\/aks-olcum-cihazlari\/lastik-servis-ekipmanlarihaweka-born-in-germanyagir-ticari-arac-aks-olcum-sistemi-axis-4000-premiumtum-agir-ticari-araclarin-olcum-imkani-cift-doner-aksli-kirkayak-otobus-treyler-dorse-romork\/","name":"A\u011f\u0131r Ticari Ara\u00e7 Aks \u00d6l\u00e7\u00fcm Sistemi- AXIS 4000 Premium - HAWEKA","isPartOf":{"@id":"https:\/\/bakirci.com\/ekipman\/#website"},"primaryImageOfPage":{"@id":"https:\/\/bakirci.com\/ekipman\/servis-ekipmanlari\/mekanik\/lastik-servis-ekipmanlari\/aks-olcum-cihazlari\/lastik-servis-ekipmanlarihaweka-born-in-germanyagir-ticari-arac-aks-olcum-sistemi-axis-4000-premiumtum-agir-ticari-araclarin-olcum-imkani-cift-doner-aksli-kirkayak-otobus-treyler-dorse-romork\/#primaryimage"},"datePublished":"2021-07-01T20:35:27+00:00","dateModified":"2021-09-04T05:39:10+00:00","description":"A\u011f\u0131r Ticari Ara\u00e7 Aks \u00d6l\u00e7\u00fcm Sistemi - AXIS 4000 Premium - HAWEKA - Lastik Servis Ekipman\u0131 - T\u00fcm a\u011f\u0131r ticari ara\u00e7lar\u0131n \u00f6l\u00e7\u00fcm imkan\u0131","breadcrumb":{"@id":"https:\/\/bakirci.com\/ekipman\/servis-ekipmanlari\/mekanik\/lastik-servis-ekipmanlari\/aks-olcum-cihazlari\/lastik-servis-ekipmanlarihaweka-born-in-germanyagir-ticari-arac-aks-olcum-sistemi-axis-4000-premiumtum-agir-ticari-araclarin-olcum-imkani-cift-doner-aksli-kirkayak-otobus-treyler-dorse-romork\/#breadcrumb"},"inLanguage":"tr","potentialAction":[{"@type":"ReadAction","target":["https:\/\/bakirci.com\/ekipman\/servis-ekipmanlari\/mekanik\/lastik-servis-ekipmanlari\/aks-olcum-cihazlari\/lastik-servis-ekipmanlarihaweka-born-in-germanyagir-ticari-arac-aks-olcum-sistemi-axis-4000-premiumtum-agir-ticari-araclarin-olcum-imkani-cift-doner-aksli-kirkayak-otobus-treyler-dorse-romork\/"]}]},{"@type":"BreadcrumbList","@id":"https:\/\/bakirci.com\/ekipman\/servis-ekipmanlari\/mekanik\/lastik-servis-ekipmanlari\/aks-olcum-cihazlari\/lastik-servis-ekipmanlarihaweka-born-in-germanyagir-ticari-arac-aks-olcum-sistemi-axis-4000-premiumtum-agir-ticari-araclarin-olcum-imkani-cift-doner-aksli-kirkayak-otobus-treyler-dorse-romork\/#breadcrumb","itemListElement":[{"@type":"ListItem","position":1,"name":"Ekipman","item":"https:\/\/bakirci.com\/ekipman\/"},{"@type":"ListItem","position":2,"name":"Otomotiv Tesisleri \u0130\u00e7in Servis Ekipmanlar\u0131","item":"https:\/\/bakirci.com\/ekipman\/"},{"@type":"ListItem","position":3,"name":"A\u011f\u0131r Ticari Ara\u00e7 Aks \u00d6l\u00e7\u00fcm SistemiHAWEKA (Born in GERMANY)AXIS 4000 PremiumT\u00fcm a\u011f\u0131r ticari ara\u00e7lar\u0131n \u00f6l\u00e7\u00fcm imkan\u0131 (\u00c7ift d\u00f6ner aksl\u0131 k\u0131rkayak, otob\u00fcs, treyler, dorse, r\u00f6mork, kamyon \u00e7ekici)"}]}]}},"_links":{"self":[{"href":"https:\/\/bakirci.com\/ekipman\/wp-json\/wp\/v2\/product\/3991","targetHints":{"allow":["GET"]}}],"collection":[{"href":"https:\/\/bakirci.com\/ekipman\/wp-json\/wp\/v2\/product"}],"about":[{"href":"https:\/\/bakirci.com\/ekipman\/wp-json\/wp\/v2\/types\/product"}],"replies":[{"embeddable":true,"href":"https:\/\/bakirci.com\/ekipman\/wp-json\/wp\/v2\/comments?post=3991"}],"wp:featuredmedia":[{"embeddable":true,"href":"https:\/\/bakirci.com\/ekipman\/wp-json\/wp\/v2\/media\/4235"}],"wp:attachment":[{"href":"https:\/\/bakirci.com\/ekipman\/wp-json\/wp\/v2\/media?parent=3991"}],"wp:term":[{"taxonomy":"product_cat","embeddable":true,"href":"https:\/\/bakirci.com\/ekipman\/wp-json\/wp\/v2\/product_cat?post=3991"},{"taxonomy":"product_tag","embeddable":true,"href":"https:\/\/bakirci.com\/ekipman\/wp-json\/wp\/v2\/product_tag?post=3991"}],"curies":[{"name":"wp","href":"https:\/\/api.w.org\/{rel}","templated":true}]}}