{"id":3987,"date":"2021-07-01T20:55:02","date_gmt":"2021-07-01T20:55:02","guid":{"rendered":"https:\/\/j6l.65c.myftpupload.com\/?post_type=product&#038;p=3987"},"modified":"2021-09-04T05:23:50","modified_gmt":"2021-09-04T05:23:50","slug":"geoliner-630-ac100","status":"publish","type":"product","link":"https:\/\/bakirci.com\/ekipman\/servis-ekipmanlari\/mekanik\/lastik-servis-ekipmanlari\/aks-olcum-cihazlari\/geoliner-630-ac100\/","title":{"rendered":"<p class=\"ustmetin\">Aks \u00d6l\u00e7\u00fcm Cihazlar\u0131<\/p><p class=\"ortametin\">HOFMANN <span class=\"ortametin2\">(Born in GERMANY)<\/span><\/p><p class=\"altmetin\">Geoliner 630 &#8211; AC100<br>3D \u00f6l\u00e7\u00fcm sistemi<\/p>"},"content":{"rendered":"<p><strong>Aks \u00d6l\u00e7\u00fcm Cihaz\u0131 &#8211; Geoliner 630 &#8211; AC100<\/strong><\/p>\n<ul>\n<li>Otomobil \u00fcreticilerinin talep etti\u011fi en \u00fcst d\u00fczeyde tekrarlanabilirlik<\/li>\n<li>2 dakikadan daha k\u0131sa bir s\u00fcrede ger\u00e7ek zamanl\u0131 3D net ve h\u0131zl\u0131 aks \u00f6l\u00e7\u00fcm\u00fc<\/li>\n<li>Mobil cihazlardan ba\u011flant\u0131 imkan\u0131 sa\u011flayan kablosuz uzaktan ekran eri\u015fimi<\/li>\n<li>Ayar yerlerinin resimli ve animasyonlu 3 boyutlu g\u00f6r\u00fcnt\u00fcleri<\/li>\n<li>Arac\u0131 kald\u0131rmadan salg\u0131 alma imkan\u0131<\/li>\n<li>&#8220;EZ-Toe&#8221; \u00f6zelli\u011fi sayesinde, eri\u015fimi zor olan toe ayar noktalar\u0131 i\u00e7in havada ayar imkan\u0131<\/li>\n<li>Kablosuz a\u011f \u00fczerinden otomatik g\u00fcncelleme imkan\u0131<\/li>\n<li>AC100 universal tutucular ve \u00f6l\u00e7\u00fcm hedefleri (4 adet)<\/li>\n<li>Direksiyon, fren kilidi ve d\u00f6ner tabla seti (2 adet)<\/li>\n<li>27&#8243; Led ekran, klavye, mouse ve renkli yaz\u0131c\u0131<\/li>\n<\/ul>\n","protected":false},"excerpt":{"rendered":"<p><strong>Aks \u00d6l\u00e7\u00fcm Cihaz\u0131 &#8211; Geoliner 630 &#8211; AC100<\/strong><\/p>\n<ul>\n<li>Otomobil \u00fcreticilerinin talep etti\u011fi en \u00fcst d\u00fczeyde tekrarlanabilirlik<\/li>\n<li>2 dakikadan daha k\u0131sa bir s\u00fcrede ger\u00e7ek zamanl\u0131 3D net ve h\u0131zl\u0131 aks \u00f6l\u00e7\u00fcm\u00fc<\/li>\n<li>Mobil cihazlardan ba\u011flant\u0131 imkan\u0131 sa\u011flayan kablosuz uzaktan ekran eri\u015fimi<\/li>\n<li>Ayar yerlerinin resimli ve animasyonlu 3 boyutlu g\u00f6r\u00fcnt\u00fcleri<\/li>\n<li>Arac\u0131 kald\u0131rmadan salg\u0131 alma imkan\u0131<\/li>\n<li>&#8220;EZ-Toe&#8221; \u00f6zelli\u011fi sayesinde, eri\u015fimi zor olan toe ayar noktalar\u0131 i\u00e7in havada ayar imkan\u0131<\/li>\n<li>Kablosuz a\u011f \u00fczerinden otomatik g\u00fcncelleme imkan\u0131<\/li>\n<li>AC100 universal tutucular ve \u00f6l\u00e7\u00fcm hedefleri (4 adet)<\/li>\n<li>Direksiyon, fren kilidi ve d\u00f6ner tabla seti (2 adet)<\/li>\n<li>27&#8243; Led ekran, klavye, mouse ve renkli yaz\u0131c\u0131<\/li>\n<\/ul>\n","protected":false},"featured_media":4936,"comment_status":"closed","ping_status":"closed","template":"","meta":[],"product_cat":[152,153],"product_tag":[419,442,443,444,426,418,408,438,440,414,441,434,433,59,432,431,430,429,428,427,424,435,413,420,422,421,409,407,406,425,423,417,411,415,412,436,437,439,416],"class_list":["post-3987","product","type-product","status-publish","has-post-thumbnail","hentry","pwb-brand-hofmann","product_cat-lastik-servis-ekipmanlari","product_cat-aks-olcum-cihazlari","product_tag-4-kamerali-windows-rot-ayar-cihazlari","product_tag-achsvermessung","product_tag-achsvermessung-in-kombination","product_tag-adas-kalibrierung","product_tag-agir-vasita-on-duzen-cihazi","product_tag-aks-olcum","product_tag-aks-olcum-cihazi","product_tag-alignment-system","product_tag-collision-wheel-alignment","product_tag-ekonomik-rot-ayar-cihazlari","product_tag-hd-wheel-alignment","product_tag-hoffman-on-duzen","product_tag-hoffman-rot-ayar","product_tag-hofmann","product_tag-hofmann-on-duzen","product_tag-hofmann-onduzen","product_tag-john-bean-on-duzen","product_tag-john-bean-rot-ayar","product_tag-johnbean-on-duzen","product_tag-johnbean-rot-ayar","product_tag-kamerali-kablosuz-kamyon-on-duzen-cihazi","product_tag-kamerali-rot-ayar-cihazlari","product_tag-kelepcesiz-ve-hedefsiz-onduzen-cihazi","product_tag-lastik-rot-balans","product_tag-lastik-servis-ekipmanlari","product_tag-lastik-servisi","product_tag-on-duzen-cihazi","product_tag-onduzen-makinalari","product_tag-onduzen-makineleri","product_tag-otobus-on-duzen-ayar-cihazi","product_tag-otomobil-on-duzen-cihazi","product_tag-rot-ayar","product_tag-rot-ayar-cihazi","product_tag-rot-ayar-cihazlari","product_tag-rotayar","product_tag-standard-alignment-machines","product_tag-wheel-alignment","product_tag-wheel-alignment-machine","product_tag-yeni-kelepce-ve-hedef-sistemi"],"brands":[{"id":363,"name":"HOFMANN","slug":"hofmann"}],"yoast_head":"<!-- This site is optimized with the Yoast SEO plugin v17.1 - https:\/\/yoast.com\/wordpress\/plugins\/seo\/ -->\n<title>Aks \u00d6l\u00e7\u00fcm Cihaz\u0131 - 630 - AC100 - HOFMANN - Lastik Servis Ekipman\u0131<\/title>\n<meta name=\"description\" content=\"Aks \u00d6l\u00e7\u00fcm Cihaz\u0131 - Geoliner - 630 - AC100 - HOFMANN - Lastik Servis Ekipman\u0131 - Ger\u00e7ek zamanl\u0131 3D net ve h\u0131zl\u0131 aks \u00f6l\u00e7\u00fcm\u00fc - Havada ayar imkan\u0131\" \/>\n<meta name=\"robots\" content=\"index, follow, max-snippet:-1, max-image-preview:large, max-video-preview:-1\" \/>\n<link rel=\"canonical\" href=\"https:\/\/bakirci.com\/ekipman\/servis-ekipmanlari\/mekanik\/lastik-servis-ekipmanlari\/aks-olcum-cihazlari\/geoliner-630-ac100\/\" \/>\n<meta property=\"og:locale\" content=\"tr_TR\" \/>\n<meta property=\"og:type\" content=\"article\" \/>\n<meta property=\"og:title\" content=\"Aks \u00d6l\u00e7\u00fcm Cihaz\u0131 - 630 - AC100 - HOFMANN - Lastik Servis Ekipman\u0131\" \/>\n<meta property=\"og:description\" content=\"Aks \u00d6l\u00e7\u00fcm Cihaz\u0131 - Geoliner - 630 - AC100 - HOFMANN - Lastik Servis Ekipman\u0131 - Ger\u00e7ek zamanl\u0131 3D net ve h\u0131zl\u0131 aks \u00f6l\u00e7\u00fcm\u00fc - Havada ayar imkan\u0131\" \/>\n<meta property=\"og:url\" content=\"https:\/\/bakirci.com\/ekipman\/servis-ekipmanlari\/mekanik\/lastik-servis-ekipmanlari\/aks-olcum-cihazlari\/geoliner-630-ac100\/\" \/>\n<meta property=\"og:site_name\" content=\"Bak\u0131rc\u0131 Garagineering\" \/>\n<meta property=\"article:publisher\" content=\"https:\/\/www.facebook.com\/bakirci.garagineering\" \/>\n<meta property=\"article:modified_time\" content=\"2021-09-04T05:23:50+00:00\" \/>\n<meta property=\"og:image\" content=\"https:\/\/bakirci.com\/ekipman\/wp-content\/uploads\/2021\/06\/Geoliner-630-AC100.png\" \/>\n\t<meta property=\"og:image:width\" content=\"1167\" \/>\n\t<meta property=\"og:image:height\" content=\"1167\" \/>\n<meta name=\"twitter:card\" content=\"summary_large_image\" \/>\n<meta name=\"twitter:label1\" content=\"Tahmini okuma s\u00fcresi\" \/>\n\t<meta name=\"twitter:data1\" content=\"1 dakika\" \/>\n<script type=\"application\/ld+json\" class=\"yoast-schema-graph\">{\"@context\":\"https:\/\/schema.org\",\"@graph\":[{\"@type\":\"Organization\",\"@id\":\"https:\/\/bakirci.com\/ekipman\/#organization\",\"name\":\"Bak\\u0131rc\\u0131 garagineering\",\"url\":\"https:\/\/bakirci.com\/ekipman\/\",\"sameAs\":[\"https:\/\/www.facebook.com\/bakirci.garagineering\",\"https:\/\/www.instagram.com\/bakirci.garagineering\/\",\"https:\/\/www.linkedin.com\/company\/bakirci-garagineering\/\",\"https:\/\/www.youtube.com\/channel\/UCiVG6s_jALJ6Zk8085XiOQg\"],\"logo\":{\"@type\":\"ImageObject\",\"@id\":\"https:\/\/bakirci.com\/ekipman\/#logo\",\"inLanguage\":\"tr\",\"url\":\"https:\/\/bakirci.com\/ekipman\/wp-content\/uploads\/2021\/09\/Bakirci-logo-lacivert.png\",\"contentUrl\":\"https:\/\/bakirci.com\/ekipman\/wp-content\/uploads\/2021\/09\/Bakirci-logo-lacivert.png\",\"width\":501,\"height\":501,\"caption\":\"Bak\\u0131rc\\u0131 garagineering\"},\"image\":{\"@id\":\"https:\/\/bakirci.com\/ekipman\/#logo\"}},{\"@type\":\"WebSite\",\"@id\":\"https:\/\/bakirci.com\/ekipman\/#website\",\"url\":\"https:\/\/bakirci.com\/ekipman\/\",\"name\":\"Bak\\u0131rc\\u0131 Garagineering\",\"description\":\"Otomotiv sekt\\u00f6r\\u00fcne \\u00f6zel, \\u201c\\u00dcretici Standard\\u0131nda\\u201d \\u00e7\\u00f6z\\u00fcmler\\u2026\",\"publisher\":{\"@id\":\"https:\/\/bakirci.com\/ekipman\/#organization\"},\"potentialAction\":[{\"@type\":\"SearchAction\",\"target\":{\"@type\":\"EntryPoint\",\"urlTemplate\":\"https:\/\/bakirci.com\/ekipman\/?s={search_term_string}\"},\"query-input\":\"required name=search_term_string\"}],\"inLanguage\":\"tr\"},{\"@type\":\"ImageObject\",\"@id\":\"https:\/\/bakirci.com\/ekipman\/servis-ekipmanlari\/mekanik\/lastik-servis-ekipmanlari\/aks-olcum-cihazlari\/geoliner-630-ac100\/#primaryimage\",\"inLanguage\":\"tr\",\"url\":\"https:\/\/bakirci.com\/ekipman\/wp-content\/uploads\/2021\/06\/Geoliner-630-AC100.png\",\"contentUrl\":\"https:\/\/bakirci.com\/ekipman\/wp-content\/uploads\/2021\/06\/Geoliner-630-AC100.png\",\"width\":1167,\"height\":1167,\"caption\":\"Aks \\u00d6l\\u00e7\\u00fcm Cihaz\\u0131 - Geoliner 630 - AC100\"},{\"@type\":\"WebPage\",\"@id\":\"https:\/\/bakirci.com\/ekipman\/servis-ekipmanlari\/mekanik\/lastik-servis-ekipmanlari\/aks-olcum-cihazlari\/geoliner-630-ac100\/#webpage\",\"url\":\"https:\/\/bakirci.com\/ekipman\/servis-ekipmanlari\/mekanik\/lastik-servis-ekipmanlari\/aks-olcum-cihazlari\/geoliner-630-ac100\/\",\"name\":\"Aks \\u00d6l\\u00e7\\u00fcm Cihaz\\u0131 - 630 - AC100 - HOFMANN - Lastik Servis Ekipman\\u0131\",\"isPartOf\":{\"@id\":\"https:\/\/bakirci.com\/ekipman\/#website\"},\"primaryImageOfPage\":{\"@id\":\"https:\/\/bakirci.com\/ekipman\/servis-ekipmanlari\/mekanik\/lastik-servis-ekipmanlari\/aks-olcum-cihazlari\/geoliner-630-ac100\/#primaryimage\"},\"datePublished\":\"2021-07-01T20:55:02+00:00\",\"dateModified\":\"2021-09-04T05:23:50+00:00\",\"description\":\"Aks \\u00d6l\\u00e7\\u00fcm Cihaz\\u0131 - Geoliner - 630 - AC100 - HOFMANN - Lastik Servis Ekipman\\u0131 - Ger\\u00e7ek zamanl\\u0131 3D net ve h\\u0131zl\\u0131 aks \\u00f6l\\u00e7\\u00fcm\\u00fc - Havada ayar imkan\\u0131\",\"breadcrumb\":{\"@id\":\"https:\/\/bakirci.com\/ekipman\/servis-ekipmanlari\/mekanik\/lastik-servis-ekipmanlari\/aks-olcum-cihazlari\/geoliner-630-ac100\/#breadcrumb\"},\"inLanguage\":\"tr\",\"potentialAction\":[{\"@type\":\"ReadAction\",\"target\":[\"https:\/\/bakirci.com\/ekipman\/servis-ekipmanlari\/mekanik\/lastik-servis-ekipmanlari\/aks-olcum-cihazlari\/geoliner-630-ac100\/\"]}]},{\"@type\":\"BreadcrumbList\",\"@id\":\"https:\/\/bakirci.com\/ekipman\/servis-ekipmanlari\/mekanik\/lastik-servis-ekipmanlari\/aks-olcum-cihazlari\/geoliner-630-ac100\/#breadcrumb\",\"itemListElement\":[{\"@type\":\"ListItem\",\"position\":1,\"name\":\"Ekipman\",\"item\":\"https:\/\/bakirci.com\/ekipman\/\"},{\"@type\":\"ListItem\",\"position\":2,\"name\":\"Otomotiv Tesisleri \\u0130\\u00e7in Servis Ekipmanlar\\u0131\",\"item\":\"https:\/\/bakirci.com\/ekipman\/\"},{\"@type\":\"ListItem\",\"position\":3,\"name\":\"Aks \\u00d6l\\u00e7\\u00fcm Cihazlar\\u0131HOFMANN (Born in GERMANY)Geoliner 630 &#8211; AC1003D \\u00f6l\\u00e7\\u00fcm sistemi\"}]}]}<\/script>\n<!-- \/ Yoast SEO plugin. -->","yoast_head_json":{"title":"Aks \u00d6l\u00e7\u00fcm Cihaz\u0131 - 630 - AC100 - HOFMANN - Lastik Servis Ekipman\u0131","description":"Aks \u00d6l\u00e7\u00fcm Cihaz\u0131 - Geoliner - 630 - AC100 - HOFMANN - Lastik Servis Ekipman\u0131 - Ger\u00e7ek zamanl\u0131 3D net ve h\u0131zl\u0131 aks \u00f6l\u00e7\u00fcm\u00fc - Havada ayar imkan\u0131","robots":{"index":"index","follow":"follow","max-snippet":"max-snippet:-1","max-image-preview":"max-image-preview:large","max-video-preview":"max-video-preview:-1"},"canonical":"https:\/\/bakirci.com\/ekipman\/servis-ekipmanlari\/mekanik\/lastik-servis-ekipmanlari\/aks-olcum-cihazlari\/geoliner-630-ac100\/","og_locale":"tr_TR","og_type":"article","og_title":"Aks \u00d6l\u00e7\u00fcm Cihaz\u0131 - 630 - AC100 - HOFMANN - Lastik Servis Ekipman\u0131","og_description":"Aks \u00d6l\u00e7\u00fcm Cihaz\u0131 - Geoliner - 630 - AC100 - HOFMANN - Lastik Servis Ekipman\u0131 - Ger\u00e7ek zamanl\u0131 3D net ve h\u0131zl\u0131 aks \u00f6l\u00e7\u00fcm\u00fc - Havada ayar imkan\u0131","og_url":"https:\/\/bakirci.com\/ekipman\/servis-ekipmanlari\/mekanik\/lastik-servis-ekipmanlari\/aks-olcum-cihazlari\/geoliner-630-ac100\/","og_site_name":"Bak\u0131rc\u0131 Garagineering","article_publisher":"https:\/\/www.facebook.com\/bakirci.garagineering","article_modified_time":"2021-09-04T05:23:50+00:00","og_image":[{"width":1167,"height":1167,"url":"https:\/\/bakirci.com\/ekipman\/wp-content\/uploads\/2021\/06\/Geoliner-630-AC100.png","path":"\/home\/bakirciwebsitesi\/public_html\/ekipman\/wp-content\/uploads\/2021\/06\/Geoliner-630-AC100.png","size":"full","id":4936,"alt":"Aks \u00d6l\u00e7\u00fcm Cihaz\u0131 - Geoliner 630 - AC100","pixels":1361889,"type":"image\/png"}],"twitter_card":"summary_large_image","twitter_misc":{"Tahmini okuma s\u00fcresi":"1 dakika"},"schema":{"@context":"https:\/\/schema.org","@graph":[{"@type":"Organization","@id":"https:\/\/bakirci.com\/ekipman\/#organization","name":"Bak\u0131rc\u0131 garagineering","url":"https:\/\/bakirci.com\/ekipman\/","sameAs":["https:\/\/www.facebook.com\/bakirci.garagineering","https:\/\/www.instagram.com\/bakirci.garagineering\/","https:\/\/www.linkedin.com\/company\/bakirci-garagineering\/","https:\/\/www.youtube.com\/channel\/UCiVG6s_jALJ6Zk8085XiOQg"],"logo":{"@type":"ImageObject","@id":"https:\/\/bakirci.com\/ekipman\/#logo","inLanguage":"tr","url":"https:\/\/bakirci.com\/ekipman\/wp-content\/uploads\/2021\/09\/Bakirci-logo-lacivert.png","contentUrl":"https:\/\/bakirci.com\/ekipman\/wp-content\/uploads\/2021\/09\/Bakirci-logo-lacivert.png","width":501,"height":501,"caption":"Bak\u0131rc\u0131 garagineering"},"image":{"@id":"https:\/\/bakirci.com\/ekipman\/#logo"}},{"@type":"WebSite","@id":"https:\/\/bakirci.com\/ekipman\/#website","url":"https:\/\/bakirci.com\/ekipman\/","name":"Bak\u0131rc\u0131 Garagineering","description":"Otomotiv sekt\u00f6r\u00fcne \u00f6zel, \u201c\u00dcretici Standard\u0131nda\u201d \u00e7\u00f6z\u00fcmler\u2026","publisher":{"@id":"https:\/\/bakirci.com\/ekipman\/#organization"},"potentialAction":[{"@type":"SearchAction","target":{"@type":"EntryPoint","urlTemplate":"https:\/\/bakirci.com\/ekipman\/?s={search_term_string}"},"query-input":"required name=search_term_string"}],"inLanguage":"tr"},{"@type":"ImageObject","@id":"https:\/\/bakirci.com\/ekipman\/servis-ekipmanlari\/mekanik\/lastik-servis-ekipmanlari\/aks-olcum-cihazlari\/geoliner-630-ac100\/#primaryimage","inLanguage":"tr","url":"https:\/\/bakirci.com\/ekipman\/wp-content\/uploads\/2021\/06\/Geoliner-630-AC100.png","contentUrl":"https:\/\/bakirci.com\/ekipman\/wp-content\/uploads\/2021\/06\/Geoliner-630-AC100.png","width":1167,"height":1167,"caption":"Aks \u00d6l\u00e7\u00fcm Cihaz\u0131 - Geoliner 630 - AC100"},{"@type":"WebPage","@id":"https:\/\/bakirci.com\/ekipman\/servis-ekipmanlari\/mekanik\/lastik-servis-ekipmanlari\/aks-olcum-cihazlari\/geoliner-630-ac100\/#webpage","url":"https:\/\/bakirci.com\/ekipman\/servis-ekipmanlari\/mekanik\/lastik-servis-ekipmanlari\/aks-olcum-cihazlari\/geoliner-630-ac100\/","name":"Aks \u00d6l\u00e7\u00fcm Cihaz\u0131 - 630 - AC100 - HOFMANN - Lastik Servis Ekipman\u0131","isPartOf":{"@id":"https:\/\/bakirci.com\/ekipman\/#website"},"primaryImageOfPage":{"@id":"https:\/\/bakirci.com\/ekipman\/servis-ekipmanlari\/mekanik\/lastik-servis-ekipmanlari\/aks-olcum-cihazlari\/geoliner-630-ac100\/#primaryimage"},"datePublished":"2021-07-01T20:55:02+00:00","dateModified":"2021-09-04T05:23:50+00:00","description":"Aks \u00d6l\u00e7\u00fcm Cihaz\u0131 - Geoliner - 630 - AC100 - HOFMANN - Lastik Servis Ekipman\u0131 - Ger\u00e7ek zamanl\u0131 3D net ve h\u0131zl\u0131 aks \u00f6l\u00e7\u00fcm\u00fc - Havada ayar imkan\u0131","breadcrumb":{"@id":"https:\/\/bakirci.com\/ekipman\/servis-ekipmanlari\/mekanik\/lastik-servis-ekipmanlari\/aks-olcum-cihazlari\/geoliner-630-ac100\/#breadcrumb"},"inLanguage":"tr","potentialAction":[{"@type":"ReadAction","target":["https:\/\/bakirci.com\/ekipman\/servis-ekipmanlari\/mekanik\/lastik-servis-ekipmanlari\/aks-olcum-cihazlari\/geoliner-630-ac100\/"]}]},{"@type":"BreadcrumbList","@id":"https:\/\/bakirci.com\/ekipman\/servis-ekipmanlari\/mekanik\/lastik-servis-ekipmanlari\/aks-olcum-cihazlari\/geoliner-630-ac100\/#breadcrumb","itemListElement":[{"@type":"ListItem","position":1,"name":"Ekipman","item":"https:\/\/bakirci.com\/ekipman\/"},{"@type":"ListItem","position":2,"name":"Otomotiv Tesisleri \u0130\u00e7in Servis Ekipmanlar\u0131","item":"https:\/\/bakirci.com\/ekipman\/"},{"@type":"ListItem","position":3,"name":"Aks \u00d6l\u00e7\u00fcm Cihazlar\u0131HOFMANN (Born in GERMANY)Geoliner 630 &#8211; AC1003D \u00f6l\u00e7\u00fcm sistemi"}]}]}},"_links":{"self":[{"href":"https:\/\/bakirci.com\/ekipman\/wp-json\/wp\/v2\/product\/3987","targetHints":{"allow":["GET"]}}],"collection":[{"href":"https:\/\/bakirci.com\/ekipman\/wp-json\/wp\/v2\/product"}],"about":[{"href":"https:\/\/bakirci.com\/ekipman\/wp-json\/wp\/v2\/types\/product"}],"replies":[{"embeddable":true,"href":"https:\/\/bakirci.com\/ekipman\/wp-json\/wp\/v2\/comments?post=3987"}],"wp:featuredmedia":[{"embeddable":true,"href":"https:\/\/bakirci.com\/ekipman\/wp-json\/wp\/v2\/media\/4936"}],"wp:attachment":[{"href":"https:\/\/bakirci.com\/ekipman\/wp-json\/wp\/v2\/media?parent=3987"}],"wp:term":[{"taxonomy":"product_cat","embeddable":true,"href":"https:\/\/bakirci.com\/ekipman\/wp-json\/wp\/v2\/product_cat?post=3987"},{"taxonomy":"product_tag","embeddable":true,"href":"https:\/\/bakirci.com\/ekipman\/wp-json\/wp\/v2\/product_tag?post=3987"}],"curies":[{"name":"wp","href":"https:\/\/api.w.org\/{rel}","templated":true}]}}