{"id":3812,"date":"2021-08-02T08:15:39","date_gmt":"2021-08-02T08:15:39","guid":{"rendered":"https:\/\/j6l.65c.myftpupload.com\/?post_type=product&#038;p=3812"},"modified":"2021-09-03T15:01:20","modified_gmt":"2021-09-03T15:01:20","slug":"gst-4600-fa","status":"publish","type":"product","link":"https:\/\/bakirci.com\/ekipman\/servis-ekipmanlari\/mekanik\/arac-test-hatlari\/gst-4600-fa\/","title":{"rendered":"<p class=\"ustmetin\">\u00d6n Tak\u0131m Bo\u015fluk Test Cihaz\u0131<\/p><p class=\"ortametin\">CARTEC <span class=\"ortametin2\">(Born in GERMANY)<\/span><\/p><p class=\"altmetin\">GST 4600 FA <br>Aks a\u011f\u0131rl\u0131\u011f\u0131 20000 kg\/h<\/p>"},"content":{"rendered":"<p><strong>\u00d6n Tak\u0131m Bo\u015fluk Test Cihaz\u0131 &#8211; GST 4600 FA<\/strong><\/p>\n<ul>\n<li>S\u00fcspansiyon sistemi ve y\u00fcr\u00fcyen aksam\u0131n kontrol\u00fc<\/li>\n<li>Ya\u011f ve benzeri maddelere dayan\u0131kl\u0131 \u00f6zel \u0131\u015f\u0131kl\u0131 joystick kumanda<\/li>\n<li>8 farkl\u0131 hareket program\u0131<\/li>\n<li>Otomatik veya manuel se\u00e7im imkan\u0131<\/li>\n<li>Test plakalar\u0131n\u0131n otomatik olarak ba\u015flang\u0131\u00e7 \u200b\u200bkonumuna getirilmesi<\/li>\n<li>Elektrik tahrikli hidrolik pompa \u00fcnitesi<\/li>\n<li>Motor g\u00fcc\u00fc 3 kW<\/li>\n<li>Aks a\u011f\u0131rl\u0131\u011f\u0131 20000 kg<\/li>\n<\/ul>\n","protected":false},"excerpt":{"rendered":"<p><strong>\u00d6n Tak\u0131m Bo\u015fluk Test Cihaz\u0131 &#8211; GST 4600 FA<\/strong><\/p>\n<ul>\n<li>S\u00fcspansiyon sistemi ve y\u00fcr\u00fcyen aksam\u0131n kontrol\u00fc<\/li>\n<li>Ya\u011f ve benzeri maddelere dayan\u0131kl\u0131 \u00f6zel \u0131\u015f\u0131kl\u0131 joystick kumanda<\/li>\n<li>8 farkl\u0131 hareket program\u0131<\/li>\n<li>Otomatik veya manuel se\u00e7im imkan\u0131<\/li>\n<li>Test plakalar\u0131n\u0131n otomatik olarak ba\u015flang\u0131\u00e7 \u200b\u200bkonumuna getirilmesi<\/li>\n<li>Elektrik tahrikli hidrolik pompa \u00fcnitesi<\/li>\n<li>Motor g\u00fcc\u00fc 3 kW<\/li>\n<li>Aks a\u011f\u0131rl\u0131\u011f\u0131 20000 kg<\/li>\n<\/ul>\n","protected":false},"featured_media":5633,"comment_status":"closed","ping_status":"closed","template":"","meta":[],"product_cat":[196],"product_tag":[247,264,225,236,224,253,217,210,209,229,207,206,246,244,248,251,239,231,258,342,263,220,237,238,240,256,218,261,262,219,216,226,245,252,232,242,241,259,243,212,211,235,221,254,234,230,233,255,222,227,257,208,260,223,249,250,213,214,215,228],"class_list":["post-3812","product","type-product","status-publish","has-post-thumbnail","hentry","pwb-brand-cartec","product_cat-arac-test-hatlari","product_tag-2-el-otomobil-oto-ekspertiz-raporu","product_tag-4wd-single-roller-dynamometer","product_tag-4x2-dyno","product_tag-4x2-ekspertiz-set","product_tag-4x4-dyno","product_tag-agir-vasita-rulolu-arac-dinamometresi","product_tag-araba-ekspertizi","product_tag-arac-ekspertiz","product_tag-arac-expertiz","product_tag-arac-kabul-cihazlari","product_tag-arac-muayene-ekipmanlari","product_tag-arac-muayene-istasyonu-ekipmanlari","product_tag-bagimsiz-arac-ekspertiz","product_tag-bagimsiz-oto-ekspertiz","product_tag-bagimsiz-ve-tam-donanimli-oto-ekspertiz-kurulusu","product_tag-binek-arac-motor-dinamometresi","product_tag-binek-ve-hafif-ticari-fren-test-cihazi","product_tag-brake-testing-technology","product_tag-car-dynos","product_tag-cartec","product_tag-chassis-dynamometers","product_tag-daynotest","product_tag-dinamometre-guc-testi-4x2","product_tag-dinamometre-guc-testi-4x4","product_tag-dinamometre-test-cihazi","product_tag-dynamometers","product_tag-dyno","product_tag-dyno-cells","product_tag-dyno-test","product_tag-dynotest","product_tag-ekspertiz-makinalari","product_tag-fren","product_tag-garanti-mobil-oto-ekspertiz","product_tag-guc-test-cihazi","product_tag-independent-workshops","product_tag-inspection-center","product_tag-mot","product_tag-motorcycle-dynos","product_tag-oto-eksper","product_tag-oto-ekspertiz","product_tag-oto-test-cihazlari","product_tag-performance-measurement-technology","product_tag-performans-test","product_tag-pruftechnik","product_tag-reception-and-diagnostic-test-lanes","product_tag-resepsiyon-ekipmanlari","product_tag-roller-brake-tester","product_tag-roller-brake-testers","product_tag-sasi-dinamometresi","product_tag-suspansiyon","product_tag-suspension-testers","product_tag-test-ve-teshis-ekipmanlari","product_tag-truck-dynos","product_tag-tse-belgeli","product_tag-tse-belgeli-oto-ekspertiz","product_tag-tse-hyb-belgeli-ekspertiz","product_tag-tuv-sud-dexpert","product_tag-tuv-turk","product_tag-tuv-turk-d-ekspert","product_tag-yanal-kayma"],"brands":[{"id":360,"name":"CARTEC","slug":"cartec"}],"yoast_head":"<!-- This site is optimized with the Yoast SEO plugin v17.1 - https:\/\/yoast.com\/wordpress\/plugins\/seo\/ -->\n<title>\u00d6n Tak\u0131m Bo\u015fluk Test Cihaz\u0131 - Servis Ekipman\u0131 - CARTEC - GST 4600 FA<\/title>\n<meta name=\"description\" content=\"\u00d6n Tak\u0131m Bo\u015fluk Test Cihaz\u0131 - CARTEC - GST 4600 FA - Ara\u00e7 Test Hatlar\u0131 - Aks a\u011f\u0131rl\u0131\u011f\u0131 20000 kg - Motor g\u00fcc\u00fc 3 kW - Y\u00fcr\u00fcyen Aksam\u0131n Kontrol\u00fc\" \/>\n<meta name=\"robots\" content=\"index, follow, max-snippet:-1, max-image-preview:large, max-video-preview:-1\" \/>\n<link rel=\"canonical\" href=\"https:\/\/bakirci.com\/ekipman\/servis-ekipmanlari\/mekanik\/arac-test-hatlari\/gst-4600-fa\/\" \/>\n<meta property=\"og:locale\" content=\"tr_TR\" \/>\n<meta property=\"og:type\" content=\"article\" \/>\n<meta property=\"og:title\" content=\"\u00d6n Tak\u0131m Bo\u015fluk Test Cihaz\u0131 - Servis Ekipman\u0131 - CARTEC - GST 4600 FA\" \/>\n<meta property=\"og:description\" content=\"\u00d6n Tak\u0131m Bo\u015fluk Test Cihaz\u0131 - CARTEC - GST 4600 FA - Ara\u00e7 Test Hatlar\u0131 - Aks a\u011f\u0131rl\u0131\u011f\u0131 20000 kg - Motor g\u00fcc\u00fc 3 kW - Y\u00fcr\u00fcyen Aksam\u0131n Kontrol\u00fc\" \/>\n<meta property=\"og:url\" content=\"https:\/\/bakirci.com\/ekipman\/servis-ekipmanlari\/mekanik\/arac-test-hatlari\/gst-4600-fa\/\" \/>\n<meta property=\"og:site_name\" content=\"Bak\u0131rc\u0131 Garagineering\" \/>\n<meta property=\"article:publisher\" content=\"https:\/\/www.facebook.com\/bakirci.garagineering\" \/>\n<meta property=\"article:modified_time\" content=\"2021-09-03T15:01:20+00:00\" \/>\n<meta property=\"og:image\" content=\"https:\/\/bakirci.com\/ekipman\/wp-content\/uploads\/2021\/08\/GST-4600-FA.jpeg\" \/>\n\t<meta property=\"og:image:width\" content=\"2000\" \/>\n\t<meta property=\"og:image:height\" content=\"1758\" \/>\n<meta name=\"twitter:card\" content=\"summary_large_image\" \/>\n<meta name=\"twitter:label1\" content=\"Tahmini okuma s\u00fcresi\" \/>\n\t<meta name=\"twitter:data1\" content=\"1 dakika\" \/>\n<script type=\"application\/ld+json\" class=\"yoast-schema-graph\">{\"@context\":\"https:\/\/schema.org\",\"@graph\":[{\"@type\":\"Organization\",\"@id\":\"https:\/\/bakirci.com\/ekipman\/#organization\",\"name\":\"Bak\\u0131rc\\u0131 garagineering\",\"url\":\"https:\/\/bakirci.com\/ekipman\/\",\"sameAs\":[\"https:\/\/www.facebook.com\/bakirci.garagineering\",\"https:\/\/www.instagram.com\/bakirci.garagineering\/\",\"https:\/\/www.linkedin.com\/company\/bakirci-garagineering\/\",\"https:\/\/www.youtube.com\/channel\/UCiVG6s_jALJ6Zk8085XiOQg\"],\"logo\":{\"@type\":\"ImageObject\",\"@id\":\"https:\/\/bakirci.com\/ekipman\/#logo\",\"inLanguage\":\"tr\",\"url\":\"https:\/\/bakirci.com\/ekipman\/wp-content\/uploads\/2021\/09\/Bakirci-logo-lacivert.png\",\"contentUrl\":\"https:\/\/bakirci.com\/ekipman\/wp-content\/uploads\/2021\/09\/Bakirci-logo-lacivert.png\",\"width\":501,\"height\":501,\"caption\":\"Bak\\u0131rc\\u0131 garagineering\"},\"image\":{\"@id\":\"https:\/\/bakirci.com\/ekipman\/#logo\"}},{\"@type\":\"WebSite\",\"@id\":\"https:\/\/bakirci.com\/ekipman\/#website\",\"url\":\"https:\/\/bakirci.com\/ekipman\/\",\"name\":\"Bak\\u0131rc\\u0131 Garagineering\",\"description\":\"Otomotiv sekt\\u00f6r\\u00fcne \\u00f6zel, \\u201c\\u00dcretici Standard\\u0131nda\\u201d \\u00e7\\u00f6z\\u00fcmler\\u2026\",\"publisher\":{\"@id\":\"https:\/\/bakirci.com\/ekipman\/#organization\"},\"potentialAction\":[{\"@type\":\"SearchAction\",\"target\":{\"@type\":\"EntryPoint\",\"urlTemplate\":\"https:\/\/bakirci.com\/ekipman\/?s={search_term_string}\"},\"query-input\":\"required name=search_term_string\"}],\"inLanguage\":\"tr\"},{\"@type\":\"ImageObject\",\"@id\":\"https:\/\/bakirci.com\/ekipman\/servis-ekipmanlari\/mekanik\/arac-test-hatlari\/gst-4600-fa\/#primaryimage\",\"inLanguage\":\"tr\",\"url\":\"https:\/\/bakirci.com\/ekipman\/wp-content\/uploads\/2021\/08\/GST-4600-FA.jpeg\",\"contentUrl\":\"https:\/\/bakirci.com\/ekipman\/wp-content\/uploads\/2021\/08\/GST-4600-FA.jpeg\",\"width\":2000,\"height\":1758,\"caption\":\"\\u00d6n Tak\\u0131m Bo\\u015fluk Test Cihaz\\u0131 \\u2013 GST 4600 FA\"},{\"@type\":\"WebPage\",\"@id\":\"https:\/\/bakirci.com\/ekipman\/servis-ekipmanlari\/mekanik\/arac-test-hatlari\/gst-4600-fa\/#webpage\",\"url\":\"https:\/\/bakirci.com\/ekipman\/servis-ekipmanlari\/mekanik\/arac-test-hatlari\/gst-4600-fa\/\",\"name\":\"\\u00d6n Tak\\u0131m Bo\\u015fluk Test Cihaz\\u0131 - Servis Ekipman\\u0131 - CARTEC - GST 4600 FA\",\"isPartOf\":{\"@id\":\"https:\/\/bakirci.com\/ekipman\/#website\"},\"primaryImageOfPage\":{\"@id\":\"https:\/\/bakirci.com\/ekipman\/servis-ekipmanlari\/mekanik\/arac-test-hatlari\/gst-4600-fa\/#primaryimage\"},\"datePublished\":\"2021-08-02T08:15:39+00:00\",\"dateModified\":\"2021-09-03T15:01:20+00:00\",\"description\":\"\\u00d6n Tak\\u0131m Bo\\u015fluk Test Cihaz\\u0131 - CARTEC - GST 4600 FA - Ara\\u00e7 Test Hatlar\\u0131 - Aks a\\u011f\\u0131rl\\u0131\\u011f\\u0131 20000 kg - Motor g\\u00fcc\\u00fc 3 kW - Y\\u00fcr\\u00fcyen Aksam\\u0131n Kontrol\\u00fc\",\"breadcrumb\":{\"@id\":\"https:\/\/bakirci.com\/ekipman\/servis-ekipmanlari\/mekanik\/arac-test-hatlari\/gst-4600-fa\/#breadcrumb\"},\"inLanguage\":\"tr\",\"potentialAction\":[{\"@type\":\"ReadAction\",\"target\":[\"https:\/\/bakirci.com\/ekipman\/servis-ekipmanlari\/mekanik\/arac-test-hatlari\/gst-4600-fa\/\"]}]},{\"@type\":\"BreadcrumbList\",\"@id\":\"https:\/\/bakirci.com\/ekipman\/servis-ekipmanlari\/mekanik\/arac-test-hatlari\/gst-4600-fa\/#breadcrumb\",\"itemListElement\":[{\"@type\":\"ListItem\",\"position\":1,\"name\":\"Ekipman\",\"item\":\"https:\/\/bakirci.com\/ekipman\/\"},{\"@type\":\"ListItem\",\"position\":2,\"name\":\"Otomotiv Tesisleri \\u0130\\u00e7in Servis Ekipmanlar\\u0131\",\"item\":\"https:\/\/bakirci.com\/ekipman\/\"},{\"@type\":\"ListItem\",\"position\":3,\"name\":\"\\u00d6n Tak\\u0131m Bo\\u015fluk Test Cihaz\\u0131CARTEC (Born in GERMANY)GST 4600 FA Aks a\\u011f\\u0131rl\\u0131\\u011f\\u0131 20000 kg\/h\"}]}]}<\/script>\n<!-- \/ Yoast SEO plugin. -->","yoast_head_json":{"title":"\u00d6n Tak\u0131m Bo\u015fluk Test Cihaz\u0131 - Servis Ekipman\u0131 - CARTEC - GST 4600 FA","description":"\u00d6n Tak\u0131m Bo\u015fluk Test Cihaz\u0131 - CARTEC - GST 4600 FA - Ara\u00e7 Test Hatlar\u0131 - Aks a\u011f\u0131rl\u0131\u011f\u0131 20000 kg - Motor g\u00fcc\u00fc 3 kW - Y\u00fcr\u00fcyen Aksam\u0131n Kontrol\u00fc","robots":{"index":"index","follow":"follow","max-snippet":"max-snippet:-1","max-image-preview":"max-image-preview:large","max-video-preview":"max-video-preview:-1"},"canonical":"https:\/\/bakirci.com\/ekipman\/servis-ekipmanlari\/mekanik\/arac-test-hatlari\/gst-4600-fa\/","og_locale":"tr_TR","og_type":"article","og_title":"\u00d6n Tak\u0131m Bo\u015fluk Test Cihaz\u0131 - Servis Ekipman\u0131 - CARTEC - GST 4600 FA","og_description":"\u00d6n Tak\u0131m Bo\u015fluk Test Cihaz\u0131 - CARTEC - GST 4600 FA - Ara\u00e7 Test Hatlar\u0131 - Aks a\u011f\u0131rl\u0131\u011f\u0131 20000 kg - Motor g\u00fcc\u00fc 3 kW - Y\u00fcr\u00fcyen Aksam\u0131n Kontrol\u00fc","og_url":"https:\/\/bakirci.com\/ekipman\/servis-ekipmanlari\/mekanik\/arac-test-hatlari\/gst-4600-fa\/","og_site_name":"Bak\u0131rc\u0131 Garagineering","article_publisher":"https:\/\/www.facebook.com\/bakirci.garagineering","article_modified_time":"2021-09-03T15:01:20+00:00","og_image":[{"width":2000,"height":1758,"url":"https:\/\/bakirci.com\/ekipman\/wp-content\/uploads\/2021\/08\/GST-4600-FA.jpeg","path":"\/home\/bakirciwebsitesi\/public_html\/ekipman\/wp-content\/uploads\/2021\/08\/GST-4600-FA.jpeg","size":"full","id":5633,"alt":"\u00d6n Tak\u0131m Bo\u015fluk Test Cihaz\u0131 \u2013 GST 4600 FA","pixels":3516000,"type":"image\/jpeg"}],"twitter_card":"summary_large_image","twitter_misc":{"Tahmini okuma s\u00fcresi":"1 dakika"},"schema":{"@context":"https:\/\/schema.org","@graph":[{"@type":"Organization","@id":"https:\/\/bakirci.com\/ekipman\/#organization","name":"Bak\u0131rc\u0131 garagineering","url":"https:\/\/bakirci.com\/ekipman\/","sameAs":["https:\/\/www.facebook.com\/bakirci.garagineering","https:\/\/www.instagram.com\/bakirci.garagineering\/","https:\/\/www.linkedin.com\/company\/bakirci-garagineering\/","https:\/\/www.youtube.com\/channel\/UCiVG6s_jALJ6Zk8085XiOQg"],"logo":{"@type":"ImageObject","@id":"https:\/\/bakirci.com\/ekipman\/#logo","inLanguage":"tr","url":"https:\/\/bakirci.com\/ekipman\/wp-content\/uploads\/2021\/09\/Bakirci-logo-lacivert.png","contentUrl":"https:\/\/bakirci.com\/ekipman\/wp-content\/uploads\/2021\/09\/Bakirci-logo-lacivert.png","width":501,"height":501,"caption":"Bak\u0131rc\u0131 garagineering"},"image":{"@id":"https:\/\/bakirci.com\/ekipman\/#logo"}},{"@type":"WebSite","@id":"https:\/\/bakirci.com\/ekipman\/#website","url":"https:\/\/bakirci.com\/ekipman\/","name":"Bak\u0131rc\u0131 Garagineering","description":"Otomotiv sekt\u00f6r\u00fcne \u00f6zel, \u201c\u00dcretici Standard\u0131nda\u201d \u00e7\u00f6z\u00fcmler\u2026","publisher":{"@id":"https:\/\/bakirci.com\/ekipman\/#organization"},"potentialAction":[{"@type":"SearchAction","target":{"@type":"EntryPoint","urlTemplate":"https:\/\/bakirci.com\/ekipman\/?s={search_term_string}"},"query-input":"required name=search_term_string"}],"inLanguage":"tr"},{"@type":"ImageObject","@id":"https:\/\/bakirci.com\/ekipman\/servis-ekipmanlari\/mekanik\/arac-test-hatlari\/gst-4600-fa\/#primaryimage","inLanguage":"tr","url":"https:\/\/bakirci.com\/ekipman\/wp-content\/uploads\/2021\/08\/GST-4600-FA.jpeg","contentUrl":"https:\/\/bakirci.com\/ekipman\/wp-content\/uploads\/2021\/08\/GST-4600-FA.jpeg","width":2000,"height":1758,"caption":"\u00d6n Tak\u0131m Bo\u015fluk Test Cihaz\u0131 \u2013 GST 4600 FA"},{"@type":"WebPage","@id":"https:\/\/bakirci.com\/ekipman\/servis-ekipmanlari\/mekanik\/arac-test-hatlari\/gst-4600-fa\/#webpage","url":"https:\/\/bakirci.com\/ekipman\/servis-ekipmanlari\/mekanik\/arac-test-hatlari\/gst-4600-fa\/","name":"\u00d6n Tak\u0131m Bo\u015fluk Test Cihaz\u0131 - Servis Ekipman\u0131 - CARTEC - GST 4600 FA","isPartOf":{"@id":"https:\/\/bakirci.com\/ekipman\/#website"},"primaryImageOfPage":{"@id":"https:\/\/bakirci.com\/ekipman\/servis-ekipmanlari\/mekanik\/arac-test-hatlari\/gst-4600-fa\/#primaryimage"},"datePublished":"2021-08-02T08:15:39+00:00","dateModified":"2021-09-03T15:01:20+00:00","description":"\u00d6n Tak\u0131m Bo\u015fluk Test Cihaz\u0131 - CARTEC - GST 4600 FA - Ara\u00e7 Test Hatlar\u0131 - Aks a\u011f\u0131rl\u0131\u011f\u0131 20000 kg - Motor g\u00fcc\u00fc 3 kW - Y\u00fcr\u00fcyen Aksam\u0131n Kontrol\u00fc","breadcrumb":{"@id":"https:\/\/bakirci.com\/ekipman\/servis-ekipmanlari\/mekanik\/arac-test-hatlari\/gst-4600-fa\/#breadcrumb"},"inLanguage":"tr","potentialAction":[{"@type":"ReadAction","target":["https:\/\/bakirci.com\/ekipman\/servis-ekipmanlari\/mekanik\/arac-test-hatlari\/gst-4600-fa\/"]}]},{"@type":"BreadcrumbList","@id":"https:\/\/bakirci.com\/ekipman\/servis-ekipmanlari\/mekanik\/arac-test-hatlari\/gst-4600-fa\/#breadcrumb","itemListElement":[{"@type":"ListItem","position":1,"name":"Ekipman","item":"https:\/\/bakirci.com\/ekipman\/"},{"@type":"ListItem","position":2,"name":"Otomotiv Tesisleri \u0130\u00e7in Servis Ekipmanlar\u0131","item":"https:\/\/bakirci.com\/ekipman\/"},{"@type":"ListItem","position":3,"name":"\u00d6n Tak\u0131m Bo\u015fluk Test Cihaz\u0131CARTEC (Born in GERMANY)GST 4600 FA Aks a\u011f\u0131rl\u0131\u011f\u0131 20000 kg\/h"}]}]}},"_links":{"self":[{"href":"https:\/\/bakirci.com\/ekipman\/wp-json\/wp\/v2\/product\/3812","targetHints":{"allow":["GET"]}}],"collection":[{"href":"https:\/\/bakirci.com\/ekipman\/wp-json\/wp\/v2\/product"}],"about":[{"href":"https:\/\/bakirci.com\/ekipman\/wp-json\/wp\/v2\/types\/product"}],"replies":[{"embeddable":true,"href":"https:\/\/bakirci.com\/ekipman\/wp-json\/wp\/v2\/comments?post=3812"}],"wp:featuredmedia":[{"embeddable":true,"href":"https:\/\/bakirci.com\/ekipman\/wp-json\/wp\/v2\/media\/5633"}],"wp:attachment":[{"href":"https:\/\/bakirci.com\/ekipman\/wp-json\/wp\/v2\/media?parent=3812"}],"wp:term":[{"taxonomy":"product_cat","embeddable":true,"href":"https:\/\/bakirci.com\/ekipman\/wp-json\/wp\/v2\/product_cat?post=3812"},{"taxonomy":"product_tag","embeddable":true,"href":"https:\/\/bakirci.com\/ekipman\/wp-json\/wp\/v2\/product_tag?post=3812"}],"curies":[{"name":"wp","href":"https:\/\/api.w.org\/{rel}","templated":true}]}}