{"id":3784,"date":"2021-08-02T09:00:26","date_gmt":"2021-08-02T09:00:26","guid":{"rendered":"https:\/\/j6l.65c.myftpupload.com\/?post_type=product&#038;p=3784"},"modified":"2023-06-22T14:03:28","modified_gmt":"2023-06-22T14:03:28","slug":"motosiklet-fren-test-cihazi","status":"publish","type":"product","link":"https:\/\/bakirci.com\/ekipman\/servis-ekipmanlari\/mekanik\/arac-test-hatlari\/motosiklet-fren-test-cihazi\/","title":{"rendered":"<p class=\"ustmetin\">Motosiklet Fren Test Cihaz\u0131<\/p><p class=\"ortametin\">CARTEC <span class=\"ortametin2\">(Born in GERMANY)<\/span><\/p><p class=\"altmetin\">BDE 500 PC Bike ALW3 BrM WIN<br> Aks a\u011f\u0131rl\u0131\u011f\u0131 500 kg, \u00f6l\u00e7\u00fcm h\u0131z\u0131 5,5 km\/h<\/p>"},"content":{"rendered":"<p><strong>Motosiklet Fren Test Cihaz\u0131 &#8211; BDE 500 PC Bike ALW3 BrM WIN<\/strong><\/p>\n<ul>\n<li>Tekerlek d\u00f6nme direnci, fren diski ovalite ve maksimum frenleme \u00f6l\u00e7\u00fcm\u00fc<\/li>\n<li>Fren verimlili\u011fi \u00f6l\u00e7\u00fcm\u00fc i\u00e7in a\u011f\u0131rl\u0131k tart\u0131 mod\u00fcl\u00fc<\/li>\n<li>Rulodan kolay \u00e7\u0131kmay\u0131 sa\u011flayan fren sistemi<\/li>\n<li>Aks a\u011f\u0131rl\u0131\u011f\u0131 500 kg<\/li>\n<li>\u00d6l\u00e7\u00fcm h\u0131z\u0131 5,5 km\/h<\/li>\n<li>\u00d6l\u00e7\u00fcm aral\u0131\u011f\u0131 0\/3 kN<\/li>\n<\/ul>\n","protected":false},"excerpt":{"rendered":"<p><strong>Motosiklet Fren Test Cihaz\u0131 &#8211; BDE 500 PC Bike ALW3 BrM WIN<\/strong><\/p>\n<ul>\n<li>Tekerlek d\u00f6nme direnci, fren diski ovalite ve maksimum frenleme \u00f6l\u00e7\u00fcm\u00fc<\/li>\n<li>Fren verimlili\u011fi \u00f6l\u00e7\u00fcm\u00fc i\u00e7in a\u011f\u0131rl\u0131k tart\u0131 mod\u00fcl\u00fc<\/li>\n<li>Rulodan kolay \u00e7\u0131kmay\u0131 sa\u011flayan fren sistemi<\/li>\n<li>Aks a\u011f\u0131rl\u0131\u011f\u0131 500 kg<\/li>\n<li>\u00d6l\u00e7\u00fcm h\u0131z\u0131 5,5 km\/h<\/li>\n<li>\u00d6l\u00e7\u00fcm aral\u0131\u011f\u0131 0\/3 kN<\/li>\n<\/ul>\n","protected":false},"featured_media":5623,"comment_status":"closed","ping_status":"closed","template":"","meta":[],"product_cat":[196],"product_tag":[247,264,225,236,224,253,217,210,209,229,207,206,246,244,248,251,239,231,258,342,263,220,237,238,240,256,218,261,262,219,216,226,245,252,232,242,241,259,243,212,211,235,221,254,234,230,233,255,222,227,257,208,260,223,249,250,213,214,215,228],"class_list":["post-3784","product","type-product","status-publish","has-post-thumbnail","hentry","pwb-brand-cartec","product_cat-arac-test-hatlari","product_tag-2-el-otomobil-oto-ekspertiz-raporu","product_tag-4wd-single-roller-dynamometer","product_tag-4x2-dyno","product_tag-4x2-ekspertiz-set","product_tag-4x4-dyno","product_tag-agir-vasita-rulolu-arac-dinamometresi","product_tag-araba-ekspertizi","product_tag-arac-ekspertiz","product_tag-arac-expertiz","product_tag-arac-kabul-cihazlari","product_tag-arac-muayene-ekipmanlari","product_tag-arac-muayene-istasyonu-ekipmanlari","product_tag-bagimsiz-arac-ekspertiz","product_tag-bagimsiz-oto-ekspertiz","product_tag-bagimsiz-ve-tam-donanimli-oto-ekspertiz-kurulusu","product_tag-binek-arac-motor-dinamometresi","product_tag-binek-ve-hafif-ticari-fren-test-cihazi","product_tag-brake-testing-technology","product_tag-car-dynos","product_tag-cartec","product_tag-chassis-dynamometers","product_tag-daynotest","product_tag-dinamometre-guc-testi-4x2","product_tag-dinamometre-guc-testi-4x4","product_tag-dinamometre-test-cihazi","product_tag-dynamometers","product_tag-dyno","product_tag-dyno-cells","product_tag-dyno-test","product_tag-dynotest","product_tag-ekspertiz-makinalari","product_tag-fren","product_tag-garanti-mobil-oto-ekspertiz","product_tag-guc-test-cihazi","product_tag-independent-workshops","product_tag-inspection-center","product_tag-mot","product_tag-motorcycle-dynos","product_tag-oto-eksper","product_tag-oto-ekspertiz","product_tag-oto-test-cihazlari","product_tag-performance-measurement-technology","product_tag-performans-test","product_tag-pruftechnik","product_tag-reception-and-diagnostic-test-lanes","product_tag-resepsiyon-ekipmanlari","product_tag-roller-brake-tester","product_tag-roller-brake-testers","product_tag-sasi-dinamometresi","product_tag-suspansiyon","product_tag-suspension-testers","product_tag-test-ve-teshis-ekipmanlari","product_tag-truck-dynos","product_tag-tse-belgeli","product_tag-tse-belgeli-oto-ekspertiz","product_tag-tse-hyb-belgeli-ekspertiz","product_tag-tuv-sud-dexpert","product_tag-tuv-turk","product_tag-tuv-turk-d-ekspert","product_tag-yanal-kayma"],"brands":[{"id":360,"name":"CARTEC","slug":"cartec"}],"yoast_head":"<!-- This site is optimized with the Yoast SEO plugin v17.1 - https:\/\/yoast.com\/wordpress\/plugins\/seo\/ -->\n<title>Motosiklet Fren Test Cihaz\u0131 - CARTEC - BDE 500 PC Bike ALW3 BrM WIN<\/title>\n<meta name=\"description\" content=\"Motosiklet Fren Test Cihaz\u0131 - CARTEC - Ara\u00e7 Test Hatlar\u0131 - Aks a\u011f\u0131rl\u0131\u011f\u0131 500 kg - \u00d6l\u00e7\u00fcm h\u0131z\u0131 5,5 km\/h - \u00d6l\u00e7\u00fcm aral\u0131\u011f\u0131 0\/3 kN\" \/>\n<meta name=\"robots\" content=\"index, follow, max-snippet:-1, max-image-preview:large, max-video-preview:-1\" \/>\n<link rel=\"canonical\" href=\"https:\/\/bakirci.com\/ekipman\/servis-ekipmanlari\/mekanik\/arac-test-hatlari\/motosiklet-fren-test-cihazi\/\" \/>\n<meta property=\"og:locale\" content=\"tr_TR\" \/>\n<meta property=\"og:type\" content=\"article\" \/>\n<meta property=\"og:title\" content=\"Motosiklet Fren Test Cihaz\u0131 - CARTEC - BDE 500 PC Bike ALW3 BrM WIN\" \/>\n<meta property=\"og:description\" content=\"Motosiklet Fren Test Cihaz\u0131 - CARTEC - Ara\u00e7 Test Hatlar\u0131 - Aks a\u011f\u0131rl\u0131\u011f\u0131 500 kg - \u00d6l\u00e7\u00fcm h\u0131z\u0131 5,5 km\/h - \u00d6l\u00e7\u00fcm aral\u0131\u011f\u0131 0\/3 kN\" \/>\n<meta property=\"og:url\" content=\"https:\/\/bakirci.com\/ekipman\/servis-ekipmanlari\/mekanik\/arac-test-hatlari\/motosiklet-fren-test-cihazi\/\" \/>\n<meta property=\"og:site_name\" content=\"Bak\u0131rc\u0131 Garagineering\" \/>\n<meta property=\"article:publisher\" content=\"https:\/\/www.facebook.com\/bakirci.garagineering\" \/>\n<meta property=\"article:modified_time\" content=\"2023-06-22T14:03:28+00:00\" \/>\n<meta property=\"og:image\" content=\"https:\/\/bakirci.com\/ekipman\/wp-content\/uploads\/2021\/08\/BDE-500.jpeg\" \/>\n\t<meta property=\"og:image:width\" content=\"1600\" \/>\n\t<meta property=\"og:image:height\" content=\"1600\" \/>\n<meta name=\"twitter:card\" content=\"summary_large_image\" \/>\n<meta name=\"twitter:label1\" content=\"Tahmini okuma s\u00fcresi\" \/>\n\t<meta name=\"twitter:data1\" content=\"1 dakika\" \/>\n<script type=\"application\/ld+json\" class=\"yoast-schema-graph\">{\"@context\":\"https:\/\/schema.org\",\"@graph\":[{\"@type\":\"Organization\",\"@id\":\"https:\/\/bakirci.com\/ekipman\/#organization\",\"name\":\"Bak\\u0131rc\\u0131 garagineering\",\"url\":\"https:\/\/bakirci.com\/ekipman\/\",\"sameAs\":[\"https:\/\/www.facebook.com\/bakirci.garagineering\",\"https:\/\/www.instagram.com\/bakirci.garagineering\/\",\"https:\/\/www.linkedin.com\/company\/bakirci-garagineering\/\",\"https:\/\/www.youtube.com\/channel\/UCiVG6s_jALJ6Zk8085XiOQg\"],\"logo\":{\"@type\":\"ImageObject\",\"@id\":\"https:\/\/bakirci.com\/ekipman\/#logo\",\"inLanguage\":\"tr\",\"url\":\"https:\/\/bakirci.com\/ekipman\/wp-content\/uploads\/2021\/09\/Bakirci-logo-lacivert.png\",\"contentUrl\":\"https:\/\/bakirci.com\/ekipman\/wp-content\/uploads\/2021\/09\/Bakirci-logo-lacivert.png\",\"width\":501,\"height\":501,\"caption\":\"Bak\\u0131rc\\u0131 garagineering\"},\"image\":{\"@id\":\"https:\/\/bakirci.com\/ekipman\/#logo\"}},{\"@type\":\"WebSite\",\"@id\":\"https:\/\/bakirci.com\/ekipman\/#website\",\"url\":\"https:\/\/bakirci.com\/ekipman\/\",\"name\":\"Bak\\u0131rc\\u0131 Garagineering\",\"description\":\"Otomotiv sekt\\u00f6r\\u00fcne \\u00f6zel, \\u201c\\u00dcretici Standard\\u0131nda\\u201d \\u00e7\\u00f6z\\u00fcmler\\u2026\",\"publisher\":{\"@id\":\"https:\/\/bakirci.com\/ekipman\/#organization\"},\"potentialAction\":[{\"@type\":\"SearchAction\",\"target\":{\"@type\":\"EntryPoint\",\"urlTemplate\":\"https:\/\/bakirci.com\/ekipman\/?s={search_term_string}\"},\"query-input\":\"required name=search_term_string\"}],\"inLanguage\":\"tr\"},{\"@type\":\"ImageObject\",\"@id\":\"https:\/\/bakirci.com\/ekipman\/servis-ekipmanlari\/mekanik\/arac-test-hatlari\/motosiklet-fren-test-cihazi\/#primaryimage\",\"inLanguage\":\"tr\",\"url\":\"https:\/\/bakirci.com\/ekipman\/wp-content\/uploads\/2021\/08\/BDE-500.jpeg\",\"contentUrl\":\"https:\/\/bakirci.com\/ekipman\/wp-content\/uploads\/2021\/08\/BDE-500.jpeg\",\"width\":1600,\"height\":1600,\"caption\":\"Motosiklet Fren Test Cihaz\\u0131 \\u2013 BDE 500 PC Bike ALW3 BrM WIN\"},{\"@type\":\"WebPage\",\"@id\":\"https:\/\/bakirci.com\/ekipman\/servis-ekipmanlari\/mekanik\/arac-test-hatlari\/motosiklet-fren-test-cihazi\/#webpage\",\"url\":\"https:\/\/bakirci.com\/ekipman\/servis-ekipmanlari\/mekanik\/arac-test-hatlari\/motosiklet-fren-test-cihazi\/\",\"name\":\"Motosiklet Fren Test Cihaz\\u0131 - CARTEC - BDE 500 PC Bike ALW3 BrM WIN\",\"isPartOf\":{\"@id\":\"https:\/\/bakirci.com\/ekipman\/#website\"},\"primaryImageOfPage\":{\"@id\":\"https:\/\/bakirci.com\/ekipman\/servis-ekipmanlari\/mekanik\/arac-test-hatlari\/motosiklet-fren-test-cihazi\/#primaryimage\"},\"datePublished\":\"2021-08-02T09:00:26+00:00\",\"dateModified\":\"2023-06-22T14:03:28+00:00\",\"description\":\"Motosiklet Fren Test Cihaz\\u0131 - CARTEC - Ara\\u00e7 Test Hatlar\\u0131 - Aks a\\u011f\\u0131rl\\u0131\\u011f\\u0131 500 kg - \\u00d6l\\u00e7\\u00fcm h\\u0131z\\u0131 5,5 km\/h - \\u00d6l\\u00e7\\u00fcm aral\\u0131\\u011f\\u0131 0\/3 kN\",\"breadcrumb\":{\"@id\":\"https:\/\/bakirci.com\/ekipman\/servis-ekipmanlari\/mekanik\/arac-test-hatlari\/motosiklet-fren-test-cihazi\/#breadcrumb\"},\"inLanguage\":\"tr\",\"potentialAction\":[{\"@type\":\"ReadAction\",\"target\":[\"https:\/\/bakirci.com\/ekipman\/servis-ekipmanlari\/mekanik\/arac-test-hatlari\/motosiklet-fren-test-cihazi\/\"]}]},{\"@type\":\"BreadcrumbList\",\"@id\":\"https:\/\/bakirci.com\/ekipman\/servis-ekipmanlari\/mekanik\/arac-test-hatlari\/motosiklet-fren-test-cihazi\/#breadcrumb\",\"itemListElement\":[{\"@type\":\"ListItem\",\"position\":1,\"name\":\"Ekipman\",\"item\":\"https:\/\/bakirci.com\/ekipman\/\"},{\"@type\":\"ListItem\",\"position\":2,\"name\":\"Otomotiv Tesisleri \\u0130\\u00e7in Servis Ekipmanlar\\u0131\",\"item\":\"https:\/\/bakirci.com\/ekipman\/\"},{\"@type\":\"ListItem\",\"position\":3,\"name\":\"Motosiklet Fren Test Cihaz\\u0131CARTEC (Born in GERMANY)BDE 500 PC Bike ALW3 BrM WIN Aks a\\u011f\\u0131rl\\u0131\\u011f\\u0131 500 kg, \\u00f6l\\u00e7\\u00fcm h\\u0131z\\u0131 5,5 km\/h\"}]}]}<\/script>\n<!-- \/ Yoast SEO plugin. -->","yoast_head_json":{"title":"Motosiklet Fren Test Cihaz\u0131 - CARTEC - BDE 500 PC Bike ALW3 BrM WIN","description":"Motosiklet Fren Test Cihaz\u0131 - CARTEC - Ara\u00e7 Test Hatlar\u0131 - Aks a\u011f\u0131rl\u0131\u011f\u0131 500 kg - \u00d6l\u00e7\u00fcm h\u0131z\u0131 5,5 km\/h - \u00d6l\u00e7\u00fcm aral\u0131\u011f\u0131 0\/3 kN","robots":{"index":"index","follow":"follow","max-snippet":"max-snippet:-1","max-image-preview":"max-image-preview:large","max-video-preview":"max-video-preview:-1"},"canonical":"https:\/\/bakirci.com\/ekipman\/servis-ekipmanlari\/mekanik\/arac-test-hatlari\/motosiklet-fren-test-cihazi\/","og_locale":"tr_TR","og_type":"article","og_title":"Motosiklet Fren Test Cihaz\u0131 - CARTEC - BDE 500 PC Bike ALW3 BrM WIN","og_description":"Motosiklet Fren Test Cihaz\u0131 - CARTEC - Ara\u00e7 Test Hatlar\u0131 - Aks a\u011f\u0131rl\u0131\u011f\u0131 500 kg - \u00d6l\u00e7\u00fcm h\u0131z\u0131 5,5 km\/h - \u00d6l\u00e7\u00fcm aral\u0131\u011f\u0131 0\/3 kN","og_url":"https:\/\/bakirci.com\/ekipman\/servis-ekipmanlari\/mekanik\/arac-test-hatlari\/motosiklet-fren-test-cihazi\/","og_site_name":"Bak\u0131rc\u0131 Garagineering","article_publisher":"https:\/\/www.facebook.com\/bakirci.garagineering","article_modified_time":"2023-06-22T14:03:28+00:00","og_image":[{"width":1600,"height":1600,"url":"https:\/\/bakirci.com\/ekipman\/wp-content\/uploads\/2021\/08\/BDE-500.jpeg","path":"\/home\/bakirciwebsitesi\/public_html\/ekipman\/wp-content\/uploads\/2021\/08\/BDE-500.jpeg","size":"full","id":5623,"alt":"Motosiklet Fren Test Cihaz\u0131 \u2013 BDE 500 PC Bike ALW3 BrM WIN","pixels":2560000,"type":"image\/jpeg"}],"twitter_card":"summary_large_image","twitter_misc":{"Tahmini okuma s\u00fcresi":"1 dakika"},"schema":{"@context":"https:\/\/schema.org","@graph":[{"@type":"Organization","@id":"https:\/\/bakirci.com\/ekipman\/#organization","name":"Bak\u0131rc\u0131 garagineering","url":"https:\/\/bakirci.com\/ekipman\/","sameAs":["https:\/\/www.facebook.com\/bakirci.garagineering","https:\/\/www.instagram.com\/bakirci.garagineering\/","https:\/\/www.linkedin.com\/company\/bakirci-garagineering\/","https:\/\/www.youtube.com\/channel\/UCiVG6s_jALJ6Zk8085XiOQg"],"logo":{"@type":"ImageObject","@id":"https:\/\/bakirci.com\/ekipman\/#logo","inLanguage":"tr","url":"https:\/\/bakirci.com\/ekipman\/wp-content\/uploads\/2021\/09\/Bakirci-logo-lacivert.png","contentUrl":"https:\/\/bakirci.com\/ekipman\/wp-content\/uploads\/2021\/09\/Bakirci-logo-lacivert.png","width":501,"height":501,"caption":"Bak\u0131rc\u0131 garagineering"},"image":{"@id":"https:\/\/bakirci.com\/ekipman\/#logo"}},{"@type":"WebSite","@id":"https:\/\/bakirci.com\/ekipman\/#website","url":"https:\/\/bakirci.com\/ekipman\/","name":"Bak\u0131rc\u0131 Garagineering","description":"Otomotiv sekt\u00f6r\u00fcne \u00f6zel, \u201c\u00dcretici Standard\u0131nda\u201d \u00e7\u00f6z\u00fcmler\u2026","publisher":{"@id":"https:\/\/bakirci.com\/ekipman\/#organization"},"potentialAction":[{"@type":"SearchAction","target":{"@type":"EntryPoint","urlTemplate":"https:\/\/bakirci.com\/ekipman\/?s={search_term_string}"},"query-input":"required name=search_term_string"}],"inLanguage":"tr"},{"@type":"ImageObject","@id":"https:\/\/bakirci.com\/ekipman\/servis-ekipmanlari\/mekanik\/arac-test-hatlari\/motosiklet-fren-test-cihazi\/#primaryimage","inLanguage":"tr","url":"https:\/\/bakirci.com\/ekipman\/wp-content\/uploads\/2021\/08\/BDE-500.jpeg","contentUrl":"https:\/\/bakirci.com\/ekipman\/wp-content\/uploads\/2021\/08\/BDE-500.jpeg","width":1600,"height":1600,"caption":"Motosiklet Fren Test Cihaz\u0131 \u2013 BDE 500 PC Bike ALW3 BrM WIN"},{"@type":"WebPage","@id":"https:\/\/bakirci.com\/ekipman\/servis-ekipmanlari\/mekanik\/arac-test-hatlari\/motosiklet-fren-test-cihazi\/#webpage","url":"https:\/\/bakirci.com\/ekipman\/servis-ekipmanlari\/mekanik\/arac-test-hatlari\/motosiklet-fren-test-cihazi\/","name":"Motosiklet Fren Test Cihaz\u0131 - CARTEC - BDE 500 PC Bike ALW3 BrM WIN","isPartOf":{"@id":"https:\/\/bakirci.com\/ekipman\/#website"},"primaryImageOfPage":{"@id":"https:\/\/bakirci.com\/ekipman\/servis-ekipmanlari\/mekanik\/arac-test-hatlari\/motosiklet-fren-test-cihazi\/#primaryimage"},"datePublished":"2021-08-02T09:00:26+00:00","dateModified":"2023-06-22T14:03:28+00:00","description":"Motosiklet Fren Test Cihaz\u0131 - CARTEC - Ara\u00e7 Test Hatlar\u0131 - Aks a\u011f\u0131rl\u0131\u011f\u0131 500 kg - \u00d6l\u00e7\u00fcm h\u0131z\u0131 5,5 km\/h - \u00d6l\u00e7\u00fcm aral\u0131\u011f\u0131 0\/3 kN","breadcrumb":{"@id":"https:\/\/bakirci.com\/ekipman\/servis-ekipmanlari\/mekanik\/arac-test-hatlari\/motosiklet-fren-test-cihazi\/#breadcrumb"},"inLanguage":"tr","potentialAction":[{"@type":"ReadAction","target":["https:\/\/bakirci.com\/ekipman\/servis-ekipmanlari\/mekanik\/arac-test-hatlari\/motosiklet-fren-test-cihazi\/"]}]},{"@type":"BreadcrumbList","@id":"https:\/\/bakirci.com\/ekipman\/servis-ekipmanlari\/mekanik\/arac-test-hatlari\/motosiklet-fren-test-cihazi\/#breadcrumb","itemListElement":[{"@type":"ListItem","position":1,"name":"Ekipman","item":"https:\/\/bakirci.com\/ekipman\/"},{"@type":"ListItem","position":2,"name":"Otomotiv Tesisleri \u0130\u00e7in Servis Ekipmanlar\u0131","item":"https:\/\/bakirci.com\/ekipman\/"},{"@type":"ListItem","position":3,"name":"Motosiklet Fren Test Cihaz\u0131CARTEC (Born in GERMANY)BDE 500 PC Bike ALW3 BrM WIN Aks a\u011f\u0131rl\u0131\u011f\u0131 500 kg, \u00f6l\u00e7\u00fcm h\u0131z\u0131 5,5 km\/h"}]}]}},"_links":{"self":[{"href":"https:\/\/bakirci.com\/ekipman\/wp-json\/wp\/v2\/product\/3784","targetHints":{"allow":["GET"]}}],"collection":[{"href":"https:\/\/bakirci.com\/ekipman\/wp-json\/wp\/v2\/product"}],"about":[{"href":"https:\/\/bakirci.com\/ekipman\/wp-json\/wp\/v2\/types\/product"}],"replies":[{"embeddable":true,"href":"https:\/\/bakirci.com\/ekipman\/wp-json\/wp\/v2\/comments?post=3784"}],"wp:featuredmedia":[{"embeddable":true,"href":"https:\/\/bakirci.com\/ekipman\/wp-json\/wp\/v2\/media\/5623"}],"wp:attachment":[{"href":"https:\/\/bakirci.com\/ekipman\/wp-json\/wp\/v2\/media?parent=3784"}],"wp:term":[{"taxonomy":"product_cat","embeddable":true,"href":"https:\/\/bakirci.com\/ekipman\/wp-json\/wp\/v2\/product_cat?post=3784"},{"taxonomy":"product_tag","embeddable":true,"href":"https:\/\/bakirci.com\/ekipman\/wp-json\/wp\/v2\/product_tag?post=3784"}],"curies":[{"name":"wp","href":"https:\/\/api.w.org\/{rel}","templated":true}]}}